{"id":42,"date":"2024-06-26T13:18:03","date_gmt":"2024-06-26T13:18:03","guid":{"rendered":"https:\/\/www.cchla.ufpb.br\/espanhol\/?page_id=42"},"modified":"2024-06-26T16:53:27","modified_gmt":"2024-06-26T16:53:27","slug":"comunicacion-en-medios-digitales","status":"publish","type":"page","link":"https:\/\/www.cchla.ufpb.br\/espanhol\/comunicacion-en-medios-digitales\/","title":{"rendered":"Comunicaci\u00f3n en Medios Digitales"},"content":{"rendered":"\n<p>Los profesionales egresados del Grado en Medios Digitales deben tener conocimientos te\u00f3ricos y pr\u00e1cticos en inform\u00e1tica y nuevas tecnolog\u00edas para responder a las demandas actuales en el mercado laboral, en las m\u00e1s diversas \u00e1reas, actuando como productores de contenidos multimediales interactivos. Para satisfacer estas demandas, el perfil del graduado en Medios Digitales debe permitirle concebir y producir:<\/p>\n\n\n\n<p>\u25cf Objetos de aprendizaje multimedia (learning objects) para su uso en el aprendizaje presencial y a distancia (EAD):<\/p>\n\n\n\n<p>\u25cf Planificaci\u00f3n de m\u00f3dulos que integrar\u00e1n la asignatura que se impartir\u00e1n en la modalidad virtual (con la participaci\u00f3n de un educador de EAD);<\/p>\n\n\n\n<p>\u25cf Segmentaci\u00f3n del material que ser\u00e1 difundido a trav\u00e9s de EAD: textos, audios, videos;<\/p>\n\n\n\n<p>\u25cf Dise\u00f1o de escenarios, planificaci\u00f3n de iluminaci\u00f3n y captura de audio y v\u00eddeo;<\/p>\n\n\n\n<p>\u25cf Grabaci\u00f3n de clases en video a trav\u00e9s de t\u00e9cnicas modernas y recursos de comunicaci\u00f3n, utilizados en periodismo televisivo y programas de entretenimiento;<\/p>\n\n\n\n<p>\u25cf Postproducci\u00f3n de clases en video: edici\u00f3n no lineal, sincronizaci\u00f3n de audio y video, adici\u00f3n de t\u00edtulos y efectos, adici\u00f3n de infograf\u00edas y animaciones, renderizaci\u00f3n y exportaci\u00f3n de objetos de aprendizaje multimedia;<\/p>\n\n\n\n<p>\u25cf Creaci\u00f3n de biblioteca de m\u00f3dulos de clases y objetos de aprendizaje multimedia (learning objects);<\/p>\n\n\n\n<p>\u25cf Asignaci\u00f3n, meta-etiquetado y catalogaci\u00f3n (con la participaci\u00f3n del docente responsable) de los m\u00f3dulos y objetos de aprendizaje multimedia producidos;<\/p>\n\n\n\n<p>\u25cf Transferencia de los m\u00f3dulos y objetos de aprendizaje multimedia producidos a un servidor de documentos multimedia;<\/p>\n\n\n\n<p>\u25cf Recomendaciones t\u00e9cnicas sobre la gesti\u00f3n del acceso a los contenidos de la biblioteca de objetos de aprendizaje multimedia, para garantizar la optimizaci\u00f3n de su calidad y rendimiento a trav\u00e9s de la red.<\/p>\n\n\n\n<p>\u25cf Programaci\u00f3n visual y arte final de publicaciones (impresas o electr\u00f3nicas): peri\u00f3dicos, revistas, house-organs, boletines, carpetas, carteles, piezas publicitarias;<\/p>\n\n\n\n<p>\u25cf Contenidos de infograf\u00eda \u2013 est\u00e1ticos o din\u00e1micos \u2013 destinados a: situar el contexto, ilustrar, ejemplificar, explicar, sintetizar las informaciones relevantes sobre un tema determinado;<\/p>\n\n\n\n<p>\u25cf Contenidos informativos multimedia, que incluyen texto, im\u00e1genes, audio y v\u00eddeo para publicaciones electr\u00f3nicas;<\/p>\n\n\n\n<p>\u25cf Objetos gr\u00e1ficos para publicidad y propaganda, utilizando im\u00e1genes vectoriales y\/o mapa de bits;<\/p>\n\n\n\n<p>M\u00e1s informaci\u00f3n en: <a href=\"https:\/\/sigaa.ufpb.br\/sigaa\/public\/curso\/ppp.jsf?lc=en_US&amp;id=1626827\">https:\/\/sigaa.ufpb.br\/sigaa\/public\/curso\/ppp.jsf?lc=en_US&amp;id=1626827<\/a><\/p>\n\n\n\n<div style=\"height:25px\" aria-hidden=\"true\" class=\"wp-block-spacer\"><\/div>\n\n\n\n<p class=\"has-small-font-size\"><strong><a href=\"https:\/\/www.instagram.com\/plantao.tradufpb\/\">Traducci\u00f3n: Projeto InELC-Plant\u00e3o de Tradu\u00e7\u00e3o<\/a><\/strong><\/p>\n","protected":false},"excerpt":{"rendered":"<p>Los profesionales egresados del Grado en Medios Digitales deben tener conocimientos te\u00f3ricos y pr\u00e1cticos en [&hellip;]<\/p>\n","protected":false},"author":63,"featured_media":0,"parent":0,"menu_order":0,"comment_status":"closed","ping_status":"closed","template":"","meta":{"footnotes":""},"class_list":["post-42","page","type-page","status-publish","hentry"],"_links":{"self":[{"href":"https:\/\/www.cchla.ufpb.br\/espanhol\/wp-json\/wp\/v2\/pages\/42","targetHints":{"allow":["GET"]}}],"collection":[{"href":"https:\/\/www.cchla.ufpb.br\/espanhol\/wp-json\/wp\/v2\/pages"}],"about":[{"href":"https:\/\/www.cchla.ufpb.br\/espanhol\/wp-json\/wp\/v2\/types\/page"}],"author":[{"embeddable":true,"href":"https:\/\/www.cchla.ufpb.br\/espanhol\/wp-json\/wp\/v2\/users\/63"}],"replies":[{"embeddable":true,"href":"https:\/\/www.cchla.ufpb.br\/espanhol\/wp-json\/wp\/v2\/comments?post=42"}],"version-history":[{"count":4,"href":"https:\/\/www.cchla.ufpb.br\/espanhol\/wp-json\/wp\/v2\/pages\/42\/revisions"}],"predecessor-version":[{"id":93,"href":"https:\/\/www.cchla.ufpb.br\/espanhol\/wp-json\/wp\/v2\/pages\/42\/revisions\/93"}],"wp:attachment":[{"href":"https:\/\/www.cchla.ufpb.br\/espanhol\/wp-json\/wp\/v2\/media?parent=42"}],"curies":[{"name":"wp","href":"https:\/\/api.w.org\/{rel}","templated":true}]}}