{"id":46,"date":"2024-06-26T13:18:38","date_gmt":"2024-06-26T13:18:38","guid":{"rendered":"https:\/\/www.cchla.ufpb.br\/espanhol\/?page_id=46"},"modified":"2024-06-26T16:54:18","modified_gmt":"2024-06-26T16:54:18","slug":"historia","status":"publish","type":"page","link":"https:\/\/www.cchla.ufpb.br\/espanhol\/historia\/","title":{"rendered":"Historia"},"content":{"rendered":"\n<p>El Curso de Historia, licenciatura, fundamenta la formaci\u00f3n del profesional desde la articulaci\u00f3n entre saber y hacer; desde la integraci\u00f3n entre el conocimiento hist\u00f3rico y otras disciplinas que constituyen la formaci\u00f3n human\u00edstica, especialmente las ciencias sociales, la filosof\u00eda y la educaci\u00f3n; desde la reflexi\u00f3n sobre las diversas pr\u00e1cticas del oficio del historiador y sus relaciones con otros campos del conocimiento. El licenciado en Historia deber\u00e1 estar capacitado para el ejercicio del trabajo de Historiador en todas sus dimensiones, lo que supone el pleno dominio de la producci\u00f3n y difusi\u00f3n del conocimiento hist\u00f3rico y las pr\u00e1cticas educativas correspondientes. Por lo tanto, el Curso de Historia trata de formar profesionales con un perfil que les permita: Reflexionar en las m\u00faltiples dimensiones, las experiencias de los sujetos hist\u00f3ricos y la constituci\u00f3n de las diferentes relaciones de tiempo y espacio; Transitar en la interdisciplinariedad a trav\u00e9s de las fronteras de la Historia y con otras \u00e1reas del conocimiento, creando la posibilidad de demarcar sus campos espec\u00edficos y, sobre todo, calificar lo que es propio del conocimiento hist\u00f3rico; Promover la interiorizaci\u00f3n de los valores \u00e9ticos y la percepci\u00f3n de los principios de justicia, equidad y tolerancia; Desarrollar la investigaci\u00f3n, la producci\u00f3n de conocimiento y su difusi\u00f3n no solo en el \u00e1mbito acad\u00e9mico, sino tambi\u00e9n en las instituciones educativas, en los \u00f3rganos de preservaci\u00f3n de la memoria, y en el desarrollo de pol\u00edticas y proyectos de gesti\u00f3n patrimonial y cultural, en los medios de comunicaci\u00f3n y en todos y cada uno de los espacios en los que se justifique la presencia de un historiador.<\/p>\n\n\n\n<p>M\u00e1s informaci\u00f3n en: <a href=\"https:\/\/sigaa.ufpb.br\/sigaa\/public\/curso\/ppp.jsf?lc=en_US&amp;id=1626832\">https:\/\/sigaa.ufpb.br\/sigaa\/public\/curso\/ppp.jsf?lc=en_US&amp;id=1626832<\/a><\/p>\n\n\n\n<div style=\"height:25px\" aria-hidden=\"true\" class=\"wp-block-spacer\"><\/div>\n\n\n\n<p class=\"has-small-font-size\"><strong><a href=\"https:\/\/www.instagram.com\/plantao.tradufpb\/\">Traducci\u00f3n: Projeto InELC-Plant\u00e3o de Tradu\u00e7\u00e3o<\/a><\/strong><\/p>\n","protected":false},"excerpt":{"rendered":"<p>El Curso de Historia, licenciatura, fundamenta la formaci\u00f3n del profesional desde la articulaci\u00f3n entre saber [&hellip;]<\/p>\n","protected":false},"author":63,"featured_media":0,"parent":0,"menu_order":0,"comment_status":"closed","ping_status":"closed","template":"","meta":{"footnotes":""},"class_list":["post-46","page","type-page","status-publish","hentry"],"_links":{"self":[{"href":"https:\/\/www.cchla.ufpb.br\/espanhol\/wp-json\/wp\/v2\/pages\/46","targetHints":{"allow":["GET"]}}],"collection":[{"href":"https:\/\/www.cchla.ufpb.br\/espanhol\/wp-json\/wp\/v2\/pages"}],"about":[{"href":"https:\/\/www.cchla.ufpb.br\/espanhol\/wp-json\/wp\/v2\/types\/page"}],"author":[{"embeddable":true,"href":"https:\/\/www.cchla.ufpb.br\/espanhol\/wp-json\/wp\/v2\/users\/63"}],"replies":[{"embeddable":true,"href":"https:\/\/www.cchla.ufpb.br\/espanhol\/wp-json\/wp\/v2\/comments?post=46"}],"version-history":[{"count":3,"href":"https:\/\/www.cchla.ufpb.br\/espanhol\/wp-json\/wp\/v2\/pages\/46\/revisions"}],"predecessor-version":[{"id":96,"href":"https:\/\/www.cchla.ufpb.br\/espanhol\/wp-json\/wp\/v2\/pages\/46\/revisions\/96"}],"wp:attachment":[{"href":"https:\/\/www.cchla.ufpb.br\/espanhol\/wp-json\/wp\/v2\/media?parent=46"}],"curies":[{"name":"wp","href":"https:\/\/api.w.org\/{rel}","templated":true}]}}