{"id":50,"date":"2024-06-26T13:19:14","date_gmt":"2024-06-26T13:19:14","guid":{"rendered":"https:\/\/www.cchla.ufpb.br\/espanhol\/?page_id=50"},"modified":"2024-06-26T16:56:01","modified_gmt":"2024-06-26T16:56:01","slug":"letras-portugues","status":"publish","type":"page","link":"https:\/\/www.cchla.ufpb.br\/espanhol\/letras-portugues\/","title":{"rendered":"Letras Portugu\u00e9s"},"content":{"rendered":"\n<p>La sociedad brasile\u00f1a actual exige al graduado en Letras Portugu\u00e9s una actuaci\u00f3n social y profesional comprometida con la construcci\u00f3n de la conciencia ciudadana. La multiplicidad de roles que el estudiante de Letras desempe\u00f1a o puede desempe\u00f1ar requiere, adem\u00e1s del compromiso \u00e9tico, basado en principios human\u00edsticos, un compromiso con la construcci\u00f3n y reconstrucci\u00f3n del conocimiento, capaz de fomentar su propia reflexi\u00f3n sobre esta sociedad. Para ello, el estudiante de grado en Letras Portugu\u00e9s debe demostrar la capacidad de percibir que la complejidad de la sociedad se manifiesta a trav\u00e9s de diferentes formas y modos de lenguaje, correspondientes a intereses distintos, en constantes confrontaciones y conflictos, em relaci\u00f3n a los cuales el ciudadano debe posicionarse. Adem\u00e1s, debe ser capaz no solo de dominar los recursos del lenguaje hablado y el lenguaje escrito, sino tambi\u00e9n de desempe\u00f1ar el papel de multiplicador, empoderando a las personas para el mismo dominio del idioma.<\/p>\n\n\n\n<p>M\u00e1s informaci\u00f3n en: <a href=\"https:\/\/sigaa.ufpb.br\/sigaa\/public\/curso\/ppp.jsf?lc=en_US&amp;id=1626872\">https:\/\/sigaa.ufpb.br\/sigaa\/public\/curso\/ppp.jsf?lc=en_US&amp;id=1626872<\/a><\/p>\n\n\n\n<div style=\"height:25px\" aria-hidden=\"true\" class=\"wp-block-spacer\"><\/div>\n\n\n\n<p class=\"has-small-font-size\"><strong><a href=\"https:\/\/www.instagram.com\/plantao.tradufpb\/\">Traducci\u00f3n: Projeto InELC-Plant\u00e3o de Tradu\u00e7\u00e3o<\/a><\/strong><\/p>\n","protected":false},"excerpt":{"rendered":"<p>La sociedad brasile\u00f1a actual exige al graduado en Letras Portugu\u00e9s una actuaci\u00f3n social y profesional [&hellip;]<\/p>\n","protected":false},"author":63,"featured_media":0,"parent":0,"menu_order":0,"comment_status":"closed","ping_status":"closed","template":"","meta":{"footnotes":""},"class_list":["post-50","page","type-page","status-publish","hentry"],"_links":{"self":[{"href":"https:\/\/www.cchla.ufpb.br\/espanhol\/wp-json\/wp\/v2\/pages\/50","targetHints":{"allow":["GET"]}}],"collection":[{"href":"https:\/\/www.cchla.ufpb.br\/espanhol\/wp-json\/wp\/v2\/pages"}],"about":[{"href":"https:\/\/www.cchla.ufpb.br\/espanhol\/wp-json\/wp\/v2\/types\/page"}],"author":[{"embeddable":true,"href":"https:\/\/www.cchla.ufpb.br\/espanhol\/wp-json\/wp\/v2\/users\/63"}],"replies":[{"embeddable":true,"href":"https:\/\/www.cchla.ufpb.br\/espanhol\/wp-json\/wp\/v2\/comments?post=50"}],"version-history":[{"count":3,"href":"https:\/\/www.cchla.ufpb.br\/espanhol\/wp-json\/wp\/v2\/pages\/50\/revisions"}],"predecessor-version":[{"id":103,"href":"https:\/\/www.cchla.ufpb.br\/espanhol\/wp-json\/wp\/v2\/pages\/50\/revisions\/103"}],"wp:attachment":[{"href":"https:\/\/www.cchla.ufpb.br\/espanhol\/wp-json\/wp\/v2\/media?parent=50"}],"curies":[{"name":"wp","href":"https:\/\/api.w.org\/{rel}","templated":true}]}}