{"id":54,"date":"2024-06-26T13:20:34","date_gmt":"2024-06-26T13:20:34","guid":{"rendered":"https:\/\/www.cchla.ufpb.br\/espanhol\/?page_id=54"},"modified":"2024-06-26T16:55:45","modified_gmt":"2024-06-26T16:55:45","slug":"letras-ingles","status":"publish","type":"page","link":"https:\/\/www.cchla.ufpb.br\/espanhol\/letras-ingles\/","title":{"rendered":"Letras Ingl\u00e9s"},"content":{"rendered":"\n<p>El egresado del Curso de Letras Ingl\u00e9s, como representante de la sociedad, debe ser capaz de fomentar, en el \u00e1mbito de la ense\u00f1anza de idiomas, la reflexi\u00f3n sobre la sociedad de la que hace parte. Esto significa que debe contribuir tanto al desarrollo de las habilidades de uso del lenguaje, como a la expansi\u00f3n de las perspectivas culturales e hist\u00f3ricas de sus estudiantes, as\u00ed como a su autopercepci\u00f3n como ciudadanos. As\u00ed, este estudiante se configura como un formador cr\u00edtico-social que favorece el desarrollo de un sentido de ciudadan\u00eda en el aula de Lengua Inglesa. <\/p>\n\n\n\n<p>Este profesional debe, por lo tanto, movilizar y replantear conocimientos sobre los usos de la lengua y sus manifestaciones literarias y culturales, constituy\u00e9ndose como agente alfabetizador. Adem\u00e1s, debe promover la sensibilidad y la comprensi\u00f3n de los v\u00ednculos entre el uso del lenguaje y su variaci\u00f3n y, por lo tanto, la resignificaci\u00f3n de la ciudadan\u00eda. Por fin, debe entender su formaci\u00f3n profesional como una pr\u00e1ctica reflexiva y como un proceso continuo y aut\u00f3nomo.<\/p>\n\n\n\n<p>M\u00e1s informaci\u00f3n en: <a href=\"https:\/\/sigaa.ufpb.br\/sigaa\/public\/curso\/ppp.jsf?lc=pt_BR&amp;id=2663749\">https:\/\/sigaa.ufpb.br\/sigaa\/public\/curso\/ppp.jsf?lc=pt_BR&amp;id=2663749<\/a><\/p>\n\n\n\n<div style=\"height:25px\" aria-hidden=\"true\" class=\"wp-block-spacer\"><\/div>\n\n\n\n<p class=\"has-small-font-size\"><strong>Traducci\u00f3n: Projeto InELC-Plant\u00e3o de Tradu\u00e7\u00e3<\/strong><a href=\"https:\/\/www.instagram.com\/plantao.tradufpb\/\">https:\/\/www.instagram.com\/plantao.tradufpb\/<\/a><strong>o<\/strong><\/p>\n","protected":false},"excerpt":{"rendered":"<p>El egresado del Curso de Letras Ingl\u00e9s, como representante de la sociedad, debe ser capaz [&hellip;]<\/p>\n","protected":false},"author":63,"featured_media":0,"parent":0,"menu_order":0,"comment_status":"closed","ping_status":"closed","template":"","meta":{"footnotes":""},"class_list":["post-54","page","type-page","status-publish","hentry"],"_links":{"self":[{"href":"https:\/\/www.cchla.ufpb.br\/espanhol\/wp-json\/wp\/v2\/pages\/54","targetHints":{"allow":["GET"]}}],"collection":[{"href":"https:\/\/www.cchla.ufpb.br\/espanhol\/wp-json\/wp\/v2\/pages"}],"about":[{"href":"https:\/\/www.cchla.ufpb.br\/espanhol\/wp-json\/wp\/v2\/types\/page"}],"author":[{"embeddable":true,"href":"https:\/\/www.cchla.ufpb.br\/espanhol\/wp-json\/wp\/v2\/users\/63"}],"replies":[{"embeddable":true,"href":"https:\/\/www.cchla.ufpb.br\/espanhol\/wp-json\/wp\/v2\/comments?post=54"}],"version-history":[{"count":3,"href":"https:\/\/www.cchla.ufpb.br\/espanhol\/wp-json\/wp\/v2\/pages\/54\/revisions"}],"predecessor-version":[{"id":102,"href":"https:\/\/www.cchla.ufpb.br\/espanhol\/wp-json\/wp\/v2\/pages\/54\/revisions\/102"}],"wp:attachment":[{"href":"https:\/\/www.cchla.ufpb.br\/espanhol\/wp-json\/wp\/v2\/media?parent=54"}],"curies":[{"name":"wp","href":"https:\/\/api.w.org\/{rel}","templated":true}]}}