{"id":6,"date":"2024-06-07T15:30:02","date_gmt":"2024-06-07T15:30:02","guid":{"rendered":"https:\/\/www.cchla.ufpb.br\/espanhol\/?page_id=6"},"modified":"2026-03-16T09:53:50","modified_gmt":"2026-03-16T12:53:50","slug":"historico","status":"publish","type":"page","link":"https:\/\/www.cchla.ufpb.br\/espanhol\/","title":{"rendered":"Historico"},"content":{"rendered":"\n<figure class=\"wp-block-image size-full\"><img loading=\"lazy\" decoding=\"async\" width=\"1024\" height=\"365\" src=\"https:\/\/www.cchla.ufpb.br\/espanhol\/wp-content\/uploads\/sites\/122\/sites\/187\/2024\/06\/historico.jpg\" alt=\"\" class=\"wp-image-8\" srcset=\"https:\/\/www.cchla.ufpb.br\/espanhol\/wp-content\/uploads\/sites\/122\/sites\/187\/2024\/06\/historico.jpg 1024w, https:\/\/www.cchla.ufpb.br\/espanhol\/wp-content\/uploads\/sites\/122\/sites\/187\/2024\/06\/historico-300x107.jpg 300w, https:\/\/www.cchla.ufpb.br\/espanhol\/wp-content\/uploads\/sites\/122\/sites\/187\/2024\/06\/historico-768x274.jpg 768w\" sizes=\"auto, (max-width: 1024px) 100vw, 1024px\" \/><\/figure>\n\n\n\n<p>El Centro de Ciencias Humanas, Letras y Artes (CCHLA) de la UFPB tiene su origen en dos instituciones de educaci\u00f3n superior en Jo\u00e3o Pessoa, la Facultad de Filosof\u00eda y Letras (FAFI) y la Escuela de Trabajo Social de Para\u00edba, ambas fundadas en la d\u00e9cada de 1950 e incorporadas a la UFPB en la d\u00e9cada siguiente. Fundado en 1974, el CCHLA dej\u00f3 de estar ubicado en el centro de la ciudad entre 1975 y 1976, traslad\u00e1ndose, en aquel entonces, a la reci\u00e9n inaugurada \u201cCidade Universit\u00e1ria\u201d, en el barrio Castelo Branco, actualmente llamado Campus I de la UFPB.<\/p>\n\n\n\n<p>Desde entonces, las actividades administrativas y docentes de CCHLA se llevan a cabo en el Campus I. A lo largo de las d\u00e9cadas, el CCHLA ampli\u00f3 sus actividades de investigaci\u00f3n, actualmente ofrece 15 Programas de Posgrado, y tambi\u00e9n se destaca por sus actividades de extensi\u00f3n, presentes en varios lugares de Para\u00edba.<\/p>\n\n\n\n<p>Con su adhesi\u00f3n al Programa de Planes de Apoyo a la Reestructuraci\u00f3n y Ampliaci\u00f3n de las Universidades Federales (REUNI), iniciativa del segundo gobierno del presidente Lula, en 2008, el CCHLA experiment\u00f3 un nuevo per\u00edodo de expansi\u00f3n, con la creaci\u00f3n de nuevos cursos de grado, ampliaci\u00f3n de vacantes ofrecidas y la consecuente construcci\u00f3n de nuevos edificios, tanto para aulas como para entornos docentes y administrativos, adem\u00e1s de un nuevo edificio para su Biblioteca Sectorial Vanildo Brito.<\/p>\n\n\n\n<p>En 2011, el CCHLA se someti\u00f3 a un proceso de divisi\u00f3n, que dio lugar a un nuevo centro de ense\u00f1anza en la UFPB, el Centro de Comunicaci\u00f3n, Turismo y Artes (CCTA).<\/p>\n\n\n\n<p>Aunque se haya producido esta divisi\u00f3n, el CCHLA sigue siendo el centro m\u00e1s grande de la UFPB, en cuanto al n\u00famero de estudiantes y asimismo en oferta de cursos de grado y posgrado. En CCHLA hay varios n\u00facleos de investigaci\u00f3n y extensi\u00f3n, como el NCDH (N\u00facleo de Ciudadan\u00eda y Derechos Humanos), el NEABI (N\u00facleo de Estudios e Investigaciones Afrobrasile\u00f1as e Ind\u00edgenas) y el NUSEAMPO (N\u00facleo y Sector de Estudios y Asistencia a Movimientos Populares Samuel Firmino), adem\u00e1s del INELC (Instituto de Estudios Ling\u00fc\u00edsticos y Culturales) y la Escuela Cl\u00ednica de Psicolog\u00eda.<\/p>\n\n\n\n<p><a href=\"https:\/\/www.cchla.ufpb.br\/espanhol\/cursos-de-grado-en-la-ufpb\/\">Cursos de Grado en la UFPB<\/a><\/p>\n\n\n\n<p><a href=\"https:\/\/www.cchla.ufpb.br\/espanhol\/posgrado\/\">Posgrado<\/a><\/p>\n\n\n\n<p class=\"has-small-font-size\"><strong><a href=\"https:\/\/www.instagram.com\/plantao.tradufpb\/\"><br>Traducci\u00f3n: Projeto InELC-Plant\u00e3o de Tradu\u00e7\u00e3o<\/a><\/strong><\/p>\n","protected":false},"excerpt":{"rendered":"<p>El Centro de Ciencias Humanas, Letras y Artes (CCHLA) de la UFPB tiene su origen [&hellip;]<\/p>\n","protected":false},"author":63,"featured_media":0,"parent":0,"menu_order":0,"comment_status":"closed","ping_status":"closed","template":"","meta":{"footnotes":""},"class_list":["post-6","page","type-page","status-publish","hentry"],"_links":{"self":[{"href":"https:\/\/www.cchla.ufpb.br\/espanhol\/wp-json\/wp\/v2\/pages\/6","targetHints":{"allow":["GET"]}}],"collection":[{"href":"https:\/\/www.cchla.ufpb.br\/espanhol\/wp-json\/wp\/v2\/pages"}],"about":[{"href":"https:\/\/www.cchla.ufpb.br\/espanhol\/wp-json\/wp\/v2\/types\/page"}],"author":[{"embeddable":true,"href":"https:\/\/www.cchla.ufpb.br\/espanhol\/wp-json\/wp\/v2\/users\/63"}],"replies":[{"embeddable":true,"href":"https:\/\/www.cchla.ufpb.br\/espanhol\/wp-json\/wp\/v2\/comments?post=6"}],"version-history":[{"count":7,"href":"https:\/\/www.cchla.ufpb.br\/espanhol\/wp-json\/wp\/v2\/pages\/6\/revisions"}],"predecessor-version":[{"id":148,"href":"https:\/\/www.cchla.ufpb.br\/espanhol\/wp-json\/wp\/v2\/pages\/6\/revisions\/148"}],"wp:attachment":[{"href":"https:\/\/www.cchla.ufpb.br\/espanhol\/wp-json\/wp\/v2\/media?parent=6"}],"curies":[{"name":"wp","href":"https:\/\/api.w.org\/{rel}","templated":true}]}}