{"id":62,"date":"2024-06-26T13:21:48","date_gmt":"2024-06-26T13:21:48","guid":{"rendered":"https:\/\/www.cchla.ufpb.br\/espanhol\/?page_id=62"},"modified":"2024-06-26T16:56:15","modified_gmt":"2024-06-26T16:56:15","slug":"psicologia","status":"publish","type":"page","link":"https:\/\/www.cchla.ufpb.br\/espanhol\/psicologia\/","title":{"rendered":"Psicolog\u00eda"},"content":{"rendered":"\n<p>Fundado en 1974, el curso de Psicolog\u00eda de la Universidad Federal de Para\u00edba actualmente ofrece dos calificaciones a los estudiantes matriculados: Formaci\u00f3n de Psic\u00f3logos y Profesora em Psicolog\u00eda. En la titulaci\u00f3n \u201cFormaci\u00f3n de Psic\u00f3logos\u201d, el objetivo de l curso es formar profesionales con capacidad cr\u00edtico-reflexiva, a partir de una base te\u00f3rica y metodol\u00f3gica para actuar en diferentes contextos, comprometidos con la bio\u00e9tica, con el fin de contribuir a la promoci\u00f3n de la educaci\u00f3n integral y la salud mental, individual y colectiva. El Profesorado em Psicolog\u00eda trata de formar alumnos con capacidad cr\u00edtico-reflexiva, a partir de una base te\u00f3rica y metodol\u00f3gica para trabajar en contextos educativos, contribuyendo al fomento de la educaci\u00f3n integral y la salud mental, individual y colectiva.<\/p>\n\n\n\n<p>La formaci\u00f3n del Psic\u00f3logo y del Licenciado debe favorecer el desarrollo de las siguientes competencias generales:<\/p>\n\n\n\n<p>&#8211; Atenci\u00f3n a la Salud: los profesionales deben ser capaces de desarrollar acciones de prevenci\u00f3n, promoci\u00f3n, protecci\u00f3n y rehabilitaci\u00f3n de la salud, tanto a nivel individual como colectivo, as\u00ed como de realizar sus servicios dentro de los m\u00e1s altos est\u00e1ndares de calidad y los principios de la \u00e9tica\/bio\u00e9tica.<\/p>\n\n\n\n<p>&#8211; Toma de Decisiones: el trabajo de los profesionales debe basarse en la capacidad de evaluar, sistematizar y decidir las conductas m\u00e1s adecuadas, a partir de la evidencia cient\u00edfica.<\/p>\n\n\n\n<p>&#8211; Comunicaci\u00f3n: los profesionales deben mantener la confidencialidad de la informaci\u00f3n que se les conf\u00eda al interactuar con otros profesionales de la salud y con el p\u00fablico en general.<\/p>\n\n\n\n<p>&#8211; Liderazgo: en el trabajo en equipo multidisciplinar, los profesionales deben ser capaces de asumir posiciones de liderazgo, siempre teniendo en cuenta el bienestar de la comunidad.<\/p>\n\n\n\n<p>&#8211; Administraci\u00f3n y Gesti\u00f3n: los profesionales deben ser capaces de tomar la iniciativa, gestionar y administrar tanto la fuerza de trabajo, como los recursos f\u00edsicos y materiales y la informaci\u00f3n, de la misma manera que deben poder ser empresarios, directivos, empleadores o l\u00edderes en el equipo de trabajo.<\/p>\n\n\n\n<p>&#8211; Educaci\u00f3n Permanente: los profesionales deben ser capaces de aprender de forma continua, con la educaci\u00f3n y formaci\u00f3n\/pr\u00e1cticas de las futuras generaciones de profesionales, estimulando y desarrollando la movilidad acad\u00e9mica\/profesional, la formaci\u00f3n y la cooperaci\u00f3n a trav\u00e9s de redes nacionales e internacionales.<\/p>\n\n\n\n<p>Para lograr esas competencias, el curso est\u00e1 compuesto por un cuerpo docente que desarrolla actividades de Docencia, Investigaci\u00f3n y Extensi\u00f3n desde diferentes \u00e1reas de la Psicolog\u00eda.<\/p>\n\n\n\n<p>M\u00e1s informaci\u00f3n en: <a href=\"https:\/\/sigaa.ufpb.br\/sigaa\/public\/curso\/ppp.jsf?id=1626724&amp;lc=pt_BR\">https:\/\/sigaa.ufpb.br\/sigaa\/public\/curso\/ppp.jsf?id=1626724&amp;lc=pt_BR<\/a><\/p>\n\n\n\n<div style=\"height:25px\" aria-hidden=\"true\" class=\"wp-block-spacer\"><\/div>\n\n\n\n<p class=\"has-small-font-size\"><strong><a href=\"https:\/\/www.instagram.com\/plantao.tradufpb\/\">Traducci\u00f3n: Projeto InELC-Plant\u00e3o de Tradu\u00e7\u00e3o<\/a><\/strong><\/p>\n","protected":false},"excerpt":{"rendered":"<p>Fundado en 1974, el curso de Psicolog\u00eda de la Universidad Federal de Para\u00edba actualmente ofrece [&hellip;]<\/p>\n","protected":false},"author":63,"featured_media":0,"parent":0,"menu_order":0,"comment_status":"closed","ping_status":"closed","template":"","meta":{"footnotes":""},"class_list":["post-62","page","type-page","status-publish","hentry"],"_links":{"self":[{"href":"https:\/\/www.cchla.ufpb.br\/espanhol\/wp-json\/wp\/v2\/pages\/62","targetHints":{"allow":["GET"]}}],"collection":[{"href":"https:\/\/www.cchla.ufpb.br\/espanhol\/wp-json\/wp\/v2\/pages"}],"about":[{"href":"https:\/\/www.cchla.ufpb.br\/espanhol\/wp-json\/wp\/v2\/types\/page"}],"author":[{"embeddable":true,"href":"https:\/\/www.cchla.ufpb.br\/espanhol\/wp-json\/wp\/v2\/users\/63"}],"replies":[{"embeddable":true,"href":"https:\/\/www.cchla.ufpb.br\/espanhol\/wp-json\/wp\/v2\/comments?post=62"}],"version-history":[{"count":3,"href":"https:\/\/www.cchla.ufpb.br\/espanhol\/wp-json\/wp\/v2\/pages\/62\/revisions"}],"predecessor-version":[{"id":104,"href":"https:\/\/www.cchla.ufpb.br\/espanhol\/wp-json\/wp\/v2\/pages\/62\/revisions\/104"}],"wp:attachment":[{"href":"https:\/\/www.cchla.ufpb.br\/espanhol\/wp-json\/wp\/v2\/media?parent=62"}],"curies":[{"name":"wp","href":"https:\/\/api.w.org\/{rel}","templated":true}]}}