{"id":2,"date":"2017-12-29T12:22:16","date_gmt":"2017-12-29T14:22:16","guid":{"rendered":"http:\/\/www.cchla.ufpb.br\/etienne_samain_unicamp\/?page_id=2"},"modified":"2018-02-26T19:36:11","modified_gmt":"2018-02-26T22:36:11","slug":"nota-biografica","status":"publish","type":"page","link":"https:\/\/www.cchla.ufpb.br\/etienne_samain_unicamp\/nota-biografica\/","title":{"rendered":"Etienne Samain"},"content":{"rendered":"<p align=\"justify\"><img loading=\"lazy\" class=\"size-medium wp-image-124 alignright\" src=\"https:\/\/www.cchla.ufpb.br\/etienne_samain_unicamp\/wp-content\/uploads\/2018\/02\/P1080509-247x300.jpg\" alt=\"\" width=\"247\" height=\"300\" srcset=\"https:\/\/www.cchla.ufpb.br\/etienne_samain_unicamp\/wp-content\/uploads\/2018\/02\/P1080509-247x300.jpg 247w, https:\/\/www.cchla.ufpb.br\/etienne_samain_unicamp\/wp-content\/uploads\/2018\/02\/P1080509-768x934.jpg 768w, https:\/\/www.cchla.ufpb.br\/etienne_samain_unicamp\/wp-content\/uploads\/2018\/02\/P1080509-842x1024.jpg 842w, https:\/\/www.cchla.ufpb.br\/etienne_samain_unicamp\/wp-content\/uploads\/2018\/02\/P1080509.jpg 1473w\" sizes=\"(max-width: 247px) 100vw, 247px\" \/><\/p>\n<p align=\"justify\">Nasceu em 1938 na B\u00e9lgica onde se formou como te\u00f3logo (PH.D. em Teologia pela Universidade Cat\u00f3lica de Lovaina). No Brasil desde 1973, tornou-se antrop\u00f3logo (Museu Nacional do Rio de Janeiro) e fot\u00f3grafo, convivendo com as comunidades Kamayur\u00e1 (Alto Xingu, MT) e Urubu-Ka\u00b4apor (Maranh\u00e3o). Convidado em 1984 para implantar com outros colegas o Programa de P\u00f3s-Gradua\u00e7\u00e3o em Multimeios na Unicamp, interessou-se de modo amplo pelas imagens, daquelas presentes nas narrativas m\u00edticas \u00e0s que s\u00e3o produzidas pelas novas tecnologias. Enquanto se esfor\u00e7ava para fazer da Antropologia uma ci\u00eancia n\u00e3o s\u00f3 de palavras, acabou por aproxim\u00e1-la da comunica\u00e7\u00e3o visual e da arte. \u00c9, hoje, professor titular aposentado do Instituto de Artes da UNICAMP. Entre outros trabalhos, publicou o livro\u00a0Moroneta Kamayur\u00e1\u00a0(1991), organizou\u00a0O Fotogr\u00e1fico\u00a0(2005) e\u00a0Como pensam as imagens\u00a0(2012). Atualmente se dedica juntamente com Fran\u00e7oise Biernaux, a projetos art\u00edsticos e ao estudo da obra de Georges Didi-Huberman. Ele gosta de lembrar que, parodiando Gregory Bateson, um dos seus mestres: \u201cDevemos deixar os dados da exist\u00eancia trabalharem nossas ideias, e n\u00e3o nossas ideias trabalharem os dados da vida\u201d.<\/p>\n","protected":false},"excerpt":{"rendered":"<p>Nasceu em 1938 na B\u00e9lgica onde se formou como te\u00f3logo (PH.D. em Teologia pela Universidade Cat\u00f3lica de Lovaina). No Brasil desde 1973, tornou-se antrop\u00f3logo (Museu Nacional do Rio de Janeiro) e fot\u00f3grafo, convivendo com as comunidades Kamayur\u00e1 (Alto Xingu, MT) e Urubu-Ka\u00b4apor (Maranh\u00e3o). Convidado em 1984 para implantar com outros [&hellip;]<\/p>\n","protected":false},"author":2,"featured_media":0,"parent":0,"menu_order":0,"comment_status":"closed","ping_status":"open","template":"","meta":[],"_links":{"self":[{"href":"https:\/\/www.cchla.ufpb.br\/etienne_samain_unicamp\/wp-json\/wp\/v2\/pages\/2"}],"collection":[{"href":"https:\/\/www.cchla.ufpb.br\/etienne_samain_unicamp\/wp-json\/wp\/v2\/pages"}],"about":[{"href":"https:\/\/www.cchla.ufpb.br\/etienne_samain_unicamp\/wp-json\/wp\/v2\/types\/page"}],"author":[{"embeddable":true,"href":"https:\/\/www.cchla.ufpb.br\/etienne_samain_unicamp\/wp-json\/wp\/v2\/users\/2"}],"replies":[{"embeddable":true,"href":"https:\/\/www.cchla.ufpb.br\/etienne_samain_unicamp\/wp-json\/wp\/v2\/comments?post=2"}],"version-history":[{"count":8,"href":"https:\/\/www.cchla.ufpb.br\/etienne_samain_unicamp\/wp-json\/wp\/v2\/pages\/2\/revisions"}],"predecessor-version":[{"id":132,"href":"https:\/\/www.cchla.ufpb.br\/etienne_samain_unicamp\/wp-json\/wp\/v2\/pages\/2\/revisions\/132"}],"wp:attachment":[{"href":"https:\/\/www.cchla.ufpb.br\/etienne_samain_unicamp\/wp-json\/wp\/v2\/media?parent=2"}],"curies":[{"name":"wp","href":"https:\/\/api.w.org\/{rel}","templated":true}]}}