{"id":234,"date":"2018-06-20T11:30:51","date_gmt":"2018-06-20T14:30:51","guid":{"rendered":"http:\/\/www.cchla.ufpb.br\/etienne_samain_unicamp\/?page_id=234"},"modified":"2019-06-02T21:18:23","modified_gmt":"2019-06-03T00:18:23","slug":"introducao1","status":"publish","type":"page","link":"https:\/\/www.cchla.ufpb.br\/etienne_samain_unicamp\/","title":{"rendered":"Introdu\u00e7\u00e3o1"},"content":{"rendered":"<p align=\"justify\"><strong>Sele\u00e7\u00e3o de artigos (e cap\u00edtulos de livros) publicados entre 1987 e 2001, acompanhados de uma entrevista com o antrop\u00f3logo Roberto Cardoso de Oliveira<\/strong><\/p>\n<p align=\"justify\">Em novembro de 2015 o professor Etienne Samain (Unicamp) esteve na UFPB, onde apresentou a confer\u00eancia \u201cO cinema enquanto olho e mem\u00f3ria da hist\u00f3ria\u201d no <em>Semin\u00e1rio Internacional: Cinema e a Experi\u00eancia Varan<\/em> (AVAEDOC\/PPGA\/NUDOC\/BALAFON). Alguns anos antes havia feito a ele a sugest\u00e3o de que publicasse, num mesmo volume, um conjunto de artigos seus sobre antropologia visual e fotografia, em vista de sua import\u00e2ncia e atualidade para repensar essa \u00e1rea de conhecimento no Brasil. A id\u00e9ia de um volume impresso, no entanto, demandaria esfor\u00e7os maiores num momento, atual, em que revistas e livros passam cada vez mais ao universo digital eletr\u00f4nico. Outros autores, por sua vez, frequentemente disponibilizam suas produ\u00e7\u00f5es bibliogr\u00e1ficas em aplicativos ou s\u00edtios eletr\u00f4nicos.<\/p>\n<p align=\"justify\">Esse foi, portanto, um de nossos assuntos no encontro de 2015 em Jo\u00e3o Pessoa. Nessa ocasi\u00e3o ele nos disponibilizou um conjunto de doze artigos, os quais respondem ao intuito de contribuir \u00e0 forma\u00e7\u00e3o de estudantes no campo da antropologia visual no Brasil. Na UFPB esta forma\u00e7\u00e3o vem sendo desenvolvida nos cursos de gradua\u00e7\u00e3o e p\u00f3s-gradua\u00e7\u00e3o em antropologia, entre os campi de Rio Tinto e Jo\u00e3o Pessoa.<\/p>\n<p align=\"justify\">Estes artigos aqui reunidos, que se encontravam dispersos em diferentes colet\u00e2neas e revistas, expressam as vis\u00f5es sofisticadas e provocativas deste pensador das imagens, autor, orientador e organizador de obras que se tornaram refer\u00eancia hoje, tais como <em>Moroneta Kamayur\u00e1<\/em>, <em>O fotogr\u00e1fico<\/em>, <em>Argonautas do Mangue<\/em> e <em>Como pensam as imagens<\/em>. Foi tamb\u00e9m inclu\u00edda aqui uma entrevista realizada com o antrop\u00f3logo brasileiro Roberto Cardoso de Oliveira em 1998. S\u00e3o trabalhos voltados principalmente \u00e0 fotografia e \u00e0 antropologia visual, eles acompanham o pr\u00f3prio desenvolvimento dessa \u00e1rea no Brasil, na medida em que seu autor foi um dos criadores do Programa de P\u00f3s-Gradua\u00e7\u00e3o em Multimeios, em 1984, onde pesquisou e ensinou fotografia, cinema, artes e antropologia visual por cerca de 30 anos. Per\u00edodo no qual contribuiu aos principais debates que fomentaram a cria\u00e7\u00e3o de n\u00facleos, grupos e laborat\u00f3rios de pesquisa em diversas universidades brasileiras (LISA\/GRAVI\/USP, NAVISUAL\/BIEV\/UFRGS, LAV\/UFPE, etc.) al\u00e9m de mostras e festivais de filmes etnogr\u00e1ficos, hoje muito difundidos no Brasil e no mundo, como express\u00f5es vivas da busca de um olhar diferenciado sobre as culturas e as vidas humanas.<\/p>\n<p align=\"justify\">Embora as tecnologias comunicacionais tenham avan\u00e7ado extraordinariamente nas \u00faltimas d\u00e9cadas, n\u00e3o h\u00e1 como n\u00e3o notar o quanto as quest\u00f5es e reflex\u00f5es oferecidas por Samain permanecem atuais, quando n\u00e3o premonit\u00f3rias em rela\u00e7\u00e3o ao momento em que vivemos hoje. Este s\u00edtio eletr\u00f4nico, portanto, visa disponibilizar para estudantes e pesquisadores no Brasil, bem em outros pa\u00edses de l\u00edngua portuguesa, um rico conjunto de interroga\u00e7\u00f5es e constata\u00e7\u00f5es em torno da antropologia visual. Nos leva a perceber que n\u00e3o precisaremos \u201creinventar a roda\u201d ao tratarmos com imagens mas, tamb\u00e9m, nos convocam a descortinar futuros poss\u00edveis para a antropologia visual neste novo mil\u00eanio, na medida em que as imagens deitam, cada vez mais, suas \u201cra\u00edzes\u201d ao tempo em que desenvolvem \u201casas\u201d e se lan\u00e7am, provocando nossa imagina\u00e7\u00e3o viva e fazendo balan\u00e7ar os pilares do conhecimento pesadamente erguidos pela l\u00f3gica da escrita linear.<\/p>\n<p align=\"justify\">Manifestamos aqui, enfim, nossa gratid\u00e3o ao Professor Etienne Samain pela generosidade de nos oferecer esta sele\u00e7\u00e3o de seus artigos para este s\u00edtio eletr\u00f4nico, destinado a estudantes e profissionais de antropologia e \u00e1reas afins.<\/p>\n<p align=\"justify\">Jo\u00e3o Martinho de Mendon\u00e7a (PPGA\/AVAEDOC\/UFPB)<\/p>\n<p align=\"justify\">p.s.: posteriormente esperamos disponibilizar outro conjunto de trabalhos, cerca de 20 artigos, produzidos entre 2001 e 2017.<\/p>\n","protected":false},"excerpt":{"rendered":"<p>Sele\u00e7\u00e3o de artigos (e cap\u00edtulos de livros) publicados entre 1987 e 2001, acompanhados de uma entrevista com o antrop\u00f3logo Roberto Cardoso de Oliveira Em novembro de 2015 o professor Etienne Samain (Unicamp) esteve na UFPB, onde apresentou a confer\u00eancia \u201cO cinema enquanto olho e mem\u00f3ria da hist\u00f3ria\u201d no Semin\u00e1rio Internacional: [&hellip;]<\/p>\n","protected":false},"author":2,"featured_media":0,"parent":0,"menu_order":0,"comment_status":"closed","ping_status":"closed","template":"","meta":[],"_links":{"self":[{"href":"https:\/\/www.cchla.ufpb.br\/etienne_samain_unicamp\/wp-json\/wp\/v2\/pages\/234"}],"collection":[{"href":"https:\/\/www.cchla.ufpb.br\/etienne_samain_unicamp\/wp-json\/wp\/v2\/pages"}],"about":[{"href":"https:\/\/www.cchla.ufpb.br\/etienne_samain_unicamp\/wp-json\/wp\/v2\/types\/page"}],"author":[{"embeddable":true,"href":"https:\/\/www.cchla.ufpb.br\/etienne_samain_unicamp\/wp-json\/wp\/v2\/users\/2"}],"replies":[{"embeddable":true,"href":"https:\/\/www.cchla.ufpb.br\/etienne_samain_unicamp\/wp-json\/wp\/v2\/comments?post=234"}],"version-history":[{"count":5,"href":"https:\/\/www.cchla.ufpb.br\/etienne_samain_unicamp\/wp-json\/wp\/v2\/pages\/234\/revisions"}],"predecessor-version":[{"id":323,"href":"https:\/\/www.cchla.ufpb.br\/etienne_samain_unicamp\/wp-json\/wp\/v2\/pages\/234\/revisions\/323"}],"wp:attachment":[{"href":"https:\/\/www.cchla.ufpb.br\/etienne_samain_unicamp\/wp-json\/wp\/v2\/media?parent=234"}],"curies":[{"name":"wp","href":"https:\/\/api.w.org\/{rel}","templated":true}]}}