{"id":42,"date":"2018-01-15T15:09:38","date_gmt":"2018-01-15T17:09:38","guid":{"rendered":"http:\/\/www.cchla.ufpb.br\/etienne_samain_unicamp\/?page_id=42"},"modified":"2020-03-03T23:22:14","modified_gmt":"2020-03-04T02:22:14","slug":"ficha-tecnica","status":"publish","type":"page","link":"https:\/\/www.cchla.ufpb.br\/etienne_samain_unicamp\/ficha-tecnica\/","title":{"rendered":"Ficha t\u00e9cnica"},"content":{"rendered":"<p><a href=\"http:\/\/creativecommons.org\/licenses\/by-nc-nd\/4.0\/\" rel=\"license\"><img style=\"border-width: 0;\" src=\"https:\/\/i.creativecommons.org\/l\/by-nc-nd\/4.0\/88x31.png\" alt=\"Creative Commons License\" \/><\/a><br \/>\nThis work is licensed under a <a href=\"http:\/\/creativecommons.org\/licenses\/by-nc-nd\/4.0\/\" rel=\"license\">Creative Commons Attribution-NonCommercial-NoDerivatives 4.0 International License<\/a>.<\/p>\n<p>S\u00edtio eletr\u00f4nico criado em janeiro de 2018, lan\u00e7ado em maio de 2019, com reedi\u00e7\u00e3o em mar\u00e7o de 2020<\/p>\n<p>Configura\u00e7\u00e3o inicial e suporte: Assessoria de inform\u00e1tica do CCHLA\/UFPB &#8211; Dayane Lima\/Victor Chaves<\/p>\n<p>Consultoria de inform\u00e1tica e sistemas: Laerte Pereira<\/p>\n<p>Compila\u00e7\u00e3o e prepara\u00e7\u00e3o dos artigos para o s\u00edtio: Etienne Samain e Jo\u00e3o Mendon\u00e7a (edi\u00e7\u00e3o 2019); Etienne Samain e Fabiana Bruno (reedi\u00e7\u00e3o 2020)<\/p>\n<p>Textos e resumos dos artigos (edi\u00e7\u00e3o 2019): Jo\u00e3o Mendon\u00e7a<\/p>\n<p>Resumo dos artigos (reedi\u00e7\u00e3o 2020): Etienne Samain<\/p>\n<p>Desenvolvimento do s\u00edtio eletr\u00f4nico: Jo\u00e3o Mendon\u00e7a (projeto volunt\u00e1rio)<\/p>\n<p>Supervis\u00e3o de conte\u00fados: Etienne Samain<\/p>\n<p>Fotografias: Fran\u00e7oise Biernaux<\/p>\n<p>Nota sobre os arquivos disponibilizados em pdf: com exce\u00e7\u00e3o dos artigos publicados e j\u00e1 disponibilizados eletronicamente pelas pr\u00f3prias revistas, os demais artigos foram entregues digitalizados pelo autor. Cada p\u00e1gina, eventualmente redigitalizada para um melhor resultado, foi recomposta num conjunto para formar um \u00fanico arquivo. No caso da entrevista com Roberto Cardoso de Oliveira, foi inclu\u00edda uma p\u00e1gina de errata para complementar um pequeno trecho suprimido na vers\u00e3o eletr\u00f4nica disponibilizada em pdf pela Revista de Antropologia da USP (plataforma Scielo). Com exce\u00e7\u00e3o, portanto, dos artigos com vers\u00f5es eletr\u00f4nicas disponibilizadas pelas pr\u00f3prias revistas (estas mesmas vers\u00f5es foram utilizadas aqui), os demais textos s\u00e3o digitaliza\u00e7\u00f5es de vers\u00f5es impressas em livros\/revistas fora de cat\u00e1logo. Dessa maneira, n\u00e3o foi poss\u00edvel suprimir algumas marcas da passagem do tempo, pr\u00f3prias das publica\u00e7\u00f5es originais digitalizadas. Na reedi\u00e7\u00e3o de 2020 Fabiana Bruno colaborou diretamente na prepara\u00e7\u00e3o e reuni\u00e3o dos artigos em pdf (portable document file).<\/p>\n<p>Contato: bragamy@yahoo.com.br<\/p>\n","protected":false},"excerpt":{"rendered":"<p>This work is licensed under a Creative Commons Attribution-NonCommercial-NoDerivatives 4.0 International License. S\u00edtio eletr\u00f4nico criado em janeiro de 2018, lan\u00e7ado em maio de 2019, com reedi\u00e7\u00e3o em mar\u00e7o de 2020 Configura\u00e7\u00e3o inicial e suporte: Assessoria de inform\u00e1tica do CCHLA\/UFPB &#8211; Dayane Lima\/Victor Chaves Consultoria de inform\u00e1tica e sistemas: Laerte Pereira [&hellip;]<\/p>\n","protected":false},"author":2,"featured_media":0,"parent":0,"menu_order":0,"comment_status":"closed","ping_status":"closed","template":"","meta":[],"_links":{"self":[{"href":"https:\/\/www.cchla.ufpb.br\/etienne_samain_unicamp\/wp-json\/wp\/v2\/pages\/42"}],"collection":[{"href":"https:\/\/www.cchla.ufpb.br\/etienne_samain_unicamp\/wp-json\/wp\/v2\/pages"}],"about":[{"href":"https:\/\/www.cchla.ufpb.br\/etienne_samain_unicamp\/wp-json\/wp\/v2\/types\/page"}],"author":[{"embeddable":true,"href":"https:\/\/www.cchla.ufpb.br\/etienne_samain_unicamp\/wp-json\/wp\/v2\/users\/2"}],"replies":[{"embeddable":true,"href":"https:\/\/www.cchla.ufpb.br\/etienne_samain_unicamp\/wp-json\/wp\/v2\/comments?post=42"}],"version-history":[{"count":15,"href":"https:\/\/www.cchla.ufpb.br\/etienne_samain_unicamp\/wp-json\/wp\/v2\/pages\/42\/revisions"}],"predecessor-version":[{"id":416,"href":"https:\/\/www.cchla.ufpb.br\/etienne_samain_unicamp\/wp-json\/wp\/v2\/pages\/42\/revisions\/416"}],"wp:attachment":[{"href":"https:\/\/www.cchla.ufpb.br\/etienne_samain_unicamp\/wp-json\/wp\/v2\/media?parent=42"}],"curies":[{"name":"wp","href":"https:\/\/api.w.org\/{rel}","templated":true}]}}