{"id":181,"date":"2025-05-26T10:19:41","date_gmt":"2025-05-26T13:19:41","guid":{"rendered":"https:\/\/www.cchla.ufpb.br\/frances\/?page_id=181"},"modified":"2025-05-26T10:19:41","modified_gmt":"2025-05-26T13:19:41","slug":"programme-detudes-superieures-en-service-social-ppgss","status":"publish","type":"page","link":"https:\/\/www.cchla.ufpb.br\/frances\/programme-detudes-superieures-en-service-social-ppgss\/","title":{"rendered":"Programme D&#8217;\u00c9tudes Sup\u00e9rieures en Service Social (PPGSS)"},"content":{"rendered":"\n<h2 class=\"wp-block-heading\"><div class=\"linha-header\"><strong>PR\u00c9SENTATIO<\/strong>N<\/div><\/h2>\n\n\n\n<p>&nbsp;Le programme de Master Acad\u00e9mique Stricto Sensu du Programme d&#8217;\u00c9tudes Sup\u00e9rieures en Service Social de l&#8217;Universit\u00e9 Federal de la Para\u00edba (PPGSS\/UFPB) a \u00e9t\u00e9 cr\u00e9\u00e9 par la R\u00e9solution n\u00ba. 202\/77 du CONSUNI et impl\u00e9ment\u00e9 en 1978, avec accr\u00e9ditation en 1985, par l&#8217;avis n\u00ba 754\/85 du Conseil F\u00e9d\u00e9ral de l&#8217;\u00c9ducation. Dans sa trajectoire, il est reconnu&nbsp; pour \u00eatre le pionnier dans la formation des professeurs dans le secteur du Service Social.&nbsp; Il a \u00e9t\u00e9 le premier programme de Master de la R\u00e9gion Nordeste du Br\u00e9sil et le cinqui\u00e8me dans le pays.<\/p>\n\n\n\n<p>Analyser les \u00c9tudes Sup\u00e9rieures en Service Social, dans le cadre national, sp\u00e9cifiquement, le Master\/PPGSS, demande qu&#8217;elles soient per\u00e7ues dans le processus historique d&#8217;expansion des \u00c9tudes Sup\u00e9rieures br\u00e9siliennes et qu&#8217;elles soient situ\u00e9es, surtout, dans le sens du r\u00f4le qu&#8217;elles ont jou\u00e9 dans leur trajectoire, soit, la consolidation du secteur du Service Social. Dans ce sens, le sauvetage historique ici d\u00e9montr\u00e9 r\u00e9cup\u00e8re la r\u00e9sistance n\u00e9cessaire au moment de sa formation en plein r\u00e9gime de la dictature militaire au Br\u00e9sil. Il faut souligner l&#8217;importance de ce processus justement pendant l&#8217;ann\u00e9e de 2018, quand le Programme a compl\u00e9t\u00e9 40 ans.<\/p>\n\n\n\n<h2 class=\"wp-block-heading\"><div class=\"linha-header\">Domaine de Concentration et Axes de Recherche<\/div><\/h2>\n\n\n\n<h2 class=\"wp-block-heading\"><div class=\"linha-header\">Doctorat<\/div><\/h2>\n\n\n\n<p class=\"has-medium-font-size\"><strong>POLITIQUE SOCIALE, SERVICE SOCIAL ET D\u00c9VELOPPEMENT R\u00c9GIONAL<\/strong><\/p>\n\n\n\n<p class=\"has-medium-font-size\"><strong>Axes de Recherche<\/strong><\/p>\n\n\n\n<p>1.  POLITIQUE SOCIALE, DROITS SOCIAUX, TERRITOIRE ET D\u00c9VELOPPEMENT R\u00c9GIONAL<br>2.  FORMATION DE LA SOCI\u00c9T\u00c9 BR\u00c9SILIENNE, TH\u00c9ORIE SOCIAL ET DIVERSIT\u00c9 SOCIOCULTURELLE<br>3.  SERVICE SOCIAL, QUESTION SOCIAL ET TRAVAIL<\/p>\n\n\n\n<h2 class=\"wp-block-heading\"><div class=\"linha-header\">Master<\/div><\/h2>\n\n\n\n<p class=\"has-medium-font-size\"><strong> POLITIQUE SOCIALE, SERVICE SOCIAL ET D\u00c9VELOPPEMENT R\u00c9GIONAL<br><\/strong><\/p>\n\n\n\n<p class=\"has-medium-font-size\"><strong> Axes de Recherche:<\/strong><\/p>\n\n\n\n<p class=\"has-medium-font-size\">1.  SERVICE SOCIAL, QUESTION SOCIALE ET TRAVAIL<br>2.  FORMATION DE LA SOCI\u00c9T\u00c9 BR\u00c9SILIENNE, TH\u00c9ORIE SOCIALE ET DIVERSIT\u00c9 SOCIOCULTURELLE<br>3. POLITIQUE SOCIALE, DROITS SOCIAUX, TERRITOIRE ET D\u00c9VELOPPEMENT R\u00c9GIONAL<\/p>\n\n\n\n<p class=\"has-medium-font-size\">D&#8217;autres informations sur: <a href=\"https:\/\/sigaa.ufpb.br\/sigaa\/public\/programa\/apresentacao.jsf?lc=pt_BR&amp;id=1905\">https:\/\/sigaa.ufpb.br\/sigaa\/public\/programa\/apresentacao.jsf?lc=pt_BR&amp;id=1905<\/a><\/p>\n\n\n\n<p><\/p>\n","protected":false},"excerpt":{"rendered":"<p>PR\u00c9SENTATION &nbsp;Le programme de Master Acad\u00e9mique Stricto Sensu du Programme d&#8217;\u00c9tudes Sup\u00e9rieures en Service Social [&hellip;]<\/p>\n","protected":false},"author":260,"featured_media":0,"parent":0,"menu_order":0,"comment_status":"closed","ping_status":"closed","template":"","meta":{"footnotes":""},"class_list":["post-181","page","type-page","status-publish","hentry"],"_links":{"self":[{"href":"https:\/\/www.cchla.ufpb.br\/frances\/wp-json\/wp\/v2\/pages\/181","targetHints":{"allow":["GET"]}}],"collection":[{"href":"https:\/\/www.cchla.ufpb.br\/frances\/wp-json\/wp\/v2\/pages"}],"about":[{"href":"https:\/\/www.cchla.ufpb.br\/frances\/wp-json\/wp\/v2\/types\/page"}],"author":[{"embeddable":true,"href":"https:\/\/www.cchla.ufpb.br\/frances\/wp-json\/wp\/v2\/users\/260"}],"replies":[{"embeddable":true,"href":"https:\/\/www.cchla.ufpb.br\/frances\/wp-json\/wp\/v2\/comments?post=181"}],"version-history":[{"count":1,"href":"https:\/\/www.cchla.ufpb.br\/frances\/wp-json\/wp\/v2\/pages\/181\/revisions"}],"predecessor-version":[{"id":183,"href":"https:\/\/www.cchla.ufpb.br\/frances\/wp-json\/wp\/v2\/pages\/181\/revisions\/183"}],"wp:attachment":[{"href":"https:\/\/www.cchla.ufpb.br\/frances\/wp-json\/wp\/v2\/media?parent=181"}],"curies":[{"name":"wp","href":"https:\/\/api.w.org\/{rel}","templated":true}]}}