{"id":192,"date":"2026-03-16T09:59:12","date_gmt":"2026-03-16T12:59:12","guid":{"rendered":"https:\/\/www.cchla.ufpb.br\/frances\/?page_id=192"},"modified":"2026-03-16T12:33:42","modified_gmt":"2026-03-16T15:33:42","slug":"cours-de-deuxieme-et-troisieme-cycles","status":"publish","type":"page","link":"https:\/\/www.cchla.ufpb.br\/frances\/cours-de-deuxieme-et-troisieme-cycles\/","title":{"rendered":"Cours de deuxi\u00e8me et troisi\u00e8me cycles"},"content":{"rendered":"\n<p><a href=\"https:\/\/www.cchla.ufpb.br\/frances\/wp-admin\/post.php?post=151&amp;action=edit\">Programme D\u2019\u00c9tudes Sup\u00e9rieures en Sciences Politiques Et Relations Internationales (PPGCPRI)<\/a><\/p>\n\n\n\n<p><a href=\"https:\/\/www.cchla.ufpb.br\/frances\/wp-admin\/post.php?post=160&amp;action=edit\">Programme D\u2019\u00c9tudes Sup\u00e9rieures en Communication (PPGC)<\/a><\/p>\n\n\n\n<p><a href=\"https:\/\/www.cchla.ufpb.br\/frances\/wp-admin\/post.php?post=163&amp;action=edit\">Programme D\u2019\u00c9tudes Sup\u00e9rieures en Droits Humains, Citoyennet\u00e9 Et Politiques Publiques (PPGDH)<\/a><\/p>\n\n\n\n<p><a href=\"https:\/\/www.cchla.ufpb.br\/frances\/wp-admin\/post.php?post=166&amp;action=edit\">Programme D\u2019\u00c9tudes Sup\u00e9rieures en Philosophie<\/a><\/p>\n\n\n\n<p><a href=\"https:\/\/www.cchla.ufpb.br\/frances\/wp-admin\/post.php?post=173&amp;action=edit\">Programme D\u2019\u00c9tudes Sup\u00e9rieures en Histoire (PPGH)<\/a><\/p>\n\n\n\n<p><a href=\"https:\/\/www.cchla.ufpb.br\/frances\/wp-admin\/post.php?post=187&amp;action=edit\">Programme d\u2019\u00c9tudes Sup\u00e9rieures en Linguistique<\/a><\/p>\n\n\n\n<p><a href=\"https:\/\/www.cchla.ufpb.br\/frances\/wp-admin\/post.php?post=175&amp;action=edit\">Programme D\u2019\u00c9tudes Sup\u00e9rieures en Neuroscience Cognitive et en Comportement<\/a><\/p>\n\n\n\n<p><a href=\"https:\/\/www.cchla.ufpb.br\/frances\/wp-admin\/post.php?post=178&amp;action=edit\">\u00c9tudes Sup\u00e9rieures en Psychologie Sociale<\/a><\/p>\n\n\n\n<p><a href=\"https:\/\/www.cchla.ufpb.br\/frances\/programme-detudes-superieures-en-service-social-ppgss\/\">Programme D&#8217;\u00c9tudes Sup\u00e9rieures en Service Social (PPGSS)<\/a><\/p>\n\n\n\n<p><\/p>\n","protected":false},"excerpt":{"rendered":"<p>Programme D\u2019\u00c9tudes Sup\u00e9rieures en Sciences Politiques Et Relations Internationales (PPGCPRI) Programme D\u2019\u00c9tudes Sup\u00e9rieures en Communication [&hellip;]<\/p>\n","protected":false},"author":47,"featured_media":0,"parent":0,"menu_order":0,"comment_status":"closed","ping_status":"closed","template":"","meta":{"footnotes":""},"class_list":["post-192","page","type-page","status-publish","hentry"],"_links":{"self":[{"href":"https:\/\/www.cchla.ufpb.br\/frances\/wp-json\/wp\/v2\/pages\/192","targetHints":{"allow":["GET"]}}],"collection":[{"href":"https:\/\/www.cchla.ufpb.br\/frances\/wp-json\/wp\/v2\/pages"}],"about":[{"href":"https:\/\/www.cchla.ufpb.br\/frances\/wp-json\/wp\/v2\/types\/page"}],"author":[{"embeddable":true,"href":"https:\/\/www.cchla.ufpb.br\/frances\/wp-json\/wp\/v2\/users\/47"}],"replies":[{"embeddable":true,"href":"https:\/\/www.cchla.ufpb.br\/frances\/wp-json\/wp\/v2\/comments?post=192"}],"version-history":[{"count":3,"href":"https:\/\/www.cchla.ufpb.br\/frances\/wp-json\/wp\/v2\/pages\/192\/revisions"}],"predecessor-version":[{"id":197,"href":"https:\/\/www.cchla.ufpb.br\/frances\/wp-json\/wp\/v2\/pages\/192\/revisions\/197"}],"wp:attachment":[{"href":"https:\/\/www.cchla.ufpb.br\/frances\/wp-json\/wp\/v2\/media?parent=192"}],"curies":[{"name":"wp","href":"https:\/\/api.w.org\/{rel}","templated":true}]}}