{"id":37,"date":"2024-06-07T20:51:57","date_gmt":"2024-06-07T20:51:57","guid":{"rendered":"https:\/\/www.cchla.ufpb.br\/frances\/?page_id=37"},"modified":"2025-05-18T08:35:09","modified_gmt":"2025-05-18T11:35:09","slug":"cursus","status":"publish","type":"page","link":"https:\/\/www.cchla.ufpb.br\/frances\/cursus\/","title":{"rendered":"Cursus 1er Cycle \u00e0 l&#8217;UFPB"},"content":{"rendered":"\n<p class=\"has-medium-font-size\"><strong><a href=\"https:\/\/www.cchla.ufpb.br\/frances\/sciences-sociales\/\" data-type=\"page\" data-id=\"64\">Sciences Sociales<\/a><\/strong><\/p>\n\n\n\n<p class=\"has-medium-font-size\"><strong><a href=\"https:\/\/www.cchla.ufpb.br\/frances\/communication-dans-les-medias-numeriques\/\" data-type=\"page\" data-id=\"66\">Communication dans les M\u00e9dias Num\u00e9riques<\/a><\/strong><\/p>\n\n\n\n<p class=\"has-medium-font-size\"><strong><a href=\"https:\/\/www.cchla.ufpb.br\/frances\/philosophie\/\" data-type=\"page\" data-id=\"68\">Philosophie<\/a><\/strong><\/p>\n\n\n\n<p class=\"has-medium-font-size\"><strong><a href=\"https:\/\/www.cchla.ufpb.br\/frances\/histoire-2\/\" data-type=\"page\" data-id=\"70\">Histoire<\/a><\/strong><\/p>\n\n\n\n<p class=\"has-medium-font-size\"><strong><a href=\"https:\/\/www.cchla.ufpb.br\/frances\/lettres-classiques\/\" data-type=\"page\" data-id=\"72\">Lettres Classiques<\/a><\/strong><\/p>\n\n\n\n<p class=\"has-medium-font-size\"><strong><a href=\"https:\/\/www.cchla.ufpb.br\/frances\/lettres-portugais\/\" data-type=\"page\" data-id=\"74\">Lettres Portugais<\/a><\/strong><\/p>\n\n\n\n<p class=\"has-medium-font-size\"><strong><a href=\"https:\/\/www.cchla.ufpb.br\/frances\/lettres-anglais\/\" data-type=\"page\" data-id=\"76\">Lettres Anglais<\/a><\/strong><\/p>\n\n\n\n<p class=\"has-medium-font-size\"><strong><a href=\"https:\/\/www.cchla.ufpb.br\/frances\/lettres-espagnol\/\" data-type=\"page\" data-id=\"78\">Lettres Espagnol<\/a><\/strong><\/p>\n\n\n\n<p class=\"has-medium-font-size\"><strong><a href=\"https:\/\/www.cchla.ufpb.br\/frances\/lettres-francais\/\" data-type=\"page\" data-id=\"80\">Lettres Fran\u00e7ais<\/a><\/strong><\/p>\n\n\n\n<p class=\"has-medium-font-size\"><strong><a href=\"https:\/\/www.cchla.ufpb.br\/frances\/langues-etrangeres-appliquees-aux-affaires-internationales\/\" data-type=\"page\" data-id=\"82\">Langues \u00c9trang\u00e8res Appliqu\u00e9es aux Affaires Internationales<\/a><\/strong><\/p>\n\n\n\n<p class=\"has-medium-font-size\"><strong><a href=\"https:\/\/www.cchla.ufpb.br\/frances\/psychologie\/\" data-type=\"page\" data-id=\"84\">Psychologie<\/a><\/strong><\/p>\n\n\n\n<p class=\"has-medium-font-size\"><strong><a href=\"https:\/\/www.cchla.ufpb.br\/frances\/travail-social\/\" data-type=\"page\" data-id=\"86\">Travail Social<\/a><\/strong><\/p>\n\n\n\n<p class=\"has-medium-font-size\"><strong><a href=\"https:\/\/www.cchla.ufpb.br\/frances\/traduction\/\" data-type=\"page\" data-id=\"88\">Traduction<\/a><\/strong><\/p>\n\n\n\n<div style=\"height:25px\" aria-hidden=\"true\" class=\"wp-block-spacer\"><\/div>\n\n\n\n<p class=\"has-small-font-size\"><strong><a href=\"https:\/\/www.instagram.com\/plantao.tradufpb\/\">Traduction: Projeto InELC-Plant\u00e3o de Tradu\u00e7\u00e3o<\/a><\/strong><\/p>\n","protected":false},"excerpt":{"rendered":"<p>Sciences Sociales Communication dans les M\u00e9dias Num\u00e9riques Philosophie Histoire Lettres Classiques Lettres Portugais Lettres Anglais [&hellip;]<\/p>\n","protected":false},"author":63,"featured_media":0,"parent":0,"menu_order":0,"comment_status":"closed","ping_status":"closed","template":"","meta":{"footnotes":""},"class_list":["post-37","page","type-page","status-publish","hentry"],"_links":{"self":[{"href":"https:\/\/www.cchla.ufpb.br\/frances\/wp-json\/wp\/v2\/pages\/37","targetHints":{"allow":["GET"]}}],"collection":[{"href":"https:\/\/www.cchla.ufpb.br\/frances\/wp-json\/wp\/v2\/pages"}],"about":[{"href":"https:\/\/www.cchla.ufpb.br\/frances\/wp-json\/wp\/v2\/types\/page"}],"author":[{"embeddable":true,"href":"https:\/\/www.cchla.ufpb.br\/frances\/wp-json\/wp\/v2\/users\/63"}],"replies":[{"embeddable":true,"href":"https:\/\/www.cchla.ufpb.br\/frances\/wp-json\/wp\/v2\/comments?post=37"}],"version-history":[{"count":21,"href":"https:\/\/www.cchla.ufpb.br\/frances\/wp-json\/wp\/v2\/pages\/37\/revisions"}],"predecessor-version":[{"id":123,"href":"https:\/\/www.cchla.ufpb.br\/frances\/wp-json\/wp\/v2\/pages\/37\/revisions\/123"}],"wp:attachment":[{"href":"https:\/\/www.cchla.ufpb.br\/frances\/wp-json\/wp\/v2\/media?parent=37"}],"curies":[{"name":"wp","href":"https:\/\/api.w.org\/{rel}","templated":true}]}}