{"id":64,"date":"2024-06-26T11:23:07","date_gmt":"2024-06-26T11:23:07","guid":{"rendered":"https:\/\/www.cchla.ufpb.br\/frances\/?page_id=64"},"modified":"2025-05-18T08:35:11","modified_gmt":"2025-05-18T11:35:11","slug":"sciences-sociales","status":"publish","type":"page","link":"https:\/\/www.cchla.ufpb.br\/frances\/sciences-sociales\/","title":{"rendered":"Sciences Sociales"},"content":{"rendered":"\n<p>La formation en Sciences Sociales existe en deux modalit\u00e9s: le dipl\u00f4me appel\u00e9 bacharelado au Br\u00e9sil et le dipl\u00f4me appel\u00e9 licence. Le BACHARELADO en Sciences Sociales a commenc\u00e9 ses activit\u00e9s en 1994, li\u00e9 au D\u00e9partement des Sciences Sociales de l\u2019UFPB. Son projet p\u00e9dagogique actuel a \u00e9t\u00e9 approuv\u00e9 par le CONSEPE (Conseil Communautaire de S\u00e9curit\u00e9 Publique) en 2006, r\u00e9solution n\u00ba 18\/2006. Cette formation est destin\u00e9e \u00e0 ceux qui ont l\u2019intention de d\u00e9velopper des activit\u00e9s de recherche et\/ou d\u2019enseignement dans l\u2019\u00e9ducation sup\u00e9rieure, au sein d\u2019organismes publics ou priv\u00e9s de planification et de d\u00e9veloppement, d\u2019organismes de gestion publique et d\u2019analyse de politiques publiques. La LICENCE a \u00e9t\u00e9 cr\u00e9\u00e9e en 2007, par la r\u00e9solution n\u00ba 45\/2007 du CONSEPE, et le premier cours a d\u00e9but\u00e9 en 2008.1. La licence vise la formation de professionnels pour travailler dans des programmes d\u2019enseignement, de planification et d\u2019administration dans le domaine de l\u2019\u00e9ducation en Sciences Sociales.<\/p>\n\n\n\n<p>Plus d&#8217;informations sur : <a href=\"https:\/\/www.cchla.ufpb.br\/cccs\">https:\/\/www.cchla.ufpb.br\/cccs<\/a><\/p>\n\n\n\n<div style=\"height:25px\" aria-hidden=\"true\" class=\"wp-block-spacer\"><\/div>\n\n\n\n<p class=\"has-small-font-size\"><strong><a href=\"https:\/\/www.instagram.com\/plantao.tradufpb\/\">Traduction: Projeto InELC-Plant\u00e3o de Tradu\u00e7\u00e3o<\/a><\/strong><\/p>\n","protected":false},"excerpt":{"rendered":"<p>La formation en Sciences Sociales existe en deux modalit\u00e9s: le dipl\u00f4me appel\u00e9 bacharelado au Br\u00e9sil [&hellip;]<\/p>\n","protected":false},"author":63,"featured_media":0,"parent":0,"menu_order":0,"comment_status":"closed","ping_status":"closed","template":"","meta":{"footnotes":""},"class_list":["post-64","page","type-page","status-publish","hentry"],"_links":{"self":[{"href":"https:\/\/www.cchla.ufpb.br\/frances\/wp-json\/wp\/v2\/pages\/64","targetHints":{"allow":["GET"]}}],"collection":[{"href":"https:\/\/www.cchla.ufpb.br\/frances\/wp-json\/wp\/v2\/pages"}],"about":[{"href":"https:\/\/www.cchla.ufpb.br\/frances\/wp-json\/wp\/v2\/types\/page"}],"author":[{"embeddable":true,"href":"https:\/\/www.cchla.ufpb.br\/frances\/wp-json\/wp\/v2\/users\/63"}],"replies":[{"embeddable":true,"href":"https:\/\/www.cchla.ufpb.br\/frances\/wp-json\/wp\/v2\/comments?post=64"}],"version-history":[{"count":3,"href":"https:\/\/www.cchla.ufpb.br\/frances\/wp-json\/wp\/v2\/pages\/64\/revisions"}],"predecessor-version":[{"id":133,"href":"https:\/\/www.cchla.ufpb.br\/frances\/wp-json\/wp\/v2\/pages\/64\/revisions\/133"}],"wp:attachment":[{"href":"https:\/\/www.cchla.ufpb.br\/frances\/wp-json\/wp\/v2\/media?parent=64"}],"curies":[{"name":"wp","href":"https:\/\/api.w.org\/{rel}","templated":true}]}}