{"id":68,"date":"2024-06-26T11:25:02","date_gmt":"2024-06-26T11:25:02","guid":{"rendered":"https:\/\/www.cchla.ufpb.br\/frances\/?page_id=68"},"modified":"2025-05-18T08:35:10","modified_gmt":"2025-05-18T11:35:10","slug":"philosophie","status":"publish","type":"page","link":"https:\/\/www.cchla.ufpb.br\/frances\/philosophie\/","title":{"rendered":"Philosophie"},"content":{"rendered":"\n<p>La formation en Philosophie a \u00e9t\u00e9 cr\u00e9\u00e9e en 1949, par la loi d&#8217;\u00c9tat n\u00ba 341\/1949, avec l&#8217;autorisation de fonctionner \u00e0 partir du 8 juin 1954, par le d\u00e9cret f\u00e9d\u00e9ral n\u00ba 35 627. Cette formation a \u00e9t\u00e9 reconnue par le Minist\u00e8re de l&#8217;\u00c9ducation et de la Culture en 1959, un an avant la cr\u00e9ation de l&#8217;UFPB. C&#8217;est la plus ancienne licence du Centre des Sciences Humaines, Lettres et Arts (CCHLA). Cette formation a une dur\u00e9e minimale de quatre ans et maximale de sept ans, offrant deux dipl\u00f4mes : bacharelado (156 cr\u00e9dits universitaires) et licence compl\u00e8te ( 178 cr\u00e9dits).<\/p>\n\n\n\n<p>Chaque ann\u00e9e, il y a une s\u00e9lection &#8211; 60 (soixante) places &#8211; pour ceux qui souhaitent suivre la formation en Philosophie.<\/p>\n\n\n\n<p>Actuellement, des nouveaux projets p\u00e9dagogiques (PPC) sont en d\u00e9veloppement.<\/p>\n\n\n\n<p>Plus d&#8217;informations sur : <a href=\"https:\/\/www.ufpb.br\/cf\/\">https:\/\/www.ufpb.br\/cf\/<\/a><\/p>\n\n\n\n<div style=\"height:25px\" aria-hidden=\"true\" class=\"wp-block-spacer\"><\/div>\n\n\n\n<p class=\"has-small-font-size\"><strong><a href=\"https:\/\/www.instagram.com\/plantao.tradufpb\/\">Traduction: Projeto InELC-Plant\u00e3o de Tradu\u00e7\u00e3o<\/a><\/strong><\/p>\n","protected":false},"excerpt":{"rendered":"<p>La formation en Philosophie a \u00e9t\u00e9 cr\u00e9\u00e9e en 1949, par la loi d&#8217;\u00c9tat n\u00ba 341\/1949, [&hellip;]<\/p>\n","protected":false},"author":63,"featured_media":0,"parent":0,"menu_order":0,"comment_status":"closed","ping_status":"closed","template":"","meta":{"footnotes":""},"class_list":["post-68","page","type-page","status-publish","hentry"],"_links":{"self":[{"href":"https:\/\/www.cchla.ufpb.br\/frances\/wp-json\/wp\/v2\/pages\/68","targetHints":{"allow":["GET"]}}],"collection":[{"href":"https:\/\/www.cchla.ufpb.br\/frances\/wp-json\/wp\/v2\/pages"}],"about":[{"href":"https:\/\/www.cchla.ufpb.br\/frances\/wp-json\/wp\/v2\/types\/page"}],"author":[{"embeddable":true,"href":"https:\/\/www.cchla.ufpb.br\/frances\/wp-json\/wp\/v2\/users\/63"}],"replies":[{"embeddable":true,"href":"https:\/\/www.cchla.ufpb.br\/frances\/wp-json\/wp\/v2\/comments?post=68"}],"version-history":[{"count":3,"href":"https:\/\/www.cchla.ufpb.br\/frances\/wp-json\/wp\/v2\/pages\/68\/revisions"}],"predecessor-version":[{"id":131,"href":"https:\/\/www.cchla.ufpb.br\/frances\/wp-json\/wp\/v2\/pages\/68\/revisions\/131"}],"wp:attachment":[{"href":"https:\/\/www.cchla.ufpb.br\/frances\/wp-json\/wp\/v2\/media?parent=68"}],"curies":[{"name":"wp","href":"https:\/\/api.w.org\/{rel}","templated":true}]}}