{"id":70,"date":"2024-06-26T11:25:42","date_gmt":"2024-06-26T11:25:42","guid":{"rendered":"https:\/\/www.cchla.ufpb.br\/frances\/?page_id=70"},"modified":"2025-05-18T08:35:10","modified_gmt":"2025-05-18T11:35:10","slug":"histoire-2","status":"publish","type":"page","link":"https:\/\/www.cchla.ufpb.br\/frances\/histoire-2\/","title":{"rendered":"Histoire"},"content":{"rendered":"\n<p>La Licence en Histoire b\u00e2tit la formation du professionnel en articulant \u201csavoir et faire\u201d. Les cours sont bas\u00e9s sur: i) l&#8217;int\u00e9gration entre des connaissances historiques et des connaissances qui constituent une formation humaniste, en particulier les sciences sociales, la philosophie et l&#8217;\u00e9ducation; ii) la r\u00e9flexion \u00e0 propos des diff\u00e9rentes pratiques du m\u00e9tier d&#8217;historien et ses relations avec d&#8217;autres domaines de connaissance. Le dipl\u00f4m\u00e9 en Histoire doit \u00eatre en mesure d&#8217;exercer le travail d&#8217;historien dans toutes ses dimensions, ce qui suppose la pleine ma\u00eetrise de production et de diffusion de connaissances historiques et de pratiques \u00e9ducatives correspondantes. Ainsi, la Licence en Histoire vise \u00e0 former des professionnels avec un profil qui leur permettra de: i) r\u00e9fl\u00e9chir sur les multiples dimensions, les exp\u00e9riences des sujets historiques et la constitution de diff\u00e9rents rapports de temps et d&#8217;espace ; ii) transiter, em interdisciplinarit\u00e9, \u00e0 travers les fronti\u00e8res de l&#8217;Histoire et d&#8217;autres domaines de connaissance et d\u2019\u00eatre en mesure de d\u00e9limiter leurs domaines sp\u00e9cifiques et, surtout, de qualifier ce qui est propre \u00e0 la connaissance historique ; iii) promouvoir l&#8217;int\u00e9riorisation des valeurs \u00e9thiques et laperception des principes de justice, d&#8217;\u00e9quit\u00e9 et de tol\u00e9rance ; iv) d\u00e9velopper la recherche, la production de connaissances et leur diffusion non seulement dans la sph\u00e8re acad\u00e9mique, mais aussi dans les \u00e9tablissements d&#8217;enseignement, dans les organismes de pr\u00e9servation de la m\u00e9moire et dans l&#8217;\u00e9laboration de politiques et de projets de gestion du patrimoine et de la culture et encore dans les m\u00e9dias et dans tous les espaces dans lesquels la pr\u00e9sence d&#8217;un historien est justifi\u00e9e.<\/p>\n\n\n\n<p>Plus d&#8217;informations sur : <a href=\"https:\/\/sigaa.ufpb.br\/sigaa\/public\/curso\/portal.jsf?lc=pt_BR&amp;id=1626832\">https:\/\/sigaa.ufpb.br\/sigaa\/public\/curso\/portal.jsf?lc=pt_BR&amp;id=1626832<\/a><\/p>\n\n\n\n<div style=\"height:25px\" aria-hidden=\"true\" class=\"wp-block-spacer\"><\/div>\n\n\n\n<p class=\"has-small-font-size\"><strong><a href=\"https:\/\/www.instagram.com\/plantao.tradufpb\/\">Traduction: Projeto InELC-Plant\u00e3o de Tradu\u00e7\u00e3o<\/a><\/strong><\/p>\n","protected":false},"excerpt":{"rendered":"<p>La Licence en Histoire b\u00e2tit la formation du professionnel en articulant \u201csavoir et faire\u201d. Les [&hellip;]<\/p>\n","protected":false},"author":63,"featured_media":0,"parent":0,"menu_order":0,"comment_status":"closed","ping_status":"closed","template":"","meta":{"footnotes":""},"class_list":["post-70","page","type-page","status-publish","hentry"],"_links":{"self":[{"href":"https:\/\/www.cchla.ufpb.br\/frances\/wp-json\/wp\/v2\/pages\/70","targetHints":{"allow":["GET"]}}],"collection":[{"href":"https:\/\/www.cchla.ufpb.br\/frances\/wp-json\/wp\/v2\/pages"}],"about":[{"href":"https:\/\/www.cchla.ufpb.br\/frances\/wp-json\/wp\/v2\/types\/page"}],"author":[{"embeddable":true,"href":"https:\/\/www.cchla.ufpb.br\/frances\/wp-json\/wp\/v2\/users\/63"}],"replies":[{"embeddable":true,"href":"https:\/\/www.cchla.ufpb.br\/frances\/wp-json\/wp\/v2\/comments?post=70"}],"version-history":[{"count":3,"href":"https:\/\/www.cchla.ufpb.br\/frances\/wp-json\/wp\/v2\/pages\/70\/revisions"}],"predecessor-version":[{"id":124,"href":"https:\/\/www.cchla.ufpb.br\/frances\/wp-json\/wp\/v2\/pages\/70\/revisions\/124"}],"wp:attachment":[{"href":"https:\/\/www.cchla.ufpb.br\/frances\/wp-json\/wp\/v2\/media?parent=70"}],"curies":[{"name":"wp","href":"https:\/\/api.w.org\/{rel}","templated":true}]}}