{"id":72,"date":"2024-06-26T11:26:03","date_gmt":"2024-06-26T11:26:03","guid":{"rendered":"https:\/\/www.cchla.ufpb.br\/frances\/?page_id=72"},"modified":"2025-05-18T08:35:10","modified_gmt":"2025-05-18T11:35:10","slug":"lettres-classiques","status":"publish","type":"page","link":"https:\/\/www.cchla.ufpb.br\/frances\/lettres-classiques\/","title":{"rendered":"Lettres Classiques"},"content":{"rendered":"\n<p>La formation en Lettres Classiques (Grec et Latin) \u00e0 l&#8217;UFPB, a commenc\u00e9 en 2009 dans la modalit\u00e9 licence. Son but est de former des professionnels capables d\u2019&#8217;enseigner des langues et des litt\u00e9ratures gr\u00e9co-latines. Les activit\u00e9s du programme se d\u00e9roulent uniquement le soir et en pr\u00e9sentiel, pendant 5 ans.<\/p>\n\n\n\n<p>Plus d&#8217;informations sur : <a href=\"http:\/\/www.cchla.ufpb.br\/clc\">http:\/\/www.cchla.ufpb.br\/clc<\/a><\/p>\n\n\n\n<div style=\"height:25px\" aria-hidden=\"true\" class=\"wp-block-spacer\"><\/div>\n\n\n\n<p class=\"has-small-font-size\"><strong><a href=\"https:\/\/www.instagram.com\/plantao.tradufpb\/\">Traduction: Projeto InELC-Plant\u00e3o de Tradu\u00e7\u00e3o<\/a><\/strong><\/p>\n","protected":false},"excerpt":{"rendered":"<p>La formation en Lettres Classiques (Grec et Latin) \u00e0 l&#8217;UFPB, a commenc\u00e9 en 2009 dans [&hellip;]<\/p>\n","protected":false},"author":63,"featured_media":0,"parent":0,"menu_order":0,"comment_status":"closed","ping_status":"closed","template":"","meta":{"footnotes":""},"class_list":["post-72","page","type-page","status-publish","hentry"],"_links":{"self":[{"href":"https:\/\/www.cchla.ufpb.br\/frances\/wp-json\/wp\/v2\/pages\/72","targetHints":{"allow":["GET"]}}],"collection":[{"href":"https:\/\/www.cchla.ufpb.br\/frances\/wp-json\/wp\/v2\/pages"}],"about":[{"href":"https:\/\/www.cchla.ufpb.br\/frances\/wp-json\/wp\/v2\/types\/page"}],"author":[{"embeddable":true,"href":"https:\/\/www.cchla.ufpb.br\/frances\/wp-json\/wp\/v2\/users\/63"}],"replies":[{"embeddable":true,"href":"https:\/\/www.cchla.ufpb.br\/frances\/wp-json\/wp\/v2\/comments?post=72"}],"version-history":[{"count":3,"href":"https:\/\/www.cchla.ufpb.br\/frances\/wp-json\/wp\/v2\/pages\/72\/revisions"}],"predecessor-version":[{"id":127,"href":"https:\/\/www.cchla.ufpb.br\/frances\/wp-json\/wp\/v2\/pages\/72\/revisions\/127"}],"wp:attachment":[{"href":"https:\/\/www.cchla.ufpb.br\/frances\/wp-json\/wp\/v2\/media?parent=72"}],"curies":[{"name":"wp","href":"https:\/\/api.w.org\/{rel}","templated":true}]}}