{"id":74,"date":"2024-06-26T11:26:26","date_gmt":"2024-06-26T11:26:26","guid":{"rendered":"https:\/\/www.cchla.ufpb.br\/frances\/?page_id=74"},"modified":"2025-05-18T08:35:10","modified_gmt":"2025-05-18T11:35:10","slug":"lettres-portugais","status":"publish","type":"page","link":"https:\/\/www.cchla.ufpb.br\/frances\/lettres-portugais\/","title":{"rendered":"Lettres Portugais"},"content":{"rendered":"\n<p>La soci\u00e9t\u00e9 br\u00e9silienne actuelle exige du dipl\u00f4m\u00e9 en Lettres une performance sociale et professionnelle engag\u00e9e dans la construction de la conscience citoyenne. La multiplicit\u00e9 de r\u00f4les que l&#8217;\u00e9tudiant en Lettres joue ou peut jouer, en plus de l&#8217;engagement \u00e9thique bas\u00e9 sur des principes humanistes, requiert un engagement dans la construction et la reconstruction du savoir, capable de favoriser sa propre r\u00e9flexion sur cette soci\u00e9t\u00e9. \u00c0 cette fin, l&#8217;\u00e9tudiant doit d\u00e9montrer sa capacit\u00e9 \u00e0 percevoir que la complexit\u00e9 de la soci\u00e9t\u00e9 se manifeste \u00e0 travers diff\u00e9rentes formes et modes de langage, correspondant \u00e0 diff\u00e9rents int\u00e9r\u00eats dans des confrontations et des conflits constants, par rapport auxquels le citoyen doit se positionner. En outre, il devrait \u00eatre en mesure non seulement de ma\u00eetriser les ressources de la langue parl\u00e9e et de la langue \u00e9crite, mais aussi de jouer le r\u00f4le de multiplicateur, habilitant les gens \u00e0 la m\u00eame ma\u00eetrise de la langue.<\/p>\n\n\n\n<p>Plus d&#8217;informations sur : <a href=\"https:\/\/sigaa.ufpb.br\/sigaa\/public\/curso\/ppp.jsf?lc=pt_BR&amp;id=1626872\">https:\/\/sigaa.ufpb.br\/sigaa\/public\/curso\/ppp.jsf?lc=pt_BR&amp;id=1626872<\/a><\/p>\n\n\n\n<div style=\"height:25px\" aria-hidden=\"true\" class=\"wp-block-spacer\"><\/div>\n\n\n\n<p class=\"has-small-font-size\"><strong><a href=\"https:\/\/www.instagram.com\/plantao.tradufpb\/\">Traduction: Projeto InELC-Plant\u00e3o de Tradu\u00e7\u00e3o<\/a><\/strong><\/p>\n","protected":false},"excerpt":{"rendered":"<p>La soci\u00e9t\u00e9 br\u00e9silienne actuelle exige du dipl\u00f4m\u00e9 en Lettres une performance sociale et professionnelle engag\u00e9e [&hellip;]<\/p>\n","protected":false},"author":63,"featured_media":0,"parent":0,"menu_order":0,"comment_status":"closed","ping_status":"closed","template":"","meta":{"footnotes":""},"class_list":["post-74","page","type-page","status-publish","hentry"],"_links":{"self":[{"href":"https:\/\/www.cchla.ufpb.br\/frances\/wp-json\/wp\/v2\/pages\/74","targetHints":{"allow":["GET"]}}],"collection":[{"href":"https:\/\/www.cchla.ufpb.br\/frances\/wp-json\/wp\/v2\/pages"}],"about":[{"href":"https:\/\/www.cchla.ufpb.br\/frances\/wp-json\/wp\/v2\/types\/page"}],"author":[{"embeddable":true,"href":"https:\/\/www.cchla.ufpb.br\/frances\/wp-json\/wp\/v2\/users\/63"}],"replies":[{"embeddable":true,"href":"https:\/\/www.cchla.ufpb.br\/frances\/wp-json\/wp\/v2\/comments?post=74"}],"version-history":[{"count":3,"href":"https:\/\/www.cchla.ufpb.br\/frances\/wp-json\/wp\/v2\/pages\/74\/revisions"}],"predecessor-version":[{"id":130,"href":"https:\/\/www.cchla.ufpb.br\/frances\/wp-json\/wp\/v2\/pages\/74\/revisions\/130"}],"wp:attachment":[{"href":"https:\/\/www.cchla.ufpb.br\/frances\/wp-json\/wp\/v2\/media?parent=74"}],"curies":[{"name":"wp","href":"https:\/\/api.w.org\/{rel}","templated":true}]}}