{"id":76,"date":"2024-06-26T11:27:14","date_gmt":"2024-06-26T11:27:14","guid":{"rendered":"https:\/\/www.cchla.ufpb.br\/frances\/?page_id=76"},"modified":"2025-05-18T08:35:10","modified_gmt":"2025-05-18T11:35:10","slug":"lettres-anglais","status":"publish","type":"page","link":"https:\/\/www.cchla.ufpb.br\/frances\/lettres-anglais\/","title":{"rendered":"Lettres Anglais"},"content":{"rendered":"\n<p>L&#8217;\u00e9tudiant dipl\u00f4m\u00e9 en Lettres Anglais, en tant qu&#8217;agent social, doit \u00eatre en mesure d&#8217;encourager, dans le cadre de l&#8217;enseignement des langues, la r\u00e9flexion sur la soci\u00e9t\u00e9 dont il fait partie. Cela signifie qu&#8217;il doit contribuer \u00e0 la fois au d\u00e9veloppement des comp\u00e9tences linguistiques et \u00e0 l&#8217;expansion des perspectives culturelles et historiques de ses \u00e9tudiants, ainsi qu&#8217;\u00e0 leur perception de soi en tant que citoyens. Ainsi, cet \u00e9tudiant devient un formateur critique-social lorsqu&#8217;il favorise le d\u00e9veloppement d&#8217;un sentiment de citoyennet\u00e9 dans la classe de langue anglaise. Ce professionnel devra donc mobiliser et reconfigurer les connaissances sur les usages de la langue et ses manifestations litt\u00e9raires et culturelles, se constituant en agentd&#8217;alphab\u00e9tisation. En outre, il devra promouvoir la sensibilit\u00e9 et la compr\u00e9hension des liens entre l&#8217;utilisation de la langue et ses variations et, par cons\u00e9quent, la re -signification de la citoyennet\u00e9. Enfin, il doit comprendre sa formation professionnelle comme une pratique r\u00e9flexive et comme un processus continu et autonome.<\/p>\n\n\n\n<p>Plus d&#8217;informations sur : <a href=\"https:\/\/sigaa.ufpb.br\/sigaa\/public\/curso\/ppp.jsf?lc=pt_BR&amp;id=2663749\">https:\/\/sigaa.ufpb.br\/sigaa\/public\/curso\/ppp.jsf?lc=pt_BR&amp;id=2663749<\/a><\/p>\n\n\n\n<div style=\"height:25px\" aria-hidden=\"true\" class=\"wp-block-spacer\"><\/div>\n\n\n\n<p class=\"has-small-font-size\"><strong><a href=\"https:\/\/www.instagram.com\/plantao.tradufpb\/\">Traduction: Projeto InELC-Plant\u00e3o de Tradu\u00e7\u00e3o<\/a><\/strong><\/p>\n\n\n\n<p><\/p>\n","protected":false},"excerpt":{"rendered":"<p>L&#8217;\u00e9tudiant dipl\u00f4m\u00e9 en Lettres Anglais, en tant qu&#8217;agent social, doit \u00eatre en mesure d&#8217;encourager, dans [&hellip;]<\/p>\n","protected":false},"author":63,"featured_media":0,"parent":0,"menu_order":0,"comment_status":"closed","ping_status":"closed","template":"","meta":{"footnotes":""},"class_list":["post-76","page","type-page","status-publish","hentry"],"_links":{"self":[{"href":"https:\/\/www.cchla.ufpb.br\/frances\/wp-json\/wp\/v2\/pages\/76","targetHints":{"allow":["GET"]}}],"collection":[{"href":"https:\/\/www.cchla.ufpb.br\/frances\/wp-json\/wp\/v2\/pages"}],"about":[{"href":"https:\/\/www.cchla.ufpb.br\/frances\/wp-json\/wp\/v2\/types\/page"}],"author":[{"embeddable":true,"href":"https:\/\/www.cchla.ufpb.br\/frances\/wp-json\/wp\/v2\/users\/63"}],"replies":[{"embeddable":true,"href":"https:\/\/www.cchla.ufpb.br\/frances\/wp-json\/wp\/v2\/comments?post=76"}],"version-history":[{"count":3,"href":"https:\/\/www.cchla.ufpb.br\/frances\/wp-json\/wp\/v2\/pages\/76\/revisions"}],"predecessor-version":[{"id":126,"href":"https:\/\/www.cchla.ufpb.br\/frances\/wp-json\/wp\/v2\/pages\/76\/revisions\/126"}],"wp:attachment":[{"href":"https:\/\/www.cchla.ufpb.br\/frances\/wp-json\/wp\/v2\/media?parent=76"}],"curies":[{"name":"wp","href":"https:\/\/api.w.org\/{rel}","templated":true}]}}