{"id":84,"date":"2024-06-26T11:29:13","date_gmt":"2024-06-26T11:29:13","guid":{"rendered":"https:\/\/www.cchla.ufpb.br\/frances\/?page_id=84"},"modified":"2025-05-18T08:35:10","modified_gmt":"2025-05-18T11:35:10","slug":"psychologie","status":"publish","type":"page","link":"https:\/\/www.cchla.ufpb.br\/frances\/psychologie\/","title":{"rendered":"Psychologie"},"content":{"rendered":"\n<p>Fond\u00e9e en 1974, la licence en psychologie de l&#8217;UFPB offre actuellement deux qualifications aux \u00e9tudiants inscrits : formation psychologue et licence d&#8217;enseignement. La qualification \u00ab Formation Psychologue \u00bb, a pour objectif former des psychologues avec des capacit\u00e9s critiques et r\u00e9flexives, en offrant une base th\u00e9orique et m\u00e9thodologique pour qu\u2019ils puissent agir dans diff\u00e9rents contextes, engag\u00e9s dans la bio\u00e9thique, afin de contribuer \u00e0 la promotion de l&#8217;\u00e9ducation int\u00e9grale et de la sant\u00e9 mentale, individuelle et collective.<\/p>\n\n\n\n<p>La qualification \u00ab Licence d&#8217;enseignement \u00bb, a pour objectif former des dipl\u00f4m\u00e9s em psychologie, dot\u00e9s d&#8217;une capacit\u00e9 de r\u00e9flexion critique et d&#8217;une base th\u00e9orique et m\u00e9thodologique pour travailler dans des contextes \u00e9ducatifs, en contribuant \u00e0 la promotion de l&#8217;\u00e9ducation int\u00e9grale et de la sant\u00e9 mentale, individuelle et collective.<\/p>\n\n\n\n<p>La formation du Psychologue et du Licenci\u00e9 en Psychologie doit favoriser le d\u00e9veloppement des comp\u00e9tences g\u00e9n\u00e9rales suivantes :<\/p>\n\n\n\n<p>&#8211; Soins de sant\u00e9 : les professionnels doivent \u00eatre en mesure de d\u00e9velopper des actions de pr\u00e9vention, de promotion, de protection et de r\u00e9habilitation de la sant\u00e9, tant au niveau individuel que collectif, ainsi que de fournir leurs services dans le respect des normes de qualit\u00e9 les plus \u00e9lev\u00e9es et des principes d&#8217;\u00e9thique\/bio\u00e9thique. &#8211; Prise de d\u00e9cision : le travail des professionnels doit \u00eatre bas\u00e9 sur la capacit\u00e9 d&#8217;\u00e9valuer, de syst\u00e9matiser et de d\u00e9cider des conduites les plus appropri\u00e9es, sur la base de preuves scientifiques.<\/p>\n\n\n\n<p>&#8211; Communication : les professionnels doivent maintenir la confidentialit\u00e9 des informations qui leur sont confi\u00e9es lorsqu&#8217;ils interagissent avec d&#8217;autres professionnels de la sant\u00e9 et le grand public.<\/p>\n\n\n\n<p>&#8211; Leadership : en travaillant au sein d&#8217;une \u00e9quipe pluridisciplinaire, les professionnels doivent \u00eatre en mesure d&#8217;assumer des positions de leadership, toujours en vue du bien -\u00eatre de la communaut\u00e9.<\/p>\n\n\n\n<p>&#8211; Administration et gestion : les professionnels doivent \u00eatre capables de prendre des initiatives, de g\u00e9rer et d&#8217;administrer \u00e0 la fois la main-d&#8217;\u0153uvre, les ressources physiques et mat\u00e9rielles et les informations de la m\u00eame mani\u00e8re qu&#8217;ils doivent pouvoir \u00eatre des entrepreneurs, des gestionnaires, des employeurs ou des leaders dans l&#8217;\u00e9quipe de travail.<\/p>\n\n\n\n<p>&#8211; Formation continue : les professionnels doivent pouvoir apprendre en continu, avec l&#8217;\u00e9ducation et la formation\/les stages des g\u00e9n\u00e9rations futures de professionnels, em stimulant et en d\u00e9veloppant la mobilit\u00e9 acad\u00e9mique\/professionnelle, la formation et la coop\u00e9ration \u00e0 travers des r\u00e9seaux nationaux et internationaux.<\/p>\n\n\n\n<p>Pour contribuer \u00e0 l&#8217;acquisition de ces comp\u00e9tences, le cours dispose d&#8217;un corps enseignant qui d\u00e9veloppe des activit\u00e9s d&#8217;enseignement, de recherche et d&#8217;extension dans diff\u00e9rents domaines de la psychologie.<\/p>\n\n\n\n<p>Plus d&#8217;informations sur :<a href=\"https:\/\/sigaa.ufpb.br\/sigaa\/public\/curso\/portal.jsf?id=1626724&amp;lc=pt_BR\">https:\/\/sigaa.ufpb.br\/sigaa\/public\/curso\/portal.jsf?id=1626724&amp;lc=pt_BR<\/a><\/p>\n\n\n\n<div style=\"height:25px\" aria-hidden=\"true\" class=\"wp-block-spacer\"><\/div>\n\n\n\n<p class=\"has-small-font-size\"><strong><a href=\"https:\/\/www.instagram.com\/plantao.tradufpb\/\">Traduction: Projeto InELC-Plant\u00e3o de Tradu\u00e7\u00e3o<\/a><\/strong><\/p>\n","protected":false},"excerpt":{"rendered":"<p>Fond\u00e9e en 1974, la licence en psychologie de l&#8217;UFPB offre actuellement deux qualifications aux \u00e9tudiants [&hellip;]<\/p>\n","protected":false},"author":63,"featured_media":0,"parent":0,"menu_order":0,"comment_status":"closed","ping_status":"closed","template":"","meta":{"footnotes":""},"class_list":["post-84","page","type-page","status-publish","hentry"],"_links":{"self":[{"href":"https:\/\/www.cchla.ufpb.br\/frances\/wp-json\/wp\/v2\/pages\/84","targetHints":{"allow":["GET"]}}],"collection":[{"href":"https:\/\/www.cchla.ufpb.br\/frances\/wp-json\/wp\/v2\/pages"}],"about":[{"href":"https:\/\/www.cchla.ufpb.br\/frances\/wp-json\/wp\/v2\/types\/page"}],"author":[{"embeddable":true,"href":"https:\/\/www.cchla.ufpb.br\/frances\/wp-json\/wp\/v2\/users\/63"}],"replies":[{"embeddable":true,"href":"https:\/\/www.cchla.ufpb.br\/frances\/wp-json\/wp\/v2\/comments?post=84"}],"version-history":[{"count":3,"href":"https:\/\/www.cchla.ufpb.br\/frances\/wp-json\/wp\/v2\/pages\/84\/revisions"}],"predecessor-version":[{"id":132,"href":"https:\/\/www.cchla.ufpb.br\/frances\/wp-json\/wp\/v2\/pages\/84\/revisions\/132"}],"wp:attachment":[{"href":"https:\/\/www.cchla.ufpb.br\/frances\/wp-json\/wp\/v2\/media?parent=84"}],"curies":[{"name":"wp","href":"https:\/\/api.w.org\/{rel}","templated":true}]}}