{"id":86,"date":"2024-06-26T11:29:37","date_gmt":"2024-06-26T11:29:37","guid":{"rendered":"https:\/\/www.cchla.ufpb.br\/frances\/?page_id=86"},"modified":"2025-05-18T08:35:11","modified_gmt":"2025-05-18T11:35:11","slug":"travail-social","status":"publish","type":"page","link":"https:\/\/www.cchla.ufpb.br\/frances\/travail-social\/","title":{"rendered":"Travail Social"},"content":{"rendered":"\n<p>Le dipl\u00f4m\u00e9 en Travail Social est le professionnel qui agit dans le domaine du social, em formulant et en mettant en \u0153uvre des propositions pour le d\u00e9veloppement des questions sociales, \u00e0 travers les politiques sociales publiques, d&#8217;entreprises, les organisations de la soci\u00e9t\u00e9 civile et les mouvements sociaux. Le professionnel poss\u00e8de une formation intellectuelle et culturelle de critique g\u00e9n\u00e9raliste, comp\u00e9tente dans son domaine de performance, avec la capacit\u00e9 d&#8217;insertion cr\u00e9ative et propositionnelle, dans l&#8217;ensemble des relations sociales et sur le march\u00e9 du travail. Il agit dans le respect des valeurs et des principes \u00e9thiques, des droits humains et du projet \u00e9thique et politique de la profession.<\/p>\n\n\n\n<p>Plus d&#8217;informations sur : https:\/\/sigaa.ufpb.br\/sigaa\/public\/curso\/ppp.jsf?lc=fr_CA&amp;id=1626882<\/p>\n\n\n\n<div style=\"height:25px\" aria-hidden=\"true\" class=\"wp-block-spacer\"><\/div>\n\n\n\n<p class=\"has-small-font-size\"><strong><a href=\"https:\/\/www.instagram.com\/plantao.tradufpb\/\">Traduction: Projeto InELC-Plant\u00e3o de Tradu\u00e7\u00e3o<\/a><\/strong><\/p>\n","protected":false},"excerpt":{"rendered":"<p>Le dipl\u00f4m\u00e9 en Travail Social est le professionnel qui agit dans le domaine du social, [&hellip;]<\/p>\n","protected":false},"author":63,"featured_media":0,"parent":0,"menu_order":0,"comment_status":"closed","ping_status":"closed","template":"","meta":{"footnotes":""},"class_list":["post-86","page","type-page","status-publish","hentry"],"_links":{"self":[{"href":"https:\/\/www.cchla.ufpb.br\/frances\/wp-json\/wp\/v2\/pages\/86","targetHints":{"allow":["GET"]}}],"collection":[{"href":"https:\/\/www.cchla.ufpb.br\/frances\/wp-json\/wp\/v2\/pages"}],"about":[{"href":"https:\/\/www.cchla.ufpb.br\/frances\/wp-json\/wp\/v2\/types\/page"}],"author":[{"embeddable":true,"href":"https:\/\/www.cchla.ufpb.br\/frances\/wp-json\/wp\/v2\/users\/63"}],"replies":[{"embeddable":true,"href":"https:\/\/www.cchla.ufpb.br\/frances\/wp-json\/wp\/v2\/comments?post=86"}],"version-history":[{"count":4,"href":"https:\/\/www.cchla.ufpb.br\/frances\/wp-json\/wp\/v2\/pages\/86\/revisions"}],"predecessor-version":[{"id":135,"href":"https:\/\/www.cchla.ufpb.br\/frances\/wp-json\/wp\/v2\/pages\/86\/revisions\/135"}],"wp:attachment":[{"href":"https:\/\/www.cchla.ufpb.br\/frances\/wp-json\/wp\/v2\/media?parent=86"}],"curies":[{"name":"wp","href":"https:\/\/api.w.org\/{rel}","templated":true}]}}