{"id":1019,"date":"2021-07-27T10:06:19","date_gmt":"2021-07-27T13:06:19","guid":{"rendered":"http:\/\/www.cchla.ufpb.br\/gpsmdq\/?page_id=1019"},"modified":"2022-01-28T14:08:02","modified_gmt":"2022-01-28T17:08:02","slug":"cursos-de-extensao","status":"publish","type":"page","link":"https:\/\/www.cchla.ufpb.br\/gpsmdq\/cursos-de-extensao\/","title":{"rendered":"Cursos de extens\u00e3o"},"content":{"rendered":"Os cursos de extens\u00e3o promovidos pelo Grupo de Pesquisa em Sa\u00fade Mental e Depend\u00eancia Qu\u00edmica da Universidade Federal da Para\u00edba s\u00e3o\u00a0a\u00e7\u00f5es pedag\u00f3gicas de car\u00e1ter te\u00f3rico cujo objetivo \u00e9 o compartilhamento de informa\u00e7\u00e3o de qualidade sobre temas de relev\u00e2ncia para a psicologia e para a sociedade, bem como fomentar a cria\u00e7\u00e3o de espa\u00e7os de ci\u00eancia, apresentando possibilidades de investiga\u00e7\u00e3o em psicologia social promovendo uma \u201carticula\u00e7\u00e3o entre ensino\/extens\u00e3o\/pesquisa, ancorada <a href=\"https:\/\/www.cchla.ufpb.br\/gpsmdq\/cursos-de-extensao\/\" class=\"more-link\">Read more [...]<\/a>","protected":false},"excerpt":{"rendered":"<p>Os cursos de extens\u00e3o promovidos pelo Grupo de Pesquisa em Sa\u00fade Mental e Depend\u00eancia Qu\u00edmica da Universidade Federal da Para\u00edba s\u00e3o\u00a0a\u00e7\u00f5es pedag\u00f3gicas de car\u00e1ter te\u00f3rico cujo objetivo \u00e9 o compartilhamento [&hellip;]<\/p>\n","protected":false},"author":2,"featured_media":0,"parent":0,"menu_order":0,"comment_status":"closed","ping_status":"closed","template":"","meta":[],"yoast_head":"<!-- This site is optimized with the Yoast SEO plugin v20.6 - https:\/\/yoast.com\/wordpress\/plugins\/seo\/ -->\n<title>Cursos de extens\u00e3o - GRUPO DE PESQUISA EM SA\u00daDE MENTAL E DEPEND\u00caNCIA QU\u00cdMICA<\/title>\n<meta name=\"robots\" content=\"index, follow, max-snippet:-1, max-image-preview:large, max-video-preview:-1\" \/>\n<link rel=\"canonical\" href=\"https:\/\/www.cchla.ufpb.br\/gpsmdq\/cursos-de-extensao\/\" \/>\n<meta property=\"og:locale\" content=\"pt_BR\" \/>\n<meta property=\"og:type\" content=\"article\" \/>\n<meta property=\"og:title\" content=\"Cursos de extens\u00e3o - GRUPO DE PESQUISA EM SA\u00daDE MENTAL E DEPEND\u00caNCIA QU\u00cdMICA\" \/>\n<meta property=\"og:description\" content=\"Os cursos de extens\u00e3o promovidos pelo Grupo de Pesquisa em Sa\u00fade Mental e Depend\u00eancia Qu\u00edmica da Universidade Federal da Para\u00edba s\u00e3o\u00a0a\u00e7\u00f5es pedag\u00f3gicas de car\u00e1ter te\u00f3rico cujo objetivo \u00e9 o compartilhamento [&hellip;]\" \/>\n<meta property=\"og:url\" content=\"https:\/\/www.cchla.ufpb.br\/gpsmdq\/cursos-de-extensao\/\" \/>\n<meta property=\"og:site_name\" content=\"GRUPO DE PESQUISA EM SA\u00daDE MENTAL E DEPEND\u00caNCIA QU\u00cdMICA\" \/>\n<meta property=\"article:modified_time\" content=\"2022-01-28T17:08:02+00:00\" \/>\n<meta name=\"twitter:card\" content=\"summary_large_image\" \/>\n<meta name=\"twitter:label1\" content=\"Est. tempo de leitura\" \/>\n\t<meta name=\"twitter:data1\" content=\"2 minutos\" \/>\n<script type=\"application\/ld+json\" class=\"yoast-schema-graph\">{\"@context\":\"https:\/\/schema.org\",\"@graph\":[{\"@type\":\"WebPage\",\"@id\":\"https:\/\/www.cchla.ufpb.br\/gpsmdq\/cursos-de-extensao\/\",\"url\":\"https:\/\/www.cchla.ufpb.br\/gpsmdq\/cursos-de-extensao\/\",\"name\":\"Cursos de extens\u00e3o - GRUPO DE PESQUISA EM SA\u00daDE MENTAL E DEPEND\u00caNCIA QU\u00cdMICA\",\"isPartOf\":{\"@id\":\"https:\/\/www.cchla.ufpb.br\/gpsmdq\/#website\"},\"datePublished\":\"2021-07-27T13:06:19+00:00\",\"dateModified\":\"2022-01-28T17:08:02+00:00\",\"breadcrumb\":{\"@id\":\"https:\/\/www.cchla.ufpb.br\/gpsmdq\/cursos-de-extensao\/#breadcrumb\"},\"inLanguage\":\"pt-BR\",\"potentialAction\":[{\"@type\":\"ReadAction\",\"target\":[\"https:\/\/www.cchla.ufpb.br\/gpsmdq\/cursos-de-extensao\/\"]}]},{\"@type\":\"BreadcrumbList\",\"@id\":\"https:\/\/www.cchla.ufpb.br\/gpsmdq\/cursos-de-extensao\/#breadcrumb\",\"itemListElement\":[{\"@type\":\"ListItem\",\"position\":1,\"name\":\"In\u00edcio\",\"item\":\"https:\/\/www.cchla.ufpb.br\/gpsmdq\/\"},{\"@type\":\"ListItem\",\"position\":2,\"name\":\"Cursos de extens\u00e3o\"}]},{\"@type\":\"WebSite\",\"@id\":\"https:\/\/www.cchla.ufpb.br\/gpsmdq\/#website\",\"url\":\"https:\/\/www.cchla.ufpb.br\/gpsmdq\/\",\"name\":\"GRUPO DE PESQUISA EM SA\u00daDE MENTAL E DEPEND\u00caNCIA QU\u00cdMICA\",\"description\":\"(GPSMDQ)\",\"potentialAction\":[{\"@type\":\"SearchAction\",\"target\":{\"@type\":\"EntryPoint\",\"urlTemplate\":\"https:\/\/www.cchla.ufpb.br\/gpsmdq\/?s={search_term_string}\"},\"query-input\":\"required name=search_term_string\"}],\"inLanguage\":\"pt-BR\"}]}<\/script>\n<!-- \/ Yoast SEO plugin. -->","yoast_head_json":{"title":"Cursos de extens\u00e3o - GRUPO DE PESQUISA EM SA\u00daDE MENTAL E DEPEND\u00caNCIA QU\u00cdMICA","robots":{"index":"index","follow":"follow","max-snippet":"max-snippet:-1","max-image-preview":"max-image-preview:large","max-video-preview":"max-video-preview:-1"},"canonical":"https:\/\/www.cchla.ufpb.br\/gpsmdq\/cursos-de-extensao\/","og_locale":"pt_BR","og_type":"article","og_title":"Cursos de extens\u00e3o - GRUPO DE PESQUISA EM SA\u00daDE MENTAL E DEPEND\u00caNCIA QU\u00cdMICA","og_description":"Os cursos de extens\u00e3o promovidos pelo Grupo de Pesquisa em Sa\u00fade Mental e Depend\u00eancia Qu\u00edmica da Universidade Federal da Para\u00edba s\u00e3o\u00a0a\u00e7\u00f5es pedag\u00f3gicas de car\u00e1ter te\u00f3rico cujo objetivo \u00e9 o compartilhamento [&hellip;]","og_url":"https:\/\/www.cchla.ufpb.br\/gpsmdq\/cursos-de-extensao\/","og_site_name":"GRUPO DE PESQUISA EM SA\u00daDE MENTAL E DEPEND\u00caNCIA QU\u00cdMICA","article_modified_time":"2022-01-28T17:08:02+00:00","twitter_card":"summary_large_image","twitter_misc":{"Est. tempo de leitura":"2 minutos"},"schema":{"@context":"https:\/\/schema.org","@graph":[{"@type":"WebPage","@id":"https:\/\/www.cchla.ufpb.br\/gpsmdq\/cursos-de-extensao\/","url":"https:\/\/www.cchla.ufpb.br\/gpsmdq\/cursos-de-extensao\/","name":"Cursos de extens\u00e3o - GRUPO DE PESQUISA EM SA\u00daDE MENTAL E DEPEND\u00caNCIA QU\u00cdMICA","isPartOf":{"@id":"https:\/\/www.cchla.ufpb.br\/gpsmdq\/#website"},"datePublished":"2021-07-27T13:06:19+00:00","dateModified":"2022-01-28T17:08:02+00:00","breadcrumb":{"@id":"https:\/\/www.cchla.ufpb.br\/gpsmdq\/cursos-de-extensao\/#breadcrumb"},"inLanguage":"pt-BR","potentialAction":[{"@type":"ReadAction","target":["https:\/\/www.cchla.ufpb.br\/gpsmdq\/cursos-de-extensao\/"]}]},{"@type":"BreadcrumbList","@id":"https:\/\/www.cchla.ufpb.br\/gpsmdq\/cursos-de-extensao\/#breadcrumb","itemListElement":[{"@type":"ListItem","position":1,"name":"In\u00edcio","item":"https:\/\/www.cchla.ufpb.br\/gpsmdq\/"},{"@type":"ListItem","position":2,"name":"Cursos de extens\u00e3o"}]},{"@type":"WebSite","@id":"https:\/\/www.cchla.ufpb.br\/gpsmdq\/#website","url":"https:\/\/www.cchla.ufpb.br\/gpsmdq\/","name":"GRUPO DE PESQUISA EM SA\u00daDE MENTAL E DEPEND\u00caNCIA QU\u00cdMICA","description":"(GPSMDQ)","potentialAction":[{"@type":"SearchAction","target":{"@type":"EntryPoint","urlTemplate":"https:\/\/www.cchla.ufpb.br\/gpsmdq\/?s={search_term_string}"},"query-input":"required name=search_term_string"}],"inLanguage":"pt-BR"}]}},"_links":{"self":[{"href":"https:\/\/www.cchla.ufpb.br\/gpsmdq\/wp-json\/wp\/v2\/pages\/1019"}],"collection":[{"href":"https:\/\/www.cchla.ufpb.br\/gpsmdq\/wp-json\/wp\/v2\/pages"}],"about":[{"href":"https:\/\/www.cchla.ufpb.br\/gpsmdq\/wp-json\/wp\/v2\/types\/page"}],"author":[{"embeddable":true,"href":"https:\/\/www.cchla.ufpb.br\/gpsmdq\/wp-json\/wp\/v2\/users\/2"}],"replies":[{"embeddable":true,"href":"https:\/\/www.cchla.ufpb.br\/gpsmdq\/wp-json\/wp\/v2\/comments?post=1019"}],"version-history":[{"count":13,"href":"https:\/\/www.cchla.ufpb.br\/gpsmdq\/wp-json\/wp\/v2\/pages\/1019\/revisions"}],"predecessor-version":[{"id":1022,"href":"https:\/\/www.cchla.ufpb.br\/gpsmdq\/wp-json\/wp\/v2\/pages\/1019\/revisions\/1022"}],"wp:attachment":[{"href":"https:\/\/www.cchla.ufpb.br\/gpsmdq\/wp-json\/wp\/v2\/media?parent=1019"}],"curies":[{"name":"wp","href":"https:\/\/api.w.org\/{rel}","templated":true}]}}