{"id":217,"date":"2018-07-17T09:58:59","date_gmt":"2018-07-17T12:58:59","guid":{"rendered":"http:\/\/www.cchla.ufpb.br\/gpsmdq\/?page_id=217"},"modified":"2019-05-26T22:36:23","modified_gmt":"2019-05-27T01:36:23","slug":"grape","status":"publish","type":"page","link":"https:\/\/www.cchla.ufpb.br\/gpsmdq\/grape\/","title":{"rendered":"GRAPE"},"content":{"rendered":"\r\n\r\n&nbsp;\r\n\r\nO GRAPE - Grupo de Acolhimento Psicol\u00f3gico ao Estudante \u00e9 uma das atividades promovidas pela\u00a0Extens\u00e3o\u00a0\"Sa\u00fade Mental Estudantil: Promo\u00e7\u00e3o \u00e0 Sa\u00fade e Qualidade de Vida\". Trata-se de um Grupo que oferece atendimentos de escuta e grupos terap\u00eauticos, acolhendo assim os estudantes da UFPB.\u00a0O grupo trabalha numa perspectiva preventiva da Sa\u00fade Mental Estudantil. O plant\u00e3o de acolhimento ocorre todas as Quintas a partir das 13h na cl\u00ednica-escola de Psicologia da UFPB.\r\n\r\n&nbsp;\r\n\r\n <a href=\"https:\/\/www.cchla.ufpb.br\/gpsmdq\/grape\/\" class=\"more-link\">Read more [...]<\/a>","protected":false},"excerpt":{"rendered":"<p>&nbsp; O GRAPE &#8211; Grupo de Acolhimento Psicol\u00f3gico ao Estudante \u00e9 uma das atividades promovidas pela\u00a0Extens\u00e3o\u00a0&#8220;Sa\u00fade Mental Estudantil: Promo\u00e7\u00e3o \u00e0 Sa\u00fade e Qualidade de Vida&#8221;. Trata-se de um Grupo que [&hellip;]<\/p>\n","protected":false},"author":2,"featured_media":0,"parent":0,"menu_order":0,"comment_status":"closed","ping_status":"closed","template":"","meta":[],"yoast_head":"<!-- This site is optimized with the Yoast SEO plugin v20.6 - https:\/\/yoast.com\/wordpress\/plugins\/seo\/ -->\n<title>GRAPE - GRUPO DE PESQUISA EM SA\u00daDE MENTAL E DEPEND\u00caNCIA QU\u00cdMICA<\/title>\n<meta name=\"robots\" content=\"index, follow, max-snippet:-1, max-image-preview:large, max-video-preview:-1\" \/>\n<link rel=\"canonical\" href=\"https:\/\/www.cchla.ufpb.br\/gpsmdq\/grape\/\" \/>\n<meta property=\"og:locale\" content=\"pt_BR\" \/>\n<meta property=\"og:type\" content=\"article\" \/>\n<meta property=\"og:title\" content=\"GRAPE - GRUPO DE PESQUISA EM SA\u00daDE MENTAL E DEPEND\u00caNCIA QU\u00cdMICA\" \/>\n<meta property=\"og:description\" content=\"&nbsp; O GRAPE - Grupo de Acolhimento Psicol\u00f3gico ao Estudante \u00e9 uma das atividades promovidas pela\u00a0Extens\u00e3o\u00a0&quot;Sa\u00fade Mental Estudantil: Promo\u00e7\u00e3o \u00e0 Sa\u00fade e Qualidade de Vida&quot;. Trata-se de um Grupo que [&hellip;]\" \/>\n<meta property=\"og:url\" content=\"https:\/\/www.cchla.ufpb.br\/gpsmdq\/grape\/\" \/>\n<meta property=\"og:site_name\" content=\"GRUPO DE PESQUISA EM SA\u00daDE MENTAL E DEPEND\u00caNCIA QU\u00cdMICA\" \/>\n<meta property=\"article:modified_time\" content=\"2019-05-27T01:36:23+00:00\" \/>\n<meta property=\"og:image\" content=\"http:\/\/www.cchla.ufpb.br\/gpsmdq\/wp-content\/uploads\/2018\/07\/Slide2-1-1.png\" \/>\n<meta name=\"twitter:card\" content=\"summary_large_image\" \/>\n<script type=\"application\/ld+json\" class=\"yoast-schema-graph\">{\"@context\":\"https:\/\/schema.org\",\"@graph\":[{\"@type\":\"WebPage\",\"@id\":\"https:\/\/www.cchla.ufpb.br\/gpsmdq\/grape\/\",\"url\":\"https:\/\/www.cchla.ufpb.br\/gpsmdq\/grape\/\",\"name\":\"GRAPE - GRUPO DE PESQUISA EM SA\u00daDE MENTAL E DEPEND\u00caNCIA QU\u00cdMICA\",\"isPartOf\":{\"@id\":\"https:\/\/www.cchla.ufpb.br\/gpsmdq\/#website\"},\"datePublished\":\"2018-07-17T12:58:59+00:00\",\"dateModified\":\"2019-05-27T01:36:23+00:00\",\"breadcrumb\":{\"@id\":\"https:\/\/www.cchla.ufpb.br\/gpsmdq\/grape\/#breadcrumb\"},\"inLanguage\":\"pt-BR\",\"potentialAction\":[{\"@type\":\"ReadAction\",\"target\":[\"https:\/\/www.cchla.ufpb.br\/gpsmdq\/grape\/\"]}]},{\"@type\":\"BreadcrumbList\",\"@id\":\"https:\/\/www.cchla.ufpb.br\/gpsmdq\/grape\/#breadcrumb\",\"itemListElement\":[{\"@type\":\"ListItem\",\"position\":1,\"name\":\"In\u00edcio\",\"item\":\"https:\/\/www.cchla.ufpb.br\/gpsmdq\/\"},{\"@type\":\"ListItem\",\"position\":2,\"name\":\"GRAPE\"}]},{\"@type\":\"WebSite\",\"@id\":\"https:\/\/www.cchla.ufpb.br\/gpsmdq\/#website\",\"url\":\"https:\/\/www.cchla.ufpb.br\/gpsmdq\/\",\"name\":\"GRUPO DE PESQUISA EM SA\u00daDE MENTAL E DEPEND\u00caNCIA QU\u00cdMICA\",\"description\":\"(GPSMDQ)\",\"potentialAction\":[{\"@type\":\"SearchAction\",\"target\":{\"@type\":\"EntryPoint\",\"urlTemplate\":\"https:\/\/www.cchla.ufpb.br\/gpsmdq\/?s={search_term_string}\"},\"query-input\":\"required name=search_term_string\"}],\"inLanguage\":\"pt-BR\"}]}<\/script>\n<!-- \/ Yoast SEO plugin. -->","yoast_head_json":{"title":"GRAPE - GRUPO DE PESQUISA EM SA\u00daDE MENTAL E DEPEND\u00caNCIA QU\u00cdMICA","robots":{"index":"index","follow":"follow","max-snippet":"max-snippet:-1","max-image-preview":"max-image-preview:large","max-video-preview":"max-video-preview:-1"},"canonical":"https:\/\/www.cchla.ufpb.br\/gpsmdq\/grape\/","og_locale":"pt_BR","og_type":"article","og_title":"GRAPE - GRUPO DE PESQUISA EM SA\u00daDE MENTAL E DEPEND\u00caNCIA QU\u00cdMICA","og_description":"&nbsp; O GRAPE - Grupo de Acolhimento Psicol\u00f3gico ao Estudante \u00e9 uma das atividades promovidas pela\u00a0Extens\u00e3o\u00a0\"Sa\u00fade Mental Estudantil: Promo\u00e7\u00e3o \u00e0 Sa\u00fade e Qualidade de Vida\". Trata-se de um Grupo que [&hellip;]","og_url":"https:\/\/www.cchla.ufpb.br\/gpsmdq\/grape\/","og_site_name":"GRUPO DE PESQUISA EM SA\u00daDE MENTAL E DEPEND\u00caNCIA QU\u00cdMICA","article_modified_time":"2019-05-27T01:36:23+00:00","og_image":[{"url":"http:\/\/www.cchla.ufpb.br\/gpsmdq\/wp-content\/uploads\/2018\/07\/Slide2-1-1.png"}],"twitter_card":"summary_large_image","schema":{"@context":"https:\/\/schema.org","@graph":[{"@type":"WebPage","@id":"https:\/\/www.cchla.ufpb.br\/gpsmdq\/grape\/","url":"https:\/\/www.cchla.ufpb.br\/gpsmdq\/grape\/","name":"GRAPE - GRUPO DE PESQUISA EM SA\u00daDE MENTAL E DEPEND\u00caNCIA QU\u00cdMICA","isPartOf":{"@id":"https:\/\/www.cchla.ufpb.br\/gpsmdq\/#website"},"datePublished":"2018-07-17T12:58:59+00:00","dateModified":"2019-05-27T01:36:23+00:00","breadcrumb":{"@id":"https:\/\/www.cchla.ufpb.br\/gpsmdq\/grape\/#breadcrumb"},"inLanguage":"pt-BR","potentialAction":[{"@type":"ReadAction","target":["https:\/\/www.cchla.ufpb.br\/gpsmdq\/grape\/"]}]},{"@type":"BreadcrumbList","@id":"https:\/\/www.cchla.ufpb.br\/gpsmdq\/grape\/#breadcrumb","itemListElement":[{"@type":"ListItem","position":1,"name":"In\u00edcio","item":"https:\/\/www.cchla.ufpb.br\/gpsmdq\/"},{"@type":"ListItem","position":2,"name":"GRAPE"}]},{"@type":"WebSite","@id":"https:\/\/www.cchla.ufpb.br\/gpsmdq\/#website","url":"https:\/\/www.cchla.ufpb.br\/gpsmdq\/","name":"GRUPO DE PESQUISA EM SA\u00daDE MENTAL E DEPEND\u00caNCIA QU\u00cdMICA","description":"(GPSMDQ)","potentialAction":[{"@type":"SearchAction","target":{"@type":"EntryPoint","urlTemplate":"https:\/\/www.cchla.ufpb.br\/gpsmdq\/?s={search_term_string}"},"query-input":"required name=search_term_string"}],"inLanguage":"pt-BR"}]}},"_links":{"self":[{"href":"https:\/\/www.cchla.ufpb.br\/gpsmdq\/wp-json\/wp\/v2\/pages\/217"}],"collection":[{"href":"https:\/\/www.cchla.ufpb.br\/gpsmdq\/wp-json\/wp\/v2\/pages"}],"about":[{"href":"https:\/\/www.cchla.ufpb.br\/gpsmdq\/wp-json\/wp\/v2\/types\/page"}],"author":[{"embeddable":true,"href":"https:\/\/www.cchla.ufpb.br\/gpsmdq\/wp-json\/wp\/v2\/users\/2"}],"replies":[{"embeddable":true,"href":"https:\/\/www.cchla.ufpb.br\/gpsmdq\/wp-json\/wp\/v2\/comments?post=217"}],"version-history":[{"count":8,"href":"https:\/\/www.cchla.ufpb.br\/gpsmdq\/wp-json\/wp\/v2\/pages\/217\/revisions"}],"predecessor-version":[{"id":430,"href":"https:\/\/www.cchla.ufpb.br\/gpsmdq\/wp-json\/wp\/v2\/pages\/217\/revisions\/430"}],"wp:attachment":[{"href":"https:\/\/www.cchla.ufpb.br\/gpsmdq\/wp-json\/wp\/v2\/media?parent=217"}],"curies":[{"name":"wp","href":"https:\/\/api.w.org\/{rel}","templated":true}]}}