{"id":290,"date":"2018-08-03T10:32:25","date_gmt":"2018-08-03T13:32:25","guid":{"rendered":"http:\/\/www.cchla.ufpb.br\/gpsmdq\/?page_id=290"},"modified":"2018-08-03T10:51:19","modified_gmt":"2018-08-03T13:51:19","slug":"gpsmdq","status":"publish","type":"page","link":"https:\/\/www.cchla.ufpb.br\/gpsmdq\/gpsmdq\/","title":{"rendered":"GPSMDQ"},"content":{"rendered":"O Grupo de Pesquisa em Sa\u00fade Mental e Depend\u00eancia Qu\u00edmica (GPSMDQ) foi fundado oficialmente no ano de 2011 a partir das aspira\u00e7\u00f5es da idealizadora, e atual Coordenadora, Professora Doutora Silvana Carneiro Maciel. Antes da oficializa\u00e7\u00e3o, as reuni\u00f5es, iniciadas em 2009, ocorriam nas salas de aulas com cerca de 5 alunos de gradua\u00e7\u00e3o.\r\n\r\nO grupo, que come\u00e7ou t\u00e3o pequeno, em pouco tempo foi tomando forma, ganhando espa\u00e7o e agregando mais estudantes de gradua\u00e7\u00e3o e, posteriormente, de p\u00f3s-gradua\u00e7\u00e3o. <a href=\"https:\/\/www.cchla.ufpb.br\/gpsmdq\/gpsmdq\/\" class=\"more-link\">Read more [...]<\/a>","protected":false},"excerpt":{"rendered":"<p>O Grupo de Pesquisa em Sa\u00fade Mental e Depend\u00eancia Qu\u00edmica (GPSMDQ) foi fundado oficialmente no ano de 2011 a partir das aspira\u00e7\u00f5es da idealizadora, e atual Coordenadora, Professora Doutora Silvana [&hellip;]<\/p>\n","protected":false},"author":2,"featured_media":0,"parent":0,"menu_order":0,"comment_status":"closed","ping_status":"closed","template":"","meta":[],"yoast_head":"<!-- This site is optimized with the Yoast SEO plugin v20.6 - https:\/\/yoast.com\/wordpress\/plugins\/seo\/ -->\n<title>GPSMDQ - GRUPO DE PESQUISA EM SA\u00daDE MENTAL E DEPEND\u00caNCIA QU\u00cdMICA<\/title>\n<meta name=\"robots\" content=\"index, follow, max-snippet:-1, max-image-preview:large, max-video-preview:-1\" \/>\n<link rel=\"canonical\" href=\"https:\/\/www.cchla.ufpb.br\/gpsmdq\/gpsmdq\/\" \/>\n<meta property=\"og:locale\" content=\"pt_BR\" \/>\n<meta property=\"og:type\" content=\"article\" \/>\n<meta property=\"og:title\" content=\"GPSMDQ - GRUPO DE PESQUISA EM SA\u00daDE MENTAL E DEPEND\u00caNCIA QU\u00cdMICA\" \/>\n<meta property=\"og:description\" content=\"O Grupo de Pesquisa em Sa\u00fade Mental e Depend\u00eancia Qu\u00edmica (GPSMDQ) foi fundado oficialmente no ano de 2011 a partir das aspira\u00e7\u00f5es da idealizadora, e atual Coordenadora, Professora Doutora Silvana [&hellip;]\" \/>\n<meta property=\"og:url\" content=\"https:\/\/www.cchla.ufpb.br\/gpsmdq\/gpsmdq\/\" \/>\n<meta property=\"og:site_name\" content=\"GRUPO DE PESQUISA EM SA\u00daDE MENTAL E DEPEND\u00caNCIA QU\u00cdMICA\" \/>\n<meta property=\"article:modified_time\" content=\"2018-08-03T13:51:19+00:00\" \/>\n<meta name=\"twitter:card\" content=\"summary_large_image\" \/>\n<meta name=\"twitter:label1\" content=\"Est. tempo de leitura\" \/>\n\t<meta name=\"twitter:data1\" content=\"2 minutos\" \/>\n<script type=\"application\/ld+json\" class=\"yoast-schema-graph\">{\"@context\":\"https:\/\/schema.org\",\"@graph\":[{\"@type\":\"WebPage\",\"@id\":\"https:\/\/www.cchla.ufpb.br\/gpsmdq\/gpsmdq\/\",\"url\":\"https:\/\/www.cchla.ufpb.br\/gpsmdq\/gpsmdq\/\",\"name\":\"GPSMDQ - GRUPO DE PESQUISA EM SA\u00daDE MENTAL E DEPEND\u00caNCIA QU\u00cdMICA\",\"isPartOf\":{\"@id\":\"https:\/\/www.cchla.ufpb.br\/gpsmdq\/#website\"},\"datePublished\":\"2018-08-03T13:32:25+00:00\",\"dateModified\":\"2018-08-03T13:51:19+00:00\",\"breadcrumb\":{\"@id\":\"https:\/\/www.cchla.ufpb.br\/gpsmdq\/gpsmdq\/#breadcrumb\"},\"inLanguage\":\"pt-BR\",\"potentialAction\":[{\"@type\":\"ReadAction\",\"target\":[\"https:\/\/www.cchla.ufpb.br\/gpsmdq\/gpsmdq\/\"]}]},{\"@type\":\"BreadcrumbList\",\"@id\":\"https:\/\/www.cchla.ufpb.br\/gpsmdq\/gpsmdq\/#breadcrumb\",\"itemListElement\":[{\"@type\":\"ListItem\",\"position\":1,\"name\":\"In\u00edcio\",\"item\":\"https:\/\/www.cchla.ufpb.br\/gpsmdq\/\"},{\"@type\":\"ListItem\",\"position\":2,\"name\":\"GPSMDQ\"}]},{\"@type\":\"WebSite\",\"@id\":\"https:\/\/www.cchla.ufpb.br\/gpsmdq\/#website\",\"url\":\"https:\/\/www.cchla.ufpb.br\/gpsmdq\/\",\"name\":\"GRUPO DE PESQUISA EM SA\u00daDE MENTAL E DEPEND\u00caNCIA QU\u00cdMICA\",\"description\":\"(GPSMDQ)\",\"potentialAction\":[{\"@type\":\"SearchAction\",\"target\":{\"@type\":\"EntryPoint\",\"urlTemplate\":\"https:\/\/www.cchla.ufpb.br\/gpsmdq\/?s={search_term_string}\"},\"query-input\":\"required name=search_term_string\"}],\"inLanguage\":\"pt-BR\"}]}<\/script>\n<!-- \/ Yoast SEO plugin. -->","yoast_head_json":{"title":"GPSMDQ - GRUPO DE PESQUISA EM SA\u00daDE MENTAL E DEPEND\u00caNCIA QU\u00cdMICA","robots":{"index":"index","follow":"follow","max-snippet":"max-snippet:-1","max-image-preview":"max-image-preview:large","max-video-preview":"max-video-preview:-1"},"canonical":"https:\/\/www.cchla.ufpb.br\/gpsmdq\/gpsmdq\/","og_locale":"pt_BR","og_type":"article","og_title":"GPSMDQ - GRUPO DE PESQUISA EM SA\u00daDE MENTAL E DEPEND\u00caNCIA QU\u00cdMICA","og_description":"O Grupo de Pesquisa em Sa\u00fade Mental e Depend\u00eancia Qu\u00edmica (GPSMDQ) foi fundado oficialmente no ano de 2011 a partir das aspira\u00e7\u00f5es da idealizadora, e atual Coordenadora, Professora Doutora Silvana [&hellip;]","og_url":"https:\/\/www.cchla.ufpb.br\/gpsmdq\/gpsmdq\/","og_site_name":"GRUPO DE PESQUISA EM SA\u00daDE MENTAL E DEPEND\u00caNCIA QU\u00cdMICA","article_modified_time":"2018-08-03T13:51:19+00:00","twitter_card":"summary_large_image","twitter_misc":{"Est. tempo de leitura":"2 minutos"},"schema":{"@context":"https:\/\/schema.org","@graph":[{"@type":"WebPage","@id":"https:\/\/www.cchla.ufpb.br\/gpsmdq\/gpsmdq\/","url":"https:\/\/www.cchla.ufpb.br\/gpsmdq\/gpsmdq\/","name":"GPSMDQ - GRUPO DE PESQUISA EM SA\u00daDE MENTAL E DEPEND\u00caNCIA QU\u00cdMICA","isPartOf":{"@id":"https:\/\/www.cchla.ufpb.br\/gpsmdq\/#website"},"datePublished":"2018-08-03T13:32:25+00:00","dateModified":"2018-08-03T13:51:19+00:00","breadcrumb":{"@id":"https:\/\/www.cchla.ufpb.br\/gpsmdq\/gpsmdq\/#breadcrumb"},"inLanguage":"pt-BR","potentialAction":[{"@type":"ReadAction","target":["https:\/\/www.cchla.ufpb.br\/gpsmdq\/gpsmdq\/"]}]},{"@type":"BreadcrumbList","@id":"https:\/\/www.cchla.ufpb.br\/gpsmdq\/gpsmdq\/#breadcrumb","itemListElement":[{"@type":"ListItem","position":1,"name":"In\u00edcio","item":"https:\/\/www.cchla.ufpb.br\/gpsmdq\/"},{"@type":"ListItem","position":2,"name":"GPSMDQ"}]},{"@type":"WebSite","@id":"https:\/\/www.cchla.ufpb.br\/gpsmdq\/#website","url":"https:\/\/www.cchla.ufpb.br\/gpsmdq\/","name":"GRUPO DE PESQUISA EM SA\u00daDE MENTAL E DEPEND\u00caNCIA QU\u00cdMICA","description":"(GPSMDQ)","potentialAction":[{"@type":"SearchAction","target":{"@type":"EntryPoint","urlTemplate":"https:\/\/www.cchla.ufpb.br\/gpsmdq\/?s={search_term_string}"},"query-input":"required name=search_term_string"}],"inLanguage":"pt-BR"}]}},"_links":{"self":[{"href":"https:\/\/www.cchla.ufpb.br\/gpsmdq\/wp-json\/wp\/v2\/pages\/290"}],"collection":[{"href":"https:\/\/www.cchla.ufpb.br\/gpsmdq\/wp-json\/wp\/v2\/pages"}],"about":[{"href":"https:\/\/www.cchla.ufpb.br\/gpsmdq\/wp-json\/wp\/v2\/types\/page"}],"author":[{"embeddable":true,"href":"https:\/\/www.cchla.ufpb.br\/gpsmdq\/wp-json\/wp\/v2\/users\/2"}],"replies":[{"embeddable":true,"href":"https:\/\/www.cchla.ufpb.br\/gpsmdq\/wp-json\/wp\/v2\/comments?post=290"}],"version-history":[{"count":2,"href":"https:\/\/www.cchla.ufpb.br\/gpsmdq\/wp-json\/wp\/v2\/pages\/290\/revisions"}],"predecessor-version":[{"id":307,"href":"https:\/\/www.cchla.ufpb.br\/gpsmdq\/wp-json\/wp\/v2\/pages\/290\/revisions\/307"}],"wp:attachment":[{"href":"https:\/\/www.cchla.ufpb.br\/gpsmdq\/wp-json\/wp\/v2\/media?parent=290"}],"curies":[{"name":"wp","href":"https:\/\/api.w.org\/{rel}","templated":true}]}}