{"id":295,"date":"2018-08-03T10:36:48","date_gmt":"2018-08-03T13:36:48","guid":{"rendered":"http:\/\/www.cchla.ufpb.br\/gpsmdq\/?page_id=295"},"modified":"2019-11-27T11:09:53","modified_gmt":"2019-11-27T14:09:53","slug":"cbsmdq","status":"publish","type":"page","link":"https:\/\/www.cchla.ufpb.br\/gpsmdq\/cbsmdq\/","title":{"rendered":"V CBSMDQ"},"content":{"rendered":"\r\n\r\nO \u201cCongresso Brasileiro sobre Sa\u00fade Mental e Depend\u00eancia Qu\u00edmica\u201d teve sua primeira edi\u00e7\u00e3o no ano de 2013, seguido dos anos 2014, 2015 e 2017. Foi proposto pelo \u201cGrupo de Pesquisa em Sa\u00fade Mental e Depend\u00eancia Qu\u00edmica\u201d, coordenado pela Professora Doutora Silvana Carneiro Maciel, que objetivava possibilitar discuss\u00f5es e constru\u00e7\u00f5es de conhecimento na \u00e1rea. A primeira edi\u00e7\u00e3o contou com participantes de Norte a Sul do pa\u00eds, fato observado em todas as seguintes edi\u00e7\u00f5es. A <a href=\"https:\/\/www.cchla.ufpb.br\/gpsmdq\/cbsmdq\/\" class=\"more-link\">Read more [...]<\/a>","protected":false},"excerpt":{"rendered":"<p>O \u201cCongresso Brasileiro sobre Sa\u00fade Mental e Depend\u00eancia Qu\u00edmica\u201d teve sua primeira edi\u00e7\u00e3o no ano de 2013, seguido dos anos 2014, 2015 e 2017. Foi proposto pelo \u201cGrupo de Pesquisa [&hellip;]<\/p>\n","protected":false},"author":2,"featured_media":0,"parent":0,"menu_order":0,"comment_status":"closed","ping_status":"closed","template":"","meta":[],"yoast_head":"<!-- This site is optimized with the Yoast SEO plugin v20.6 - https:\/\/yoast.com\/wordpress\/plugins\/seo\/ -->\n<title>V CBSMDQ - GRUPO DE PESQUISA EM SA\u00daDE MENTAL E DEPEND\u00caNCIA QU\u00cdMICA<\/title>\n<meta name=\"robots\" content=\"index, follow, max-snippet:-1, max-image-preview:large, max-video-preview:-1\" \/>\n<link rel=\"canonical\" href=\"https:\/\/www.cchla.ufpb.br\/gpsmdq\/cbsmdq\/\" \/>\n<meta property=\"og:locale\" content=\"pt_BR\" \/>\n<meta property=\"og:type\" content=\"article\" \/>\n<meta property=\"og:title\" content=\"V CBSMDQ - GRUPO DE PESQUISA EM SA\u00daDE MENTAL E DEPEND\u00caNCIA QU\u00cdMICA\" \/>\n<meta property=\"og:description\" content=\"O \u201cCongresso Brasileiro sobre Sa\u00fade Mental e Depend\u00eancia Qu\u00edmica\u201d teve sua primeira edi\u00e7\u00e3o no ano de 2013, seguido dos anos 2014, 2015 e 2017. Foi proposto pelo \u201cGrupo de Pesquisa [&hellip;]\" \/>\n<meta property=\"og:url\" content=\"https:\/\/www.cchla.ufpb.br\/gpsmdq\/cbsmdq\/\" \/>\n<meta property=\"og:site_name\" content=\"GRUPO DE PESQUISA EM SA\u00daDE MENTAL E DEPEND\u00caNCIA QU\u00cdMICA\" \/>\n<meta property=\"article:modified_time\" content=\"2019-11-27T14:09:53+00:00\" \/>\n<meta property=\"og:image\" content=\"http:\/\/www.cchla.ufpb.br\/gpsmdq\/wp-content\/uploads\/2019\/08\/logo-com-email-2.png\" \/>\n<meta name=\"twitter:card\" content=\"summary_large_image\" \/>\n<meta name=\"twitter:label1\" content=\"Est. tempo de leitura\" \/>\n\t<meta name=\"twitter:data1\" content=\"1 minuto\" \/>\n<script type=\"application\/ld+json\" class=\"yoast-schema-graph\">{\"@context\":\"https:\/\/schema.org\",\"@graph\":[{\"@type\":\"WebPage\",\"@id\":\"https:\/\/www.cchla.ufpb.br\/gpsmdq\/cbsmdq\/\",\"url\":\"https:\/\/www.cchla.ufpb.br\/gpsmdq\/cbsmdq\/\",\"name\":\"V CBSMDQ - GRUPO DE PESQUISA EM SA\u00daDE MENTAL E DEPEND\u00caNCIA QU\u00cdMICA\",\"isPartOf\":{\"@id\":\"https:\/\/www.cchla.ufpb.br\/gpsmdq\/#website\"},\"datePublished\":\"2018-08-03T13:36:48+00:00\",\"dateModified\":\"2019-11-27T14:09:53+00:00\",\"breadcrumb\":{\"@id\":\"https:\/\/www.cchla.ufpb.br\/gpsmdq\/cbsmdq\/#breadcrumb\"},\"inLanguage\":\"pt-BR\",\"potentialAction\":[{\"@type\":\"ReadAction\",\"target\":[\"https:\/\/www.cchla.ufpb.br\/gpsmdq\/cbsmdq\/\"]}]},{\"@type\":\"BreadcrumbList\",\"@id\":\"https:\/\/www.cchla.ufpb.br\/gpsmdq\/cbsmdq\/#breadcrumb\",\"itemListElement\":[{\"@type\":\"ListItem\",\"position\":1,\"name\":\"In\u00edcio\",\"item\":\"https:\/\/www.cchla.ufpb.br\/gpsmdq\/\"},{\"@type\":\"ListItem\",\"position\":2,\"name\":\"V CBSMDQ\"}]},{\"@type\":\"WebSite\",\"@id\":\"https:\/\/www.cchla.ufpb.br\/gpsmdq\/#website\",\"url\":\"https:\/\/www.cchla.ufpb.br\/gpsmdq\/\",\"name\":\"GRUPO DE PESQUISA EM SA\u00daDE MENTAL E DEPEND\u00caNCIA QU\u00cdMICA\",\"description\":\"(GPSMDQ)\",\"potentialAction\":[{\"@type\":\"SearchAction\",\"target\":{\"@type\":\"EntryPoint\",\"urlTemplate\":\"https:\/\/www.cchla.ufpb.br\/gpsmdq\/?s={search_term_string}\"},\"query-input\":\"required name=search_term_string\"}],\"inLanguage\":\"pt-BR\"}]}<\/script>\n<!-- \/ Yoast SEO plugin. -->","yoast_head_json":{"title":"V CBSMDQ - GRUPO DE PESQUISA EM SA\u00daDE MENTAL E DEPEND\u00caNCIA QU\u00cdMICA","robots":{"index":"index","follow":"follow","max-snippet":"max-snippet:-1","max-image-preview":"max-image-preview:large","max-video-preview":"max-video-preview:-1"},"canonical":"https:\/\/www.cchla.ufpb.br\/gpsmdq\/cbsmdq\/","og_locale":"pt_BR","og_type":"article","og_title":"V CBSMDQ - GRUPO DE PESQUISA EM SA\u00daDE MENTAL E DEPEND\u00caNCIA QU\u00cdMICA","og_description":"O \u201cCongresso Brasileiro sobre Sa\u00fade Mental e Depend\u00eancia Qu\u00edmica\u201d teve sua primeira edi\u00e7\u00e3o no ano de 2013, seguido dos anos 2014, 2015 e 2017. Foi proposto pelo \u201cGrupo de Pesquisa [&hellip;]","og_url":"https:\/\/www.cchla.ufpb.br\/gpsmdq\/cbsmdq\/","og_site_name":"GRUPO DE PESQUISA EM SA\u00daDE MENTAL E DEPEND\u00caNCIA QU\u00cdMICA","article_modified_time":"2019-11-27T14:09:53+00:00","og_image":[{"url":"http:\/\/www.cchla.ufpb.br\/gpsmdq\/wp-content\/uploads\/2019\/08\/logo-com-email-2.png"}],"twitter_card":"summary_large_image","twitter_misc":{"Est. tempo de leitura":"1 minuto"},"schema":{"@context":"https:\/\/schema.org","@graph":[{"@type":"WebPage","@id":"https:\/\/www.cchla.ufpb.br\/gpsmdq\/cbsmdq\/","url":"https:\/\/www.cchla.ufpb.br\/gpsmdq\/cbsmdq\/","name":"V CBSMDQ - GRUPO DE PESQUISA EM SA\u00daDE MENTAL E DEPEND\u00caNCIA QU\u00cdMICA","isPartOf":{"@id":"https:\/\/www.cchla.ufpb.br\/gpsmdq\/#website"},"datePublished":"2018-08-03T13:36:48+00:00","dateModified":"2019-11-27T14:09:53+00:00","breadcrumb":{"@id":"https:\/\/www.cchla.ufpb.br\/gpsmdq\/cbsmdq\/#breadcrumb"},"inLanguage":"pt-BR","potentialAction":[{"@type":"ReadAction","target":["https:\/\/www.cchla.ufpb.br\/gpsmdq\/cbsmdq\/"]}]},{"@type":"BreadcrumbList","@id":"https:\/\/www.cchla.ufpb.br\/gpsmdq\/cbsmdq\/#breadcrumb","itemListElement":[{"@type":"ListItem","position":1,"name":"In\u00edcio","item":"https:\/\/www.cchla.ufpb.br\/gpsmdq\/"},{"@type":"ListItem","position":2,"name":"V CBSMDQ"}]},{"@type":"WebSite","@id":"https:\/\/www.cchla.ufpb.br\/gpsmdq\/#website","url":"https:\/\/www.cchla.ufpb.br\/gpsmdq\/","name":"GRUPO DE PESQUISA EM SA\u00daDE MENTAL E DEPEND\u00caNCIA QU\u00cdMICA","description":"(GPSMDQ)","potentialAction":[{"@type":"SearchAction","target":{"@type":"EntryPoint","urlTemplate":"https:\/\/www.cchla.ufpb.br\/gpsmdq\/?s={search_term_string}"},"query-input":"required name=search_term_string"}],"inLanguage":"pt-BR"}]}},"_links":{"self":[{"href":"https:\/\/www.cchla.ufpb.br\/gpsmdq\/wp-json\/wp\/v2\/pages\/295"}],"collection":[{"href":"https:\/\/www.cchla.ufpb.br\/gpsmdq\/wp-json\/wp\/v2\/pages"}],"about":[{"href":"https:\/\/www.cchla.ufpb.br\/gpsmdq\/wp-json\/wp\/v2\/types\/page"}],"author":[{"embeddable":true,"href":"https:\/\/www.cchla.ufpb.br\/gpsmdq\/wp-json\/wp\/v2\/users\/2"}],"replies":[{"embeddable":true,"href":"https:\/\/www.cchla.ufpb.br\/gpsmdq\/wp-json\/wp\/v2\/comments?post=295"}],"version-history":[{"count":29,"href":"https:\/\/www.cchla.ufpb.br\/gpsmdq\/wp-json\/wp\/v2\/pages\/295\/revisions"}],"predecessor-version":[{"id":969,"href":"https:\/\/www.cchla.ufpb.br\/gpsmdq\/wp-json\/wp\/v2\/pages\/295\/revisions\/969"}],"wp:attachment":[{"href":"https:\/\/www.cchla.ufpb.br\/gpsmdq\/wp-json\/wp\/v2\/media?parent=295"}],"curies":[{"name":"wp","href":"https:\/\/api.w.org\/{rel}","templated":true}]}}