{"id":317,"date":"2018-08-28T09:55:54","date_gmt":"2018-08-28T12:55:54","guid":{"rendered":"http:\/\/www.cchla.ufpb.br\/gpsmdq\/?page_id=317"},"modified":"2022-09-14T09:47:23","modified_gmt":"2022-09-14T12:47:23","slug":"certificados","status":"publish","type":"page","link":"https:\/\/www.cchla.ufpb.br\/gpsmdq\/certificados\/","title":{"rendered":"CERTIFICADOS E ANAIS DE EVENTOS"},"content":{"rendered":"Cursos de extens\u00e3o 2021\nCERTIFICADOS DE PARTICIPANTES\nV Congresso Brasileiro Sobre Sa\u00fade Mental e Depend\u00eancia Qu\u00edmica\nCERTIFICADOS DE PREMIA\u00c7\u00c3O\n\nCERTIFICADOS DE PARTICIPA\u00c7\u00c3O\n\nCERTIFICADOS DE AVALIA\u00c7\u00c3O DE TRABALHOS\n\nMINICURSO 1\n\nMINICURSO 2\n\nMINICURSO 3A\n\nMINICURSO 3B\n\nMINICURSO 4\n\nMINICURSO 5\n\nAPRESENTA\u00c7\u00c3O ORAL\n\nAPRESENTA\u00c7\u00c3O P\u00d4STER\u00a0\n\nANAIS\n\nLan\u00e7amento do livro \"Sobre o Suic\u00eddio: A Psicoterapia Diante da Autodestrui\u00e7\u00e3o\"\nCERTIFICADOS OUVINTES\nI F\u00f3rum Sobre Sa\u00fade Mental Estudantil\nCERTIFICADOS <a href=\"https:\/\/www.cchla.ufpb.br\/gpsmdq\/certificados\/\" class=\"more-link\">Read more [...]<\/a>","protected":false},"excerpt":{"rendered":"<p>Cursos de extens\u00e3o 2021 CERTIFICADOS DE PARTICIPANTES V Congresso Brasileiro Sobre Sa\u00fade Mental e Depend\u00eancia Qu\u00edmica CERTIFICADOS DE PREMIA\u00c7\u00c3O CERTIFICADOS DE PARTICIPA\u00c7\u00c3O CERTIFICADOS DE AVALIA\u00c7\u00c3O DE TRABALHOS MINICURSO 1 MINICURSO [&hellip;]<\/p>\n","protected":false},"author":2,"featured_media":0,"parent":0,"menu_order":0,"comment_status":"closed","ping_status":"closed","template":"","meta":[],"yoast_head":"<!-- This site is optimized with the Yoast SEO plugin v20.6 - https:\/\/yoast.com\/wordpress\/plugins\/seo\/ -->\n<title>CERTIFICADOS E ANAIS DE EVENTOS - GRUPO DE PESQUISA EM SA\u00daDE MENTAL E DEPEND\u00caNCIA QU\u00cdMICA<\/title>\n<meta name=\"robots\" content=\"index, follow, max-snippet:-1, max-image-preview:large, max-video-preview:-1\" \/>\n<link rel=\"canonical\" href=\"https:\/\/www.cchla.ufpb.br\/gpsmdq\/certificados\/\" \/>\n<meta property=\"og:locale\" content=\"pt_BR\" \/>\n<meta property=\"og:type\" content=\"article\" \/>\n<meta property=\"og:title\" content=\"CERTIFICADOS E ANAIS DE EVENTOS - GRUPO DE PESQUISA EM SA\u00daDE MENTAL E DEPEND\u00caNCIA QU\u00cdMICA\" \/>\n<meta property=\"og:description\" content=\"Cursos de extens\u00e3o 2021 CERTIFICADOS DE PARTICIPANTES V Congresso Brasileiro Sobre Sa\u00fade Mental e Depend\u00eancia Qu\u00edmica CERTIFICADOS DE PREMIA\u00c7\u00c3O CERTIFICADOS DE PARTICIPA\u00c7\u00c3O CERTIFICADOS DE AVALIA\u00c7\u00c3O DE TRABALHOS MINICURSO 1 MINICURSO [&hellip;]\" \/>\n<meta property=\"og:url\" content=\"https:\/\/www.cchla.ufpb.br\/gpsmdq\/certificados\/\" \/>\n<meta property=\"og:site_name\" content=\"GRUPO DE PESQUISA EM SA\u00daDE MENTAL E DEPEND\u00caNCIA QU\u00cdMICA\" \/>\n<meta property=\"article:modified_time\" content=\"2022-09-14T12:47:23+00:00\" \/>\n<meta name=\"twitter:card\" content=\"summary_large_image\" \/>\n<meta name=\"twitter:label1\" content=\"Est. tempo de leitura\" \/>\n\t<meta name=\"twitter:data1\" content=\"1 minuto\" \/>\n<script type=\"application\/ld+json\" class=\"yoast-schema-graph\">{\"@context\":\"https:\/\/schema.org\",\"@graph\":[{\"@type\":\"WebPage\",\"@id\":\"https:\/\/www.cchla.ufpb.br\/gpsmdq\/certificados\/\",\"url\":\"https:\/\/www.cchla.ufpb.br\/gpsmdq\/certificados\/\",\"name\":\"CERTIFICADOS E ANAIS DE EVENTOS - GRUPO DE PESQUISA EM SA\u00daDE MENTAL E DEPEND\u00caNCIA QU\u00cdMICA\",\"isPartOf\":{\"@id\":\"https:\/\/www.cchla.ufpb.br\/gpsmdq\/#website\"},\"datePublished\":\"2018-08-28T12:55:54+00:00\",\"dateModified\":\"2022-09-14T12:47:23+00:00\",\"breadcrumb\":{\"@id\":\"https:\/\/www.cchla.ufpb.br\/gpsmdq\/certificados\/#breadcrumb\"},\"inLanguage\":\"pt-BR\",\"potentialAction\":[{\"@type\":\"ReadAction\",\"target\":[\"https:\/\/www.cchla.ufpb.br\/gpsmdq\/certificados\/\"]}]},{\"@type\":\"BreadcrumbList\",\"@id\":\"https:\/\/www.cchla.ufpb.br\/gpsmdq\/certificados\/#breadcrumb\",\"itemListElement\":[{\"@type\":\"ListItem\",\"position\":1,\"name\":\"In\u00edcio\",\"item\":\"https:\/\/www.cchla.ufpb.br\/gpsmdq\/\"},{\"@type\":\"ListItem\",\"position\":2,\"name\":\"CERTIFICADOS E ANAIS DE EVENTOS\"}]},{\"@type\":\"WebSite\",\"@id\":\"https:\/\/www.cchla.ufpb.br\/gpsmdq\/#website\",\"url\":\"https:\/\/www.cchla.ufpb.br\/gpsmdq\/\",\"name\":\"GRUPO DE PESQUISA EM SA\u00daDE MENTAL E DEPEND\u00caNCIA QU\u00cdMICA\",\"description\":\"(GPSMDQ)\",\"potentialAction\":[{\"@type\":\"SearchAction\",\"target\":{\"@type\":\"EntryPoint\",\"urlTemplate\":\"https:\/\/www.cchla.ufpb.br\/gpsmdq\/?s={search_term_string}\"},\"query-input\":\"required name=search_term_string\"}],\"inLanguage\":\"pt-BR\"}]}<\/script>\n<!-- \/ Yoast SEO plugin. -->","yoast_head_json":{"title":"CERTIFICADOS E ANAIS DE EVENTOS - GRUPO DE PESQUISA EM SA\u00daDE MENTAL E DEPEND\u00caNCIA QU\u00cdMICA","robots":{"index":"index","follow":"follow","max-snippet":"max-snippet:-1","max-image-preview":"max-image-preview:large","max-video-preview":"max-video-preview:-1"},"canonical":"https:\/\/www.cchla.ufpb.br\/gpsmdq\/certificados\/","og_locale":"pt_BR","og_type":"article","og_title":"CERTIFICADOS E ANAIS DE EVENTOS - GRUPO DE PESQUISA EM SA\u00daDE MENTAL E DEPEND\u00caNCIA QU\u00cdMICA","og_description":"Cursos de extens\u00e3o 2021 CERTIFICADOS DE PARTICIPANTES V Congresso Brasileiro Sobre Sa\u00fade Mental e Depend\u00eancia Qu\u00edmica CERTIFICADOS DE PREMIA\u00c7\u00c3O CERTIFICADOS DE PARTICIPA\u00c7\u00c3O CERTIFICADOS DE AVALIA\u00c7\u00c3O DE TRABALHOS MINICURSO 1 MINICURSO [&hellip;]","og_url":"https:\/\/www.cchla.ufpb.br\/gpsmdq\/certificados\/","og_site_name":"GRUPO DE PESQUISA EM SA\u00daDE MENTAL E DEPEND\u00caNCIA QU\u00cdMICA","article_modified_time":"2022-09-14T12:47:23+00:00","twitter_card":"summary_large_image","twitter_misc":{"Est. tempo de leitura":"1 minuto"},"schema":{"@context":"https:\/\/schema.org","@graph":[{"@type":"WebPage","@id":"https:\/\/www.cchla.ufpb.br\/gpsmdq\/certificados\/","url":"https:\/\/www.cchla.ufpb.br\/gpsmdq\/certificados\/","name":"CERTIFICADOS E ANAIS DE EVENTOS - GRUPO DE PESQUISA EM SA\u00daDE MENTAL E DEPEND\u00caNCIA QU\u00cdMICA","isPartOf":{"@id":"https:\/\/www.cchla.ufpb.br\/gpsmdq\/#website"},"datePublished":"2018-08-28T12:55:54+00:00","dateModified":"2022-09-14T12:47:23+00:00","breadcrumb":{"@id":"https:\/\/www.cchla.ufpb.br\/gpsmdq\/certificados\/#breadcrumb"},"inLanguage":"pt-BR","potentialAction":[{"@type":"ReadAction","target":["https:\/\/www.cchla.ufpb.br\/gpsmdq\/certificados\/"]}]},{"@type":"BreadcrumbList","@id":"https:\/\/www.cchla.ufpb.br\/gpsmdq\/certificados\/#breadcrumb","itemListElement":[{"@type":"ListItem","position":1,"name":"In\u00edcio","item":"https:\/\/www.cchla.ufpb.br\/gpsmdq\/"},{"@type":"ListItem","position":2,"name":"CERTIFICADOS E ANAIS DE EVENTOS"}]},{"@type":"WebSite","@id":"https:\/\/www.cchla.ufpb.br\/gpsmdq\/#website","url":"https:\/\/www.cchla.ufpb.br\/gpsmdq\/","name":"GRUPO DE PESQUISA EM SA\u00daDE MENTAL E DEPEND\u00caNCIA QU\u00cdMICA","description":"(GPSMDQ)","potentialAction":[{"@type":"SearchAction","target":{"@type":"EntryPoint","urlTemplate":"https:\/\/www.cchla.ufpb.br\/gpsmdq\/?s={search_term_string}"},"query-input":"required name=search_term_string"}],"inLanguage":"pt-BR"}]}},"_links":{"self":[{"href":"https:\/\/www.cchla.ufpb.br\/gpsmdq\/wp-json\/wp\/v2\/pages\/317"}],"collection":[{"href":"https:\/\/www.cchla.ufpb.br\/gpsmdq\/wp-json\/wp\/v2\/pages"}],"about":[{"href":"https:\/\/www.cchla.ufpb.br\/gpsmdq\/wp-json\/wp\/v2\/types\/page"}],"author":[{"embeddable":true,"href":"https:\/\/www.cchla.ufpb.br\/gpsmdq\/wp-json\/wp\/v2\/users\/2"}],"replies":[{"embeddable":true,"href":"https:\/\/www.cchla.ufpb.br\/gpsmdq\/wp-json\/wp\/v2\/comments?post=317"}],"version-history":[{"count":27,"href":"https:\/\/www.cchla.ufpb.br\/gpsmdq\/wp-json\/wp\/v2\/pages\/317\/revisions"}],"predecessor-version":[{"id":1075,"href":"https:\/\/www.cchla.ufpb.br\/gpsmdq\/wp-json\/wp\/v2\/pages\/317\/revisions\/1075"}],"wp:attachment":[{"href":"https:\/\/www.cchla.ufpb.br\/gpsmdq\/wp-json\/wp\/v2\/media?parent=317"}],"curies":[{"name":"wp","href":"https:\/\/api.w.org\/{rel}","templated":true}]}}