{"id":374,"date":"2018-09-29T10:25:31","date_gmt":"2018-09-29T13:25:31","guid":{"rendered":"http:\/\/www.cchla.ufpb.br\/gpsmdq\/?page_id=374"},"modified":"2018-09-29T10:25:31","modified_gmt":"2018-09-29T13:25:31","slug":"i-forum-sobre-saude-mental-estudantil","status":"publish","type":"page","link":"https:\/\/www.cchla.ufpb.br\/gpsmdq\/i-forum-sobre-saude-mental-estudantil\/","title":{"rendered":"I F\u00d3RUM SOBRE SA\u00daDE MENTAL ESTUDANTIL"},"content":{"rendered":"\n\t\t<style type=\"text\/css\">\n\t\t\t#gallery-1 {\n\t\t\t\tmargin: auto;\n\t\t\t}\n\t\t\t#gallery-1 .gallery-item {\n\t\t\t\tfloat: left;\n\t\t\t\tmargin-top: 10px;\n\t\t\t\ttext-align: center;\n\t\t\t\twidth: 25%;\n\t\t\t}\n\t\t\t#gallery-1 img {\n\t\t\t\tborder: 2px solid #cfcfcf;\n\t\t\t}\n\t\t\t#gallery-1 .gallery-caption {\n\t\t\t\tmargin-left: 0;\n\t\t\t}\n\t\t\t\/* see gallery_shortcode() in wp-includes\/media.php *\/\n\t\t<\/style>\n\t\t<div id='gallery-1' class='gallery galleryid-374 gallery-columns-4 gallery-size-medium'><dl class='gallery-item'>\n\t\t\t<dt class='gallery-icon landscape'>\n\t\t\t\t<a href='https:\/\/www.cchla.ufpb.br\/gpsmdq\/i-forum-sobre-saude-mental-estudantil-cchla\/_dsc0443\/'><img width=\"300\" height=\"199\" src=\"https:\/\/www.cchla.ufpb.br\/gpsmdq\/wp-content\/uploads\/2018\/09\/DSC0443-300x199.jpg\" class=\"attachment-medium size-medium\" alt=\"\" loading=\"lazy\" aria-describedby=\"gallery-1-371\" srcset=\"https:\/\/www.cchla.ufpb.br\/gpsmdq\/wp-content\/uploads\/2018\/09\/DSC0443-300x199.jpg 300w, https:\/\/www.cchla.ufpb.br\/gpsmdq\/wp-content\/uploads\/2018\/09\/DSC0443-768x511.jpg 768w, https:\/\/www.cchla.ufpb.br\/gpsmdq\/wp-content\/uploads\/2018\/09\/DSC0443-1024x681.jpg 1024w\" sizes=\"(max-width: 300px) 100vw, 300px\" \/><\/a>\n\t\t\t<\/dt>\n\t\t\t\t<dd class='wp-caption-text gallery-caption' id='gallery-1-371'>\n\t\t\t\tFoto: Isabelle Gomes\n\t\t\t\t<\/dd><\/dl><dl class='gallery-item'>\n\t\t\t<dt class='gallery-icon landscape'>\n\t\t\t\t<a href='https:\/\/www.cchla.ufpb.br\/gpsmdq\/_dsc0450\/'><img width=\"300\" height=\"199\" src=\"https:\/\/www.cchla.ufpb.br\/gpsmdq\/wp-content\/uploads\/2018\/09\/DSC0450-300x199.jpg\" class=\"attachment-medium size-medium\" alt=\"\" loading=\"lazy\" aria-describedby=\"gallery-1-372\" srcset=\"https:\/\/www.cchla.ufpb.br\/gpsmdq\/wp-content\/uploads\/2018\/09\/DSC0450-300x199.jpg 300w, https:\/\/www.cchla.ufpb.br\/gpsmdq\/wp-content\/uploads\/2018\/09\/DSC0450-768x511.jpg 768w, https:\/\/www.cchla.ufpb.br\/gpsmdq\/wp-content\/uploads\/2018\/09\/DSC0450-1024x681.jpg 1024w\" sizes=\"(max-width: 300px) 100vw, 300px\" \/><\/a>\n\t\t\t<\/dt>\n\t\t\t\t<dd class='wp-caption-text gallery-caption' id='gallery-1-372'>\n\t\t\t\tFoto: Isabelle Gomes\n\t\t\t\t<\/dd><\/dl><dl class='gallery-item'>\n\t\t\t<dt class='gallery-icon landscape'>\n\t\t\t\t<a href='https:\/\/www.cchla.ufpb.br\/gpsmdq\/i-forum-sobre-saude-mental-estudantil-cchla\/_dsc0441\/'><img width=\"300\" height=\"199\" src=\"https:\/\/www.cchla.ufpb.br\/gpsmdq\/wp-content\/uploads\/2018\/09\/DSC0441-300x199.jpg\" class=\"attachment-medium size-medium\" alt=\"\" loading=\"lazy\" aria-describedby=\"gallery-1-370\" srcset=\"https:\/\/www.cchla.ufpb.br\/gpsmdq\/wp-content\/uploads\/2018\/09\/DSC0441-300x199.jpg 300w, https:\/\/www.cchla.ufpb.br\/gpsmdq\/wp-content\/uploads\/2018\/09\/DSC0441-768x511.jpg 768w, https:\/\/www.cchla.ufpb.br\/gpsmdq\/wp-content\/uploads\/2018\/09\/DSC0441-1024x681.jpg 1024w\" sizes=\"(max-width: 300px) 100vw, 300px\" \/><\/a>\n\t\t\t<\/dt>\n\t\t\t\t<dd class='wp-caption-text gallery-caption' id='gallery-1-370'>\n\t\t\t\tFoto: Isabelle Gomes\n\t\t\t\t<\/dd><\/dl><dl class='gallery-item'>\n\t\t\t<dt class='gallery-icon landscape'>\n\t\t\t\t<a href='https:\/\/www.cchla.ufpb.br\/gpsmdq\/_dsc0425\/'><img width=\"300\" height=\"199\" src=\"https:\/\/www.cchla.ufpb.br\/gpsmdq\/wp-content\/uploads\/2018\/09\/DSC0425-300x199.jpg\" class=\"attachment-medium size-medium\" alt=\"\" loading=\"lazy\" aria-describedby=\"gallery-1-369\" srcset=\"https:\/\/www.cchla.ufpb.br\/gpsmdq\/wp-content\/uploads\/2018\/09\/DSC0425-300x199.jpg 300w, https:\/\/www.cchla.ufpb.br\/gpsmdq\/wp-content\/uploads\/2018\/09\/DSC0425-768x511.jpg 768w, https:\/\/www.cchla.ufpb.br\/gpsmdq\/wp-content\/uploads\/2018\/09\/DSC0425-1024x681.jpg 1024w\" sizes=\"(max-width: 300px) 100vw, 300px\" \/><\/a>\n\t\t\t<\/dt>\n\t\t\t\t<dd class='wp-caption-text gallery-caption' id='gallery-1-369'>\n\t\t\t\tFoto: Isabelle Gomes\n\t\t\t\t<\/dd><\/dl><br style=\"clear: both\" \/><dl class='gallery-item'>\n\t\t\t<dt class='gallery-icon landscape'>\n\t\t\t\t<a href='https:\/\/www.cchla.ufpb.br\/gpsmdq\/_dsc0414\/'><img width=\"300\" height=\"199\" src=\"https:\/\/www.cchla.ufpb.br\/gpsmdq\/wp-content\/uploads\/2018\/09\/DSC0414-300x199.jpg\" class=\"attachment-medium size-medium\" alt=\"\" loading=\"lazy\" aria-describedby=\"gallery-1-366\" srcset=\"https:\/\/www.cchla.ufpb.br\/gpsmdq\/wp-content\/uploads\/2018\/09\/DSC0414-300x199.jpg 300w, https:\/\/www.cchla.ufpb.br\/gpsmdq\/wp-content\/uploads\/2018\/09\/DSC0414-768x511.jpg 768w, https:\/\/www.cchla.ufpb.br\/gpsmdq\/wp-content\/uploads\/2018\/09\/DSC0414-1024x681.jpg 1024w\" sizes=\"(max-width: 300px) 100vw, 300px\" \/><\/a>\n\t\t\t<\/dt>\n\t\t\t\t<dd class='wp-caption-text gallery-caption' id='gallery-1-366'>\n\t\t\t\tFoto: Isabelle Gomes\n\t\t\t\t<\/dd><\/dl><dl class='gallery-item'>\n\t\t\t<dt class='gallery-icon landscape'>\n\t\t\t\t<a href='https:\/\/www.cchla.ufpb.br\/gpsmdq\/_dsc0411\/'><img width=\"300\" height=\"199\" src=\"https:\/\/www.cchla.ufpb.br\/gpsmdq\/wp-content\/uploads\/2018\/09\/DSC0411-300x199.jpg\" class=\"attachment-medium size-medium\" alt=\"\" loading=\"lazy\" aria-describedby=\"gallery-1-365\" srcset=\"https:\/\/www.cchla.ufpb.br\/gpsmdq\/wp-content\/uploads\/2018\/09\/DSC0411-300x199.jpg 300w, https:\/\/www.cchla.ufpb.br\/gpsmdq\/wp-content\/uploads\/2018\/09\/DSC0411-768x511.jpg 768w, https:\/\/www.cchla.ufpb.br\/gpsmdq\/wp-content\/uploads\/2018\/09\/DSC0411-1024x681.jpg 1024w\" sizes=\"(max-width: 300px) 100vw, 300px\" \/><\/a>\n\t\t\t<\/dt>\n\t\t\t\t<dd class='wp-caption-text gallery-caption' id='gallery-1-365'>\n\t\t\t\tFoto: Isabelle Gomes\n\t\t\t\t<\/dd><\/dl><dl class='gallery-item'>\n\t\t\t<dt class='gallery-icon landscape'>\n\t\t\t\t<a href='https:\/\/www.cchla.ufpb.br\/gpsmdq\/_dsc0421\/'><img width=\"300\" height=\"199\" src=\"https:\/\/www.cchla.ufpb.br\/gpsmdq\/wp-content\/uploads\/2018\/09\/DSC0421-300x199.jpg\" class=\"attachment-medium size-medium\" alt=\"\" loading=\"lazy\" aria-describedby=\"gallery-1-368\" srcset=\"https:\/\/www.cchla.ufpb.br\/gpsmdq\/wp-content\/uploads\/2018\/09\/DSC0421-300x199.jpg 300w, https:\/\/www.cchla.ufpb.br\/gpsmdq\/wp-content\/uploads\/2018\/09\/DSC0421-768x511.jpg 768w, https:\/\/www.cchla.ufpb.br\/gpsmdq\/wp-content\/uploads\/2018\/09\/DSC0421-1024x681.jpg 1024w\" sizes=\"(max-width: 300px) 100vw, 300px\" \/><\/a>\n\t\t\t<\/dt>\n\t\t\t\t<dd class='wp-caption-text gallery-caption' id='gallery-1-368'>\n\t\t\t\tFoto: Isabelle Gomes\n\t\t\t\t<\/dd><\/dl><dl class='gallery-item'>\n\t\t\t<dt class='gallery-icon landscape'>\n\t\t\t\t<a href='https:\/\/www.cchla.ufpb.br\/gpsmdq\/_dsc0445\/'><img width=\"300\" height=\"199\" src=\"https:\/\/www.cchla.ufpb.br\/gpsmdq\/wp-content\/uploads\/2018\/09\/DSC0445-300x199.jpg\" class=\"attachment-medium size-medium\" alt=\"\" loading=\"lazy\" aria-describedby=\"gallery-1-364\" srcset=\"https:\/\/www.cchla.ufpb.br\/gpsmdq\/wp-content\/uploads\/2018\/09\/DSC0445-300x199.jpg 300w, https:\/\/www.cchla.ufpb.br\/gpsmdq\/wp-content\/uploads\/2018\/09\/DSC0445-768x511.jpg 768w, https:\/\/www.cchla.ufpb.br\/gpsmdq\/wp-content\/uploads\/2018\/09\/DSC0445-1024x681.jpg 1024w\" sizes=\"(max-width: 300px) 100vw, 300px\" \/><\/a>\n\t\t\t<\/dt>\n\t\t\t\t<dd class='wp-caption-text gallery-caption' id='gallery-1-364'>\n\t\t\t\tFoto: Isabelle Gomes\n\t\t\t\t<\/dd><\/dl><br style=\"clear: both\" \/><dl class='gallery-item'>\n\t\t\t<dt class='gallery-icon landscape'>\n\t\t\t\t<a href='https:\/\/www.cchla.ufpb.br\/gpsmdq\/_dsc0466\/'><img width=\"300\" height=\"199\" src=\"https:\/\/www.cchla.ufpb.br\/gpsmdq\/wp-content\/uploads\/2018\/09\/DSC0466-300x199.jpg\" class=\"attachment-medium size-medium\" alt=\"\" loading=\"lazy\" aria-describedby=\"gallery-1-360\" srcset=\"https:\/\/www.cchla.ufpb.br\/gpsmdq\/wp-content\/uploads\/2018\/09\/DSC0466-300x199.jpg 300w, https:\/\/www.cchla.ufpb.br\/gpsmdq\/wp-content\/uploads\/2018\/09\/DSC0466-768x511.jpg 768w, https:\/\/www.cchla.ufpb.br\/gpsmdq\/wp-content\/uploads\/2018\/09\/DSC0466-1024x681.jpg 1024w\" sizes=\"(max-width: 300px) 100vw, 300px\" \/><\/a>\n\t\t\t<\/dt>\n\t\t\t\t<dd class='wp-caption-text gallery-caption' id='gallery-1-360'>\n\t\t\t\tFoto: Isabelle Gomes\n\t\t\t\t<\/dd><\/dl><dl class='gallery-item'>\n\t\t\t<dt class='gallery-icon landscape'>\n\t\t\t\t<a href='https:\/\/www.cchla.ufpb.br\/gpsmdq\/_dsc0454\/'><img width=\"300\" height=\"199\" src=\"https:\/\/www.cchla.ufpb.br\/gpsmdq\/wp-content\/uploads\/2018\/09\/DSC0454-300x199.jpg\" class=\"attachment-medium size-medium\" alt=\"\" loading=\"lazy\" aria-describedby=\"gallery-1-357\" srcset=\"https:\/\/www.cchla.ufpb.br\/gpsmdq\/wp-content\/uploads\/2018\/09\/DSC0454-300x199.jpg 300w, https:\/\/www.cchla.ufpb.br\/gpsmdq\/wp-content\/uploads\/2018\/09\/DSC0454-768x511.jpg 768w, https:\/\/www.cchla.ufpb.br\/gpsmdq\/wp-content\/uploads\/2018\/09\/DSC0454-1024x681.jpg 1024w\" sizes=\"(max-width: 300px) 100vw, 300px\" \/><\/a>\n\t\t\t<\/dt>\n\t\t\t\t<dd class='wp-caption-text gallery-caption' id='gallery-1-357'>\n\t\t\t\tFoto: Isabelle Gomes\n\t\t\t\t<\/dd><\/dl><dl class='gallery-item'>\n\t\t\t<dt class='gallery-icon landscape'>\n\t\t\t\t<a href='https:\/\/www.cchla.ufpb.br\/gpsmdq\/_dsc0460\/'><img width=\"300\" height=\"199\" src=\"https:\/\/www.cchla.ufpb.br\/gpsmdq\/wp-content\/uploads\/2018\/09\/DSC0460-300x199.jpg\" class=\"attachment-medium size-medium\" alt=\"\" loading=\"lazy\" aria-describedby=\"gallery-1-358\" srcset=\"https:\/\/www.cchla.ufpb.br\/gpsmdq\/wp-content\/uploads\/2018\/09\/DSC0460-300x199.jpg 300w, https:\/\/www.cchla.ufpb.br\/gpsmdq\/wp-content\/uploads\/2018\/09\/DSC0460-768x511.jpg 768w, https:\/\/www.cchla.ufpb.br\/gpsmdq\/wp-content\/uploads\/2018\/09\/DSC0460-1024x681.jpg 1024w\" sizes=\"(max-width: 300px) 100vw, 300px\" \/><\/a>\n\t\t\t<\/dt>\n\t\t\t\t<dd class='wp-caption-text gallery-caption' id='gallery-1-358'>\n\t\t\t\tFoto: Isabelle Gomes\n\t\t\t\t<\/dd><\/dl><dl class='gallery-item'>\n\t\t\t<dt class='gallery-icon landscape'>\n\t\t\t\t<a href='https:\/\/www.cchla.ufpb.br\/gpsmdq\/i-forum-sobre-saude-mental-estudantil-cchla\/_dsc0465\/'><img width=\"300\" height=\"199\" src=\"https:\/\/www.cchla.ufpb.br\/gpsmdq\/wp-content\/uploads\/2018\/09\/DSC0465-300x199.jpg\" class=\"attachment-medium size-medium\" alt=\"\" loading=\"lazy\" aria-describedby=\"gallery-1-359\" srcset=\"https:\/\/www.cchla.ufpb.br\/gpsmdq\/wp-content\/uploads\/2018\/09\/DSC0465-300x199.jpg 300w, https:\/\/www.cchla.ufpb.br\/gpsmdq\/wp-content\/uploads\/2018\/09\/DSC0465-768x511.jpg 768w, https:\/\/www.cchla.ufpb.br\/gpsmdq\/wp-content\/uploads\/2018\/09\/DSC0465-1024x681.jpg 1024w\" sizes=\"(max-width: 300px) 100vw, 300px\" \/><\/a>\n\t\t\t<\/dt>\n\t\t\t\t<dd class='wp-caption-text gallery-caption' id='gallery-1-359'>\n\t\t\t\tFoto: Isabelle Gomes\n\t\t\t\t<\/dd><\/dl><br style=\"clear: both\" \/><dl class='gallery-item'>\n\t\t\t<dt class='gallery-icon landscape'>\n\t\t\t\t<a href='https:\/\/www.cchla.ufpb.br\/gpsmdq\/i-forum-sobre-saude-mental-estudantil-cchla\/_dsc0489\/'><img width=\"300\" height=\"199\" src=\"https:\/\/www.cchla.ufpb.br\/gpsmdq\/wp-content\/uploads\/2018\/09\/DSC0489-300x199.jpg\" class=\"attachment-medium size-medium\" alt=\"\" loading=\"lazy\" aria-describedby=\"gallery-1-362\" srcset=\"https:\/\/www.cchla.ufpb.br\/gpsmdq\/wp-content\/uploads\/2018\/09\/DSC0489-300x199.jpg 300w, https:\/\/www.cchla.ufpb.br\/gpsmdq\/wp-content\/uploads\/2018\/09\/DSC0489-768x511.jpg 768w, https:\/\/www.cchla.ufpb.br\/gpsmdq\/wp-content\/uploads\/2018\/09\/DSC0489-1024x681.jpg 1024w\" sizes=\"(max-width: 300px) 100vw, 300px\" \/><\/a>\n\t\t\t<\/dt>\n\t\t\t\t<dd class='wp-caption-text gallery-caption' id='gallery-1-362'>\n\t\t\t\tFoto: Isabelle Gomes\n\t\t\t\t<\/dd><\/dl><dl class='gallery-item'>\n\t\t\t<dt class='gallery-icon landscape'>\n\t\t\t\t<a href='https:\/\/www.cchla.ufpb.br\/gpsmdq\/_dsc0476\/'><img width=\"300\" height=\"199\" src=\"https:\/\/www.cchla.ufpb.br\/gpsmdq\/wp-content\/uploads\/2018\/09\/DSC0476-300x199.jpg\" class=\"attachment-medium size-medium\" alt=\"\" loading=\"lazy\" aria-describedby=\"gallery-1-361\" srcset=\"https:\/\/www.cchla.ufpb.br\/gpsmdq\/wp-content\/uploads\/2018\/09\/DSC0476-300x199.jpg 300w, https:\/\/www.cchla.ufpb.br\/gpsmdq\/wp-content\/uploads\/2018\/09\/DSC0476-768x511.jpg 768w, https:\/\/www.cchla.ufpb.br\/gpsmdq\/wp-content\/uploads\/2018\/09\/DSC0476-1024x681.jpg 1024w\" sizes=\"(max-width: 300px) 100vw, 300px\" \/><\/a>\n\t\t\t<\/dt>\n\t\t\t\t<dd class='wp-caption-text gallery-caption' id='gallery-1-361'>\n\t\t\t\tFoto: Isabelle Gomes\n\t\t\t\t<\/dd><\/dl><dl class='gallery-item'>\n\t\t\t<dt class='gallery-icon landscape'>\n\t\t\t\t<a href='https:\/\/www.cchla.ufpb.br\/gpsmdq\/_dsc0495\/'><img width=\"300\" height=\"199\" src=\"https:\/\/www.cchla.ufpb.br\/gpsmdq\/wp-content\/uploads\/2018\/09\/DSC0495-300x199.jpg\" class=\"attachment-medium size-medium\" alt=\"\" loading=\"lazy\" aria-describedby=\"gallery-1-363\" srcset=\"https:\/\/www.cchla.ufpb.br\/gpsmdq\/wp-content\/uploads\/2018\/09\/DSC0495-300x199.jpg 300w, https:\/\/www.cchla.ufpb.br\/gpsmdq\/wp-content\/uploads\/2018\/09\/DSC0495-768x511.jpg 768w, https:\/\/www.cchla.ufpb.br\/gpsmdq\/wp-content\/uploads\/2018\/09\/DSC0495-1024x681.jpg 1024w\" sizes=\"(max-width: 300px) 100vw, 300px\" \/><\/a>\n\t\t\t<\/dt>\n\t\t\t\t<dd class='wp-caption-text gallery-caption' id='gallery-1-363'>\n\t\t\t\tFoto: Isabelle Gomes\n\t\t\t\t<\/dd><\/dl>\n\t\t\t<br style='clear: both' \/>\n\t\t<\/div>\n\n","protected":false},"excerpt":{"rendered":"","protected":false},"author":2,"featured_media":0,"parent":0,"menu_order":0,"comment_status":"closed","ping_status":"closed","template":"","meta":[],"yoast_head":"<!-- This site is optimized with the Yoast SEO plugin v20.6 - https:\/\/yoast.com\/wordpress\/plugins\/seo\/ -->\n<title>I F\u00d3RUM SOBRE SA\u00daDE MENTAL ESTUDANTIL - GRUPO DE PESQUISA EM SA\u00daDE MENTAL E DEPEND\u00caNCIA QU\u00cdMICA<\/title>\n<meta name=\"robots\" content=\"index, follow, max-snippet:-1, max-image-preview:large, max-video-preview:-1\" \/>\n<link rel=\"canonical\" href=\"https:\/\/www.cchla.ufpb.br\/gpsmdq\/i-forum-sobre-saude-mental-estudantil\/\" \/>\n<meta property=\"og:locale\" content=\"pt_BR\" \/>\n<meta property=\"og:type\" content=\"article\" \/>\n<meta property=\"og:title\" content=\"I F\u00d3RUM SOBRE SA\u00daDE MENTAL ESTUDANTIL - GRUPO DE PESQUISA EM SA\u00daDE MENTAL E DEPEND\u00caNCIA QU\u00cdMICA\" \/>\n<meta property=\"og:url\" content=\"https:\/\/www.cchla.ufpb.br\/gpsmdq\/i-forum-sobre-saude-mental-estudantil\/\" \/>\n<meta property=\"og:site_name\" content=\"GRUPO DE PESQUISA EM SA\u00daDE MENTAL E DEPEND\u00caNCIA QU\u00cdMICA\" \/>\n<meta property=\"og:image\" content=\"https:\/\/www.cchla.ufpb.br\/gpsmdq\/wp-content\/uploads\/2018\/09\/DSC0443-300x199.jpg\" \/>\n<meta name=\"twitter:card\" content=\"summary_large_image\" \/>\n<script type=\"application\/ld+json\" class=\"yoast-schema-graph\">{\"@context\":\"https:\/\/schema.org\",\"@graph\":[{\"@type\":\"WebPage\",\"@id\":\"https:\/\/www.cchla.ufpb.br\/gpsmdq\/i-forum-sobre-saude-mental-estudantil\/\",\"url\":\"https:\/\/www.cchla.ufpb.br\/gpsmdq\/i-forum-sobre-saude-mental-estudantil\/\",\"name\":\"I F\u00d3RUM SOBRE SA\u00daDE MENTAL ESTUDANTIL - GRUPO DE PESQUISA EM SA\u00daDE MENTAL E DEPEND\u00caNCIA QU\u00cdMICA\",\"isPartOf\":{\"@id\":\"https:\/\/www.cchla.ufpb.br\/gpsmdq\/#website\"},\"datePublished\":\"2018-09-29T13:25:31+00:00\",\"dateModified\":\"2018-09-29T13:25:31+00:00\",\"breadcrumb\":{\"@id\":\"https:\/\/www.cchla.ufpb.br\/gpsmdq\/i-forum-sobre-saude-mental-estudantil\/#breadcrumb\"},\"inLanguage\":\"pt-BR\",\"potentialAction\":[{\"@type\":\"ReadAction\",\"target\":[\"https:\/\/www.cchla.ufpb.br\/gpsmdq\/i-forum-sobre-saude-mental-estudantil\/\"]}]},{\"@type\":\"BreadcrumbList\",\"@id\":\"https:\/\/www.cchla.ufpb.br\/gpsmdq\/i-forum-sobre-saude-mental-estudantil\/#breadcrumb\",\"itemListElement\":[{\"@type\":\"ListItem\",\"position\":1,\"name\":\"In\u00edcio\",\"item\":\"https:\/\/www.cchla.ufpb.br\/gpsmdq\/\"},{\"@type\":\"ListItem\",\"position\":2,\"name\":\"I F\u00d3RUM SOBRE SA\u00daDE MENTAL ESTUDANTIL\"}]},{\"@type\":\"WebSite\",\"@id\":\"https:\/\/www.cchla.ufpb.br\/gpsmdq\/#website\",\"url\":\"https:\/\/www.cchla.ufpb.br\/gpsmdq\/\",\"name\":\"GRUPO DE PESQUISA EM SA\u00daDE MENTAL E DEPEND\u00caNCIA QU\u00cdMICA\",\"description\":\"(GPSMDQ)\",\"potentialAction\":[{\"@type\":\"SearchAction\",\"target\":{\"@type\":\"EntryPoint\",\"urlTemplate\":\"https:\/\/www.cchla.ufpb.br\/gpsmdq\/?s={search_term_string}\"},\"query-input\":\"required name=search_term_string\"}],\"inLanguage\":\"pt-BR\"}]}<\/script>\n<!-- \/ Yoast SEO plugin. -->","yoast_head_json":{"title":"I F\u00d3RUM SOBRE SA\u00daDE MENTAL ESTUDANTIL - GRUPO DE PESQUISA EM SA\u00daDE MENTAL E DEPEND\u00caNCIA QU\u00cdMICA","robots":{"index":"index","follow":"follow","max-snippet":"max-snippet:-1","max-image-preview":"max-image-preview:large","max-video-preview":"max-video-preview:-1"},"canonical":"https:\/\/www.cchla.ufpb.br\/gpsmdq\/i-forum-sobre-saude-mental-estudantil\/","og_locale":"pt_BR","og_type":"article","og_title":"I F\u00d3RUM SOBRE SA\u00daDE MENTAL ESTUDANTIL - GRUPO DE PESQUISA EM SA\u00daDE MENTAL E DEPEND\u00caNCIA QU\u00cdMICA","og_url":"https:\/\/www.cchla.ufpb.br\/gpsmdq\/i-forum-sobre-saude-mental-estudantil\/","og_site_name":"GRUPO DE PESQUISA EM SA\u00daDE MENTAL E DEPEND\u00caNCIA QU\u00cdMICA","og_image":[{"url":"https:\/\/www.cchla.ufpb.br\/gpsmdq\/wp-content\/uploads\/2018\/09\/DSC0443-300x199.jpg"}],"twitter_card":"summary_large_image","schema":{"@context":"https:\/\/schema.org","@graph":[{"@type":"WebPage","@id":"https:\/\/www.cchla.ufpb.br\/gpsmdq\/i-forum-sobre-saude-mental-estudantil\/","url":"https:\/\/www.cchla.ufpb.br\/gpsmdq\/i-forum-sobre-saude-mental-estudantil\/","name":"I F\u00d3RUM SOBRE SA\u00daDE MENTAL ESTUDANTIL - GRUPO DE PESQUISA EM SA\u00daDE MENTAL E DEPEND\u00caNCIA QU\u00cdMICA","isPartOf":{"@id":"https:\/\/www.cchla.ufpb.br\/gpsmdq\/#website"},"datePublished":"2018-09-29T13:25:31+00:00","dateModified":"2018-09-29T13:25:31+00:00","breadcrumb":{"@id":"https:\/\/www.cchla.ufpb.br\/gpsmdq\/i-forum-sobre-saude-mental-estudantil\/#breadcrumb"},"inLanguage":"pt-BR","potentialAction":[{"@type":"ReadAction","target":["https:\/\/www.cchla.ufpb.br\/gpsmdq\/i-forum-sobre-saude-mental-estudantil\/"]}]},{"@type":"BreadcrumbList","@id":"https:\/\/www.cchla.ufpb.br\/gpsmdq\/i-forum-sobre-saude-mental-estudantil\/#breadcrumb","itemListElement":[{"@type":"ListItem","position":1,"name":"In\u00edcio","item":"https:\/\/www.cchla.ufpb.br\/gpsmdq\/"},{"@type":"ListItem","position":2,"name":"I F\u00d3RUM SOBRE SA\u00daDE MENTAL ESTUDANTIL"}]},{"@type":"WebSite","@id":"https:\/\/www.cchla.ufpb.br\/gpsmdq\/#website","url":"https:\/\/www.cchla.ufpb.br\/gpsmdq\/","name":"GRUPO DE PESQUISA EM SA\u00daDE MENTAL E DEPEND\u00caNCIA QU\u00cdMICA","description":"(GPSMDQ)","potentialAction":[{"@type":"SearchAction","target":{"@type":"EntryPoint","urlTemplate":"https:\/\/www.cchla.ufpb.br\/gpsmdq\/?s={search_term_string}"},"query-input":"required name=search_term_string"}],"inLanguage":"pt-BR"}]}},"_links":{"self":[{"href":"https:\/\/www.cchla.ufpb.br\/gpsmdq\/wp-json\/wp\/v2\/pages\/374"}],"collection":[{"href":"https:\/\/www.cchla.ufpb.br\/gpsmdq\/wp-json\/wp\/v2\/pages"}],"about":[{"href":"https:\/\/www.cchla.ufpb.br\/gpsmdq\/wp-json\/wp\/v2\/types\/page"}],"author":[{"embeddable":true,"href":"https:\/\/www.cchla.ufpb.br\/gpsmdq\/wp-json\/wp\/v2\/users\/2"}],"replies":[{"embeddable":true,"href":"https:\/\/www.cchla.ufpb.br\/gpsmdq\/wp-json\/wp\/v2\/comments?post=374"}],"version-history":[{"count":1,"href":"https:\/\/www.cchla.ufpb.br\/gpsmdq\/wp-json\/wp\/v2\/pages\/374\/revisions"}],"predecessor-version":[{"id":375,"href":"https:\/\/www.cchla.ufpb.br\/gpsmdq\/wp-json\/wp\/v2\/pages\/374\/revisions\/375"}],"wp:attachment":[{"href":"https:\/\/www.cchla.ufpb.br\/gpsmdq\/wp-json\/wp\/v2\/media?parent=374"}],"curies":[{"name":"wp","href":"https:\/\/api.w.org\/{rel}","templated":true}]}}