{"id":433,"date":"2019-05-30T08:56:00","date_gmt":"2019-05-30T11:56:00","guid":{"rendered":"http:\/\/www.cchla.ufpb.br\/gpsmdq\/?page_id=433"},"modified":"2019-09-07T11:14:33","modified_gmt":"2019-09-07T14:14:33","slug":"envio-de-trabalhos","status":"publish","type":"page","link":"https:\/\/www.cchla.ufpb.br\/gpsmdq\/envio-de-trabalhos\/","title":{"rendered":"ENVIO DE TRABALHOS"},"content":{"rendered":"\r\n \tA submiss\u00e3o dos trabalhos ocorrer\u00e1 somente atrav\u00e9s do preenchimento do formul\u00e1rio Envio de trabalhos. N\u00e3o ser\u00e3o aceitos resumos enviados por email.\r\n\r\n\u00a0Prazo de envio de trabalhos encerrado dia 06 de setembro*\r\nIMPORTANTE:\r\n\r\n \tA data limite de envio dos trabalhos \u00e9 06 de setembro.\r\n \tA divulga\u00e7\u00e3o dos trabalhos aprovados est\u00e1 prevista para 07 de outubro.\r\n \tSomente a pessoa que apresentar\u00e1 o trabalho (que n\u00e3o necessariamente \u00e9 o autor principal), dever\u00e1 submeter o trabalho. O apresentador <a href=\"https:\/\/www.cchla.ufpb.br\/gpsmdq\/envio-de-trabalhos\/\" class=\"more-link\">Read more [...]<\/a>","protected":false},"excerpt":{"rendered":"<p>A submiss\u00e3o dos trabalhos ocorrer\u00e1 somente atrav\u00e9s do preenchimento do formul\u00e1rio Envio de trabalhos. N\u00e3o ser\u00e3o aceitos resumos enviados por email. \u00a0Prazo de envio de trabalhos encerrado dia 06 de [&hellip;]<\/p>\n","protected":false},"author":2,"featured_media":0,"parent":0,"menu_order":0,"comment_status":"closed","ping_status":"closed","template":"","meta":[],"yoast_head":"<!-- This site is optimized with the Yoast SEO plugin v20.6 - https:\/\/yoast.com\/wordpress\/plugins\/seo\/ -->\n<title>ENVIO DE TRABALHOS - GRUPO DE PESQUISA EM SA\u00daDE MENTAL E DEPEND\u00caNCIA QU\u00cdMICA<\/title>\n<meta name=\"robots\" content=\"index, follow, max-snippet:-1, max-image-preview:large, max-video-preview:-1\" \/>\n<link rel=\"canonical\" href=\"https:\/\/www.cchla.ufpb.br\/gpsmdq\/envio-de-trabalhos\/\" \/>\n<meta property=\"og:locale\" content=\"pt_BR\" \/>\n<meta property=\"og:type\" content=\"article\" \/>\n<meta property=\"og:title\" content=\"ENVIO DE TRABALHOS - GRUPO DE PESQUISA EM SA\u00daDE MENTAL E DEPEND\u00caNCIA QU\u00cdMICA\" \/>\n<meta property=\"og:description\" content=\"A submiss\u00e3o dos trabalhos ocorrer\u00e1 somente atrav\u00e9s do preenchimento do formul\u00e1rio Envio de trabalhos. N\u00e3o ser\u00e3o aceitos resumos enviados por email. \u00a0Prazo de envio de trabalhos encerrado dia 06 de [&hellip;]\" \/>\n<meta property=\"og:url\" content=\"https:\/\/www.cchla.ufpb.br\/gpsmdq\/envio-de-trabalhos\/\" \/>\n<meta property=\"og:site_name\" content=\"GRUPO DE PESQUISA EM SA\u00daDE MENTAL E DEPEND\u00caNCIA QU\u00cdMICA\" \/>\n<meta property=\"article:modified_time\" content=\"2019-09-07T14:14:33+00:00\" \/>\n<meta name=\"twitter:card\" content=\"summary_large_image\" \/>\n<meta name=\"twitter:label1\" content=\"Est. tempo de leitura\" \/>\n\t<meta name=\"twitter:data1\" content=\"4 minutos\" \/>\n<script type=\"application\/ld+json\" class=\"yoast-schema-graph\">{\"@context\":\"https:\/\/schema.org\",\"@graph\":[{\"@type\":\"WebPage\",\"@id\":\"https:\/\/www.cchla.ufpb.br\/gpsmdq\/envio-de-trabalhos\/\",\"url\":\"https:\/\/www.cchla.ufpb.br\/gpsmdq\/envio-de-trabalhos\/\",\"name\":\"ENVIO DE TRABALHOS - GRUPO DE PESQUISA EM SA\u00daDE MENTAL E DEPEND\u00caNCIA QU\u00cdMICA\",\"isPartOf\":{\"@id\":\"https:\/\/www.cchla.ufpb.br\/gpsmdq\/#website\"},\"datePublished\":\"2019-05-30T11:56:00+00:00\",\"dateModified\":\"2019-09-07T14:14:33+00:00\",\"breadcrumb\":{\"@id\":\"https:\/\/www.cchla.ufpb.br\/gpsmdq\/envio-de-trabalhos\/#breadcrumb\"},\"inLanguage\":\"pt-BR\",\"potentialAction\":[{\"@type\":\"ReadAction\",\"target\":[\"https:\/\/www.cchla.ufpb.br\/gpsmdq\/envio-de-trabalhos\/\"]}]},{\"@type\":\"BreadcrumbList\",\"@id\":\"https:\/\/www.cchla.ufpb.br\/gpsmdq\/envio-de-trabalhos\/#breadcrumb\",\"itemListElement\":[{\"@type\":\"ListItem\",\"position\":1,\"name\":\"In\u00edcio\",\"item\":\"https:\/\/www.cchla.ufpb.br\/gpsmdq\/\"},{\"@type\":\"ListItem\",\"position\":2,\"name\":\"ENVIO DE TRABALHOS\"}]},{\"@type\":\"WebSite\",\"@id\":\"https:\/\/www.cchla.ufpb.br\/gpsmdq\/#website\",\"url\":\"https:\/\/www.cchla.ufpb.br\/gpsmdq\/\",\"name\":\"GRUPO DE PESQUISA EM SA\u00daDE MENTAL E DEPEND\u00caNCIA QU\u00cdMICA\",\"description\":\"(GPSMDQ)\",\"potentialAction\":[{\"@type\":\"SearchAction\",\"target\":{\"@type\":\"EntryPoint\",\"urlTemplate\":\"https:\/\/www.cchla.ufpb.br\/gpsmdq\/?s={search_term_string}\"},\"query-input\":\"required name=search_term_string\"}],\"inLanguage\":\"pt-BR\"}]}<\/script>\n<!-- \/ Yoast SEO plugin. -->","yoast_head_json":{"title":"ENVIO DE TRABALHOS - GRUPO DE PESQUISA EM SA\u00daDE MENTAL E DEPEND\u00caNCIA QU\u00cdMICA","robots":{"index":"index","follow":"follow","max-snippet":"max-snippet:-1","max-image-preview":"max-image-preview:large","max-video-preview":"max-video-preview:-1"},"canonical":"https:\/\/www.cchla.ufpb.br\/gpsmdq\/envio-de-trabalhos\/","og_locale":"pt_BR","og_type":"article","og_title":"ENVIO DE TRABALHOS - GRUPO DE PESQUISA EM SA\u00daDE MENTAL E DEPEND\u00caNCIA QU\u00cdMICA","og_description":"A submiss\u00e3o dos trabalhos ocorrer\u00e1 somente atrav\u00e9s do preenchimento do formul\u00e1rio Envio de trabalhos. N\u00e3o ser\u00e3o aceitos resumos enviados por email. \u00a0Prazo de envio de trabalhos encerrado dia 06 de [&hellip;]","og_url":"https:\/\/www.cchla.ufpb.br\/gpsmdq\/envio-de-trabalhos\/","og_site_name":"GRUPO DE PESQUISA EM SA\u00daDE MENTAL E DEPEND\u00caNCIA QU\u00cdMICA","article_modified_time":"2019-09-07T14:14:33+00:00","twitter_card":"summary_large_image","twitter_misc":{"Est. tempo de leitura":"4 minutos"},"schema":{"@context":"https:\/\/schema.org","@graph":[{"@type":"WebPage","@id":"https:\/\/www.cchla.ufpb.br\/gpsmdq\/envio-de-trabalhos\/","url":"https:\/\/www.cchla.ufpb.br\/gpsmdq\/envio-de-trabalhos\/","name":"ENVIO DE TRABALHOS - GRUPO DE PESQUISA EM SA\u00daDE MENTAL E DEPEND\u00caNCIA QU\u00cdMICA","isPartOf":{"@id":"https:\/\/www.cchla.ufpb.br\/gpsmdq\/#website"},"datePublished":"2019-05-30T11:56:00+00:00","dateModified":"2019-09-07T14:14:33+00:00","breadcrumb":{"@id":"https:\/\/www.cchla.ufpb.br\/gpsmdq\/envio-de-trabalhos\/#breadcrumb"},"inLanguage":"pt-BR","potentialAction":[{"@type":"ReadAction","target":["https:\/\/www.cchla.ufpb.br\/gpsmdq\/envio-de-trabalhos\/"]}]},{"@type":"BreadcrumbList","@id":"https:\/\/www.cchla.ufpb.br\/gpsmdq\/envio-de-trabalhos\/#breadcrumb","itemListElement":[{"@type":"ListItem","position":1,"name":"In\u00edcio","item":"https:\/\/www.cchla.ufpb.br\/gpsmdq\/"},{"@type":"ListItem","position":2,"name":"ENVIO DE TRABALHOS"}]},{"@type":"WebSite","@id":"https:\/\/www.cchla.ufpb.br\/gpsmdq\/#website","url":"https:\/\/www.cchla.ufpb.br\/gpsmdq\/","name":"GRUPO DE PESQUISA EM SA\u00daDE MENTAL E DEPEND\u00caNCIA QU\u00cdMICA","description":"(GPSMDQ)","potentialAction":[{"@type":"SearchAction","target":{"@type":"EntryPoint","urlTemplate":"https:\/\/www.cchla.ufpb.br\/gpsmdq\/?s={search_term_string}"},"query-input":"required name=search_term_string"}],"inLanguage":"pt-BR"}]}},"_links":{"self":[{"href":"https:\/\/www.cchla.ufpb.br\/gpsmdq\/wp-json\/wp\/v2\/pages\/433"}],"collection":[{"href":"https:\/\/www.cchla.ufpb.br\/gpsmdq\/wp-json\/wp\/v2\/pages"}],"about":[{"href":"https:\/\/www.cchla.ufpb.br\/gpsmdq\/wp-json\/wp\/v2\/types\/page"}],"author":[{"embeddable":true,"href":"https:\/\/www.cchla.ufpb.br\/gpsmdq\/wp-json\/wp\/v2\/users\/2"}],"replies":[{"embeddable":true,"href":"https:\/\/www.cchla.ufpb.br\/gpsmdq\/wp-json\/wp\/v2\/comments?post=433"}],"version-history":[{"count":34,"href":"https:\/\/www.cchla.ufpb.br\/gpsmdq\/wp-json\/wp\/v2\/pages\/433\/revisions"}],"predecessor-version":[{"id":750,"href":"https:\/\/www.cchla.ufpb.br\/gpsmdq\/wp-json\/wp\/v2\/pages\/433\/revisions\/750"}],"wp:attachment":[{"href":"https:\/\/www.cchla.ufpb.br\/gpsmdq\/wp-json\/wp\/v2\/media?parent=433"}],"curies":[{"name":"wp","href":"https:\/\/api.w.org\/{rel}","templated":true}]}}