{"id":75,"date":"2016-02-04T14:54:58","date_gmt":"2016-02-04T14:54:58","guid":{"rendered":"http:\/\/www.cchla.ufpb.br\/gpsmdq\/?page_id=75"},"modified":"2018-09-28T09:03:12","modified_gmt":"2018-09-28T12:03:12","slug":"dissertacoes","status":"publish","type":"page","link":"https:\/\/www.cchla.ufpb.br\/gpsmdq\/dissertacoes\/","title":{"rendered":"DISSERTA\u00c7\u00d5ES E TESES"},"content":{"rendered":"Disserta\u00e7\u00f5es de Mestrado GPSMDQ:\r\nMelo, J. R. F. (2013). REPRESENTA\u00c7\u00d5ES SOCIAIS\u00a0DE DEPENDENTES QU\u00cdMICOS ACERCA DO CRACK, DO USU\u00c1RIO, DE DROGAS E DO TRATAMENTO (Disserta\u00e7\u00e3o de Mestrado). Universidade Federal da Para\u00edba - UFPB, Jo\u00e3o Pessoa, PB, Brasil. (PDF)\r\n\r\nSousa, P. F. (2014). ADES\u00c3O \u00c0 REFORMA PSIQUI\u00c1TRICA E PRECONCEITO FRENTE AO DOENTE MENTAL: UM ESTUDO COM UNIVERSIT\u00c1RIOS \u00c0 LUZ DA TEORIA DAS REPRESENTA\u00c7\u00d5ES SOCIAIS (Disserta\u00e7\u00e3o de Mestrado). Universidade Federal da Para\u00edba <a href=\"https:\/\/www.cchla.ufpb.br\/gpsmdq\/dissertacoes\/\" class=\"more-link\">Read more [...]<\/a>","protected":false},"excerpt":{"rendered":"<p>Disserta\u00e7\u00f5es de Mestrado GPSMDQ: Melo, J. R. F. (2013). REPRESENTA\u00c7\u00d5ES SOCIAIS\u00a0DE DEPENDENTES QU\u00cdMICOS ACERCA DO CRACK, DO USU\u00c1RIO, DE DROGAS E DO TRATAMENTO (Disserta\u00e7\u00e3o de Mestrado). Universidade Federal da Para\u00edba [&hellip;]<\/p>\n","protected":false},"author":2,"featured_media":0,"parent":0,"menu_order":0,"comment_status":"closed","ping_status":"closed","template":"","meta":[],"yoast_head":"<!-- This site is optimized with the Yoast SEO plugin v20.6 - https:\/\/yoast.com\/wordpress\/plugins\/seo\/ -->\n<title>DISSERTA\u00c7\u00d5ES E TESES - GRUPO DE PESQUISA EM SA\u00daDE MENTAL E DEPEND\u00caNCIA QU\u00cdMICA<\/title>\n<meta name=\"robots\" content=\"index, follow, max-snippet:-1, max-image-preview:large, max-video-preview:-1\" \/>\n<link rel=\"canonical\" href=\"https:\/\/www.cchla.ufpb.br\/gpsmdq\/dissertacoes\/\" \/>\n<meta property=\"og:locale\" content=\"pt_BR\" \/>\n<meta property=\"og:type\" content=\"article\" \/>\n<meta property=\"og:title\" content=\"DISSERTA\u00c7\u00d5ES E TESES - GRUPO DE PESQUISA EM SA\u00daDE MENTAL E DEPEND\u00caNCIA QU\u00cdMICA\" \/>\n<meta property=\"og:description\" content=\"Disserta\u00e7\u00f5es de Mestrado GPSMDQ: Melo, J. R. F. (2013). REPRESENTA\u00c7\u00d5ES SOCIAIS\u00a0DE DEPENDENTES QU\u00cdMICOS ACERCA DO CRACK, DO USU\u00c1RIO, DE DROGAS E DO TRATAMENTO (Disserta\u00e7\u00e3o de Mestrado). Universidade Federal da Para\u00edba [&hellip;]\" \/>\n<meta property=\"og:url\" content=\"https:\/\/www.cchla.ufpb.br\/gpsmdq\/dissertacoes\/\" \/>\n<meta property=\"og:site_name\" content=\"GRUPO DE PESQUISA EM SA\u00daDE MENTAL E DEPEND\u00caNCIA QU\u00cdMICA\" \/>\n<meta property=\"article:modified_time\" content=\"2018-09-28T12:03:12+00:00\" \/>\n<meta name=\"twitter:card\" content=\"summary_large_image\" \/>\n<meta name=\"twitter:label1\" content=\"Est. tempo de leitura\" \/>\n\t<meta name=\"twitter:data1\" content=\"2 minutos\" \/>\n<script type=\"application\/ld+json\" class=\"yoast-schema-graph\">{\"@context\":\"https:\/\/schema.org\",\"@graph\":[{\"@type\":\"WebPage\",\"@id\":\"https:\/\/www.cchla.ufpb.br\/gpsmdq\/dissertacoes\/\",\"url\":\"https:\/\/www.cchla.ufpb.br\/gpsmdq\/dissertacoes\/\",\"name\":\"DISSERTA\u00c7\u00d5ES E TESES - GRUPO DE PESQUISA EM SA\u00daDE MENTAL E DEPEND\u00caNCIA QU\u00cdMICA\",\"isPartOf\":{\"@id\":\"https:\/\/www.cchla.ufpb.br\/gpsmdq\/#website\"},\"datePublished\":\"2016-02-04T14:54:58+00:00\",\"dateModified\":\"2018-09-28T12:03:12+00:00\",\"breadcrumb\":{\"@id\":\"https:\/\/www.cchla.ufpb.br\/gpsmdq\/dissertacoes\/#breadcrumb\"},\"inLanguage\":\"pt-BR\",\"potentialAction\":[{\"@type\":\"ReadAction\",\"target\":[\"https:\/\/www.cchla.ufpb.br\/gpsmdq\/dissertacoes\/\"]}]},{\"@type\":\"BreadcrumbList\",\"@id\":\"https:\/\/www.cchla.ufpb.br\/gpsmdq\/dissertacoes\/#breadcrumb\",\"itemListElement\":[{\"@type\":\"ListItem\",\"position\":1,\"name\":\"In\u00edcio\",\"item\":\"https:\/\/www.cchla.ufpb.br\/gpsmdq\/\"},{\"@type\":\"ListItem\",\"position\":2,\"name\":\"DISSERTA\u00c7\u00d5ES E TESES\"}]},{\"@type\":\"WebSite\",\"@id\":\"https:\/\/www.cchla.ufpb.br\/gpsmdq\/#website\",\"url\":\"https:\/\/www.cchla.ufpb.br\/gpsmdq\/\",\"name\":\"GRUPO DE PESQUISA EM SA\u00daDE MENTAL E DEPEND\u00caNCIA QU\u00cdMICA\",\"description\":\"(GPSMDQ)\",\"potentialAction\":[{\"@type\":\"SearchAction\",\"target\":{\"@type\":\"EntryPoint\",\"urlTemplate\":\"https:\/\/www.cchla.ufpb.br\/gpsmdq\/?s={search_term_string}\"},\"query-input\":\"required name=search_term_string\"}],\"inLanguage\":\"pt-BR\"}]}<\/script>\n<!-- \/ Yoast SEO plugin. -->","yoast_head_json":{"title":"DISSERTA\u00c7\u00d5ES E TESES - GRUPO DE PESQUISA EM SA\u00daDE MENTAL E DEPEND\u00caNCIA QU\u00cdMICA","robots":{"index":"index","follow":"follow","max-snippet":"max-snippet:-1","max-image-preview":"max-image-preview:large","max-video-preview":"max-video-preview:-1"},"canonical":"https:\/\/www.cchla.ufpb.br\/gpsmdq\/dissertacoes\/","og_locale":"pt_BR","og_type":"article","og_title":"DISSERTA\u00c7\u00d5ES E TESES - GRUPO DE PESQUISA EM SA\u00daDE MENTAL E DEPEND\u00caNCIA QU\u00cdMICA","og_description":"Disserta\u00e7\u00f5es de Mestrado GPSMDQ: Melo, J. R. F. (2013). REPRESENTA\u00c7\u00d5ES SOCIAIS\u00a0DE DEPENDENTES QU\u00cdMICOS ACERCA DO CRACK, DO USU\u00c1RIO, DE DROGAS E DO TRATAMENTO (Disserta\u00e7\u00e3o de Mestrado). Universidade Federal da Para\u00edba [&hellip;]","og_url":"https:\/\/www.cchla.ufpb.br\/gpsmdq\/dissertacoes\/","og_site_name":"GRUPO DE PESQUISA EM SA\u00daDE MENTAL E DEPEND\u00caNCIA QU\u00cdMICA","article_modified_time":"2018-09-28T12:03:12+00:00","twitter_card":"summary_large_image","twitter_misc":{"Est. tempo de leitura":"2 minutos"},"schema":{"@context":"https:\/\/schema.org","@graph":[{"@type":"WebPage","@id":"https:\/\/www.cchla.ufpb.br\/gpsmdq\/dissertacoes\/","url":"https:\/\/www.cchla.ufpb.br\/gpsmdq\/dissertacoes\/","name":"DISSERTA\u00c7\u00d5ES E TESES - GRUPO DE PESQUISA EM SA\u00daDE MENTAL E DEPEND\u00caNCIA QU\u00cdMICA","isPartOf":{"@id":"https:\/\/www.cchla.ufpb.br\/gpsmdq\/#website"},"datePublished":"2016-02-04T14:54:58+00:00","dateModified":"2018-09-28T12:03:12+00:00","breadcrumb":{"@id":"https:\/\/www.cchla.ufpb.br\/gpsmdq\/dissertacoes\/#breadcrumb"},"inLanguage":"pt-BR","potentialAction":[{"@type":"ReadAction","target":["https:\/\/www.cchla.ufpb.br\/gpsmdq\/dissertacoes\/"]}]},{"@type":"BreadcrumbList","@id":"https:\/\/www.cchla.ufpb.br\/gpsmdq\/dissertacoes\/#breadcrumb","itemListElement":[{"@type":"ListItem","position":1,"name":"In\u00edcio","item":"https:\/\/www.cchla.ufpb.br\/gpsmdq\/"},{"@type":"ListItem","position":2,"name":"DISSERTA\u00c7\u00d5ES E TESES"}]},{"@type":"WebSite","@id":"https:\/\/www.cchla.ufpb.br\/gpsmdq\/#website","url":"https:\/\/www.cchla.ufpb.br\/gpsmdq\/","name":"GRUPO DE PESQUISA EM SA\u00daDE MENTAL E DEPEND\u00caNCIA QU\u00cdMICA","description":"(GPSMDQ)","potentialAction":[{"@type":"SearchAction","target":{"@type":"EntryPoint","urlTemplate":"https:\/\/www.cchla.ufpb.br\/gpsmdq\/?s={search_term_string}"},"query-input":"required name=search_term_string"}],"inLanguage":"pt-BR"}]}},"_links":{"self":[{"href":"https:\/\/www.cchla.ufpb.br\/gpsmdq\/wp-json\/wp\/v2\/pages\/75"}],"collection":[{"href":"https:\/\/www.cchla.ufpb.br\/gpsmdq\/wp-json\/wp\/v2\/pages"}],"about":[{"href":"https:\/\/www.cchla.ufpb.br\/gpsmdq\/wp-json\/wp\/v2\/types\/page"}],"author":[{"embeddable":true,"href":"https:\/\/www.cchla.ufpb.br\/gpsmdq\/wp-json\/wp\/v2\/users\/2"}],"replies":[{"embeddable":true,"href":"https:\/\/www.cchla.ufpb.br\/gpsmdq\/wp-json\/wp\/v2\/comments?post=75"}],"version-history":[{"count":16,"href":"https:\/\/www.cchla.ufpb.br\/gpsmdq\/wp-json\/wp\/v2\/pages\/75\/revisions"}],"predecessor-version":[{"id":356,"href":"https:\/\/www.cchla.ufpb.br\/gpsmdq\/wp-json\/wp\/v2\/pages\/75\/revisions\/356"}],"wp:attachment":[{"href":"https:\/\/www.cchla.ufpb.br\/gpsmdq\/wp-json\/wp\/v2\/media?parent=75"}],"curies":[{"name":"wp","href":"https:\/\/api.w.org\/{rel}","templated":true}]}}