{"id":84,"date":"2016-02-04T14:59:19","date_gmt":"2016-02-04T14:59:19","guid":{"rendered":"http:\/\/www.cchla.ufpb.br\/gpsmdq\/?page_id=84"},"modified":"2018-07-19T13:55:07","modified_gmt":"2018-07-19T16:55:07","slug":"livros-publicados","status":"publish","type":"page","link":"https:\/\/www.cchla.ufpb.br\/gpsmdq\/livros-publicados\/","title":{"rendered":"LIVROS PUBLICADOS"},"content":{"rendered":"Para adquirir os exemplares abaixo entre em contato pelo e-mail: \u00a0grupopesquisasmdq@gmail.com\u00a0\r\n\r\nLivro: Pesquisa, Preven\u00e7\u00e3o e Interven\u00e7\u00f5es as Drogas vol 1\u00a0livro_01_site\r\n\r\nLivro: Pesquisa, Preven\u00e7\u00e3o e Interven\u00e7\u00f5es as Drogas vol 2\u00a0livro_02_site\r\n\r\nLivro: Sa\u00fade Mental e Depend\u00eancia Qu\u00edmica\u00a0livro_03_site\r\n\r\nLivro: Textos e Debates em Representa\u00e7\u00e3o Social\u00a0livro_04_site\r\n\r\n&nbsp; <a href=\"https:\/\/www.cchla.ufpb.br\/gpsmdq\/livros-publicados\/\" class=\"more-link\">Read more [...]<\/a>","protected":false},"excerpt":{"rendered":"<p>Para adquirir os exemplares abaixo entre em contato pelo e-mail: \u00a0grupopesquisasmdq@gmail.com\u00a0 Livro: Pesquisa, Preven\u00e7\u00e3o e Interven\u00e7\u00f5es as Drogas vol 1\u00a0livro_01_site Livro: Pesquisa, Preven\u00e7\u00e3o e Interven\u00e7\u00f5es as Drogas vol 2\u00a0livro_02_site Livro: [&hellip;]<\/p>\n","protected":false},"author":2,"featured_media":0,"parent":0,"menu_order":0,"comment_status":"closed","ping_status":"closed","template":"","meta":[],"yoast_head":"<!-- This site is optimized with the Yoast SEO plugin v20.6 - https:\/\/yoast.com\/wordpress\/plugins\/seo\/ -->\n<title>LIVROS PUBLICADOS - GRUPO DE PESQUISA EM SA\u00daDE MENTAL E DEPEND\u00caNCIA QU\u00cdMICA<\/title>\n<meta name=\"robots\" content=\"index, follow, max-snippet:-1, max-image-preview:large, max-video-preview:-1\" \/>\n<link rel=\"canonical\" href=\"https:\/\/www.cchla.ufpb.br\/gpsmdq\/livros-publicados\/\" \/>\n<meta property=\"og:locale\" content=\"pt_BR\" \/>\n<meta property=\"og:type\" content=\"article\" \/>\n<meta property=\"og:title\" content=\"LIVROS PUBLICADOS - GRUPO DE PESQUISA EM SA\u00daDE MENTAL E DEPEND\u00caNCIA QU\u00cdMICA\" \/>\n<meta property=\"og:description\" content=\"Para adquirir os exemplares abaixo entre em contato pelo e-mail: \u00a0grupopesquisasmdq@gmail.com\u00a0 Livro: Pesquisa, Preven\u00e7\u00e3o e Interven\u00e7\u00f5es as Drogas vol 1\u00a0livro_01_site Livro: Pesquisa, Preven\u00e7\u00e3o e Interven\u00e7\u00f5es as Drogas vol 2\u00a0livro_02_site Livro: [&hellip;]\" \/>\n<meta property=\"og:url\" content=\"https:\/\/www.cchla.ufpb.br\/gpsmdq\/livros-publicados\/\" \/>\n<meta property=\"og:site_name\" content=\"GRUPO DE PESQUISA EM SA\u00daDE MENTAL E DEPEND\u00caNCIA QU\u00cdMICA\" \/>\n<meta property=\"article:modified_time\" content=\"2018-07-19T16:55:07+00:00\" \/>\n<meta name=\"twitter:card\" content=\"summary_large_image\" \/>\n<script type=\"application\/ld+json\" class=\"yoast-schema-graph\">{\"@context\":\"https:\/\/schema.org\",\"@graph\":[{\"@type\":\"WebPage\",\"@id\":\"https:\/\/www.cchla.ufpb.br\/gpsmdq\/livros-publicados\/\",\"url\":\"https:\/\/www.cchla.ufpb.br\/gpsmdq\/livros-publicados\/\",\"name\":\"LIVROS PUBLICADOS - GRUPO DE PESQUISA EM SA\u00daDE MENTAL E DEPEND\u00caNCIA QU\u00cdMICA\",\"isPartOf\":{\"@id\":\"https:\/\/www.cchla.ufpb.br\/gpsmdq\/#website\"},\"datePublished\":\"2016-02-04T14:59:19+00:00\",\"dateModified\":\"2018-07-19T16:55:07+00:00\",\"breadcrumb\":{\"@id\":\"https:\/\/www.cchla.ufpb.br\/gpsmdq\/livros-publicados\/#breadcrumb\"},\"inLanguage\":\"pt-BR\",\"potentialAction\":[{\"@type\":\"ReadAction\",\"target\":[\"https:\/\/www.cchla.ufpb.br\/gpsmdq\/livros-publicados\/\"]}]},{\"@type\":\"BreadcrumbList\",\"@id\":\"https:\/\/www.cchla.ufpb.br\/gpsmdq\/livros-publicados\/#breadcrumb\",\"itemListElement\":[{\"@type\":\"ListItem\",\"position\":1,\"name\":\"In\u00edcio\",\"item\":\"https:\/\/www.cchla.ufpb.br\/gpsmdq\/\"},{\"@type\":\"ListItem\",\"position\":2,\"name\":\"LIVROS PUBLICADOS\"}]},{\"@type\":\"WebSite\",\"@id\":\"https:\/\/www.cchla.ufpb.br\/gpsmdq\/#website\",\"url\":\"https:\/\/www.cchla.ufpb.br\/gpsmdq\/\",\"name\":\"GRUPO DE PESQUISA EM SA\u00daDE MENTAL E DEPEND\u00caNCIA QU\u00cdMICA\",\"description\":\"(GPSMDQ)\",\"potentialAction\":[{\"@type\":\"SearchAction\",\"target\":{\"@type\":\"EntryPoint\",\"urlTemplate\":\"https:\/\/www.cchla.ufpb.br\/gpsmdq\/?s={search_term_string}\"},\"query-input\":\"required name=search_term_string\"}],\"inLanguage\":\"pt-BR\"}]}<\/script>\n<!-- \/ Yoast SEO plugin. -->","yoast_head_json":{"title":"LIVROS PUBLICADOS - GRUPO DE PESQUISA EM SA\u00daDE MENTAL E DEPEND\u00caNCIA QU\u00cdMICA","robots":{"index":"index","follow":"follow","max-snippet":"max-snippet:-1","max-image-preview":"max-image-preview:large","max-video-preview":"max-video-preview:-1"},"canonical":"https:\/\/www.cchla.ufpb.br\/gpsmdq\/livros-publicados\/","og_locale":"pt_BR","og_type":"article","og_title":"LIVROS PUBLICADOS - GRUPO DE PESQUISA EM SA\u00daDE MENTAL E DEPEND\u00caNCIA QU\u00cdMICA","og_description":"Para adquirir os exemplares abaixo entre em contato pelo e-mail: \u00a0grupopesquisasmdq@gmail.com\u00a0 Livro: Pesquisa, Preven\u00e7\u00e3o e Interven\u00e7\u00f5es as Drogas vol 1\u00a0livro_01_site Livro: Pesquisa, Preven\u00e7\u00e3o e Interven\u00e7\u00f5es as Drogas vol 2\u00a0livro_02_site Livro: [&hellip;]","og_url":"https:\/\/www.cchla.ufpb.br\/gpsmdq\/livros-publicados\/","og_site_name":"GRUPO DE PESQUISA EM SA\u00daDE MENTAL E DEPEND\u00caNCIA QU\u00cdMICA","article_modified_time":"2018-07-19T16:55:07+00:00","twitter_card":"summary_large_image","schema":{"@context":"https:\/\/schema.org","@graph":[{"@type":"WebPage","@id":"https:\/\/www.cchla.ufpb.br\/gpsmdq\/livros-publicados\/","url":"https:\/\/www.cchla.ufpb.br\/gpsmdq\/livros-publicados\/","name":"LIVROS PUBLICADOS - GRUPO DE PESQUISA EM SA\u00daDE MENTAL E DEPEND\u00caNCIA QU\u00cdMICA","isPartOf":{"@id":"https:\/\/www.cchla.ufpb.br\/gpsmdq\/#website"},"datePublished":"2016-02-04T14:59:19+00:00","dateModified":"2018-07-19T16:55:07+00:00","breadcrumb":{"@id":"https:\/\/www.cchla.ufpb.br\/gpsmdq\/livros-publicados\/#breadcrumb"},"inLanguage":"pt-BR","potentialAction":[{"@type":"ReadAction","target":["https:\/\/www.cchla.ufpb.br\/gpsmdq\/livros-publicados\/"]}]},{"@type":"BreadcrumbList","@id":"https:\/\/www.cchla.ufpb.br\/gpsmdq\/livros-publicados\/#breadcrumb","itemListElement":[{"@type":"ListItem","position":1,"name":"In\u00edcio","item":"https:\/\/www.cchla.ufpb.br\/gpsmdq\/"},{"@type":"ListItem","position":2,"name":"LIVROS PUBLICADOS"}]},{"@type":"WebSite","@id":"https:\/\/www.cchla.ufpb.br\/gpsmdq\/#website","url":"https:\/\/www.cchla.ufpb.br\/gpsmdq\/","name":"GRUPO DE PESQUISA EM SA\u00daDE MENTAL E DEPEND\u00caNCIA QU\u00cdMICA","description":"(GPSMDQ)","potentialAction":[{"@type":"SearchAction","target":{"@type":"EntryPoint","urlTemplate":"https:\/\/www.cchla.ufpb.br\/gpsmdq\/?s={search_term_string}"},"query-input":"required name=search_term_string"}],"inLanguage":"pt-BR"}]}},"_links":{"self":[{"href":"https:\/\/www.cchla.ufpb.br\/gpsmdq\/wp-json\/wp\/v2\/pages\/84"}],"collection":[{"href":"https:\/\/www.cchla.ufpb.br\/gpsmdq\/wp-json\/wp\/v2\/pages"}],"about":[{"href":"https:\/\/www.cchla.ufpb.br\/gpsmdq\/wp-json\/wp\/v2\/types\/page"}],"author":[{"embeddable":true,"href":"https:\/\/www.cchla.ufpb.br\/gpsmdq\/wp-json\/wp\/v2\/users\/2"}],"replies":[{"embeddable":true,"href":"https:\/\/www.cchla.ufpb.br\/gpsmdq\/wp-json\/wp\/v2\/comments?post=84"}],"version-history":[{"count":7,"href":"https:\/\/www.cchla.ufpb.br\/gpsmdq\/wp-json\/wp\/v2\/pages\/84\/revisions"}],"predecessor-version":[{"id":241,"href":"https:\/\/www.cchla.ufpb.br\/gpsmdq\/wp-json\/wp\/v2\/pages\/84\/revisions\/241"}],"wp:attachment":[{"href":"https:\/\/www.cchla.ufpb.br\/gpsmdq\/wp-json\/wp\/v2\/media?parent=84"}],"curies":[{"name":"wp","href":"https:\/\/api.w.org\/{rel}","templated":true}]}}