{"id":268,"date":"2025-05-20T02:26:23","date_gmt":"2025-05-20T02:26:23","guid":{"rendered":"https:\/\/www.cchla.ufpb.br\/inelc2\/?page_id=268"},"modified":"2026-03-17T19:08:27","modified_gmt":"2026-03-17T19:08:27","slug":"matriculas","status":"publish","type":"page","link":"https:\/\/www.cchla.ufpb.br\/inelc\/matriculas\/","title":{"rendered":"Matr\u00edculas &#8211; 2026.1"},"content":{"rendered":"\n<p><\/p>\n\n\n\n<p><strong>Per\u00edodo de matr\u00edcula para os cursos GRATUITOS de<\/strong> <strong><mark style=\"background-color:#0693e3\" class=\"has-inline-color has-white-color\">Mandarim (16 anos)<\/mark><\/strong><\/p>\n\n\n\n<p class=\"has-text-align-center\">\u2022 Para todos os alunos (novos e veteranos do InELC): <strong>23 a 25 de mar\u00e7o<\/strong> <strong>de 2026<\/strong><\/p>\n\n\n\n<p>A iniciativa integra o <strong>Acordo de Coopera\u00e7\u00e3o Acad\u00eamica firmado entre a UFPB e a<\/strong> Dalian University of Foreign Languages, na China, fortalecendo as a\u00e7\u00f5es de internacionaliza\u00e7\u00e3o e ampliando as oportunidades de aprendizagem de l\u00ednguas estrangeiras oferecidas pelo Instituto.<\/p>\n\n\n\n<p>Veja no link abaixo as orienta\u00e7\u00f5es para a inscri\u00e7\u00e3o no SIGAA:<\/p>\n\n\n\n<p class=\"has-text-align-center\"><a href=\"http:\/\/www.cchla.ufpb.br\/inelc\/wp-content\/uploads\/sites\/122\/sites\/260\/2026\/03\/INSTRUCOES-PARA-INSCRICAO-NO-SIGAA_MANDARIM-ADULTO_MAR_DE-2026.pdf\" target=\"_blank\" rel=\"noreferrer noopener\"><mark style=\"background-color:#fcb900\" class=\"has-inline-color\">CLIQUE AQUI PARA TER ACESSO AS ORIENTA\u00c7\u00d5ES DETALHADAS<\/mark><\/a><\/p>\n\n\n\n<p>N\u00edveis ofertados em 2026.1:<\/p>\n\n\n\n<p>\u2022 Mandarim (16 anos): 1, 2, 3 e 4<\/p>\n\n\n\n<p>Consultar a aba &#8220;<a href=\"https:\/\/www.cchla.ufpb.br\/inelc\/cursos\/\" target=\"_blank\" rel=\"noreferrer noopener\">CURSOS<\/a>&#8221; para ter acesso \u00e0 informa\u00e7\u00e3o sobre os dias e hor\u00e1rios de cada turma.<\/p>\n\n\n\n<p>Matr\u00edculas via SIGAA P\u00fablico: <a href=\"https:\/\/sigaa.ufpb.br\/publico\/\" target=\"_blank\" rel=\"noreferrer noopener\">https:\/\/sigaa.ufpb.br\/publico\/<\/a><\/p>\n\n\n\n<p>PREVIS\u00c3O DE IN\u00cdCIO DAS AULAS: <strong>na semana de 30 de mar\u00e7o de 2026<\/strong>.<\/p>\n\n\n\n<p>&#8212;&#8212;&#8212;&#8212;&#8212;&#8212;&#8212;&#8212;&#8212;&#8212;&#8212;&#8212;&#8212;&#8212;&#8212;&#8212;&#8212;&#8212;&#8212;&#8212;&#8212;&#8212;&#8212;&#8212;&#8212;&#8212;&#8212;&#8212;&#8212;&#8212;&#8212;&#8212;&#8212;&#8212;&#8212;&#8212;&#8212;&#8212;&#8212;&#8212;&#8212;<\/p>\n\n\n\n<p><strong>Per\u00edodo de matr\u00edcula para os cursos PAGOS de<\/strong> <strong><mark style=\"background-color:#cf2e2e\" class=\"has-inline-color has-white-color\">Mandarim KIDS (07 a 13 anos)<\/mark><\/strong><\/p>\n\n\n\n<p class=\"has-text-align-center\">\u2022 Para todos os alunos (novos e veteranos do InELC): <strong>23 a 25 de mar\u00e7o<\/strong> <strong>de 2026<\/strong><\/p>\n\n\n\n<p>Veja no link abaixo as orienta\u00e7\u00f5es para a inscri\u00e7\u00e3o no SIGAA:<\/p>\n\n\n\n<p class=\"has-text-align-center\"><a href=\"http:\/\/www.cchla.ufpb.br\/inelc\/wp-content\/uploads\/sites\/122\/sites\/260\/2026\/03\/INSTRUCOES-PARA-INSCRICAO-NO-SIGAA-E-PAGAMENTO-DA-GRU_MANDARIM-KIDS__MAR_DE-2026.pdf\" target=\"_blank\" rel=\"noreferrer noopener\"><mark style=\"background-color:#00d084\" class=\"has-inline-color\">CLIQUE AQUI PARA TER ACESSO AS ORIENTA\u00c7\u00d5ES DETALHADAS<\/mark><\/a><\/p>\n\n\n\n<p>Turmas ofertadas em 2026.1:<\/p>\n\n\n\n<p>\u2022 Mandarim KIDS (07 a 09 anos);<\/p>\n\n\n\n<p>\u2022 Mandarim KIDS (10 a 13 anos).<\/p>\n\n\n\n<p><br>\u2022 CURSOS DE 30h <br>\ud83d\udcb2 Taxa: R$ 110,00<\/p>\n\n\n\n<p><\/p>\n\n\n\n<p>Consultar a aba &#8220;<a href=\"https:\/\/www.cchla.ufpb.br\/inelc\/cursos\/\" target=\"_blank\" rel=\"noreferrer noopener\">CURSOS<\/a>&#8221; para ter acesso \u00e0 informa\u00e7\u00e3o sobre os dias e hor\u00e1rios de cada turma.<\/p>\n\n\n\n<p>Matr\u00edculas via SIGAA P\u00fablico: <a href=\"https:\/\/sigaa.ufpb.br\/publico\/\" target=\"_blank\" rel=\"noreferrer noopener\">https:\/\/sigaa.ufpb.br\/publico\/<\/a><\/p>\n\n\n\n<p>PREVIS\u00c3O DE IN\u00cdCIO DAS AULAS: <strong>s\u00e1bado, dia 28 de mar\u00e7o de 2026<\/strong>.<\/p>\n\n\n\n<p>&#8212;&#8212;&#8212;&#8212;&#8212;&#8212;&#8212;&#8212;&#8212;&#8212;&#8212;&#8212;&#8212;&#8212;&#8212;&#8212;&#8212;&#8212;&#8212;&#8212;&#8212;&#8212;&#8212;&#8212;&#8212;&#8212;&#8212;&#8212;&#8212;&#8212;&#8212;&#8212;&#8212;&#8212;&#8212;&#8212;&#8212;&#8212;&#8211;<\/p>\n\n\n\n<p><strong>Per\u00edodos de matr\u00edcula para os cursos de Coreano, Espanhol, Franc\u00eas, Ingl\u00eas, e LIBRAS<\/strong><\/p>\n\n\n\n<p class=\"has-text-align-center\"><br>\u2022 Para os alunos veteranos do InELC: <strong>23 a 27 de fevereiro<\/strong> <strong>de 2026<\/strong><br>\u2022 Para os novos alunos: <strong>02 a 05 de mar\u00e7o de 2026<\/strong><\/p>\n\n\n\n<p class=\"has-text-align-left\"><strong>Per\u00edodo de matr\u00edcula para o Curso de Conversa\u00e7\u00e3o em Ingl\u00eas<\/strong><\/p>\n\n\n\n<p class=\"has-text-align-center\">\u2022 Para todos os alunos (novos e veteranos do InELC): <strong>03 a 06 de mar\u00e7o<\/strong> <strong>de 2026<\/strong><br><\/p>\n\n\n\n<p class=\" \"><mark style=\"background-color:#fcb900\" class=\"has-inline-color has-black-color\">\u00c9 muito importante cumprir todas as etapas indicadas no documento a seguir para que a inscri\u00e7\u00e3o seja confirmada!<\/mark><\/p>\n\n\n\n<p>&#8212;&#8212;&#8212;&#8212;&#8212;&#8212;&#8212;&#8212;&#8212;&#8212;&#8212;&#8212;&#8212;&#8212;&#8212;&#8212;&#8212;&#8212;&#8212;&#8212;&#8212;&#8212;&#8212;&#8212;&#8212;&#8212;&#8212;&#8212;&#8212;&#8212;&#8212;&#8212;&#8212;&#8212;&#8212;&#8212;&#8212;&#8212;&#8212;&#8212;&#8212;<\/p>\n\n\n\n<p>ATEN\u00c7\u00c3O: Conforme o acordo administrativo entre a Dire\u00e7\u00e3o do CCHLA e a Dire\u00e7\u00e3o do InELC, todos os <strong>servidores (docentes, t\u00e9cnicos administrativos) e terceirizados, LOTADOS NO CCHLA<\/strong>, est\u00e3o isentos da taxa de inscri\u00e7\u00e3o.<\/p>\n\n\n\n<p>&#8212;&#8212;&#8212;&#8212;&#8212;&#8212;&#8212;&#8212;&#8212;&#8212;&#8212;&#8212;&#8212;&#8212;&#8212;&#8212;&#8212;&#8212;&#8212;&#8212;&#8212;&#8212;&#8212;&#8212;&#8212;&#8212;&#8212;&#8212;&#8212;&#8212;&#8212;&#8212;&#8212;&#8212;&#8212;&#8212;&#8212;&#8212;&#8212;&#8212;&#8212;<\/p>\n\n\n\n<p class=\" \">Veja no link abaixo as orienta\u00e7\u00f5es para a inscri\u00e7\u00e3o no SIGAA e para o pagamento da G.R.U.:&nbsp;<\/p>\n\n\n\n<p class=\"has-text-align-center\"><a href=\"http:\/\/www.cchla.ufpb.br\/inelc\/wp-content\/uploads\/sites\/122\/sites\/260\/2026\/02\/INSTRUCOES-PARA-INSCRICAO-NO-SIGAA-E-PAGAMENTO-DA-GRU_FEV_MAR_DE-2026.pdf\"><mark style=\"background-color:#ffffff\" class=\"has-inline-color\">CLIQUE AQUI PARA TER ACESSO AS ORIENTA\u00c7\u00d5ES DETALHADAS<\/mark><\/a><\/p>\n\n\n\n<p>ATEN\u00c7\u00c3O: PER\u00cdODO DE MATR\u00cdCULAS \u2013 2026.1 | InELC\/UFPB<\/p>\n\n\n\n<p>Fique por dentro das datas e as informa\u00e7\u00f5es importantes sobre os cursos de l\u00ednguas do InELC para o semestre 2026.1!<br>\u2800<br>Idiomas ofertados:<br>Coreano, Espanhol, Franc\u00eas, Ingl\u00eas e LIBRAS<\/p>\n\n\n\n<p>N\u00edveis ofertados em 2026.1:<\/p>\n\n\n\n<p> \u2022 Coreano: 1, 2 e 3 <\/p>\n\n\n\n<p>\u2022 Espanhol: 1, 2, 3, 4 e 5 <\/p>\n\n\n\n<p>\u2022 Franc\u00eas: 1, 2, 3 e 4 <\/p>\n\n\n\n<p>\u2022 Ingl\u00eas: 1, 2, 3, 4 e 5 <\/p>\n\n\n\n<p>\u2022 Ingl\u00eas CONVERSA\u00c7\u00c3O<\/p>\n\n\n\n<p>\u2022 LIBRAS: 1 e 3<br><\/p>\n\n\n\n<p>Consultar a aba &#8220;<a href=\"https:\/\/www.cchla.ufpb.br\/inelc\/cursos\/\">CURSOS<\/a>&#8221; para ter acesso \u00e0 informa\u00e7\u00e3o sobre os dias e hor\u00e1rios de cada turma.<\/p>\n\n\n\n<p><br>P\u00fablico-alvo:<br>\u2022 CURSOS DE 45h &#8211; Coreano, Espanhol, Franc\u00eas, Ingl\u00eas e LIBRAS: a partir de 16 anos<br>\ud83d\udcb2 Taxa: R$ 220,00<\/p>\n\n\n\n<p><br>\u2800\u2022 CURSO DE 30h &#8211; Ingl\u00eas CONVERSA\u00c7\u00c3O: a partir de 16 anos<br>\ud83d\udcb2 Taxa: R$ 165,00<\/p>\n\n\n\n<p>Matr\u00edculas via SIGAA P\u00fablico: <a href=\"https:\/\/sigaa.ufpb.br\/sigaa\/public\/extensao\/paginaListaPeriodosInscricoesAtividadesPublico.jsf?aba=p-extensao\">https:\/\/sigaa.ufpb.br\/sigaa\/public\/extensao\/paginaListaPeriodosInscricoesAtividadesPublico.jsf?aba=p-extensao<\/a><\/p>\n\n\n\n<p>PREVIS\u00c3O DE IN\u00cdCIO DAS AULAS: <strong>na semana de 09 de mar\u00e7o de 2026<\/strong>.<br>\u2800<br>\u26a0\ufe0f Aten\u00e7\u00e3o: os cursos de Mandarim KIDS (07 a 12 anos ) de Mandarim para maiores de 16 anos ter\u00e3o seus per\u00edodos de matr\u00edcula divulgados em breve.<\/p>\n\n\n\n<p>__________________________________________________________________________________<\/p>\n\n\n\n<p><strong>TESTE DE NIVELAMENTO<\/strong> &#8211;  2026.1 &#8211; Ingl\u00eas \u2022 Espanhol \u2022 Franc\u00eas <\/p>\n\n\n\n<p>Solicita\u00e7\u00e3o de inscri\u00e7\u00e3o:<br><strong>02\/02 (segunda-feira), \u00e0s 08h<\/strong><br>at\u00e9 <strong>04\/02 (quarta-feira), \u00e0s 12h<\/strong><\/p>\n\n\n\n<p>Exclusivamente pelo e-mail:<br><a>nivelamentoinelc@gmail.com<\/a><\/p>\n\n\n\n<p>Informar no e-mail:<br>\u2022 Nome completo<br>\u2022 Idioma desejado<br>\u2022 N\u00edvel a ser testado<\/p>\n\n\n\n<p>Lista de Inscritos &#8211; em 05\/02\/2026<\/p>\n\n\n\n<p>Para consultar a lista de inscritos para o nivelamento de ESPANHOL: <a href=\"http:\/\/www.cchla.ufpb.br\/inelc\/wp-content\/uploads\/sites\/122\/sites\/260\/2026\/02\/Inscritos-Nivelamento-2026.1-Inscritos-Espanhol-1.pdf\"><strong>CLIQUE AQUI<\/strong><\/a><\/p>\n\n\n\n<p>Para consultar a lista de inscritos para o nivelamento de FRANC\u00caS: <a href=\"http:\/\/www.cchla.ufpb.br\/inelc\/wp-content\/uploads\/sites\/122\/sites\/260\/2026\/02\/Inscritos-Nivelamento-2026.1-Inscritos-Frances-1.pdf\"><strong>CLIQUE AQUI<\/strong><\/a><\/p>\n\n\n\n<p>Para consultar a lista de inscritos para o nivelamento de INGL\u00caS: <strong><a href=\"http:\/\/www.cchla.ufpb.br\/inelc\/wp-content\/uploads\/sites\/122\/sites\/260\/2026\/02\/Inscritos-Nivelamento-2026.1-Inscritos-Ingles-1.pdf\">CLIQUE AQUI<\/a><\/strong><\/p>\n\n\n\n<p>Realiza\u00e7\u00e3o dos testes em <strong>06\/02\/2026<\/strong><\/p>\n\n\n\n<p>\ud83d\udcdd Teste escrito <br>09h \u00e0s 11h<br>Audit\u00f3rio 411 \u2013 CCHLA<\/p>\n\n\n\n<p>Obs.: O(a) candidato(a) tem a permiss\u00e3o de chegar ap\u00f3s \u00e0s 09h, entretanto o t\u00e9rmino do teste ser\u00e1 \u00e0s 11h<\/p>\n\n\n\n<p>\ud83d\udde3 Teste oral <br>14h \u00e0s 16h<br>Salas 407 e 504 \u2013 CCHLA<\/p>\n\n\n\n<p>Obs.: A avalia\u00e7\u00e3o \u00e9 individual e por ordem de chegada<\/p>\n\n\n\n<p><\/p>\n\n\n\n<p>** <mark style=\"background-color:#ffffff\" class=\"has-inline-color\">Resultado das avalia\u00e7\u00f5es (escrita e oral) dos testes de nivelamento para 2026.1: lista corrigida em 10\/02\/2026: <strong><a href=\"http:\/\/www.cchla.ufpb.br\/inelc\/wp-content\/uploads\/sites\/122\/sites\/260\/2026\/02\/Resultado-final_teste-de-nivelamento_2026_1.pdf\">clique aqui para ver o n\u00edvel recomendado<\/a><\/strong>.<\/mark><\/p>\n\n\n\n<p>__________________________________________________________________________________<\/p>\n\n\n\n<p class=\"has-medium-font-size\"><strong><mark style=\"background-color:#fcb900\" class=\"has-inline-color\">Isen\u00e7\u00e3o da taxa de inscri\u00e7\u00e3o<\/mark><\/strong><\/p>\n\n\n\n<p>Dia <strong>27\/02, das 08h ao meio dia (12h)<\/strong>, solicita\u00e7\u00e3o de isen\u00e7\u00e3o da taxa de inscri\u00e7\u00e3o para o <strong>Curso de Conversa\u00e7\u00e3o em Ingl\u00eas<\/strong> &#8211; 2026.1.<\/p>\n\n\n\n<p><strong>Quem pode solicitar:<\/strong><\/p>\n\n\n\n<ul class=\"wp-block-list\">\n<li>Servidores da UFPB com declara\u00e7\u00e3o funcional (SIGRH)<br>\u2022 2 vagas por turma | Ordem de inscri\u00e7\u00e3o<\/li>\n\n\n\n<li>Estudantes da UFPB inscritos no Cad\u00danico ou assistidos pela PRAPE\/COAPE, com comprova\u00e7\u00e3o de aux\u00edlio<br>\u2022 5 vagas por turma | Ordem de inscri\u00e7\u00e3o<\/li>\n<\/ul>\n\n\n\n<p>\ud83d\udccc S\u00f3 \u00e9 poss\u00edvel solicitar isen\u00e7\u00e3o para <strong>uma \u00fanica turma por semestre<\/strong>.<\/p>\n\n\n\n<p>Formul\u00e1rio para servidores da UFPB:<\/p>\n\n\n\n<p><a href=\"https:\/\/docs.google.com\/forms\/d\/e\/1FAIpQLSdrHEkSiIgGtT5ejOsfh4js2hn62SWlWuCsPyLvPIGYiQm2Zw\/closedform\" target=\"_blank\" rel=\"noreferrer noopener\"><strong>Clique aqui<\/strong><\/a><\/p>\n\n\n\n<p>Formul\u00e1rio para estudantes da UFPB:<\/p>\n\n\n\n<p><strong><a href=\"https:\/\/docs.google.com\/forms\/d\/e\/1FAIpQLSdp_IxYNW2B13wD-yWev8NcnhNwyQOaOtPFVk6okGDctAaDoQ\/closedform\" target=\"_blank\" rel=\"noreferrer noopener\">Clique aqui<\/a><\/strong><\/p>\n\n\n\n<p><mark style=\"background-color:#ffffff\" class=\"has-inline-color\">** <\/mark><mark style=\"background-color:#fcb900\" class=\"has-inline-color\">Homologa\u00e7\u00e3o das solicita\u00e7\u00f5es de isen\u00e7\u00e3o de taxa de inscri\u00e7\u00e3o para o CURSO DE CONVERSA\u00c7\u00c3O EM INGL\u00caS &#8211; 2026.1<\/mark><mark style=\"background-color:#ffffff\" class=\"has-inline-color\">: <strong><a href=\"http:\/\/www.cchla.ufpb.br\/inelc\/wp-content\/uploads\/sites\/122\/sites\/260\/2026\/03\/Homologacao_pedidos-de-isencao_CONVERSACAO-EM-INGLES_2026.1.pdf\" target=\"_blank\" rel=\"noreferrer noopener\">CLIQUE AQUI<\/a><\/strong><\/mark><\/p>\n\n\n\n<p><\/p>\n\n\n\n<p>&#8212;&#8212;&#8212;&#8212;&#8212;&#8212;&#8212;&#8212;&#8212;&#8212;&#8212;&#8212;&#8212;&#8212;&#8212;&#8212;&#8212;&#8212;&#8212;&#8212;&#8212;&#8212;&#8212;&#8212;&#8212;&#8212;&#8212;&#8212;&#8212;&#8212;&#8212;&#8212;&#8212;&#8212;&#8212;&#8212;&#8212;&#8212;&#8211;<\/p>\n\n\n\n<p>Dia <strong>09\/02, das 08h \u00e0s 20h<\/strong>, solicita\u00e7\u00e3o de isen\u00e7\u00e3o da taxa de inscri\u00e7\u00e3o para os Cursos de Idiomas 2026.1.<\/p>\n\n\n\n<p><strong>Quem pode solicitar:<\/strong><\/p>\n\n\n\n<ul class=\"wp-block-list\">\n<li>Servidores da UFPB com declara\u00e7\u00e3o funcional (SIGRH)<br>\u2022 2 vagas por turma | Ordem de inscri\u00e7\u00e3o<\/li>\n\n\n\n<li>Estudantes da UFPB inscritos no Cad\u00danico ou assistidos pela PRAPE\/COAPE, com comprova\u00e7\u00e3o de aux\u00edlio<br>\u2022 5 vagas por turma | Ordem de inscri\u00e7\u00e3o<\/li>\n<\/ul>\n\n\n\n<p>\ud83d\udccc S\u00f3 \u00e9 poss\u00edvel solicitar isen\u00e7\u00e3o para <strong>uma \u00fanica turma por semestre<\/strong>.<\/p>\n\n\n\n<p>Formul\u00e1rio para servidores da UFPB:<br><a href=\"https:\/\/forms.gle\/VvrXDDKzzmoXJ1nL9\">Clique aqui<\/a><\/p>\n\n\n\n<p>Formul\u00e1rio para estudantes da UFPB:<br><a href=\"https:\/\/forms.gle\/DpsQVzLduCgvB9u7A\">Clique aqui<\/a><a href=\"https:\/\/api.whatsapp.com\/send?text=Acesse%20esta%20p%C3%A1gina:%20https:\/\/www.cchla.ufpb.br\/inelc\/2025\/09\/11\/parceria-com-a-dalian-university-of-foreign-languages-oferece-cursos-gratuitos-de-mandarim-matriculas-abertas-para-maiores-de-16-anos\/\" target=\"_blank\" rel=\"noreferrer noopener\"><\/a><a href=\"https:\/\/twitter.com\/intent\/tweet?url=https:\/\/www.cchla.ufpb.br\/inelc\/2025\/09\/11\/parceria-com-a-dalian-university-of-foreign-languages-oferece-cursos-gratuitos-de-mandarim-matriculas-abertas-para-maiores-de-16-anos\/\" target=\"_blank\" rel=\"noreferrer noopener\"><\/a><a href=\"https:\/\/www.facebook.com\/sharer\/sharer.php?u=https:\/\/www.cchla.ufpb.br\/inelc\/2025\/09\/11\/parceria-com-a-dalian-university-of-foreign-languages-oferece-cursos-gratuitos-de-mandarim-matriculas-abertas-para-maiores-de-16-anos\/\" target=\"_blank\" rel=\"noreferrer noopener\"><\/a><\/p>\n\n\n\n<p><mark style=\"background-color:#ffffff\" class=\"has-inline-color\">** Homologa\u00e7\u00e3o das solicita\u00e7\u00f5es de isen\u00e7\u00e3o de taxa de inscri\u00e7\u00e3o 2026.1: <a href=\"http:\/\/www.cchla.ufpb.br\/inelc\/wp-content\/uploads\/sites\/122\/sites\/260\/2026\/02\/Homologacao_pedidos-de-isencao-2026.1.pdf\"><strong>CLIQUE AQUI<\/strong><\/a><\/mark><\/p>\n\n\n\n<p><\/p>\n","protected":false},"excerpt":{"rendered":"<p>Per\u00edodo de matr\u00edcula para os cursos GRATUITOS de Mandarim (16 anos) \u2022 Para todos os [&hellip;]<\/p>\n","protected":false},"author":147,"featured_media":0,"parent":0,"menu_order":0,"comment_status":"closed","ping_status":"closed","template":"","meta":{"footnotes":""},"class_list":["post-268","page","type-page","status-publish","hentry"],"_links":{"self":[{"href":"https:\/\/www.cchla.ufpb.br\/inelc\/wp-json\/wp\/v2\/pages\/268","targetHints":{"allow":["GET"]}}],"collection":[{"href":"https:\/\/www.cchla.ufpb.br\/inelc\/wp-json\/wp\/v2\/pages"}],"about":[{"href":"https:\/\/www.cchla.ufpb.br\/inelc\/wp-json\/wp\/v2\/types\/page"}],"author":[{"embeddable":true,"href":"https:\/\/www.cchla.ufpb.br\/inelc\/wp-json\/wp\/v2\/users\/147"}],"replies":[{"embeddable":true,"href":"https:\/\/www.cchla.ufpb.br\/inelc\/wp-json\/wp\/v2\/comments?post=268"}],"version-history":[{"count":68,"href":"https:\/\/www.cchla.ufpb.br\/inelc\/wp-json\/wp\/v2\/pages\/268\/revisions"}],"predecessor-version":[{"id":1022,"href":"https:\/\/www.cchla.ufpb.br\/inelc\/wp-json\/wp\/v2\/pages\/268\/revisions\/1022"}],"wp:attachment":[{"href":"https:\/\/www.cchla.ufpb.br\/inelc\/wp-json\/wp\/v2\/media?parent=268"}],"curies":[{"name":"wp","href":"https:\/\/api.w.org\/{rel}","templated":true}]}}