{"id":327,"date":"2025-06-11T14:33:10","date_gmt":"2025-06-11T14:33:10","guid":{"rendered":"https:\/\/www.cchla.ufpb.br\/inelc\/?page_id=327"},"modified":"2025-06-27T12:07:31","modified_gmt":"2025-06-27T12:07:31","slug":"coodernacao-2022-2024","status":"publish","type":"page","link":"https:\/\/www.cchla.ufpb.br\/inelc\/equipe\/coodernacao-2022-2024\/","title":{"rendered":"Coordena\u00e7\u00e3o 2022 &#8211; 2024"},"content":{"rendered":"\n<p>Coordena\u00e7\u00e3o de \u00e1rea de Forma\u00e7\u00e3o Continuada &#8211; Carolina Gomes<\/p>\n\n\n\n<p>Coordena\u00e7\u00e3o de \u00e1rea de Estudos Asi\u00e1ticos &#8211; Ana Berenice<\/p>\n\n\n\n<p>Coordena\u00e7\u00e3o de \u00e1rea de Espanol &#8211; Ruth Marcela<\/p>\n\n\n\n<p>Coordena\u00e7\u00e3o de \u00e1rea de Franc\u00eas &#8211; Karina Chianca<\/p>\n\n\n\n<p>Coordena\u00e7\u00e3o de \u00e1rea de Ingl\u00eas &#8211; B\u00e1rbara Cabral<\/p>\n\n\n\n<p>Coordena\u00e7\u00e3o de \u00e1rea de Portugu\u00eas &#8211; Cirineu Stein<\/p>\n\n\n\n<p>Coordena\u00e7\u00e3o de \u00e1rea de Tradu\u00e7\u00e3o &#8211; Roberto Carlos de Assis<\/p>\n\n\n\n<p>Coordena\u00e7\u00e3o de \u00e1rea de L\u00ednguas de Sinais &#8211; Nayara Adriano<\/p>\n\n\n\n<p>Coordena\u00e7\u00e3o de \u00e1rea de Media\u00e7\u00e3o Intercultural &#8211; Silvia Renata Ribeiro<\/p>\n\n\n\n<p><\/p>\n\n\n\n<p><strong>Contato<\/strong><\/p>\n\n\n\n<p>Telefone: 3216 7663<\/p>\n\n\n\n<p>&nbsp;E-mails:<\/p>\n\n\n\n<p><a href=\"mailto:diretoria.inelc@cchla.ufpb.br\" target=\"_blank\" rel=\"noreferrer noopener\">diretoria.inelc@cchla.ufpb.br<\/a><\/p>\n\n\n\n<p><a href=\"mailto:vice-diretoria.inelc@cchla.ufpb.br\" target=\"_blank\" rel=\"noreferrer noopener\">vice-diretoria.inelc@cchla.ufpb.br<\/a>&nbsp;<\/p>\n\n\n\n<p><a href=\"mailto:secretaria.inelc@cchla.ufpb.br\" target=\"_blank\" rel=\"noreferrer noopener\">secretaria.inelc@cchla.ufpb.br<\/a>&nbsp;<\/p>\n\n\n\n<p>Perfil no Instagram:<a href=\"https:\/\/www.instagram.com\/inelc.ufpb\/\" target=\"_blank\" rel=\"noreferrer noopener\">&nbsp;@inelc.ufpb<\/a><\/p>\n","protected":false},"excerpt":{"rendered":"<p>Coordena\u00e7\u00e3o de \u00e1rea de Forma\u00e7\u00e3o Continuada &#8211; Carolina Gomes Coordena\u00e7\u00e3o de \u00e1rea de Estudos Asi\u00e1ticos [&hellip;]<\/p>\n","protected":false},"author":145,"featured_media":0,"parent":25,"menu_order":0,"comment_status":"closed","ping_status":"closed","template":"","meta":{"footnotes":""},"class_list":["post-327","page","type-page","status-publish","hentry"],"_links":{"self":[{"href":"https:\/\/www.cchla.ufpb.br\/inelc\/wp-json\/wp\/v2\/pages\/327","targetHints":{"allow":["GET"]}}],"collection":[{"href":"https:\/\/www.cchla.ufpb.br\/inelc\/wp-json\/wp\/v2\/pages"}],"about":[{"href":"https:\/\/www.cchla.ufpb.br\/inelc\/wp-json\/wp\/v2\/types\/page"}],"author":[{"embeddable":true,"href":"https:\/\/www.cchla.ufpb.br\/inelc\/wp-json\/wp\/v2\/users\/145"}],"replies":[{"embeddable":true,"href":"https:\/\/www.cchla.ufpb.br\/inelc\/wp-json\/wp\/v2\/comments?post=327"}],"version-history":[{"count":3,"href":"https:\/\/www.cchla.ufpb.br\/inelc\/wp-json\/wp\/v2\/pages\/327\/revisions"}],"predecessor-version":[{"id":442,"href":"https:\/\/www.cchla.ufpb.br\/inelc\/wp-json\/wp\/v2\/pages\/327\/revisions\/442"}],"up":[{"embeddable":true,"href":"https:\/\/www.cchla.ufpb.br\/inelc\/wp-json\/wp\/v2\/pages\/25"}],"wp:attachment":[{"href":"https:\/\/www.cchla.ufpb.br\/inelc\/wp-json\/wp\/v2\/media?parent=327"}],"curies":[{"name":"wp","href":"https:\/\/api.w.org\/{rel}","templated":true}]}}