{"id":332,"date":"2025-06-11T14:33:38","date_gmt":"2025-06-11T14:33:38","guid":{"rendered":"https:\/\/www.cchla.ufpb.br\/inelc\/?page_id=332"},"modified":"2025-06-27T12:10:40","modified_gmt":"2025-06-27T12:10:40","slug":"coodernacao-2023-2025","status":"publish","type":"page","link":"https:\/\/www.cchla.ufpb.br\/inelc\/equipe\/coodernacao-2023-2025\/","title":{"rendered":"Coordena\u00e7\u00e3o 2023 &#8211; 2025\u00a0"},"content":{"rendered":"\n<p>Coordena\u00e7\u00e3o de \u00e1rea de L\u00ednguas Ind\u00edgenas &#8211; Carolina Aragon<\/p>\n\n\n\n<p>Coordena\u00e7\u00e3o de \u00e1rea de Letras Cl\u00e1ssicas &#8211; Alcione e Felipe<\/p>\n\n\n\n<p><\/p>\n\n\n\n<p><\/p>\n\n\n\n<p><strong>Contato<\/strong><\/p>\n\n\n\n<p>Telefone: 3216 &#8211; 7663<\/p>\n\n\n\n<p>&nbsp;E-mails:<\/p>\n\n\n\n<p><a href=\"mailto:diretoria.inelc@cchla.ufpb.br\" target=\"_blank\" rel=\"noreferrer noopener\">diretoria.inelc@cchla.ufpb.br<\/a><\/p>\n\n\n\n<p><a href=\"mailto:vice-diretoria.inelc@cchla.ufpb.br\" target=\"_blank\" rel=\"noreferrer noopener\">vice-diretoria.inelc@cchla.ufpb.br<\/a>&nbsp;<\/p>\n\n\n\n<p><a href=\"mailto:secretaria.inelc@cchla.ufpb.br\" target=\"_blank\" rel=\"noreferrer noopener\">secretaria.inelc@cchla.ufpb.br<\/a>&nbsp;<\/p>\n\n\n\n<p>Perfil no Instagram:<a href=\"https:\/\/www.instagram.com\/inelc.ufpb\/\" target=\"_blank\" rel=\"noreferrer noopener\">&nbsp;@inelc.ufpb<\/a><\/p>\n","protected":false},"excerpt":{"rendered":"<p>Coordena\u00e7\u00e3o de \u00e1rea de L\u00ednguas Ind\u00edgenas &#8211; Carolina Aragon Coordena\u00e7\u00e3o de \u00e1rea de Letras Cl\u00e1ssicas [&hellip;]<\/p>\n","protected":false},"author":145,"featured_media":0,"parent":25,"menu_order":0,"comment_status":"closed","ping_status":"closed","template":"","meta":{"footnotes":""},"class_list":["post-332","page","type-page","status-publish","hentry"],"_links":{"self":[{"href":"https:\/\/www.cchla.ufpb.br\/inelc\/wp-json\/wp\/v2\/pages\/332","targetHints":{"allow":["GET"]}}],"collection":[{"href":"https:\/\/www.cchla.ufpb.br\/inelc\/wp-json\/wp\/v2\/pages"}],"about":[{"href":"https:\/\/www.cchla.ufpb.br\/inelc\/wp-json\/wp\/v2\/types\/page"}],"author":[{"embeddable":true,"href":"https:\/\/www.cchla.ufpb.br\/inelc\/wp-json\/wp\/v2\/users\/145"}],"replies":[{"embeddable":true,"href":"https:\/\/www.cchla.ufpb.br\/inelc\/wp-json\/wp\/v2\/comments?post=332"}],"version-history":[{"count":5,"href":"https:\/\/www.cchla.ufpb.br\/inelc\/wp-json\/wp\/v2\/pages\/332\/revisions"}],"predecessor-version":[{"id":445,"href":"https:\/\/www.cchla.ufpb.br\/inelc\/wp-json\/wp\/v2\/pages\/332\/revisions\/445"}],"up":[{"embeddable":true,"href":"https:\/\/www.cchla.ufpb.br\/inelc\/wp-json\/wp\/v2\/pages\/25"}],"wp:attachment":[{"href":"https:\/\/www.cchla.ufpb.br\/inelc\/wp-json\/wp\/v2\/media?parent=332"}],"curies":[{"name":"wp","href":"https:\/\/api.w.org\/{rel}","templated":true}]}}