{"id":640,"date":"2025-09-09T14:31:25","date_gmt":"2025-09-09T14:31:25","guid":{"rendered":"https:\/\/www.cchla.ufpb.br\/inelc\/?page_id=640"},"modified":"2025-09-25T13:51:08","modified_gmt":"2025-09-25T13:51:08","slug":"equipe-2025-2","status":"publish","type":"page","link":"https:\/\/www.cchla.ufpb.br\/inelc\/equipe\/equipe-2025-2\/","title":{"rendered":"Equipe &#8211; 2025.2"},"content":{"rendered":"\n<p>Bolsistas e Volunt\u00e1rios<\/p>\n\n\n\n<p><strong>COREANO<\/strong><\/p>\n\n\n\n<figure class=\"wp-block-table\"><table class=\"has-fixed-layout\"><tbody><tr><td class=\"has-text-align-center\" data-align=\"center\">Turma<\/td><td class=\"has-text-align-center\" data-align=\"center\">Instrutora<\/td><td class=\"has-text-align-center\" data-align=\"center\">Tutora<\/td><\/tr><tr><td class=\"has-text-align-center\" data-align=\"center\">Coreano 1<\/td><td class=\"has-text-align-center\" data-align=\"center\">Lyvia Vit\u00f3ria Gomes de Sena<\/td><td class=\"has-text-align-center\" data-align=\"center\">Profa. Ana Berenice Peres Martorelli &#8211; DLEM<\/td><\/tr><tr><td class=\"has-text-align-center\" data-align=\"center\">Coreano 2<\/td><td class=\"has-text-align-center\" data-align=\"center\">L\u00edvia Aguiar Correia Cavalcanti<\/td><td class=\"has-text-align-center\" data-align=\"center\">Profa. Ana Berenice Peres Martorelli &#8211; DLEM<\/td><\/tr><\/tbody><\/table><\/figure>\n\n\n\n<p><\/p>\n\n\n\n<p><strong>ESPANHOL<\/strong><\/p>\n\n\n\n<figure class=\"wp-block-table\"><table class=\"has-fixed-layout\"><tbody><tr><td class=\"has-text-align-center\" data-align=\"center\">Turma<\/td><td class=\"has-text-align-center\" data-align=\"center\">Instrutora<\/td><td class=\"has-text-align-center\" data-align=\"center\">Tutora<\/td><\/tr><tr><td class=\"has-text-align-center\" data-align=\"center\">Espanhol 1<\/td><td class=\"has-text-align-center\" data-align=\"center\">Renata Kauanny Barbosa Xavier<\/td><td class=\"has-text-align-center\" data-align=\"center\">Prof. Andrea Silva Ponte \u2013 DLEM<\/td><\/tr><tr><td class=\"has-text-align-center\" data-align=\"center\">Espanhol 2<\/td><td class=\"has-text-align-center\" data-align=\"center\">Maria Eduarda Rocha da Silva<\/td><td class=\"has-text-align-center\" data-align=\"center\">Profa. Carolina Gomes da Silva &#8211; DLEM<\/td><\/tr><tr><td class=\"has-text-align-center\" data-align=\"center\">Espanhol 3<\/td><td class=\"has-text-align-center\" data-align=\"center\">Maria Eduarda Vasconcelos dos Santos<\/td><td class=\"has-text-align-center\" data-align=\"center\">Profa. Maria Luiza Teixeira Batista &#8211; DLEM<\/td><\/tr><tr><td class=\"has-text-align-center\" data-align=\"center\">Espanhol 4<\/td><td class=\"has-text-align-center\" data-align=\"center\">Camille Correia Vinagre<\/td><td class=\"has-text-align-center\" data-align=\"center\">Profa. Graziellen Gelli Pinheiro<br>Lima &#8211; DL<\/td><\/tr><\/tbody><\/table><\/figure>\n\n\n\n<p><\/p>\n\n\n\n<p><strong>FRANC\u00caS<\/strong><\/p>\n\n\n\n<figure class=\"wp-block-table\"><table class=\"has-fixed-layout\"><tbody><tr><td class=\"has-text-align-center\" data-align=\"center\">Turma<\/td><td class=\"has-text-align-center\" data-align=\"center\">Instrutor(a)<\/td><td class=\"has-text-align-center\" data-align=\"center\">Tutora<\/td><\/tr><tr><td class=\"has-text-align-center\" data-align=\"center\">Franc\u00eas 1<\/td><td class=\"has-text-align-center\" data-align=\"center\">Edite Gl\u00f3ria Marinho da Silva<\/td><td class=\"has-text-align-center\" data-align=\"center\"><\/td><\/tr><tr><td class=\"has-text-align-center\" data-align=\"center\">Franc\u00eas 2<\/td><td class=\"has-text-align-center\" data-align=\"center\">Clemence Gloria Bounda Mabiala<\/td><td class=\"has-text-align-center\" data-align=\"center\"><\/td><\/tr><tr><td class=\"has-text-align-center\" data-align=\"center\">Franc\u00eas 3<\/td><td class=\"has-text-align-center\" data-align=\"center\">Alex Lopes da Silva<\/td><td class=\"has-text-align-center\" data-align=\"center\"><\/td><\/tr><tr><td class=\"has-text-align-center\" data-align=\"center\">Franc\u00eas 4<\/td><td class=\"has-text-align-center\" data-align=\"center\">Chabrina Bienvenue Ngatse Ondaille<\/td><td class=\"has-text-align-center\" data-align=\"center\"><\/td><\/tr><tr><td class=\"has-text-align-center\" data-align=\"center\">Franc\u00eas 5<\/td><td class=\"has-text-align-center\" data-align=\"center\">Lucas Fernando Barbosa de Ara\u00fajo<\/td><td class=\"has-text-align-center\" data-align=\"center\"><\/td><\/tr><tr><td class=\"has-text-align-center\" data-align=\"center\">Franc\u00eas 6<\/td><td class=\"has-text-align-center\" data-align=\"center\">Katia Ferreira Fraga (volunt\u00e1ria)<\/td><td class=\"has-text-align-center\" data-align=\"center\"><\/td><\/tr><\/tbody><\/table><\/figure>\n\n\n\n<p><\/p>\n\n\n\n<p><strong>INGL\u00caS<\/strong><\/p>\n\n\n\n<figure class=\"wp-block-table\"><table class=\"has-fixed-layout\"><tbody><tr><td class=\"has-text-align-center\" data-align=\"center\">Turma<\/td><td class=\"has-text-align-center\" data-align=\"center\">Instrutor(a)<\/td><td class=\"has-text-align-center\" data-align=\"center\">Tutor(a)<\/td><\/tr><tr><td class=\"has-text-align-center\" data-align=\"center\">Ingl\u00eas 1 (T1)<\/td><td class=\"has-text-align-center\" data-align=\"center\">Aedson Silva de Lima<\/td><td class=\"has-text-align-center\" data-align=\"center\">Profa. Elaine Esp\u00edndola Baldisssera &#8211; DLEM<\/td><\/tr><tr><td class=\"has-text-align-center\" data-align=\"center\">Ingl\u00eas 1 (T2)<\/td><td class=\"has-text-align-center\" data-align=\"center\">Paulo Jos\u00e9 do Nascimento<\/td><td class=\"has-text-align-center\" data-align=\"center\">Prof. Tiago Lessas Jos\u00e9 de Almeida &#8211; DLEM<\/td><\/tr><tr><td class=\"has-text-align-center\" data-align=\"center\">Ingl\u00eas 1 (CCAE)<\/td><td class=\"has-text-align-center\" data-align=\"center\">Ana Beatriz Correa da Silva<\/td><td class=\"has-text-align-center\" data-align=\"center\">Prof. Edmilson de Albuquerque Borborema Filho &#8211; DLEM<\/td><\/tr><tr><td class=\"has-text-align-center\" data-align=\"center\">Ingl\u00eas 2 (T1)<\/td><td class=\"has-text-align-center\" data-align=\"center\">Gilv\u00e2nia Rebeca Galindo Gouveia<\/td><td class=\"has-text-align-center\" data-align=\"center\">Dennis de Souza Costa &#8211; Doutorando do PROLING<\/td><\/tr><tr><td class=\"has-text-align-center\" data-align=\"center\">Ingl\u00eas 2 (T2)<\/td><td class=\"has-text-align-center\" data-align=\"center\">Calebe Batista Ferreira<\/td><td class=\"has-text-align-center\" data-align=\"center\">Profa. Maria Aparecida de Oliveira &#8211; DLEM<\/td><\/tr><tr><td class=\"has-text-align-center\" data-align=\"center\">Ingl\u00eas 3<\/td><td class=\"has-text-align-center\" data-align=\"center\">Isabelle Fran\u00e7a Paix\u00e3o Ara\u00fajo<\/td><td class=\"has-text-align-center\" data-align=\"center\">Profa. B\u00e1rbara Cabral Ferreira &#8211; DLEM<\/td><\/tr><tr><td class=\"has-text-align-center\" data-align=\"center\">Ingl\u00eas 4<\/td><td class=\"has-text-align-center\" data-align=\"center\">La\u00edsa Maria de Sousa Almeida<\/td><td class=\"has-text-align-center\" data-align=\"center\">Profa. Rosyclea Dantas Silva &#8211; DLEM<\/td><\/tr><tr><td class=\"has-text-align-center\" data-align=\"center\">Ingl\u00eas 6<\/td><td class=\"has-text-align-center\" data-align=\"center\">Glaura Ferreira Alexandre<\/td><td class=\"has-text-align-center\" data-align=\"center\">Profa. Juliene Paiva de Ara\u00fajo Osias &#8211; DL<\/td><\/tr><\/tbody><\/table><\/figure>\n\n\n\n<p><\/p>\n\n\n\n<p><strong>LIBRAS<\/strong><\/p>\n\n\n\n<figure class=\"wp-block-table\"><table class=\"has-fixed-layout\"><tbody><tr><td class=\"has-text-align-center\" data-align=\"center\">Turma<\/td><td class=\"has-text-align-center\" data-align=\"center\">Instrutor<\/td><td class=\"has-text-align-center\" data-align=\"center\">Tutora<\/td><\/tr><tr><td class=\"has-text-align-center\" data-align=\"center\">LIBRAS 2<\/td><td class=\"has-text-align-center\" data-align=\"center\">Alisson da Silva Rufino<\/td><td class=\"has-text-align-center\" data-align=\"center\">Prof. Elaine Reis Laureano &#8211; DL<\/td><\/tr><\/tbody><\/table><\/figure>\n\n\n\n<p><\/p>\n\n\n\n<p><strong>MANDARIM<\/strong><\/p>\n\n\n\n<figure class=\"wp-block-table\"><table class=\"has-fixed-layout\"><tbody><tr><td class=\"has-text-align-center\" data-align=\"center\">Turma<\/td><td class=\"has-text-align-center\" data-align=\"center\">Instrutora<\/td><td class=\"has-text-align-center\" data-align=\"center\">Tutora<\/td><\/tr><tr><td class=\"has-text-align-center\" data-align=\"center\">Mandarim KIDS 07 a 09 anos<\/td><td class=\"has-text-align-center\" data-align=\"center\">Mariana Ara\u00fajo Costa Guimar\u00e3es<\/td><td class=\"has-text-align-center\" data-align=\"center\">Profa. Ana Berenice Peres Martorelli &#8211; DLEM<\/td><\/tr><tr><td class=\"has-text-align-center\" data-align=\"center\">Mandarim KIDS 10 a 12 anos (1)<\/td><td class=\"has-text-align-center\" data-align=\"center\">Crislaine da Concei\u00e7\u00e3o Silva<\/td><td class=\"has-text-align-center\" data-align=\"center\">Profa. Ana Berenice Peres Martorelli &#8211; DLEM<\/td><\/tr><tr><td class=\"has-text-align-center\" data-align=\"center\">Mandarim KIDS 10 a 12 anos (2)<\/td><td class=\"has-text-align-center\" data-align=\"center\">Camilly Estephany dos Santos (volunt\u00e1ria)<\/td><td class=\"has-text-align-center\" data-align=\"center\">Profa. Ana Berenice Peres Martorelli &#8211; DLEM<\/td><\/tr><\/tbody><\/table><\/figure>\n\n\n\n<p><\/p>\n","protected":false},"excerpt":{"rendered":"<p>Bolsistas e Volunt\u00e1rios COREANO Turma Instrutora Tutora Coreano 1 Lyvia Vit\u00f3ria Gomes de Sena Profa. [&hellip;]<\/p>\n","protected":false},"author":265,"featured_media":0,"parent":25,"menu_order":0,"comment_status":"closed","ping_status":"closed","template":"","meta":{"footnotes":""},"class_list":["post-640","page","type-page","status-publish","hentry"],"_links":{"self":[{"href":"https:\/\/www.cchla.ufpb.br\/inelc\/wp-json\/wp\/v2\/pages\/640","targetHints":{"allow":["GET"]}}],"collection":[{"href":"https:\/\/www.cchla.ufpb.br\/inelc\/wp-json\/wp\/v2\/pages"}],"about":[{"href":"https:\/\/www.cchla.ufpb.br\/inelc\/wp-json\/wp\/v2\/types\/page"}],"author":[{"embeddable":true,"href":"https:\/\/www.cchla.ufpb.br\/inelc\/wp-json\/wp\/v2\/users\/265"}],"replies":[{"embeddable":true,"href":"https:\/\/www.cchla.ufpb.br\/inelc\/wp-json\/wp\/v2\/comments?post=640"}],"version-history":[{"count":6,"href":"https:\/\/www.cchla.ufpb.br\/inelc\/wp-json\/wp\/v2\/pages\/640\/revisions"}],"predecessor-version":[{"id":687,"href":"https:\/\/www.cchla.ufpb.br\/inelc\/wp-json\/wp\/v2\/pages\/640\/revisions\/687"}],"up":[{"embeddable":true,"href":"https:\/\/www.cchla.ufpb.br\/inelc\/wp-json\/wp\/v2\/pages\/25"}],"wp:attachment":[{"href":"https:\/\/www.cchla.ufpb.br\/inelc\/wp-json\/wp\/v2\/media?parent=640"}],"curies":[{"name":"wp","href":"https:\/\/api.w.org\/{rel}","templated":true}]}}