{"id":125,"date":"2025-05-26T12:41:44","date_gmt":"2025-05-26T15:41:44","guid":{"rendered":"https:\/\/www.cchla.ufpb.br\/ingles\/?page_id=125"},"modified":"2025-05-26T12:48:32","modified_gmt":"2025-05-26T15:48:32","slug":"graduate-program-in-political-science-and-international-relations-cpri","status":"publish","type":"page","link":"https:\/\/www.cchla.ufpb.br\/ingles\/graduate-program-in-political-science-and-international-relations-cpri\/","title":{"rendered":"Graduate Program in Political Science And International Relations (CPRI)"},"content":{"rendered":"\n<h2 class=\"wp-block-heading\"><div class=\"linha-header\">Overview<\/div><\/h2>\n\n\n\n<p>The Graduate Program in Political Science and International Relations (PPGCPRI) at UFPB was created with the purpose of consolidating an integrated research agenda that fosters the productionof theoretical and methodological knowledge shared by these two academic fields. The Program&#8217;s primary objectives are to promote a solid training of human resources and the generation of qualified scientific research in Political Science and International Relations. By doing so, itaims to contribute to national development,with a particular focus on the Northeast region of Brazil.<\/p>\n\n\n\n<h2 class=\"wp-block-heading\"><div class=\"linha-header\">Area of Concentration and ResearchLines<\/div><\/h2>\n\n\n\n<h2 class=\"wp-block-heading\"><div class=\"linha-header\"><strong>PhD<\/strong><\/div><\/h2>\n\n\n\n<p class=\"has-medium-font-size\"><strong>Political Science and International Relations<\/strong><\/p>\n\n\n\n<p class=\"has-medium-font-size\"><strong>Research Lines:<\/strong><\/p>\n\n\n\n<p>1. POLITICAL INSTITUTIONS, FOREIGN POLICY AND INTERNATIONAL SECURITY;<\/p>\n\n\n\n<p>2.  POLITICAL THEORY, PUBLIC POLICY AND DEMOCRACY<\/p>\n\n\n\n<p>3. POLITICAL ECONOMY, INTERNATIONAL COOPERATION AND DEVELOPMENT<\/p>\n\n\n\n<h2 class=\"wp-block-heading\"><div class=\"linha-header\"><strong>Master&#8217;s Program<\/strong><\/div><\/h2>\n\n\n\n<p><strong>Political Science and International Relations;<\/strong><\/p>\n\n\n\n<p><strong>Research Lines:<\/strong><\/p>\n\n\n\n<p>1. POLITICAL INSTITUTIONS, FOREIGN POLICY AND INTERNATIONAL SECURITY;<\/p>\n\n\n\n<p>2.  POLITICAL THEORY, PUBLIC POLICY AND DEMOCRACY<\/p>\n\n\n\n<p>3. POLITICAL ECONOMY, INTERNATIONAL COOPERATION AND DEVELOPMENT<\/p>\n\n\n\n<p id=\"block-6a279930-454e-4e05-b24a-d6f789db56ec\"><br><a href=\"https:\/\/www.instagram.com\/plantao.tradufpb\/\"><strong><a href=\"https:\/\/www.instagram.com\/plantao.tradufpb\/\">Translation: Projeto InELC-Plant\u00e3o de Tradu\u00e7\u00e3o<\/a><\/strong><\/a><\/p>\n\n\n\n<p><\/p>\n","protected":false},"excerpt":{"rendered":"<p>Overview The Graduate Program in Political Science and International Relations (PPGCPRI) at UFPB was created [&hellip;]<\/p>\n","protected":false},"author":260,"featured_media":0,"parent":0,"menu_order":0,"comment_status":"closed","ping_status":"closed","template":"","meta":{"footnotes":""},"class_list":["post-125","page","type-page","status-publish","hentry"],"_links":{"self":[{"href":"https:\/\/www.cchla.ufpb.br\/ingles\/wp-json\/wp\/v2\/pages\/125","targetHints":{"allow":["GET"]}}],"collection":[{"href":"https:\/\/www.cchla.ufpb.br\/ingles\/wp-json\/wp\/v2\/pages"}],"about":[{"href":"https:\/\/www.cchla.ufpb.br\/ingles\/wp-json\/wp\/v2\/types\/page"}],"author":[{"embeddable":true,"href":"https:\/\/www.cchla.ufpb.br\/ingles\/wp-json\/wp\/v2\/users\/260"}],"replies":[{"embeddable":true,"href":"https:\/\/www.cchla.ufpb.br\/ingles\/wp-json\/wp\/v2\/comments?post=125"}],"version-history":[{"count":2,"href":"https:\/\/www.cchla.ufpb.br\/ingles\/wp-json\/wp\/v2\/pages\/125\/revisions"}],"predecessor-version":[{"id":128,"href":"https:\/\/www.cchla.ufpb.br\/ingles\/wp-json\/wp\/v2\/pages\/125\/revisions\/128"}],"wp:attachment":[{"href":"https:\/\/www.cchla.ufpb.br\/ingles\/wp-json\/wp\/v2\/media?parent=125"}],"curies":[{"name":"wp","href":"https:\/\/api.w.org\/{rel}","templated":true}]}}