{"id":66,"date":"2024-06-26T12:29:18","date_gmt":"2024-06-26T12:29:18","guid":{"rendered":"https:\/\/www.cchla.ufpb.br\/ingles\/?page_id=66"},"modified":"2024-06-26T16:51:17","modified_gmt":"2024-06-26T16:51:17","slug":"translation","status":"publish","type":"page","link":"https:\/\/www.cchla.ufpb.br\/ingles\/translation\/","title":{"rendered":"Translation"},"content":{"rendered":"\n<p>The Bachelor&#8217;s Degree in Translation was established in 2009 with the primary objective of training translation professionals whose practices align with societal needs. Curriculum Duration: Minimum: 8 academic semesters \/ Maximum: 12 academic semesters Working Languages: English and Portuguese. English begins at B1 level, as per the Common European Framework of Reference for Languages.<\/p>\n\n\n\n<p>Number of Available Positions: 30 (for entry in the first academic semester)<\/p>\n\n\n\n<p>Course Objectives<\/p>\n\n\n\n<p>General: To facilitate the development of translation competence, enabling graduates to enter the translation job market and continue autonomous learning to refine expertise.<\/p>\n\n\n\n<p>Specific:<\/p>\n\n\n\n<p>\u25cf Reflect on the significance of language as a medium for intercultural mediation in human socialization, and the importance of professional translation, developing specific competences and skills for individual and team tasks.<\/p>\n\n\n\n<p>\u25cf Read, analyze, revise, and produce texts across different language varieties and contexts.<\/p>\n\n\n\n<p>\u25cf Utilize computer resources, online dictionaries, databases, search engines, and language processing tools across various media.<\/p>\n\n\n\n<p>\u25cf Translate texts across diverse fields.<\/p>\n\n\n\n<p>\u25cf Foster an interest in research and the exercise of autonomy and agility in addressing translation challenges.<\/p>\n\n\n\n<p>\u25cf Conduct translation activities with quality, punctuality, and ethics.<\/p>\n\n\n\n<p>\u25cf Propose translation models to promote innovative practices among translators and engage in forums for discussing and disseminating advancements in the field.<\/p>\n\n\n\n<p>\u25cf Contribute to enhancing the tools utilized in translation work.<\/p>\n\n\n\n<p>\u25cf Support research development in translation and bolster existing research group initiatives on the national and global scientific stage.<\/p>\n\n\n\n<p>\u25cf Strengthen researcher training with a focus on translation, preparing them for future roles in higher education within the field.<\/p>\n\n\n\n<p>\u25cf Contribute to establishing a reference center for translation studies, given the evident growth of Translation Studies in the country.<\/p>\n\n\n\n<p>More information at: <a href=\"https:\/\/sigaa.ufpb.br\/sigaa\/public\/curso\/portal.jsf?lc=en_US&amp;id=1626816\">https:\/\/sigaa.ufpb.br\/sigaa\/public\/curso\/portal.jsf?lc=en_US&amp;id=1626816<\/a><\/p>\n\n\n\n<div style=\"height:25px\" aria-hidden=\"true\" class=\"wp-block-spacer\"><\/div>\n\n\n\n<p class=\"has-small-font-size\"><strong><a href=\"https:\/\/www.instagram.com\/plantao.tradufpb\/\">Translation:  Projeto InELC-Plant\u00e3o de Tradu\u00e7\u00e3o<\/a><\/strong><\/p>\n","protected":false},"excerpt":{"rendered":"<p>The Bachelor&#8217;s Degree in Translation was established in 2009 with the primary objective of training [&hellip;]<\/p>\n","protected":false},"author":63,"featured_media":0,"parent":0,"menu_order":0,"comment_status":"closed","ping_status":"closed","template":"","meta":{"footnotes":""},"class_list":["post-66","page","type-page","status-publish","hentry"],"_links":{"self":[{"href":"https:\/\/www.cchla.ufpb.br\/ingles\/wp-json\/wp\/v2\/pages\/66","targetHints":{"allow":["GET"]}}],"collection":[{"href":"https:\/\/www.cchla.ufpb.br\/ingles\/wp-json\/wp\/v2\/pages"}],"about":[{"href":"https:\/\/www.cchla.ufpb.br\/ingles\/wp-json\/wp\/v2\/types\/page"}],"author":[{"embeddable":true,"href":"https:\/\/www.cchla.ufpb.br\/ingles\/wp-json\/wp\/v2\/users\/63"}],"replies":[{"embeddable":true,"href":"https:\/\/www.cchla.ufpb.br\/ingles\/wp-json\/wp\/v2\/comments?post=66"}],"version-history":[{"count":3,"href":"https:\/\/www.cchla.ufpb.br\/ingles\/wp-json\/wp\/v2\/pages\/66\/revisions"}],"predecessor-version":[{"id":108,"href":"https:\/\/www.cchla.ufpb.br\/ingles\/wp-json\/wp\/v2\/pages\/66\/revisions\/108"}],"wp:attachment":[{"href":"https:\/\/www.cchla.ufpb.br\/ingles\/wp-json\/wp\/v2\/media?parent=66"}],"curies":[{"name":"wp","href":"https:\/\/api.w.org\/{rel}","templated":true}]}}