{"id":19,"date":"2024-09-02T14:25:34","date_gmt":"2024-09-02T14:25:34","guid":{"rendered":"https:\/\/www.cchla.ufpb.br\/labfictio\/?page_id=19"},"modified":"2025-03-08T10:32:58","modified_gmt":"2025-03-08T10:32:58","slug":"sobre-nos","status":"publish","type":"page","link":"https:\/\/www.cchla.ufpb.br\/labfictio\/sobre-nos\/","title":{"rendered":"Sobre n\u00f3s"},"content":{"rendered":"\n<p>O Laborat\u00f3rio de Antropologia da Fic\u00e7\u00e3o \u2013&nbsp;<em>LabFictio<\/em>&nbsp;(antes intitulado GEAL-Grupo de Estudos em Antropologia Liter\u00e1ria) \u00e9 formado por pesquisadores interessados nas teorias do Efeito Est\u00e9tico e seu prolongamento, a Antropologia Liter\u00e1ria, cunhadas por Wolfgang Iser. O&nbsp;<em>LabFictio<\/em>&nbsp;tem como objetivo construir uma aproxima\u00e7\u00e3o metate\u00f3rica\/metaprocedimental para explicita\u00e7\u00e3o do processo de leitura\/especta\u00e7\u00e3o de fic\u00e7\u00e3o. Para tanto, produz pesquisas de \u00e2mbito interdisciplinar e repercuss\u00e3o na pr\u00e1tica educativa, sobretudo no ensino de leitura liter\u00e1ria, e realiza estudos voltados para Mapeamentos da Experi\u00eancia Est\u00e9tica (MAPEE) \u2500 indica\u00e7\u00e3o dos conceitos principais da compreens\u00e3o iseriana sobre ficcionaliza\u00e7\u00e3o realizada durante intera\u00e7\u00e3o com romance, poesia, cinema e demais express\u00f5es art\u00edsticas \u2014, redimensionando o conceito de Antropologia Liter\u00e1ria para Antropologia da Fic\u00e7\u00e3o.<\/p>\n\n\n\n<p>O\u00a0<em>LabFictio<\/em>\u00a0com a atual configura\u00e7\u00e3o, vinculado ao Programa de P\u00f3s-Gradua\u00e7\u00e3o em Letras (PPGL\/CCHLA\/UFPB) foi fundado em 2018 pela professora Carmen Sevilla Gon\u00e7alves dos Santos, todavia, suas origens est\u00e3o ligadas \u00e0 publica\u00e7\u00e3o em livro da sua tese de doutoramento Teoria do Efeito Est\u00e9tico e Teoria Hist\u00f3rico-Cultural: o leitor como interface \u2014 em que a autora faz uma articula\u00e7\u00e3o entre as teorias de W. Iser e L. S. Vygotsky \u2014 em 2009. A partir dessa publica\u00e7\u00e3o v\u00e1rios projetos de pesquisa e extens\u00e3o foram desenvolvidos na UFPB, mais especificamente no Centro de Educa\u00e7\u00e3o, sendo coordenados pela professora Carmen Sevilla G. dos Santos (DFE\/CE\/UFPB) e pelo professor Fernando C\u00e9zar Bezerra de Andrade (DFE\/CE\/UFPB). Em 2015, a tem\u00e1tica do referido livro tornou-se, de modo mais persp\u00edcuo, foco do CANAL 67 (Cinema Articulado \u00e0s No\u00e7\u00f5es da Antropologia Liter\u00e1ria, 6\u00aa e 7\u00aa artes). Esse Programa integrava projetos de PROLICEN, PROBEX, PIBIC e envolvia 11 bolsistas. Nele, criou-se e testou-se as primeiras vers\u00f5es do Mapeamento da Experi\u00eancia Est\u00e9tica com textos liter\u00e1rios e filmes (MAPEE), como tamb\u00e9m o Roteiro Did\u00e1tico Metaprocedimental (RDM), cuja finalidade \u00e9 a de auxiliar professores na media\u00e7\u00e3o de seus alunos com a experi\u00eancia est\u00e9tica advinda da leitura liter\u00e1ria. De 2015 para c\u00e1, diversos trabalhos foram produzidos, sofisticando-se a elabora\u00e7\u00e3o da metodologia MAPEE e do instrumento de media\u00e7\u00e3o, RDM, como tamb\u00e9m da interface Antropologia Liter\u00e1ria\/Fic\u00e7\u00e3o e outras artes. Disserta\u00e7\u00f5es, Teses e Trabalhos de Conclus\u00e3o de Curso foram conclu\u00eddos, livros e artigos foram publicados, assim como os Anais do I Congresso Nacional de Estudos Iserianos realizado em 2022 (acesso nas se\u00e7\u00f5es referentes em nosso site).<br><br>Atualmente, o\u00a0<em>LabFictio<\/em>\u00a0\u00e9 coordenado pela professora doutora Fabiana Ferreira da Costa e pela professora doutora Larissa Brito dos Santos.<\/p>\n\n\n\n<p>Para mais informa\u00e7\u00f5es acessar<a href=\"https:\/\/www.gealufpb.com\/\" target=\"_blank\" rel=\"noreferrer noopener\">&nbsp;<\/a><a href=\"https:\/\/www.labfictio-ufpb.com\/\" target=\"_blank\" rel=\"noreferrer noopener\">https:\/\/www.labfictio-ufpb.com\/<\/a><\/p>\n\n\n\n<p><\/p>\n","protected":false},"excerpt":{"rendered":"<p>O Laborat\u00f3rio de Antropologia da Fic\u00e7\u00e3o \u2013\u00a0LabFictio\u00a0(antes intitulado GEAL-Grupo de Estudos em Antropologia Liter\u00e1ria) \u00e9 formado por pesquisadores interessados nas teorias do Efeito Est\u00e9tico e seu prolongamento, a Antropologia Liter\u00e1ria, cunhadas por Wolfgang Iser. O\u00a0LabFictio\u00a0tem como objetivo construir uma aproxima\u00e7\u00e3o metate\u00f3rica\/metaprocedimental para explicita\u00e7\u00e3o do processo de leitura\/especta\u00e7\u00e3o de fic\u00e7\u00e3o.<\/p>\n","protected":false},"author":47,"featured_media":14,"parent":0,"menu_order":0,"comment_status":"closed","ping_status":"closed","template":"","meta":{"footnotes":""},"class_list":["post-19","page","type-page","status-publish","has-post-thumbnail","hentry"],"_links":{"self":[{"href":"https:\/\/www.cchla.ufpb.br\/labfictio\/wp-json\/wp\/v2\/pages\/19","targetHints":{"allow":["GET"]}}],"collection":[{"href":"https:\/\/www.cchla.ufpb.br\/labfictio\/wp-json\/wp\/v2\/pages"}],"about":[{"href":"https:\/\/www.cchla.ufpb.br\/labfictio\/wp-json\/wp\/v2\/types\/page"}],"author":[{"embeddable":true,"href":"https:\/\/www.cchla.ufpb.br\/labfictio\/wp-json\/wp\/v2\/users\/47"}],"replies":[{"embeddable":true,"href":"https:\/\/www.cchla.ufpb.br\/labfictio\/wp-json\/wp\/v2\/comments?post=19"}],"version-history":[{"count":3,"href":"https:\/\/www.cchla.ufpb.br\/labfictio\/wp-json\/wp\/v2\/pages\/19\/revisions"}],"predecessor-version":[{"id":81,"href":"https:\/\/www.cchla.ufpb.br\/labfictio\/wp-json\/wp\/v2\/pages\/19\/revisions\/81"}],"wp:featuredmedia":[{"embeddable":true,"href":"https:\/\/www.cchla.ufpb.br\/labfictio\/wp-json\/wp\/v2\/media\/14"}],"wp:attachment":[{"href":"https:\/\/www.cchla.ufpb.br\/labfictio\/wp-json\/wp\/v2\/media?parent=19"}],"curies":[{"name":"wp","href":"https:\/\/api.w.org\/{rel}","templated":true}]}}