{"id":10,"date":"2014-08-26T14:00:23","date_gmt":"2014-08-26T14:00:23","guid":{"rendered":"http:\/\/www.cchla.ufpb.br\/laept\/?page_id=10"},"modified":"2022-07-29T13:02:13","modified_gmt":"2022-07-29T13:02:13","slug":"pesquisas-em-andamento-2","status":"publish","type":"page","link":"https:\/\/www.cchla.ufpb.br\/laept\/?page_id=10","title":{"rendered":"Pesquisas em Andamento"},"content":{"rendered":"<div class=\"layout-cell layout-cell-9\">\n<h1 class=\"layout-cell-pad-5\">SUAPE, o Novo Desenvolvimento e os Conflitos do Trabalho<\/h1>\n<\/div>\n<div class=\"layout-cell layout-cell-3 text-align-right\">\n<div class=\"layout-cell-pad-5 text-align-right\"><b>\u00a0<\/b><\/div>\n<\/div>\n<div class=\"layout-cell layout-cell-9\">\n<div class=\"layout-cell-pad-5\" style=\"text-align: justify;\">Este projeto de pesquisa comp\u00f5e um esfor\u00e7o de investiga\u00e7\u00e3o mais amplo, que se articula no \u00e2mbito do Laborat\u00f3rio de Pol\u00edticas P\u00fablicas e Trabalho (LAEPT). A hip\u00f3tese principal que norteia o projeto &#8220;guarda-chuva&#8221; \u00e9 a de que a reedi\u00e7\u00e3o de discursos e pr\u00e1ticas referidos \u00e0 ideia de desenvolvimento produz deslocamentos importantes nas din\u00e2micas sociais que implicam sobre o trabalho, as pol\u00edticas p\u00fablicas, a a\u00e7\u00e3o coletiva, a participa\u00e7\u00e3o pol\u00edtica, entre outros aspectos. No que refere particularmente a este projeto de pesquisa, a aten\u00e7\u00e3o se concentra sobre a problem\u00e1tica do trabalho, especialmente quanto \u00e0s dimens\u00f5es social e pol\u00edtica nela implicadas. Busca-se discutir, pela \u00f3tica do trabalho e de seus conflitos, a emerg\u00eancia de uma nova agenda de desenvolvimento no Brasil. Seu foco s\u00e3o as revoltas e greves dos trabalhadores que atuam nos empreendimentos do Complexo Industrial Portu\u00e1rio de Suape e a din\u00e2mica sindical que vem se estabelecendo na regi\u00e3o. Assim, por meio de um estudo focado no Complexo Industrial Portu\u00e1rio de Suape, empreendimento situado na Regi\u00e3o Metropolitana de Recife, o qual se converteu em uma das principais frentes de investimentos do Programa de Acelera\u00e7\u00e3o do Crescimento &#8211; PAC, este por sua vez tendo se tornado o mais destacado instrumento da nova pol\u00edtica de desenvolvimento do Governo Federal, no \u00faltimo mandato de Lula (2007 a 2010) e no atual mandato de Dilma (2011-2014), nos perguntamos: que implica\u00e7\u00f5es as novas din\u00e2micas ali institu\u00eddas, a partir de 2007, t\u00eam trazido para as condi\u00e7\u00f5es, as rela\u00e7\u00f5es e os conflitos do mundo do trabalho e para a din\u00e2mica sindical? Na outra m\u00e3o, que problematiza\u00e7\u00f5es tais conforma\u00e7\u00f5es pr\u00e1tico-discursivas em torno do trabalho t\u00eam colocado para a nova quest\u00e3o do desenvolvimento? A partir da atual experi\u00eancia de Suape, \u00e9 poss\u00edvel se falar na institui\u00e7\u00e3o de novos par\u00e2metros para as rela\u00e7\u00f5es de trabalho, que indique um horizonte de supera\u00e7\u00e3o do seu car\u00e1ter predominantemente prec\u00e1rio, ainda mais em uma regi\u00e3o do pa\u00eds tida como historicamente perif\u00e9rica? Ou, ao contr\u00e1rio, se trata de novas formas de reprodu\u00e7\u00e3o dessa condi\u00e7\u00e3o?<\/div>\n<\/div>\n<div class=\"layout-cell-pad-5\" style=\"text-align: justify;\">Respons\u00e1vel: <span style=\"color: #000000;\">Roberto V\u00e9ras de Oliveira<\/span><\/div>\n<div class=\"layout-cell-pad-5\" style=\"text-align: justify;\"><\/div>\n<div class=\"layout-cell-pad-5\" style=\"text-align: justify;\"><\/div>\n<div class=\"layout-cell-pad-5\" style=\"text-align: justify;\">\n<hr \/>\n<\/div>\n<h1 class=\"layout-cell-pad-5\" style=\"text-align: justify;\"><\/h1>\n<div class=\"layout-cell-pad-5\" style=\"text-align: justify;\">\n<div class=\"layout-cell layout-cell-9\">\n<h1 class=\"layout-cell-pad-5\"><\/h1>\n<h1 class=\"layout-cell-pad-5\"><\/h1>\n<h1 class=\"layout-cell-pad-5\"><\/h1>\n<h1 class=\"layout-cell-pad-5\"><\/h1>\n<h1 class=\"layout-cell-pad-5\"><\/h1>\n<h1 class=\"layout-cell-pad-5\"><\/h1>\n<h1 class=\"layout-cell-pad-5\">As V\u00e1rias Faces do Bolsa Fam\u00edlia: Um estudo qualitativo sobre o impacto do Programa Bolsa Fam\u00edlia a partir da diversidade de perfis que comp\u00f5em o seu p\u00fablico benefici\u00e1rio<\/h1>\n<\/div>\n<div class=\"layout-cell-pad-5\"><\/div>\n<div class=\"layout-cell-pad-5\">Pesquisa qualitativa de car\u00e1ter comparado que objetiva analisar o impacto do Programa Bolsa Fam\u00edlia na vida da popula\u00e7\u00e3o atendida, partindo da desagrega\u00e7\u00e3o da categoria de ?p\u00fablico benefici\u00e1rio? em 10 (dez) perfis distintos. Estudo conduzido na cidade de Jo\u00e3o Pessoa, PB.<\/div>\n<div class=\"layout-cell-pad-5\">Respons\u00e1vel: <span style=\"color: #000000;\">Rog\u00e9rio de Souza Medeiros<\/span><\/div>\n<\/div>\n<div class=\"layout-cell-pad-5\" style=\"text-align: justify;\"><\/div>\n<h4 class=\"layout-cell-pad-5\" style=\"text-align: justify;\"><\/h4>\n<p>&nbsp;<\/p>\n<hr \/>\n<h4 class=\"layout-cell-pad-5\" style=\"text-align: justify;\"><\/h4>\n<div class=\"layout-cell-pad-5\" style=\"text-align: justify;\">\n<div class=\"layout-cell layout-cell-3 text-align-right\">\n<div class=\"layout-cell-pad-5 text-align-right\">\n<h1><\/h1>\n<h1>SUAPE e o Novo Desenvolvimentismo na perspectiva da Gest\u00e3o P\u00fablica no \u00e2mbito Local: finan\u00e7as p\u00fablicas, crescimento econ\u00f4mico e equidade nos munic\u00edpios de Cabo de Santo Agostinho, Ipojuca e Moreno<\/h1>\n<p>&nbsp;<\/p>\n<\/div>\n<\/div>\n<div class=\"layout-cell layout-cell-9\">\n<div class=\"layout-cell-pad-5\">O projeto versa sobre a problem\u00e1tica da gest\u00e3o p\u00fablica no \u00e2mbito local a partir de um estudo focado no Complexo Industrial Portu\u00e1rio de Suape, uma das principais frentes de investimentos do Programa de Acelera\u00e7\u00e3o do Crescimento, o PAC, instrumento central da nova pol\u00edtica de desenvolvimento do Governo Federal. O objetivo da pesquisa proposta \u00e9 o de verificar as implica\u00e7\u00f5es das novas din\u00e2micas ali institu\u00eddas, a partir de 2007, para as condi\u00e7\u00f5es sociais, pol\u00edticas e econ\u00f4micas das popula\u00e7\u00f5es dos munic\u00edpios componentes do territ\u00f3rio estrat\u00e9gico no qual o Complexo est\u00e1 instalado, focalizando especialmente os munic\u00edpios de Ipojuca, Cabo de Santo Agostinho e Moreno, procurando destacar de que forma o r\u00e1pido crescimento populacional e econ\u00f4mico de algumas cidades do entorno de Suape v\u00eam impactando nos investimentos em infra-estrutura e pol\u00edticas sociais e interferindo nos padr\u00f5es de formula\u00e7\u00e3o, execu\u00e7\u00e3o, controle e avalia\u00e7\u00e3o das pol\u00edticas p\u00fablicas. Para tanto, ser\u00e1 preciso verificar se o r\u00e1pido e significativo aumento da atividade econ\u00f4mica da regi\u00e3o vem permitindo uma gest\u00e3o ambiental respons\u00e1vel e uma melhoria no desenvolvimento humano, na qualidade de vida e da renda da popula\u00e7\u00e3o destes munic\u00edpios, buscando responder: em que medida o crescimento econ\u00f4mico promovido por Suape vem influenciando nos padr\u00f5es de integra\u00e7\u00e3o social e distribui\u00e7\u00e3o da renda de forma a promover o desenvolvimento com equidade? Estas quest\u00f5es, partidas da an\u00e1lise focada nas implica\u00e7\u00f5es locais, permitir\u00e3o uma reflex\u00e3o sobre os sentidos, os termos, os alcances e limites dos novos discursos e pr\u00e1ticas inscritas na sob a \u00e9gide da nova quest\u00e3o do desenvolvimento no pa\u00eds.<\/div>\n<div class=\"layout-cell-pad-5\">\n<p>Respons\u00e1vel:\u00a0<span style=\"color: #000000;\">Jos\u00e9 Henrique Artigas de Godoy<\/span><\/p>\n<\/div>\n<\/div>\n<\/div>\n<h1 class=\"nome\" tabindex=\"0\"><\/h1>\n<hr \/>\n<p>&nbsp;<\/p>\n<div class=\"layout-cell layout-cell-9\">\n<h1 class=\"layout-cell-pad-5\" style=\"text-align: justify;\">A Din\u00e2mica da Subcontrata\u00e7\u00e3o no Complexo SUAPE: Novo Desenvolvimentismo sob as velhas bases do Trabalho Prec\u00e1rio?<\/h1>\n<\/div>\n<div class=\"layout-cell layout-cell-3 text-align-right\">\n<div class=\"layout-cell-pad-5 text-align-right\"><b>\u00a0<\/b><\/div>\n<\/div>\n<div class=\"layout-cell layout-cell-9\">\n<div class=\"layout-cell-pad-5\" style=\"text-align: justify;\">Descri\u00e7\u00e3o: O projeto tem como objetivo estudar a din\u00e2mica dos empregos gerados no complexo SUAPE tendo como foco as estrat\u00e9gias da subcontrata\u00e7\u00e3o\/terceiriza\u00e7\u00e3o. Mais especificamente, pretende-se estudar o padr\u00e3o de emprego gerado pela cadeia de pequenos e m\u00e9dios empreendimentos instalados nos munic\u00edpios circunvizinhos ao complexo de SUAPE e que servem, como subcontratados, \u00e0s grandes empresas industriais em atividade naquele complexo. Qual a dimens\u00e3o num\u00e9rica desses empreendimentos? Em que atividades eles se concentram? Qual o seu impacto na qualidade dos empregos gerados? S\u00e3o tais empregos predominantemente formalizados? Qual o perfil s\u00f3cio-econ\u00f4mico da for\u00e7a de trabalho ali empregada em termos de sua composi\u00e7\u00e3o (sexo, faixa et\u00e1ria, grau de instru\u00e7\u00e3o) e de padr\u00e3o ocupacional e de renda? Como se d\u00e1 sua organiza\u00e7\u00e3o\/representa\u00e7\u00e3o coletiva? A partir da experi\u00eancia de SUAPE \u00e9 poss\u00edvel falar que o novo desenvolvimentismo porta a semente de um novo padr\u00e3o de distribui\u00e7\u00e3o de renda no pa\u00eds?<\/div>\n<div class=\"layout-cell-pad-5\" style=\"text-align: justify;\">Respons\u00e1vel: <span style=\"color: #000000;\">M\u00e1rcia da Silva Costa<\/span><\/div>\n<\/div>\n<div class=\"layout-cell-pad-5\" style=\"text-align: justify;\"><\/div>\n<div class=\"layout-cell-pad-5\" style=\"text-align: justify;\"><\/div>\n","protected":false},"excerpt":{"rendered":"<p>SUAPE, o Novo Desenvolvimento e os Conflitos do Trabalho \u00a0 Este projeto de pesquisa comp\u00f5e um esfor\u00e7o de investiga\u00e7\u00e3o mais amplo, que se articula no \u00e2mbito do Laborat\u00f3rio de Pol\u00edticas P\u00fablicas e Trabalho (LAEPT). A hip\u00f3tese principal que norteia o projeto &#8220;guarda-chuva&#8221; \u00e9 a de que a reedi\u00e7\u00e3o de discursos e pr\u00e1ticas referidos \u00e0 ideia [&hellip;]<\/p>\n","protected":false},"author":5,"featured_media":0,"parent":0,"menu_order":0,"comment_status":"closed","ping_status":"open","template":"","meta":[],"_links":{"self":[{"href":"https:\/\/www.cchla.ufpb.br\/laept\/index.php?rest_route=\/wp\/v2\/pages\/10"}],"collection":[{"href":"https:\/\/www.cchla.ufpb.br\/laept\/index.php?rest_route=\/wp\/v2\/pages"}],"about":[{"href":"https:\/\/www.cchla.ufpb.br\/laept\/index.php?rest_route=\/wp\/v2\/types\/page"}],"author":[{"embeddable":true,"href":"https:\/\/www.cchla.ufpb.br\/laept\/index.php?rest_route=\/wp\/v2\/users\/5"}],"replies":[{"embeddable":true,"href":"https:\/\/www.cchla.ufpb.br\/laept\/index.php?rest_route=%2Fwp%2Fv2%2Fcomments&post=10"}],"version-history":[{"count":7,"href":"https:\/\/www.cchla.ufpb.br\/laept\/index.php?rest_route=\/wp\/v2\/pages\/10\/revisions"}],"predecessor-version":[{"id":280,"href":"https:\/\/www.cchla.ufpb.br\/laept\/index.php?rest_route=\/wp\/v2\/pages\/10\/revisions\/280"}],"wp:attachment":[{"href":"https:\/\/www.cchla.ufpb.br\/laept\/index.php?rest_route=%2Fwp%2Fv2%2Fmedia&parent=10"}],"curies":[{"name":"wp","href":"https:\/\/api.w.org\/{rel}","templated":true}]}}