{"id":14,"date":"2014-08-26T14:00:47","date_gmt":"2014-08-26T14:00:47","guid":{"rendered":"http:\/\/www.cchla.ufpb.br\/laept\/?page_id=14"},"modified":"2022-07-29T13:02:13","modified_gmt":"2022-07-29T13:02:13","slug":"links","status":"publish","type":"page","link":"https:\/\/www.cchla.ufpb.br\/laept\/?page_id=14","title":{"rendered":"Links"},"content":{"rendered":"<p>Revistas Acad\u00eamicas<\/p>\n<p>Scielo Brasil &#8211; Revistas Acad\u00eamicas<br \/>\nRevista Brasileira de Ci\u00eancias Sociais (Anpocs)<br \/>\nRevista Sociologias (PPGS-UFRGS)<br \/>\nRevista da ABET<br \/>\nRELET (Revista Latioamericana de Estudios del Trabajo)<br \/>\nRevista Pol\u00edtca &amp; Trabalho (PPGS-UFPB)<\/p>\n<p>&nbsp;<\/p>\n<p>\u00d3rg\u00e3os de Regula\u00e7\u00e3o, Fomento e Funda\u00e7\u00f5es de Pesquisa<\/p>\n<p>CNPq (Conselho Nacional de Desenvolvimento Cient\u00edfico e Tecnol\u00f3gico)<br \/>\nCAPES (Coordena\u00e7\u00e3o de Aperfei\u00e7oamento de Pessoal de N\u00edvel Superior)<br \/>\nIBGE (Instituto Brasileiro de Geografia e Estat\u00edstica )<br \/>\nDIEESE (Departamento Intersindical de Estat\u00edstica e Estudos S\u00f3cioecon\u00f4micos)<br \/>\nIPEA (Instituto de Pesquisa Econ\u00f4mica e Aplicada)<br \/>\nFUNDAJ (Funda\u00e7\u00e3o Joaquim Nabuco)<br \/>\nCESIT-Unicamp<br \/>\nFunda\u00e7\u00e3o Unitrabalho<br \/>\nCentro de Estudos Sociais &#8211; Universidade de Coimbra<br \/>\nCEBRAP (Centro Brasileiro de An\u00e1lise e Planejamento)<br \/>\nFunda\u00e7\u00e3o Gilberto Freyre<br \/>\nCentro Celso Furtado<\/p>\n","protected":false},"excerpt":{"rendered":"<p>Revistas Acad\u00eamicas Scielo Brasil &#8211; Revistas Acad\u00eamicas Revista Brasileira de Ci\u00eancias Sociais (Anpocs) Revista Sociologias (PPGS-UFRGS) Revista da ABET RELET (Revista Latioamericana de Estudios del Trabajo) Revista Pol\u00edtca &amp; Trabalho (PPGS-UFPB) &nbsp; \u00d3rg\u00e3os de Regula\u00e7\u00e3o, Fomento e Funda\u00e7\u00f5es de Pesquisa CNPq (Conselho Nacional de Desenvolvimento Cient\u00edfico e Tecnol\u00f3gico) CAPES (Coordena\u00e7\u00e3o de Aperfei\u00e7oamento de Pessoal de [&hellip;]<\/p>\n","protected":false},"author":5,"featured_media":0,"parent":0,"menu_order":0,"comment_status":"closed","ping_status":"open","template":"","meta":[],"_links":{"self":[{"href":"https:\/\/www.cchla.ufpb.br\/laept\/index.php?rest_route=\/wp\/v2\/pages\/14"}],"collection":[{"href":"https:\/\/www.cchla.ufpb.br\/laept\/index.php?rest_route=\/wp\/v2\/pages"}],"about":[{"href":"https:\/\/www.cchla.ufpb.br\/laept\/index.php?rest_route=\/wp\/v2\/types\/page"}],"author":[{"embeddable":true,"href":"https:\/\/www.cchla.ufpb.br\/laept\/index.php?rest_route=\/wp\/v2\/users\/5"}],"replies":[{"embeddable":true,"href":"https:\/\/www.cchla.ufpb.br\/laept\/index.php?rest_route=%2Fwp%2Fv2%2Fcomments&post=14"}],"version-history":[{"count":2,"href":"https:\/\/www.cchla.ufpb.br\/laept\/index.php?rest_route=\/wp\/v2\/pages\/14\/revisions"}],"predecessor-version":[{"id":36,"href":"https:\/\/www.cchla.ufpb.br\/laept\/index.php?rest_route=\/wp\/v2\/pages\/14\/revisions\/36"}],"wp:attachment":[{"href":"https:\/\/www.cchla.ufpb.br\/laept\/index.php?rest_route=%2Fwp%2Fv2%2Fmedia&parent=14"}],"curies":[{"name":"wp","href":"https:\/\/api.w.org\/{rel}","templated":true}]}}