{"id":16,"date":"2014-08-26T14:01:03","date_gmt":"2014-08-26T14:01:03","guid":{"rendered":"http:\/\/www.cchla.ufpb.br\/laept\/?page_id=16"},"modified":"2022-07-29T13:02:13","modified_gmt":"2022-07-29T13:02:13","slug":"pesquisadores","status":"publish","type":"page","link":"https:\/\/www.cchla.ufpb.br\/laept\/?page_id=16","title":{"rendered":"Pesquisadores"},"content":{"rendered":"<table width=\"992\">\n<tbody>\n<tr>\n<td width=\"558\">\n<h3>Professores<\/h3>\n<\/td>\n<td width=\"435\">\n<h3 style=\"text-align: right;\">Colaboradores Externos<\/h3>\n<\/td>\n<\/tr>\n<tr>\n<td width=\"558\"><\/td>\n<td width=\"435\"><\/td>\n<\/tr>\n<tr>\n<td width=\"558\"><a href=\"http:\/\/buscatextual.cnpq.br\/buscatextual\/visualizacv.do?metodo=apresentar&amp;id=K4788651H6\" target=\"_blank\" rel=\"noopener\"><img loading=\"lazy\" class=\"alignleft size-full wp-image-78\" src=\"http:\/\/www.cchla.ufpb.br\/laept\/wp-content\/uploads\/2014\/08\/Icon_lattes.jpg\" alt=\"Icon_lattes\" width=\"20\" height=\"24\" \/><\/a><a href=\"http:\/\/buscatextual.cnpq.br\/buscatextual\/visualizacv.do?metodo=apresentar&amp;id=K4788651H6\" target=\"_blank\" rel=\"noopener\">Eliana Monteiro Moreira<\/a> (UFPB)<a href=\"http:\/\/buscatextual.cnpq.br\/buscatextual\/visualizacv.do?metodo=apresentar&amp;id=K4763223T3\"> &#8211;<\/a> emmoreira51@gmail.com<\/td>\n<td width=\"435\">\n<p style=\"text-align: right;\"><a href=\"http:\/\/buscatextual.cnpq.br\/buscatextual\/visualizacv.do?metodo=apresentar&amp;id=K4794970J6\">Ana Patricia Dias<\/a> (UFRN)<\/p>\n<\/td>\n<\/tr>\n<tr>\n<td width=\"558\"><a href=\"http:\/\/www.cchla.ufpb.br\/laept\/wp-content\/uploads\/2014\/08\/Icon_lattes.jpg\"><img loading=\"lazy\" class=\"alignleft size-full wp-image-78\" src=\"http:\/\/www.cchla.ufpb.br\/laept\/wp-content\/uploads\/2014\/08\/Icon_lattes.jpg\" alt=\"Icon_lattes\" width=\"20\" height=\"24\" \/><\/a><a href=\"http:\/\/buscatextual.cnpq.br\/buscatextual\/visualizacv.do?metodo=apresentar&amp;id=K4759921J1\" target=\"_blank\" rel=\"noopener\">Edilane do Amaral Heleno<\/a> (UFPB) &#8211; edilane.amaral@gmail.com<\/td>\n<td width=\"435\">\n<p style=\"text-align: right;\"><a href=\"http:\/\/buscatextual.cnpq.br\/buscatextual\/visualizacv.do?metodo=apresentar&amp;id=K4770436D6\">Cesar Sanson<\/a> (UFRN)<\/p>\n<\/td>\n<\/tr>\n<tr>\n<td width=\"558\"><a href=\"http:\/\/buscatextual.cnpq.br\/buscatextual\/visualizacv.do?id=K4763223T3\" target=\"_blank\" rel=\"noopener\"><img loading=\"lazy\" class=\"alignleft size-full wp-image-78\" src=\"http:\/\/www.cchla.ufpb.br\/laept\/wp-content\/uploads\/2014\/08\/Icon_lattes.jpg\" alt=\"Icon_lattes\" width=\"20\" height=\"24\" \/><\/a><a href=\"http:\/\/buscatextual.cnpq.br\/buscatextual\/visualizacv.do?id=K4763223T3\" target=\"_blank\" rel=\"noopener\">Jos\u00e9 Henrique Artigas de Godoy<\/a> (UFPB) &#8211; jhartigasgodoy@gmail.com<\/td>\n<td width=\"435\">\n<p style=\"text-align: right;\"><a href=\"http:\/\/buscatextual.cnpq.br\/buscatextual\/visualizacv.do?metodo=apresentar&amp;id=K4782680A0\">Jorge Souza Alves<\/a> (IBGE)<\/p>\n<\/td>\n<\/tr>\n<tr>\n<td width=\"558\"><a href=\"http:\/\/buscatextual.cnpq.br\/buscatextual\/visualizacv.do?metodo=apresentar&amp;id=K4799695A7\" target=\"_blank\" rel=\"noopener\"><img loading=\"lazy\" class=\"alignleft size-full wp-image-78\" src=\"http:\/\/www.cchla.ufpb.br\/laept\/wp-content\/uploads\/2014\/08\/Icon_lattes.jpg\" alt=\"Icon_lattes\" width=\"20\" height=\"24\" \/><\/a><a href=\"http:\/\/buscatextual.cnpq.br\/buscatextual\/visualizacv.do?metodo=apresentar&amp;id=K4799695A7\" target=\"_blank\" rel=\"noopener\">Mauricio Sard\u00e1 de Faria<\/a> (UFPB) &#8211; mausarda@yahoo.com.br<\/td>\n<td width=\"435\">\n<p style=\"text-align: right;\"><a href=\"http:\/\/buscatextual.cnpq.br\/buscatextual\/visualizacv.do?metodo=apresentar&amp;id=K4799966U7\">Jos\u00e9 Fernando Souto Junior<\/a> (Univasf)<\/p>\n<\/td>\n<\/tr>\n<tr>\n<td width=\"558\"><a href=\"http:\/\/buscatextual.cnpq.br\/buscatextual\/visualizacv.do?id=K4706446H6\" target=\"_blank\" rel=\"noopener\"><img loading=\"lazy\" class=\"alignleft size-full wp-image-78\" src=\"http:\/\/www.cchla.ufpb.br\/laept\/wp-content\/uploads\/2014\/08\/Icon_lattes.jpg\" alt=\"Icon_lattes\" width=\"20\" height=\"24\" \/><\/a><a href=\"http:\/\/buscatextual.cnpq.br\/buscatextual\/visualizacv.do?id=K4706446H6\" target=\"_blank\" rel=\"noopener\">Maur\u00edcio Rombaldi <\/a>(UFPB) &#8211; mauricio.rombaldi@gmail.com<\/td>\n<td width=\"435\">\n<p style=\"text-align: right;\"><a href=\"http:\/\/buscatextual.cnpq.br\/buscatextual\/visualizacv.do?metodo=apresentar&amp;id=K4783503J8\">Jos\u00e9 Ricardo Garcia Pereira Ramalho<\/a> (UFRJ)<\/p>\n<\/td>\n<\/tr>\n<tr>\n<td width=\"558\"><a href=\"http:\/\/buscatextual.cnpq.br\/buscatextual\/visualizacv.do?metodo=apresentar&amp;id=K4771608T4\" target=\"_blank\" rel=\"noopener\"><img loading=\"lazy\" class=\"alignleft size-full wp-image-78\" src=\"http:\/\/www.cchla.ufpb.br\/laept\/wp-content\/uploads\/2014\/08\/Icon_lattes.jpg\" alt=\"Icon_lattes\" width=\"20\" height=\"24\" \/><\/a><a href=\"http:\/\/buscatextual.cnpq.br\/buscatextual\/visualizacv.do?metodo=apresentar&amp;id=K4771608T4\" target=\"_blank\" rel=\"noopener\">M\u00e1rcia da Silva Costa<\/a> (UFPB) &#8211; marciakosta@hotmail.com<\/td>\n<td width=\"435\">\n<p style=\"text-align: right;\"><a href=\"http:\/\/buscatextual.cnpq.br\/buscatextual\/visualizacv.do?metodo=apresentar&amp;id=K4797767J8\">Mario Henrique Guedes Ladosky <\/a>(UFCG)<\/p>\n<\/td>\n<\/tr>\n<tr>\n<td width=\"558\"><a href=\"http:\/\/buscatextual.cnpq.br\/buscatextual\/visualizacv.do?metodo=apresentar&amp;id=K4783626P0\" target=\"_blank\" rel=\"noopener\"><img loading=\"lazy\" class=\"alignleft size-full wp-image-78\" src=\"http:\/\/www.cchla.ufpb.br\/laept\/wp-content\/uploads\/2014\/08\/Icon_lattes.jpg\" alt=\"Icon_lattes\" width=\"20\" height=\"24\" \/><\/a><a href=\"http:\/\/buscatextual.cnpq.br\/buscatextual\/visualizacv.do?metodo=apresentar&amp;id=K4783626P0\" target=\"_blank\" rel=\"noopener\">Roberto Mendoza<\/a> (UFPB) &#8211; cir.mendis@gmail.com<\/td>\n<td width=\"435\">\n<p style=\"text-align: right;\"><a href=\"http:\/\/buscatextual.cnpq.br\/buscatextual\/visualizacv.do?metodo=apresentar&amp;id=K4798764D8\">Roseli de Fatima Corteletti <\/a>(UFCG)<\/p>\n<\/td>\n<\/tr>\n<tr>\n<td width=\"558\"><a href=\"http:\/\/buscatextual.cnpq.br\/buscatextual\/visualizacv.do?metodo=apresentar&amp;id=K4728179Z2\" target=\"_blank\" rel=\"noopener\"><img loading=\"lazy\" class=\"alignleft size-full wp-image-78\" src=\"http:\/\/www.cchla.ufpb.br\/laept\/wp-content\/uploads\/2014\/08\/Icon_lattes.jpg\" alt=\"Icon_lattes\" width=\"20\" height=\"24\" \/><\/a><a href=\"http:\/\/buscatextual.cnpq.br\/buscatextual\/visualizacv.do?metodo=apresentar&amp;id=K4728179Z2\" target=\"_blank\" rel=\"noopener\">Roberto V\u00e9ras de Oliveira<\/a> (UFPB) &#8211; roberto.veras.2002@gmail.com<\/td>\n<td width=\"435\"><\/td>\n<\/tr>\n<tr>\n<td width=\"558\"><a href=\"http:\/\/buscatextual.cnpq.br\/buscatextual\/visualizacv.do?metodo=apresentar&amp;id=K4761210Y6\" target=\"_blank\" rel=\"noopener\"><img loading=\"lazy\" class=\"alignleft size-full wp-image-78\" src=\"http:\/\/www.cchla.ufpb.br\/laept\/wp-content\/uploads\/2014\/08\/Icon_lattes.jpg\" alt=\"Icon_lattes\" width=\"20\" height=\"24\" \/><\/a><a href=\"http:\/\/buscatextual.cnpq.br\/buscatextual\/visualizacv.do?metodo=apresentar&amp;id=K4761210Y6\" target=\"_blank\" rel=\"noopener\">Rog\u00e9rio de Souza Medeiros <\/a>(UFPB) &#8211; rogeriomedeiros@cchla.ufpb.br<\/td>\n<td width=\"435\"><\/td>\n<\/tr>\n<tr>\n<td width=\"558\"><a href=\"http:\/\/buscatextual.cnpq.br\/buscatextual\/visualizacv.do?metodo=apresentar&amp;id=K4763472D6\" target=\"_blank\" rel=\"noopener\"><img loading=\"lazy\" class=\"alignleft size-full wp-image-78\" src=\"http:\/\/www.cchla.ufpb.br\/laept\/wp-content\/uploads\/2014\/08\/Icon_lattes.jpg\" alt=\"Icon_lattes\" width=\"20\" height=\"24\" \/><\/a><a href=\"http:\/\/buscatextual.cnpq.br\/buscatextual\/visualizacv.do?metodo=apresentar&amp;id=K4763472D6\" target=\"_blank\" rel=\"noopener\">Rejane Gomes Carvalho<\/a> (UFPB) &#8211; rejanegcarvalho@yahoo.com.br<\/td>\n<td width=\"435\"><\/td>\n<\/tr>\n<tr>\n<td width=\"558\"><a href=\"http:\/\/buscatextual.cnpq.br\/buscatextual\/visualizacv.do?metodo=apresentar&amp;id=K4736555A3\" target=\"_blank\" rel=\"noopener\"><img loading=\"lazy\" class=\"alignleft size-full wp-image-78\" src=\"http:\/\/www.cchla.ufpb.br\/laept\/wp-content\/uploads\/2014\/08\/Icon_lattes.jpg\" alt=\"Icon_lattes\" width=\"20\" height=\"24\" \/><\/a><a href=\"http:\/\/buscatextual.cnpq.br\/buscatextual\/visualizacv.do?metodo=apresentar&amp;id=K4736555A3\" target=\"_blank\" rel=\"noopener\">Wanderleya dos Santos Farias<\/a> (UFPB) &#8211; leyafarias@hotmail.com<\/p>\n<p>&nbsp;<\/td>\n<td width=\"435\"><\/td>\n<\/tr>\n<tr>\n<td width=\"558\"><\/td>\n<td width=\"435\">\n<h3 style=\"text-align: right;\"><\/h3>\n<h3 style=\"text-align: right;\">Alunos de Gradua\u00e7\u00e3o e P\u00f3s-Gradua\u00e7\u00e3o<\/h3>\n<\/td>\n<\/tr>\n<tr>\n<td width=\"558\"><\/td>\n<td width=\"435\"><\/td>\n<\/tr>\n<tr>\n<td width=\"558\"><\/td>\n<td width=\"435\">\n<p style=\"text-align: right;\">\u00b7\u00a0\u00a0\u00a0\u00a0\u00a0\u00a0\u00a0\u00a0 Eugenio Vital Pereira Neto (PPGS-UFPB)<\/p>\n<\/td>\n<\/tr>\n<tr>\n<td width=\"558\"><\/td>\n<td width=\"435\">\n<p style=\"text-align: right;\">\u00b7\u00a0\u00a0\u00a0\u00a0\u00a0\u00a0\u00a0\u00a0 Bruno Mota (PPGS-UFPB)<\/p>\n<\/td>\n<\/tr>\n<tr>\n<td width=\"558\"><\/td>\n<td width=\"435\">\n<p style=\"text-align: right;\">\u00b7\u00a0\u00a0\u00a0\u00a0\u00a0\u00a0\u00a0\u00a0 Val\u00e9ria Costa Aldeci (PPGS-UFPB)<\/p>\n<\/td>\n<\/tr>\n<tr>\n<td width=\"558\"><\/td>\n<td width=\"435\">\n<p style=\"text-align: right;\">\u00b7\u00a0\u00a0\u00a0\u00a0\u00a0\u00a0\u00a0\u00a0 Ana Carmen Navarro (PPGS-UFPB)<\/p>\n<\/td>\n<\/tr>\n<tr>\n<td width=\"558\"><\/td>\n<td width=\"435\">\n<p style=\"text-align: right;\">\u00b7\u00a0\u00a0\u00a0\u00a0\u00a0\u00a0\u00a0\u00a0 Victor Rodrigues (PPGS-UFPB)<\/p>\n<\/td>\n<\/tr>\n<tr>\n<td width=\"558\"><\/td>\n<td width=\"435\"><\/td>\n<\/tr>\n<tr>\n<td width=\"558\"><\/td>\n<td width=\"435\"><\/td>\n<\/tr>\n<tr>\n<td width=\"558\"><\/td>\n<td width=\"435\"><\/td>\n<\/tr>\n<\/tbody>\n<\/table>\n","protected":false},"excerpt":{"rendered":"<p>Professores Colaboradores Externos Eliana Monteiro Moreira (UFPB) &#8211; emmoreira51@gmail.com Ana Patricia Dias (UFRN) Edilane do Amaral Heleno (UFPB) &#8211; edilane.amaral@gmail.com Cesar Sanson (UFRN) Jos\u00e9 Henrique Artigas de Godoy (UFPB) &#8211; jhartigasgodoy@gmail.com Jorge Souza Alves (IBGE) Mauricio Sard\u00e1 de Faria (UFPB) &#8211; mausarda@yahoo.com.br Jos\u00e9 Fernando Souto Junior (Univasf) Maur\u00edcio Rombaldi (UFPB) &#8211; mauricio.rombaldi@gmail.com Jos\u00e9 Ricardo Garcia [&hellip;]<\/p>\n","protected":false},"author":5,"featured_media":0,"parent":0,"menu_order":0,"comment_status":"closed","ping_status":"open","template":"","meta":[],"_links":{"self":[{"href":"https:\/\/www.cchla.ufpb.br\/laept\/index.php?rest_route=\/wp\/v2\/pages\/16"}],"collection":[{"href":"https:\/\/www.cchla.ufpb.br\/laept\/index.php?rest_route=\/wp\/v2\/pages"}],"about":[{"href":"https:\/\/www.cchla.ufpb.br\/laept\/index.php?rest_route=\/wp\/v2\/types\/page"}],"author":[{"embeddable":true,"href":"https:\/\/www.cchla.ufpb.br\/laept\/index.php?rest_route=\/wp\/v2\/users\/5"}],"replies":[{"embeddable":true,"href":"https:\/\/www.cchla.ufpb.br\/laept\/index.php?rest_route=%2Fwp%2Fv2%2Fcomments&post=16"}],"version-history":[{"count":22,"href":"https:\/\/www.cchla.ufpb.br\/laept\/index.php?rest_route=\/wp\/v2\/pages\/16\/revisions"}],"predecessor-version":[{"id":496,"href":"https:\/\/www.cchla.ufpb.br\/laept\/index.php?rest_route=\/wp\/v2\/pages\/16\/revisions\/496"}],"wp:attachment":[{"href":"https:\/\/www.cchla.ufpb.br\/laept\/index.php?rest_route=%2Fwp%2Fv2%2Fmedia&parent=16"}],"curies":[{"name":"wp","href":"https:\/\/api.w.org\/{rel}","templated":true}]}}