{"id":418,"date":"2018-04-29T16:40:16","date_gmt":"2018-04-29T16:40:16","guid":{"rendered":"http:\/\/www.cchla.ufpb.br\/laept\/?page_id=418"},"modified":"2022-07-29T13:02:13","modified_gmt":"2022-07-29T13:02:13","slug":"remir-rede-de-estudos-e-monitoramento-da-reforma-trabalhista","status":"publish","type":"page","link":"https:\/\/www.cchla.ufpb.br\/laept\/?page_id=418","title":{"rendered":"REMIR &#8211; Trabalho"},"content":{"rendered":"<h4 align=\"justify\"><span style=\"font-family: Calibri, sans-serif;\"><span style=\"font-size: small;\">O N\u00facleo Nordeste para a constitui\u00e7\u00e3o da Rede de Estudos e Monitoramento da Reforma Trabalhista (REMIR &#8211; Trabalho), vem reunindo pesquisadores e estudiosos do Trabalho com vistas a um acompanhamento cr\u00edtico e sistem\u00e1tico sobre os desdobramentos da Reforma Trabalhista recentemente aprovada pelo parlamento brasileiro e sancionada pela Presid\u00eancia da Rep\u00fablica.<\/span><\/span><\/h4>\n<h4 align=\"justify\"><a href=\"http:\/\/www.cchla.ufpb.br\/laept\/wp-content\/uploads\/2018\/05\/Foto-RemirPB.jpg\"><img loading=\"lazy\" class=\"alignleft size-medium wp-image-440\" src=\"http:\/\/www.cchla.ufpb.br\/laept\/wp-content\/uploads\/2018\/05\/Foto-RemirPB-300x169.jpg\" alt=\"\" width=\"300\" height=\"169\" srcset=\"https:\/\/www.cchla.ufpb.br\/laept\/wp-content\/uploads\/2018\/05\/Foto-RemirPB-300x169.jpg 300w, https:\/\/www.cchla.ufpb.br\/laept\/wp-content\/uploads\/2018\/05\/Foto-RemirPB-768x432.jpg 768w, https:\/\/www.cchla.ufpb.br\/laept\/wp-content\/uploads\/2018\/05\/Foto-RemirPB.jpg 960w\" sizes=\"(max-width: 300px) 100vw, 300px\" \/><\/a><\/h4>\n<h4 align=\"justify\"><span style=\"font-family: Calibri, sans-serif;\"><span style=\"font-size: small;\">Em s\u00edntese, aos que se posicionam sob tal perspectiva, se coloca o desafio de construir um diagn\u00f3stico da situa\u00e7\u00e3o do trabalho no Brasil, tendo em vista a an\u00e1lise dos sentidos da Reforma (em seus aspectos econ\u00f4micos, jur\u00eddicos, pol\u00edticos e sociais), bem como, a identifica\u00e7\u00e3o das principais mudan\u00e7as em curso e aprofundadas por esse novo marco na regula\u00e7\u00e3o das rela\u00e7\u00f5es de trabalho no pa\u00eds. Para tanto, o esfor\u00e7o tem sido voltado \u00e0 elabora\u00e7\u00e3o de par\u00e2metros comuns para o desenvolvimento de pesquisas, de modo a subsidiar uma posi\u00e7\u00e3o cr\u00edtica na disputa que vem sendo travada no debate p\u00fablico sobre os desdobramentos da referida Reforma.<\/span><\/span><\/h4>\n<h4 align=\"justify\"><span style=\"font-family: Calibri, sans-serif;\"><span style=\"font-size: small;\">Como importante ponto de partida consideramos o avan\u00e7o j\u00e1 produzido por pesquisadores ligados ao CESIT (Centro de Estudos Sindicais e de Economia do Trabalho) da Unicamp (Universidade de Campinas) e de outros parceiros que vem se integrando a esse esfor\u00e7o coletivo, como o Dieese (<\/span><\/span><span style=\"font-family: Calibri, sans-serif;\"><span style=\"font-size: small;\">Departamento Intersindical de Estat\u00edstica e Estudos Socioecon\u00f4micos<\/span><\/span><span style=\"font-family: Calibri, sans-serif;\"><span style=\"font-size: small;\">).<\/span><\/span><\/h4>\n<h4 align=\"justify\"><span style=\"font-family: Calibri, sans-serif;\"><span style=\"font-size: small;\">Abaixo encontra-se o v\u00eddeo de lan\u00e7amento do livro <em><strong>Dimens\u00f5es cr\u00edticas da Reforma Trabalhista no Brasil<\/strong><\/em><i>, <\/i>organizado por Jos\u00e9 Dari Krein, Denis Maracci e Anselmo Luis dos Santos. Al\u00e9m desse material, estamos em constante atualiza\u00e7\u00e3o de textos e demais materiais bibliogr\u00e1ficos relacionados com essa tem\u00e1tica, que podem ser encontrados (para leitura e download) no menu acima. Clique, tenha acesso e compartilhe livremente.<\/span><\/span><\/h4>\n<p>&nbsp;<\/p>\n<hr \/>\n<p><iframe loading=\"lazy\" width=\"500\" height=\"281\" src=\"https:\/\/www.youtube.com\/embed\/jrzDAoj2fvo?feature=oembed\" frameborder=\"0\" allow=\"autoplay; encrypted-media\" allowfullscreen><\/iframe><\/p>\n<hr \/>\n<p align=\"justify\"><span style=\"font-family: Calibri, sans-serif;\"><span style=\"font-size: small;\"><a class=\"http:\/\/www.cchla.ufpb.br\/laept\/wp-content\/uploads\/2018\/05\/Dossi\u00ea-Contribui\u00e7\u00e3o-Cr\u00edtica-\u00e0-Reforma-Trabalhista-CesitIEUnicamp.pdf\" href=\"http:\/\/www.cchla.ufpb.br\/laept\/wp-content\/uploads\/2018\/05\/Dossi%C3%AA-Contribui%C3%A7%C3%A3o-Cr%C3%ADtica-%C3%A0-Reforma-Trabalhista-CesitIEUnicamp.pdf\" target=\"_blank\" rel=\"http:\/\/www.cchla.ufpb.br\/laept\/wp-content\/uploads\/2018\/05\/Dossi\u00ea-Contribui\u00e7\u00e3o-Cr\u00edtica-\u00e0-Reforma-Trabalhista-CesitIEUnicamp.pdf noopener\"><img loading=\"lazy\" class=\"alignleft wp-image-289 size-full\" src=\"http:\/\/www.cchla.ufpb.br\/laept\/wp-content\/uploads\/2016\/02\/pdf_icon.png\" alt=\"\" width=\"40\" height=\"40\" \/><\/a><a href=\"http:\/\/www.cchla.ufpb.br\/laept\/wp-content\/uploads\/2018\/05\/Dossi\u00ea-Contribui\u00e7\u00e3o-Cr\u00edtica-\u00e0-Reforma-Trabalhista-CesitIEUnicamp.pdf\" target=\"_blank\" rel=\"noopener\">Dossi\u00ea &#8211; Contribui\u00e7\u00e3o Cr\u00edtica \u00e0 Reforma Trabalhista (Cesit\/IE\/Unicamp) (2017)<\/a><\/span><\/span><\/p>\n<p><a class=\"http:\/\/www.cchla.ufpb.br\/laept\/wp-content\/uploads\/2018\/05\/Livro-Dimens\u00f5es-cr\u00edticas-da-Reforma-Trabalhista-no-Brasil-KREIN-MARACCI-SANTOS-2018.pdf\" href=\"http:\/\/www.cchla.ufpb.br\/laept\/wp-content\/uploads\/2018\/05\/Livro-Dimens%C3%B5es-cr%C3%ADticas-da-Reforma-Trabalhista-no-Brasil-KREIN-MARACCI-SANTOS-2018.pdf\" target=\"_blank\" rel=\"http:\/\/www.cchla.ufpb.br\/laept\/wp-content\/uploads\/2018\/05\/Livro-Dimens\u00f5es-cr\u00edticas-da-Reforma-Trabalhista-no-Brasil-KREIN-MARACCI-SANTOS-2018.pdf noopener\"><img loading=\"lazy\" class=\"alignleft wp-image-289 size-full\" src=\"http:\/\/www.cchla.ufpb.br\/laept\/wp-content\/uploads\/2016\/02\/pdf_icon.png\" alt=\"\" width=\"40\" height=\"40\" \/><\/a><a href=\"http:\/\/www.cchla.ufpb.br\/laept\/wp-content\/uploads\/2018\/05\/Livro-Dimens\u00f5es-cr\u00edticas-da-Reforma-Trabalhista-no-Brasil-KREIN-MARACCI-SANTOS-2018.pdf\" target=\"_blank\" rel=\"noopener\">Livro &#8211; Dimens\u00f5es cr\u00edticas da Reforma Trabalhista no Brasil (KREIN; MARACCI; SANTOS) (2018)<\/a><\/p>\n<p>&nbsp;<\/p>\n<p>&nbsp;<\/p>\n<p>&nbsp;<\/p>\n","protected":false},"excerpt":{"rendered":"<p>O N\u00facleo Nordeste para a constitui\u00e7\u00e3o da Rede de Estudos e Monitoramento da Reforma Trabalhista (REMIR &#8211; Trabalho), vem reunindo pesquisadores e estudiosos do Trabalho com vistas a um acompanhamento cr\u00edtico e sistem\u00e1tico sobre os desdobramentos da Reforma Trabalhista recentemente aprovada pelo parlamento brasileiro e sancionada pela Presid\u00eancia da Rep\u00fablica. Em s\u00edntese, aos que se [&hellip;]<\/p>\n","protected":false},"author":4,"featured_media":0,"parent":0,"menu_order":2,"comment_status":"closed","ping_status":"closed","template":"","meta":[],"_links":{"self":[{"href":"https:\/\/www.cchla.ufpb.br\/laept\/index.php?rest_route=\/wp\/v2\/pages\/418"}],"collection":[{"href":"https:\/\/www.cchla.ufpb.br\/laept\/index.php?rest_route=\/wp\/v2\/pages"}],"about":[{"href":"https:\/\/www.cchla.ufpb.br\/laept\/index.php?rest_route=\/wp\/v2\/types\/page"}],"author":[{"embeddable":true,"href":"https:\/\/www.cchla.ufpb.br\/laept\/index.php?rest_route=\/wp\/v2\/users\/4"}],"replies":[{"embeddable":true,"href":"https:\/\/www.cchla.ufpb.br\/laept\/index.php?rest_route=%2Fwp%2Fv2%2Fcomments&post=418"}],"version-history":[{"count":15,"href":"https:\/\/www.cchla.ufpb.br\/laept\/index.php?rest_route=\/wp\/v2\/pages\/418\/revisions"}],"predecessor-version":[{"id":449,"href":"https:\/\/www.cchla.ufpb.br\/laept\/index.php?rest_route=\/wp\/v2\/pages\/418\/revisions\/449"}],"wp:attachment":[{"href":"https:\/\/www.cchla.ufpb.br\/laept\/index.php?rest_route=%2Fwp%2Fv2%2Fmedia&parent=418"}],"curies":[{"name":"wp","href":"https:\/\/api.w.org\/{rel}","templated":true}]}}