{"id":5,"date":"2014-08-26T13:58:59","date_gmt":"2014-08-26T13:58:59","guid":{"rendered":"http:\/\/www.cchla.ufpb.br\/laept\/?page_id=5"},"modified":"2022-07-29T13:02:13","modified_gmt":"2022-07-29T13:02:13","slug":"apresentacao","status":"publish","type":"page","link":"https:\/\/www.cchla.ufpb.br\/laept\/","title":{"rendered":"Inicial"},"content":{"rendered":"<p style=\"text-align: justify;\">Bem vindo ao site do LAEPT (Laborat\u00f3rio de Estudos e Pesquisas em Pol\u00edticas P\u00fablicas e Trabalho). Aqui voc\u00ea encontrar\u00e1 informa\u00e7\u00f5es sobre nossas atividades acad\u00eamicas. O LAEPT est\u00e1 sediado na cidade de Jo\u00e3o Pessoa-PB-Brasil, e surgiu da iniciativa de alguns professores do departamento de ci\u00eancias sociais da UFPB. Buscando uma maior interlocu\u00e7\u00e3o entre professores e profissionais de outras \u00e1reas e institui\u00e7\u00f5es, al\u00e9m do avan\u00e7o em dire\u00e7\u00e3o \u00e0 pesquisa, em 2009 o LAEPT foi registrado como Grupo de Pesquisa junto ao CNPq e atualmente encontra-se vinculado ao <a href=\"http:\/\/www.cchla.ufpb.br\/ppgs\/\" target=\"_blank\" rel=\"noopener\">PPGS (Programa de P\u00f3s-Gradua\u00e7\u00e3o em Sociologia)<\/a>, do Centro de Ci\u00eancias Humanas, Letras e Artes da Universidade Federal da Para\u00edba. <span style=\"text-decoration: underline;\"><span style=\"color: #800000; text-decoration: underline;\"><a href=\"http:\/\/www.cchla.ufpb.br\/laept\/?page_id=86\"><span style=\"color: #800000; text-decoration: underline;\">Saiba +<\/span><\/a><\/span><\/span><\/p>\n<p>&nbsp;<\/p>\n","protected":false},"excerpt":{"rendered":"<p>Bem vindo ao site do LAEPT (Laborat\u00f3rio de Estudos e Pesquisas em Pol\u00edticas P\u00fablicas e Trabalho). Aqui voc\u00ea encontrar\u00e1 informa\u00e7\u00f5es sobre nossas atividades acad\u00eamicas. O LAEPT est\u00e1 sediado na cidade de Jo\u00e3o Pessoa-PB-Brasil, e surgiu da iniciativa de alguns professores do departamento de ci\u00eancias sociais da UFPB. Buscando uma maior interlocu\u00e7\u00e3o entre professores e profissionais [&hellip;]<\/p>\n","protected":false},"author":5,"featured_media":0,"parent":0,"menu_order":0,"comment_status":"closed","ping_status":"open","template":"page-inicial.php","meta":[],"_links":{"self":[{"href":"https:\/\/www.cchla.ufpb.br\/laept\/index.php?rest_route=\/wp\/v2\/pages\/5"}],"collection":[{"href":"https:\/\/www.cchla.ufpb.br\/laept\/index.php?rest_route=\/wp\/v2\/pages"}],"about":[{"href":"https:\/\/www.cchla.ufpb.br\/laept\/index.php?rest_route=\/wp\/v2\/types\/page"}],"author":[{"embeddable":true,"href":"https:\/\/www.cchla.ufpb.br\/laept\/index.php?rest_route=\/wp\/v2\/users\/5"}],"replies":[{"embeddable":true,"href":"https:\/\/www.cchla.ufpb.br\/laept\/index.php?rest_route=%2Fwp%2Fv2%2Fcomments&post=5"}],"version-history":[{"count":11,"href":"https:\/\/www.cchla.ufpb.br\/laept\/index.php?rest_route=\/wp\/v2\/pages\/5\/revisions"}],"predecessor-version":[{"id":495,"href":"https:\/\/www.cchla.ufpb.br\/laept\/index.php?rest_route=\/wp\/v2\/pages\/5\/revisions\/495"}],"wp:attachment":[{"href":"https:\/\/www.cchla.ufpb.br\/laept\/index.php?rest_route=%2Fwp%2Fv2%2Fmedia&parent=5"}],"curies":[{"name":"wp","href":"https:\/\/api.w.org\/{rel}","templated":true}]}}