{"id":68,"date":"2014-08-28T14:22:30","date_gmt":"2014-08-28T14:22:30","guid":{"rendered":"http:\/\/www.cchla.ufpb.br\/laept\/?page_id=68"},"modified":"2022-07-29T13:02:13","modified_gmt":"2022-07-29T13:02:13","slug":"dissertacoes-e-teses","status":"publish","type":"page","link":"https:\/\/www.cchla.ufpb.br\/laept\/?page_id=68","title":{"rendered":"Disserta\u00e7\u00f5es e Teses"},"content":{"rendered":"<p>&nbsp;<\/p>\n<p>&nbsp;<\/p>\n<p>Disserta\u00e7\u00f5es<\/p>\n<p>________________________________________________________________________________________________________________<\/p>\n<p style=\"text-align: justify;\"><a href=\"http:\/\/www.ccsa.ufpb.br\/ppga\/site\/arquivos\/dissertacoes\/dissertacao_574.pdf\" target=\"_blank\" rel=\"noopener\"><img loading=\"lazy\" class=\"alignleft size-full wp-image-148\" src=\"http:\/\/www.cchla.ufpb.br\/laept\/wp-content\/uploads\/2014\/08\/ico-pdf.gif\" alt=\"ico-pdf\" width=\"36\" height=\"35\" \/><\/a><span style=\"color: #000000;\">MORAES, Aline F\u00e1bia Guerra de. <strong><a href=\"http:\/\/www.ccsa.ufpb.br\/ppga\/site\/arquivos\/dissertacoes\/dissertacao_574.pdf\" target=\"_blank\" rel=\"noopener\"><span style=\"color: #000000;\">Novo Desenvolvimentismo e Velhas Condi\u00e7\u00f5es de Trabalho? Uma an\u00e1lise da Din\u00e2mica de Subcontrata\u00e7\u00e3o no Complexo de Suape<\/span><\/a>.<\/strong> Disserta\u00e7\u00e3o (Mestrado em Administra\u00e7\u00e3o), Centro de Ci\u00eancias Sociais Aplicadas, Universidade Federal da Para\u00edba, 2015.<\/span><\/p>\n<p style=\"text-align: justify;\"><span style=\"color: #000000;\">LOPES, Ana Aldivonir Delfino. A din\u00e2mica da coopera\u00e7\u00e3o e da regula\u00e7\u00e3o do trabalho no Estaleiro Atl\u00e2ntico Sul S. A.Disserta\u00e7\u00e3o (Mestrado em Administra\u00e7\u00e3o), Centro de Ci\u00eancias Sociais Aplicadas, Universidade Federal da Para\u00edba, 2015.<\/span><\/p>\n","protected":false},"excerpt":{"rendered":"<p>&nbsp; &nbsp; Disserta\u00e7\u00f5es ________________________________________________________________________________________________________________ MORAES, Aline F\u00e1bia Guerra de. Novo Desenvolvimentismo e Velhas Condi\u00e7\u00f5es de Trabalho? Uma an\u00e1lise da Din\u00e2mica de Subcontrata\u00e7\u00e3o no Complexo de Suape. Disserta\u00e7\u00e3o (Mestrado em Administra\u00e7\u00e3o), Centro de Ci\u00eancias Sociais Aplicadas, Universidade Federal da Para\u00edba, 2015. LOPES, Ana Aldivonir Delfino. A din\u00e2mica da coopera\u00e7\u00e3o e da regula\u00e7\u00e3o do trabalho no Estaleiro [&hellip;]<\/p>\n","protected":false},"author":5,"featured_media":0,"parent":0,"menu_order":0,"comment_status":"closed","ping_status":"open","template":"","meta":[],"_links":{"self":[{"href":"https:\/\/www.cchla.ufpb.br\/laept\/index.php?rest_route=\/wp\/v2\/pages\/68"}],"collection":[{"href":"https:\/\/www.cchla.ufpb.br\/laept\/index.php?rest_route=\/wp\/v2\/pages"}],"about":[{"href":"https:\/\/www.cchla.ufpb.br\/laept\/index.php?rest_route=\/wp\/v2\/types\/page"}],"author":[{"embeddable":true,"href":"https:\/\/www.cchla.ufpb.br\/laept\/index.php?rest_route=\/wp\/v2\/users\/5"}],"replies":[{"embeddable":true,"href":"https:\/\/www.cchla.ufpb.br\/laept\/index.php?rest_route=%2Fwp%2Fv2%2Fcomments&post=68"}],"version-history":[{"count":5,"href":"https:\/\/www.cchla.ufpb.br\/laept\/index.php?rest_route=\/wp\/v2\/pages\/68\/revisions"}],"predecessor-version":[{"id":494,"href":"https:\/\/www.cchla.ufpb.br\/laept\/index.php?rest_route=\/wp\/v2\/pages\/68\/revisions\/494"}],"wp:attachment":[{"href":"https:\/\/www.cchla.ufpb.br\/laept\/index.php?rest_route=%2Fwp%2Fv2%2Fmedia&parent=68"}],"curies":[{"name":"wp","href":"https:\/\/api.w.org\/{rel}","templated":true}]}}