{"id":86,"date":"2014-08-29T00:13:22","date_gmt":"2014-08-29T00:13:22","guid":{"rendered":"http:\/\/www.cchla.ufpb.br\/laept\/?page_id=86"},"modified":"2022-07-29T13:02:13","modified_gmt":"2022-07-29T13:02:13","slug":"apresentacao-2","status":"publish","type":"page","link":"https:\/\/www.cchla.ufpb.br\/laept\/?page_id=86","title":{"rendered":"Apresenta\u00e7\u00e3o"},"content":{"rendered":"<p style=\"text-align: justify;\">O LAEPT (Laborat\u00f3rio de Estudos e Pesquisas em Pol\u00edticas P\u00fablicas e Trabalho) est\u00e1 sediado na cidade de Jo\u00e3o Pessoa-PB-Brasil. Surgiu, em 2007, da iniciativa de alguns professores do departamento de ci\u00eancias sociais da UFPB, inicialmente como um grupo de leituras voltado a orienta\u00e7\u00f5es de alunos do curso de gradua\u00e7\u00e3o e doutorado. Buscando uma maior interlocu\u00e7\u00e3o entre professores e profissionais de outras \u00e1reas e institui\u00e7\u00f5es, al\u00e9m do avan\u00e7o em dire\u00e7\u00e3o \u00e0 pesquisa, em 2009 o LAEPT foi registrado como Grupo de Pesquisa junto ao CNPq e atualmente encontra-se vinculado ao PPGS (Programa de P\u00f3s-Gradua\u00e7\u00e3o em Sociologia), do Centro de Ci\u00eancias Humanas, Letras e Artes da Universidade Federal da Para\u00edba.<\/p>\n<p style=\"text-align: justify;\">Sua \u00e1rea de atua\u00e7\u00e3o predominante \u00e9 a sociologia, mas, vem desde sua origem criando situa\u00e7\u00f5es de debate com outros campos disciplinares, tais como, a economia, a administra\u00e7\u00e3o, gest\u00e3o p\u00fablica e a ci\u00eancia pol\u00edtica, tanto pela composi\u00e7\u00e3o de seus pesquisadores, como pelas atividades que se encontra em curso. Como sugere o t\u00edtulo, esse espa\u00e7o acad\u00eamico vem elegendo a problem\u00e1tica das pol\u00edticas p\u00fablicas, bem como, as din\u00e2micas do mundo do trabalho, como eixos estruturantes de suas a\u00e7\u00f5es referentes \u00e0 pesquisa, ensino e extens\u00e3o envolvendo alunos de inicia\u00e7\u00e3o cient\u00edfica, de mestrado e doutorado.<\/p>\n<p style=\"text-align: justify;\">Seus objetivos s\u00e3o, portanto, aprofundar discuss\u00f5es te\u00f3ricas e qualificar interven\u00e7\u00f5es pr\u00e1ticas, a partir de uma an\u00e1lise das transforma\u00e7\u00f5es e atribui\u00e7\u00f5es do Estado; das mudan\u00e7as na rela\u00e7\u00e3o entre Estado e sociedade; da participa\u00e7\u00e3o cidad\u00e3 e pol\u00edticas de inclus\u00e3o social; do trabalho e sua precariza\u00e7\u00e3o; da flexibiliza\u00e7\u00e3o das rela\u00e7\u00f5es de trabalho e dos direitos; das novas subjetividades no mundo do trabalho; da gest\u00e3o do tempo livre, lazer, qualidade de vida. Para tanto, seu funcionamento tem se dado a partir de tr\u00eas frentes de a\u00e7\u00f5es:<\/p>\n<p style=\"text-align: justify;\"><img loading=\"lazy\" class=\"alignleft size-full wp-image-315\" src=\"http:\/\/www.cchla.ufpb.br\/laept\/wp-content\/uploads\/2014\/08\/nemeros-C\u00f3pia-2.jpg\" alt=\"nemeros - C\u00f3pia (2)\" width=\"129\" height=\"128\" \/>Encontros de Estudos Te\u00f3rico-Metodol\u00f3gicos &#8211; consistem em debates internos, com regularidade mensal, entre professores e alunos, membros ou convidados, como o prop\u00f3sito de aprofundamento de leitura e discuss\u00e3o de textos referidos aos temas aglutinadores do Laborat\u00f3rio, a saber, trabalho, desenvolvimento e pol\u00edticas p\u00fablicas. Atualmente \u00e9 coordenado pelo Prof.Dr. Maur\u00edcio Robaldi.<\/p>\n<p>&nbsp;<\/p>\n<p style=\"text-align: justify;\"><img loading=\"lazy\" class=\"alignleft size-full wp-image-316\" src=\"http:\/\/www.cchla.ufpb.br\/laept\/wp-content\/uploads\/2014\/08\/nemeros-C\u00f3pia.jpg\" alt=\"nemeros - C\u00f3pia\" width=\"130\" height=\"127\" \/>Oficinas Tem\u00e1ticas &#8211; consistem em reuni\u00f5es internas, agendas previamente em conformidade com calend\u00e1rio de atividades anual, entre professores e alunos, membros ou convidados, como o prop\u00f3sito pedag\u00f3gico de acompanhamento da elabora\u00e7\u00e3o de textos autorais (pesquisas em andamento ou finalizadas, de inicia\u00e7\u00e3o cient\u00edfica, mestrado, doutorado ou projetos de outra natureza). A cada sess\u00e3o, com texto previamente disponibilizado para leitura, h\u00e1 apresenta\u00e7\u00e3o do autor seguida de uma\u00a0 rodada de coment\u00e1rios cr\u00edticos por parte dos membros presentes.<\/p>\n<p style=\"text-align: justify;\"><img loading=\"lazy\" class=\"alignleft size-full wp-image-317\" src=\"http:\/\/www.cchla.ufpb.br\/laept\/wp-content\/uploads\/2014\/08\/nemeros.jpg\" alt=\"nemeros\" width=\"129\" height=\"126\" \/>Semin\u00e1rios de Pesquisa &#8211; nos quais s\u00e3o apresentados resultados de pesquisas em andamento ou conclu\u00eddas, ou palestras centradas em formula\u00e7\u00f5es te\u00f3rico-metodol\u00f3gicas diretamente relacionada \u00e0s pesquisas realizadas pelo Laborat\u00f3rio. Participam dessa atividade, que \u00e9 aberto \u00e0 comunidade acad\u00eamica em geral, os professores membros, pesquisadores convidados ou, ainda, alunos que se encontrem em fase mais avan\u00e7ada de formula\u00e7\u00e3o da pesquisa.<\/p>\n<p style=\"text-align: justify;\">Atualmente o LAPET est\u00e1 composto por 17 pesquisadores de diferentes departamentos da UFPB, mas tamb\u00e9m de pesquisadores colaboradores de outras universidades, como Univasf, UFRJ, UFRN e UFCG, al\u00e9m, de mais de duas dezenas de alunos em forma\u00e7\u00e3o em n\u00edvel de gradua\u00e7\u00e3o e p\u00f3s-gradua\u00e7\u00e3o. As linhas de pesquisa que comp\u00f5em as \u00e1reas de interesse s\u00e3o:\u00a0 (1) Economia Solid\u00e1ria; (2) Educa\u00e7\u00e3o e Qualifica\u00e7\u00e3o Profissional; (3) Gest\u00e3o P\u00fablica; (4) Pol\u00edticas Sociais; (5) Rela\u00e7\u00f5es de Trabalho e Formas de A\u00e7\u00e3o Coletiva; (6) Sa\u00fade do trabalhador; (7) Trabalho e Desenvolvimento.<\/p>\n","protected":false},"excerpt":{"rendered":"<p>O LAEPT (Laborat\u00f3rio de Estudos e Pesquisas em Pol\u00edticas P\u00fablicas e Trabalho) est\u00e1 sediado na cidade de Jo\u00e3o Pessoa-PB-Brasil. Surgiu, em 2007, da iniciativa de alguns professores do departamento de ci\u00eancias sociais da UFPB, inicialmente como um grupo de leituras voltado a orienta\u00e7\u00f5es de alunos do curso de gradua\u00e7\u00e3o e doutorado. Buscando uma maior interlocu\u00e7\u00e3o [&hellip;]<\/p>\n","protected":false},"author":5,"featured_media":0,"parent":0,"menu_order":0,"comment_status":"closed","ping_status":"open","template":"","meta":[],"_links":{"self":[{"href":"https:\/\/www.cchla.ufpb.br\/laept\/index.php?rest_route=\/wp\/v2\/pages\/86"}],"collection":[{"href":"https:\/\/www.cchla.ufpb.br\/laept\/index.php?rest_route=\/wp\/v2\/pages"}],"about":[{"href":"https:\/\/www.cchla.ufpb.br\/laept\/index.php?rest_route=\/wp\/v2\/types\/page"}],"author":[{"embeddable":true,"href":"https:\/\/www.cchla.ufpb.br\/laept\/index.php?rest_route=\/wp\/v2\/users\/5"}],"replies":[{"embeddable":true,"href":"https:\/\/www.cchla.ufpb.br\/laept\/index.php?rest_route=%2Fwp%2Fv2%2Fcomments&post=86"}],"version-history":[{"count":9,"href":"https:\/\/www.cchla.ufpb.br\/laept\/index.php?rest_route=\/wp\/v2\/pages\/86\/revisions"}],"predecessor-version":[{"id":321,"href":"https:\/\/www.cchla.ufpb.br\/laept\/index.php?rest_route=\/wp\/v2\/pages\/86\/revisions\/321"}],"wp:attachment":[{"href":"https:\/\/www.cchla.ufpb.br\/laept\/index.php?rest_route=%2Fwp%2Fv2%2Fmedia&parent=86"}],"curies":[{"name":"wp","href":"https:\/\/api.w.org\/{rel}","templated":true}]}}