{"id":13,"date":"2014-06-11T13:57:48","date_gmt":"2014-06-11T13:57:48","guid":{"rendered":"http:\/\/www.cchla.ufpb.br\/laprol2\/?page_id=13"},"modified":"2024-09-22T21:16:52","modified_gmt":"2024-09-23T00:16:52","slug":"noticias","status":"publish","type":"page","link":"https:\/\/www.cchla.ufpb.br\/laprol\/?page_id=13","title":{"rendered":"Not\u00edcias"},"content":{"rendered":"\n<h2><strong>30\u00aa Jornada do GELNE<\/strong><\/h2>\n\n\n\n<figure class=\"wp-block-image size-large\"><a href=\"https:\/\/www.cchla.ufpb.br\/laprol\/wp-content\/uploads\/2024\/09\/30.-Gelne.png\"><img loading=\"lazy\" width=\"1024\" height=\"578\" src=\"https:\/\/www.cchla.ufpb.br\/laprol\/wp-content\/uploads\/2024\/09\/30.-Gelne-1024x578.png\" alt=\"\" class=\"wp-image-1043\" srcset=\"https:\/\/www.cchla.ufpb.br\/laprol\/wp-content\/uploads\/2024\/09\/30.-Gelne-1024x578.png 1024w, https:\/\/www.cchla.ufpb.br\/laprol\/wp-content\/uploads\/2024\/09\/30.-Gelne-300x169.png 300w, https:\/\/www.cchla.ufpb.br\/laprol\/wp-content\/uploads\/2024\/09\/30.-Gelne-768x434.png 768w, https:\/\/www.cchla.ufpb.br\/laprol\/wp-content\/uploads\/2024\/09\/30.-Gelne.png 1128w\" sizes=\"(max-width: 1024px) 100vw, 1024px\" \/><\/a><\/figure>\n\n\n\n<p>A&nbsp;<strong>30\u00aa Jornada do GELNE<\/strong>&nbsp;\u00e9 um evento presencial organizado pela diretoria do Grupo de Estudos Lingu\u00edsticos e Liter\u00e1rios do Nordeste e por uma equipe de docentes atuantes em doze programas de p\u00f3s-gradua\u00e7\u00e3o da \u00e1rea de Letras e Lingu\u00edstica de sete universidades p\u00fablicas situadas no Estado da Bahia.<\/p>\n\n\n\n<p>Ter\u00e1 como tema \u201cPesquisa, ensino e extens\u00e3o em l\u00ednguas e literaturas: tr\u00e2nsitos e intersec\u00e7\u00f5es\u201d. Nesta edi\u00e7\u00e3o, assim como nas anteriores, visamos promover discuss\u00f5es e trocas de experi\u00eancias entre pesquisadores, professores do ensino superior, professores da educa\u00e7\u00e3o b\u00e1sica, estudantes de gradua\u00e7\u00e3o e p\u00f3s-gradua\u00e7\u00e3o que atuam nas \u00e1reas dos estudos da linguagem e estudantes de n\u00edvel fundamental e m\u00e9dio.<\/p>\n\n\n\n<p>O evento contemplar\u00e1 diversas quest\u00f5es no \u00e2mbito da Lingu\u00edstica e da Literatura. Nesta edi\u00e7\u00e3o, haver\u00e1 02 confer\u00eancias e 12 mesas-redondas, al\u00e9m de simp\u00f3sios tem\u00e1ticos, minicursos, oficinas, comunica\u00e7\u00f5es individuais, p\u00f4steres e lan\u00e7amentos de livros. &nbsp;<\/p>\n\n\n\n<p><img src=\"https:\/\/even3.blob.core.windows.net\/assets\/icons\/hotsite\/calendar02.svg\" alt=\"date\">&nbsp;02\/12\/2024&nbsp;\u2013 04\/12\/2024<\/p>\n\n\n\n<p><img src=\"https:\/\/even3.blob.core.windows.net\/assets\/icons\/hotsite\/pin02.svg\" alt=\"online\">&nbsp;UEFS \u2013 Universidade Estadual de Feira de Santana &#8211; Feira de Santana, Bahia, Brasil<br><\/p>\n\n\n\n<p><strong>P\u00e1gina do Evento:<\/strong> <a href=\"https:\/\/30jornadagelne.com.br\/\">https:\/\/30jornadagelne.com.br\/<\/a><\/p>\n\n\n\n<p><strong>Instagram:<\/strong> <a href=\"https:\/\/www.instagram.com\/30jornadagelne\/\">@30jornadagelne<\/a><\/p>\n\n\n\n<p><\/p>\n\n\n\n<hr class=\"wp-block-separator has-alpha-channel-opacity\"\/>\n\n\n\n<figure class=\"wp-block-image size-full is-resized\"><a href=\"https:\/\/www.cchla.ufpb.br\/laprol\/wp-content\/uploads\/2023\/03\/Imagem-do-WhatsApp-de-2023-03-10-as-14.54.40.jpg\"><img loading=\"lazy\" src=\"https:\/\/www.cchla.ufpb.br\/laprol\/wp-content\/uploads\/2023\/03\/Imagem-do-WhatsApp-de-2023-03-10-as-14.54.40.jpg\" alt=\"\" class=\"wp-image-841\" width=\"529\" height=\"525\" srcset=\"https:\/\/www.cchla.ufpb.br\/laprol\/wp-content\/uploads\/2023\/03\/Imagem-do-WhatsApp-de-2023-03-10-as-14.54.40.jpg 761w, https:\/\/www.cchla.ufpb.br\/laprol\/wp-content\/uploads\/2023\/03\/Imagem-do-WhatsApp-de-2023-03-10-as-14.54.40-300x298.jpg 300w, https:\/\/www.cchla.ufpb.br\/laprol\/wp-content\/uploads\/2023\/03\/Imagem-do-WhatsApp-de-2023-03-10-as-14.54.40-150x150.jpg 150w\" sizes=\"(max-width: 529px) 100vw, 529px\" \/><\/a><\/figure>\n\n\n\n<h1>What&#8217;s in a blend? Workshop on blend formation, analysis and processing<\/h1>\n\n\n\n<p><img src=\"https:\/\/even3.blob.core.windows.net\/assets\/icons\/hotsite\/calendar02.svg\" alt=\"date\">&nbsp;15\/06\/2023&nbsp;\u2013 16\/06\/2023&nbsp;&#8211; 09:00 &#8211; 18:00 GMT-3<\/p>\n\n\n\n<p><img src=\"https:\/\/even3.blob.core.windows.net\/assets\/icons\/hotsite\/pin02.svg\" alt=\"online\">&nbsp;Universidade Federal da Para\u00edba &#8211; Jo\u00e3o Pessoa &#8211; Para\u00edba &#8211; Brasil<br><img src=\"https:\/\/even3.blob.core.windows.net\/assets\/icons\/hotsite\/cam02.svg\" alt=\"presencial\">&nbsp;Com transmiss\u00e3o online<\/p>\n\n\n\n<p><a href=\"https:\/\/www.even3.com.br\/whats-in-a-blend-workshop-on-blend-formation-analysis-and-processing-313662\/\">What&#8217;s in a blend? Workshop on blend formation, analysis and processing (even3.com.br)<\/a> <\/p>\n","protected":false},"excerpt":{"rendered":"<p>30\u00aa Jornada do GELNE A&nbsp;30\u00aa Jornada do GELNE&nbsp;\u00e9 um evento presencial organizado pela diretoria do Grupo de Estudos Lingu\u00edsticos e Liter\u00e1rios do Nordeste e por uma equipe de docentes atuantes em doze programas de p\u00f3s-gradua\u00e7\u00e3o da \u00e1rea de Letras e Lingu\u00edstica de sete universidades p\u00fablicas situadas no Estado da Bahia. Ter\u00e1 como tema \u201cPesquisa, ensino [&hellip;]<\/p>\n","protected":false},"author":2,"featured_media":0,"parent":0,"menu_order":0,"comment_status":"closed","ping_status":"open","template":"page-templates\/noticias.php","meta":[],"_links":{"self":[{"href":"https:\/\/www.cchla.ufpb.br\/laprol\/index.php?rest_route=\/wp\/v2\/pages\/13"}],"collection":[{"href":"https:\/\/www.cchla.ufpb.br\/laprol\/index.php?rest_route=\/wp\/v2\/pages"}],"about":[{"href":"https:\/\/www.cchla.ufpb.br\/laprol\/index.php?rest_route=\/wp\/v2\/types\/page"}],"author":[{"embeddable":true,"href":"https:\/\/www.cchla.ufpb.br\/laprol\/index.php?rest_route=\/wp\/v2\/users\/2"}],"replies":[{"embeddable":true,"href":"https:\/\/www.cchla.ufpb.br\/laprol\/index.php?rest_route=%2Fwp%2Fv2%2Fcomments&post=13"}],"version-history":[{"count":38,"href":"https:\/\/www.cchla.ufpb.br\/laprol\/index.php?rest_route=\/wp\/v2\/pages\/13\/revisions"}],"predecessor-version":[{"id":1045,"href":"https:\/\/www.cchla.ufpb.br\/laprol\/index.php?rest_route=\/wp\/v2\/pages\/13\/revisions\/1045"}],"wp:attachment":[{"href":"https:\/\/www.cchla.ufpb.br\/laprol\/index.php?rest_route=%2Fwp%2Fv2%2Fmedia&parent=13"}],"curies":[{"name":"wp","href":"https:\/\/api.w.org\/{rel}","templated":true}]}}