{"id":20,"date":"2014-06-11T14:24:30","date_gmt":"2014-06-11T14:24:30","guid":{"rendered":"http:\/\/www.cchla.ufpb.br\/laprol2\/?page_id=20"},"modified":"2019-10-17T13:40:52","modified_gmt":"2019-10-17T13:40:52","slug":"20-2","status":"publish","type":"page","link":"https:\/\/www.cchla.ufpb.br\/laprol\/?lang=pt","title":{"rendered":"Bem-Vindo"},"content":{"rendered":"<p style=\"text-align: justify;\">O LAPROL-UFPB \u00e9 formado pelos membros do GEPROL\/CNPq (Grupo de Estudos em Processamento Lingu\u00edstico) e por colaboradores de outras institui\u00e7\u00f5es (UFRJ, UFJF, Universidade de Concordia &#8211; Canad\u00e1). O LAPROL tem como objetivo pesquisar a linguagem humana na perspectiva da Psicolingu\u00edstica Experimental, investigando os processos mentais relacionados \u00e0 compreens\u00e3o e \u00e0 produ\u00e7\u00e3o de linguagem. Os temas focalizados nas pesquisas do LAPROL dizem respeito ao Processamento lingu\u00edstico em adultos sem patologia, processamento lingu\u00edstico em aprendizes de L2, e ao processamento lingu\u00edstico em indiv\u00edduos com patologias e d\u00e9ficits de linguagem. Al\u00e9m disso, investigamos tamb\u00e9m fen\u00f4menos referentes \u00e0 interface Aquisi\u00e7\u00e3o\/Processamento Lingu\u00edstico.<\/p>\n<p style=\"text-align: justify;\">Os projetos executados no LAPROL t\u00eam apoio:<br \/>\nCNPq: Edital MCT\/CNPq 50\/2006, Processo 401230\/2007-4<br \/>\nCNPq: Edital Jovens Pesquisadores 06\/2008 Faixa A, Processo 564184\/2008 0<br \/>\nCNPq: Edital Universal 014\/2014 Processo 458926\/2014-0<br \/>\nCNPq: Edital Ci\u00eancias Humanas 018\/2012 Processo 405585\/2012-0<br \/>\nCNPq: Edital Projeto Universal 14\/2012 Processo 486748\/2012-0<br \/>\nCNPq: Edital Produtividade e Pesquisa \u2013 PQ\/2012 Processo 307558\/2012-6<br \/>\nCAPES: Bolsa de Est\u00e1gio S\u00eanior \u2013 Processo 99999.005246\/2014-08.<br \/>\nCNPq: Edital Bolsa de Produtividade e Pesquisa \u2013 PQ\/2015 Processo 308578\/2015-5<br \/>\nCNPq: Edital Bolsa de Produtividade e Pesquisa \u2013 PQ 09\/2018 Processo 309130\/2018.2<\/p>\n<p style=\"text-align: justify;\">\n","protected":false},"excerpt":{"rendered":"<p>O LAPROL-UFPB \u00e9 formado pelos membros do GEPROL\/CNPq (Grupo de Estudos em Processamento Lingu\u00edstico) e por colaboradores de outras institui\u00e7\u00f5es (UFRJ, UFJF, Universidade de Concordia &#8211; Canad\u00e1). O LAPROL tem como objetivo pesquisar a linguagem humana na perspectiva da Psicolingu\u00edstica Experimental, investigando os processos mentais relacionados \u00e0 compreens\u00e3o e \u00e0 produ\u00e7\u00e3o de linguagem. Os temas [&hellip;]<\/p>\n","protected":false},"author":2,"featured_media":0,"parent":0,"menu_order":0,"comment_status":"closed","ping_status":"open","template":"page-templates\/noticias.php","meta":[],"_links":{"self":[{"href":"https:\/\/www.cchla.ufpb.br\/laprol\/index.php?rest_route=\/wp\/v2\/pages\/20"}],"collection":[{"href":"https:\/\/www.cchla.ufpb.br\/laprol\/index.php?rest_route=\/wp\/v2\/pages"}],"about":[{"href":"https:\/\/www.cchla.ufpb.br\/laprol\/index.php?rest_route=\/wp\/v2\/types\/page"}],"author":[{"embeddable":true,"href":"https:\/\/www.cchla.ufpb.br\/laprol\/index.php?rest_route=\/wp\/v2\/users\/2"}],"replies":[{"embeddable":true,"href":"https:\/\/www.cchla.ufpb.br\/laprol\/index.php?rest_route=%2Fwp%2Fv2%2Fcomments&post=20"}],"version-history":[{"count":6,"href":"https:\/\/www.cchla.ufpb.br\/laprol\/index.php?rest_route=\/wp\/v2\/pages\/20\/revisions"}],"predecessor-version":[{"id":728,"href":"https:\/\/www.cchla.ufpb.br\/laprol\/index.php?rest_route=\/wp\/v2\/pages\/20\/revisions\/728"}],"wp:attachment":[{"href":"https:\/\/www.cchla.ufpb.br\/laprol\/index.php?rest_route=%2Fwp%2Fv2%2Fmedia&parent=20"}],"curies":[{"name":"wp","href":"https:\/\/api.w.org\/{rel}","templated":true}]}}