{"id":549,"date":"2017-03-15T20:10:35","date_gmt":"2017-03-15T20:10:35","guid":{"rendered":"http:\/\/www.cchla.ufpb.br\/laprol\/?page_id=549"},"modified":"2024-02-23T00:23:41","modified_gmt":"2024-02-23T03:23:41","slug":"egressos","status":"publish","type":"page","link":"https:\/\/www.cchla.ufpb.br\/laprol\/?page_id=549","title":{"rendered":"Egressos e Egressas"},"content":{"rendered":"\n<h2>Doutores e Doutoras<\/h2>\n\n\n<div class=\"wp-block-image is-style-rounded\">\n<figure class=\"aligncenter size-large is-resized\"><a href=\"https:\/\/www.cchla.ufpb.br\/laprol\/wp-content\/uploads\/2023\/10\/image-4.png\"><img loading=\"lazy\" src=\"https:\/\/www.cchla.ufpb.br\/laprol\/wp-content\/uploads\/2023\/10\/image-4-788x1024.png\" alt=\"\" class=\"wp-image-888\" width=\"212\" height=\"276\" srcset=\"https:\/\/www.cchla.ufpb.br\/laprol\/wp-content\/uploads\/2023\/10\/image-4-788x1024.png 788w, https:\/\/www.cchla.ufpb.br\/laprol\/wp-content\/uploads\/2023\/10\/image-4-231x300.png 231w, https:\/\/www.cchla.ufpb.br\/laprol\/wp-content\/uploads\/2023\/10\/image-4-768x998.png 768w, https:\/\/www.cchla.ufpb.br\/laprol\/wp-content\/uploads\/2023\/10\/image-4-1182x1536.png 1182w, https:\/\/www.cchla.ufpb.br\/laprol\/wp-content\/uploads\/2023\/10\/image-4.png 1210w\" sizes=\"(max-width: 212px) 100vw, 212px\" \/><\/a><figcaption><a rel=\"noreferrer noopener\" href=\"http:\/\/lattes.cnpq.br\/1535255948826511\" target=\"_blank\">Curr\u00edculo <em>Lattes<\/em><\/a><\/figcaption><\/figure><\/div>\n\n\n<h2 class=\"has-text-align-center\"><strong>Alcimar Dantas Dias<\/strong><\/h2>\n\n\n\n<p>Doutor em Lingu\u00edstica pela Universidade Federal da Para\u00edba 2019. Mestre em Lingu\u00edstica UFPB (2014). \u00c9 graduado em Letras UFPB (1992). Bel. em Teologia no IBBB (1984). Autor dos livros: Liderando a si mesmo (2012); Processamento Morfol\u00f3gico de Palavras Formadas com Bases Presas no Portugu\u00eas Brasileiro (2015); e A Arte do Bem Viver. Professor substituto de l\u00edngua portuguesa no IFPB (2017-2018).<strong>\u00a0[Atualizado em 22\/10\/2023]<\/strong><\/p>\n\n\n\n<hr class=\"wp-block-separator has-alpha-channel-opacity\"\/>\n\n\n<div class=\"wp-block-image is-style-rounded\">\n<figure class=\"aligncenter size-medium is-resized\"><a href=\"https:\/\/www.cchla.ufpb.br\/laprol\/wp-content\/uploads\/2023\/10\/Candice-Laprol.jpg\"><img loading=\"lazy\" src=\"https:\/\/www.cchla.ufpb.br\/laprol\/wp-content\/uploads\/2023\/10\/Candice-Laprol-300x269.jpg\" alt=\"\" class=\"wp-image-875\" width=\"261\" height=\"234\" srcset=\"https:\/\/www.cchla.ufpb.br\/laprol\/wp-content\/uploads\/2023\/10\/Candice-Laprol-300x269.jpg 300w, https:\/\/www.cchla.ufpb.br\/laprol\/wp-content\/uploads\/2023\/10\/Candice-Laprol.jpg 636w\" sizes=\"(max-width: 261px) 100vw, 261px\" \/><\/a><figcaption><a href=\"http:\/\/lattes.cnpq.br\/5770756035247961\">Curr\u00edculo <em>Lattes<\/em><\/a><\/figcaption><\/figure><\/div>\n\n\n<h2 class=\"has-text-align-center\"><strong>Candice Helen Glenday<\/strong><\/h2>\n\n\n\n<p>Possui gradua\u00e7\u00e3o em Letras Ingl\u00eas\/Portugu\u00eas pela Universidade Tuiuti do Paran\u00e1 (2002), especializa\u00e7\u00e3o em L\u00edngua Portuguesa pela UNIFLU e mestrado em Cogni\u00e7\u00e3o e Linguagem pela Universidade Estadual do Norte Fluminense Darcy Ribeiro (2008), e doutorado em Lingu\u00edstica na UFPB com foco em Psicolingu\u00edstica.Atuou como professora de ingl\u00eas na Funda\u00e7\u00e3o de Apoio \u00e0 Escola T\u00e9cnica do Estado do Rio de Janeiro e como coordenadora de tutoria do CEDERJ. Atualmente \u00e9 professora adjunto na Universidade Estadual Vale do Acara\u00fa. Tem experi\u00eancia na \u00e1rea de Letras, com \u00eanfase em L\u00ednguas Estrangeiras Modernas, pesquisando principalmente os seguintes temas: tradu\u00e7\u00e3o, linguagem, aquisi\u00e7\u00e3o de segunda l\u00edngua.Tem atuado como tradutora na vers\u00e3o e tradu\u00e7\u00e3o de artigos cient\u00edficos (l\u00ednguas inglesa\/portuguesa) desde 2008. <strong>[Atualizado em 21\/10\/2023]<\/strong><\/p>\n\n\n\n<hr class=\"wp-block-separator has-alpha-channel-opacity\"\/>\n\n\n<div class=\"wp-block-image is-style-rounded\">\n<figure class=\"aligncenter size-full is-resized\"><img loading=\"lazy\" src=\"https:\/\/www.cchla.ufpb.br\/laprol\/wp-content\/uploads\/2023\/10\/Debora-Vasconcelos.jpg\" alt=\"\" class=\"wp-image-878\" width=\"-12\" height=\"-15\" srcset=\"https:\/\/www.cchla.ufpb.br\/laprol\/wp-content\/uploads\/2023\/10\/Debora-Vasconcelos.jpg 253w, https:\/\/www.cchla.ufpb.br\/laprol\/wp-content\/uploads\/2023\/10\/Debora-Vasconcelos-218x300.jpg 218w\" sizes=\"(max-width: 253px) 100vw, 253px\" \/><figcaption><a href=\"http:\/\/lattes.cnpq.br\/5145639566113960\">Curr\u00edculo <em>Lattes<\/em><\/a><\/figcaption><\/figure><\/div>\n\n\n<h2 class=\"has-text-align-center\"><strong>D\u00e9bora Vasconcelos Correia<\/strong><\/h2>\n\n\n\n<p>Graduada em Fonoaudiologia pelo Centro Universit\u00e1rio de Jo\u00e3o Pessoa &#8211; UNIP\u00ca (2009). \u00c9 mestre (2014) e doutora (2020) em Lingu\u00edstica pelo Programa de P\u00f3s-Gradua\u00e7\u00e3o em Lingu\u00edstica (PROLING) da Universidade Federal da Para\u00edba &#8211; UFPB, na \u00e1rea de concentra\u00e7\u00e3o em Teoria e An\u00e1lise Lingu\u00edstica e linha de pesquisa em Aquisi\u00e7\u00e3o de Linguagem e Processamento Lingu\u00edstico, com trabalho de pesquisa direcionado ao processamento lingu\u00edstico de pessoas que gaguejam e \u00e0 postula\u00e7\u00e3o da Teoria Integrada da Flu\u00eancia (TIF) &#8211; teoria conceitual sobre flu\u00eancia verbal. \u00c9 especialista em Flu\u00eancia pelo Conselho Federal de Fonoaudiologia (2018) e em Neuroci\u00eancia Aplicada pela Universidade Federal de Pernambuco &#8211; UFPE (2019). Professora Adjunta da UFPB (2015) no Departamento de Fonoaudiologia e vinculada \u00e0 \u00e1rea da Linguagem, onde coordena o FLUA (2016) &#8211; projeto que integra a\u00e7\u00f5es de extens\u00e3o, ensino e pesquisa na atua\u00e7\u00e3o fonoaudiol\u00f3gica em Flu\u00eancia. Coordenou o Comit\u00ea de Flu\u00eancia do Departamento de Linguagem da Sociedade Brasileira de Fonoaudiologia &#8211; SBFa (Gest\u00e3o 2020-2022), e tem experi\u00eancia na \u00e1rea de Fonoaudiologia, Lingu\u00edstica e Neuroci\u00eancia da Linguagem, com \u00eanfase em flu\u00eancia verbal e gagueira. <strong>[Atualizado em 21\/10\/2023]<\/strong><\/p>\n\n\n\n<hr class=\"wp-block-separator has-alpha-channel-opacity\"\/>\n\n\n<div class=\"wp-block-image is-style-rounded\">\n<figure class=\"aligncenter size-full is-resized\"><a href=\"https:\/\/www.cchla.ufpb.br\/laprol\/wp-content\/uploads\/2023\/10\/image-1.png\"><img loading=\"lazy\" src=\"https:\/\/www.cchla.ufpb.br\/laprol\/wp-content\/uploads\/2023\/10\/image-1.png\" alt=\"\" class=\"wp-image-880\" width=\"257\" height=\"285\" srcset=\"https:\/\/www.cchla.ufpb.br\/laprol\/wp-content\/uploads\/2023\/10\/image-1.png 412w, https:\/\/www.cchla.ufpb.br\/laprol\/wp-content\/uploads\/2023\/10\/image-1-270x300.png 270w\" sizes=\"(max-width: 257px) 100vw, 257px\" \/><\/a><figcaption>&nbsp;<a rel=\"noreferrer noopener\" href=\"http:\/\/lattes.cnpq.br\/4939279345111431\" target=\"_blank\">Curr\u00edculo <em>Lattes<\/em><\/a><\/figcaption><\/figure><\/div>\n\n\n<h2 class=\"has-text-align-center\"><strong>Fl\u00e1via Gon\u00e7alves Cala\u00e7a de Souza<\/strong><\/h2>\n\n\n\n<p>Possui gradua\u00e7\u00e3o em Letras (2013), mestrado em Lingu\u00edstica pela Universidade Federal da Para\u00edba (2016) e Doutorado em Ling\u00fc\u00edstica tamb\u00e9m pela UFPB (2020). Atualmente \u00e9 tutora a dist\u00e2ncia do curso de Letras Espanhol da Universidade Federal da Para\u00edba. <strong>[Atualizado em 21\/10\/2023]<\/strong><\/p>\n\n\n\n<p>_____________________________________________________________________________________________________<\/p>\n\n\n<div class=\"wp-block-image is-style-rounded\">\n<figure class=\"aligncenter size-full is-resized\"><a href=\"https:\/\/www.cchla.ufpb.br\/laprol\/wp-content\/uploads\/2023\/10\/Jefferson.jpg\"><img loading=\"lazy\" src=\"https:\/\/www.cchla.ufpb.br\/laprol\/wp-content\/uploads\/2023\/10\/Jefferson.jpg\" alt=\"\" class=\"wp-image-882\" width=\"220\" height=\"269\" srcset=\"https:\/\/www.cchla.ufpb.br\/laprol\/wp-content\/uploads\/2023\/10\/Jefferson.jpg 534w, https:\/\/www.cchla.ufpb.br\/laprol\/wp-content\/uploads\/2023\/10\/Jefferson-246x300.jpg 246w\" sizes=\"(max-width: 220px) 100vw, 220px\" \/><\/a><figcaption><a rel=\"noreferrer noopener\" href=\"http:\/\/lattes.cnpq.br\/9387470561164715\" target=\"_blank\">Curr\u00edculo <em>Lattes<\/em><\/a><\/figcaption><\/figure><\/div>\n\n\n<h2 class=\"has-text-align-center\"><strong>Jefferson Alves da Rocha<\/strong><\/h2>\n\n\n\n<p>Doutor em Lingu\u00edstica, \u00e1rea de concentra\u00e7\u00e3o Teoria e An\u00e1lise Lingu\u00edstica, linha de pesquisa de Aquisi\u00e7\u00e3o da Linguagem e Processamento Lingu\u00edstico, pelo Programa de P\u00f3s-gradua\u00e7\u00e3o em Lingu\u00edstica (PROLING) da UFPB (2022). Mestre em Lingu\u00edstica, \u00e1rea de concentra\u00e7\u00e3o Teoria e An\u00e1lise Lingu\u00edstica, linha de pesquisa de Aquisi\u00e7\u00e3o da Linguagem e Processamento Lingu\u00edstico, pelo Programa de P\u00f3s-gradua\u00e7\u00e3o em Lingu\u00edstica (PROLING) da UFPB (2016). Graduado em Letras, habilita\u00e7\u00e3o em L\u00edngua Portuguesa, pela UFPB (2013). <strong>[Atualizado em 21\/10\/2023]<\/strong><\/p>\n\n\n\n<p>_____________________________________________________________________________________________________<\/p>\n\n\n<div class=\"wp-block-image is-style-rounded\">\n<figure class=\"aligncenter size-full\"><a href=\"https:\/\/www.cchla.ufpb.br\/laprol\/wp-content\/uploads\/2023\/10\/Judite.jpg\"><img loading=\"lazy\" width=\"246\" height=\"307\" src=\"https:\/\/www.cchla.ufpb.br\/laprol\/wp-content\/uploads\/2023\/10\/Judite.jpg\" alt=\"\" class=\"wp-image-883\" srcset=\"https:\/\/www.cchla.ufpb.br\/laprol\/wp-content\/uploads\/2023\/10\/Judite.jpg 246w, https:\/\/www.cchla.ufpb.br\/laprol\/wp-content\/uploads\/2023\/10\/Judite-240x300.jpg 240w\" sizes=\"(max-width: 246px) 100vw, 246px\" \/><\/a><figcaption><a rel=\"noreferrer noopener\" href=\"http:\/\/lattes.cnpq.br\/5028281201263130\" target=\"_blank\">Curr\u00edculo <em>Lattes<\/em><\/a><\/figcaption><\/figure><\/div>\n\n\n<h2 class=\"has-text-align-center\"><strong>Judithe Genuino Henrique<\/strong><\/h2>\n\n\n\n<p>Possui Gradua\u00e7\u00e3o em Letras pela Universidade Federal da Para\u00edba (2013), Mestrado em Lingu\u00edstica\/Psicolingu\u00edstica pelo Programa de P\u00f3s-Gradua\u00e7\u00e3o em Lingu\u00edstica (PROLING)\/Universidade Federal da Para\u00edba (UFPB) (2016), Doutorado em Lingu\u00edstica\/Psicolingu\u00edstica pelo PROLING\/UFPB (2022). Tem interesse particular pela pesquisa em Processamento Sentencial (com \u00eanfase no processamento sint\u00e1tico anaf\u00f3rico). <strong>[Atualizado em 21\/10\/2023]<\/strong><\/p>\n\n\n\n<p>_____________________________________________________________________________________________________<\/p>\n\n\n<div class=\"wp-block-image is-style-rounded\">\n<figure class=\"aligncenter size-full is-resized\"><a href=\"https:\/\/www.cchla.ufpb.br\/laprol\/wp-content\/uploads\/2023\/10\/image-2.png\"><img loading=\"lazy\" src=\"https:\/\/www.cchla.ufpb.br\/laprol\/wp-content\/uploads\/2023\/10\/image-2.png\" alt=\"\" class=\"wp-image-884\" width=\"227\" height=\"288\" srcset=\"https:\/\/www.cchla.ufpb.br\/laprol\/wp-content\/uploads\/2023\/10\/image-2.png 322w, https:\/\/www.cchla.ufpb.br\/laprol\/wp-content\/uploads\/2023\/10\/image-2-237x300.png 237w\" sizes=\"(max-width: 227px) 100vw, 227px\" \/><\/a><figcaption><a rel=\"noreferrer noopener\" href=\"http:\/\/lattes.cnpq.br\/9048675087477354\" target=\"_blank\">Curr\u00edculo <em>Lattes<\/em><\/a><\/figcaption><\/figure><\/div>\n\n\n<h2 class=\"has-text-align-center\"><strong>Luciene Barbosa de Souza<\/strong><\/h2>\n\n\n\n<p>Graduada em Letras pela Faculdade de Forma\u00e7\u00e3o de Professores de Serra Talhada (2001); Especialista em Programa\u00e7\u00e3o de Ensino de L\u00edngua Portuguesa pela Faculdade de Forma\u00e7\u00e3o de Professores de Petrolina (2003); Mestre em Lingu\u00edstica pelo Programa de P\u00f3s-Gradua\u00e7\u00e3o em Lingu\u00edstica \/ UFPB (2013) e Doutora em Lingu\u00edstica neste mesmo programa (2022). Professora de L\u00edngua Portuguesa e L\u00edngua Inglesa na rede estadual de Pernambuco e na rede municipal de Triunfo &#8211; PE. Foi professora de Lingu\u00edstica e L\u00edngua Inglesa na Faculdade de Forma\u00e7\u00e3o de Professores de Serra Talhada &#8211; FAFOPST, Coordenadora de \u00e1rea do Programa Institucional de Bolsas de Inicia\u00e7\u00e3o \u00e0 Doc\u00eancia &#8211; PIBID &#8211; CAPES (2018 &#8211; 2020 e Coordenadora de \u00e1rea do Programa Resid\u00eancia Pedag\u00f3gica &#8211; RP &#8211; CAPES (2020 &#8211; 2022). Tem interesse particular na pesquisa em Processamento Morfol\u00f3gico e Gram\u00e1tica Gerativa. <strong>[Atualizado em 21\/10\/2023]<\/strong><\/p>\n\n\n\n<p>_____________________________________________________________________________________________________<\/p>\n\n\n<div class=\"wp-block-image is-style-rounded\">\n<figure class=\"aligncenter size-full is-resized\"><a href=\"https:\/\/www.cchla.ufpb.br\/laprol\/wp-content\/uploads\/2023\/10\/image-3.png\"><img loading=\"lazy\" src=\"https:\/\/www.cchla.ufpb.br\/laprol\/wp-content\/uploads\/2023\/10\/image-3.png\" alt=\"\" class=\"wp-image-885\" width=\"233\" height=\"273\" srcset=\"https:\/\/www.cchla.ufpb.br\/laprol\/wp-content\/uploads\/2023\/10\/image-3.png 643w, https:\/\/www.cchla.ufpb.br\/laprol\/wp-content\/uploads\/2023\/10\/image-3-257x300.png 257w\" sizes=\"(max-width: 233px) 100vw, 233px\" \/><\/a><figcaption><a rel=\"noreferrer noopener\" href=\"http:\/\/lattes.cnpq.br\/9122318574212670\" target=\"_blank\">Curr\u00edculo <em>Lattes<\/em><\/a><\/figcaption><\/figure><\/div>\n\n\n<h2 class=\"has-text-align-center\"><strong>Matheus de Almeida Barbosa<\/strong><\/h2>\n\n\n\n<p>Doutor e mestre em Lingu\u00edstica pela Universidade Federal da Para\u00edba, com\u00a0<strong>per\u00edodo\u00a0sandu\u00edche\u00a0<\/strong>em University of Massachusetts Amherst (Orientador: Luiz Alexandre Mattos do Amaral), e especialista em Lingu\u00edstica Aplicada na Educa\u00e7\u00e3o. Possui gradua\u00e7\u00e3o em Letras Ingl\u00eas (2018) e em Odontologia (2009) pela Universidade Federal da Para\u00edba. Tem interesse na \u00e1rea de processamento lingu\u00edstico com \u00eanfase no processamento por bil\u00edngues, ensino de ingl\u00eas, e elabora\u00e7\u00e3o de materiais did\u00e1ticos. <strong>[Atualizado em 21\/10\/2023]<\/strong><\/p>\n\n\n\n<p>_____________________________________________________________________________________________________<\/p>\n\n\n<div class=\"wp-block-image is-style-rounded\">\n<figure class=\"aligncenter is-resized\"><a href=\"https:\/\/www.cchla.ufpb.br\/laprol\/wp-content\/uploads\/2018\/02\/Rita.png\"><img loading=\"lazy\" src=\"https:\/\/www.cchla.ufpb.br\/laprol\/wp-content\/uploads\/2018\/02\/Rita-150x150.png\" alt=\"\" class=\"wp-image-629\" width=\"244\" height=\"244\"\/><\/a><figcaption><a href=\"http:\/\/lattes.cnpq.br\/8623507844537996\">Curr\u00edculo <em>Lattes<\/em><\/a><\/figcaption><\/figure><\/div>\n\n\n<h2 class=\"has-text-align-center\"><strong>Rita de Cassia Freire de Melo Goldbaum<\/strong><\/h2>\n\n\n\n<p>Possui gradua\u00e7\u00e3o em Licenciatura &#8211; Letras pela Funda\u00e7\u00e3o de Ensino Superior de Olinda (1992) e mestrado em FORMA\u00c7\u00c3O DE PROFESSORES DE ESPANHOL COMO L2 pela Universidade de Barcelona (2000) revalidado pela UFRN (Mestre em Estudos da Linguagem) Doutora em Lingu\u00edstica pela Universidade Federal da Para\u00edba (UFPB).Coordenadora do Laborat\u00f3rio de l\u00ednguas de espanhol da UPE e Vice- coordenadora do curso de Letras\/espanhol(UPE). Foi coordenadora do PROLINFO e RUMO \u00c1 UNIVERSIDADE para o idioma espanhol da Universidade de Pernambuco(Governo do Estado de Pernambuco). Professora Formadora dos professores extensionistas do Prevupe em 2021 e 2023. Publicou material para vestibular em LE &#8211; espanhol PREVUPE (Ano 2021 e 2023). Publicou o Livro Espanhol para Estrangeiros pela EDUPE &#8211; 2016 e Gram\u00e1tica de Bolsillo 1 EDUPE- 2015, entre outras publica\u00e7\u00f5es. Atualmente \u00e9 professora adjunta da Universidade de Pernambuco. <strong>[Atualizado em 22\/10\/2023]<\/strong><\/p>\n\n\n\n<h2><strong>OUTROS EGRESSOS<\/strong><\/h2>\n\n\n\n<hr class=\"wp-block-separator has-alpha-channel-opacity\"\/>\n\n\n\n<p><\/p>\n\n\n\n<p><em><strong>DOUTORES E DOUTORAS<\/strong><\/em><\/p>\n\n\n\n<p><\/p>\n\n\n\n<p><strong>Althiere Frank Valadares Cabral<\/strong> &nbsp;&nbsp;&nbsp;&nbsp;&nbsp;(Doutorado) <a href=\"http:\/\/buscatextual.cnpq.br\/buscatextual\/visualizacv.do?id=K4511476T0\" target=\"_blank\" rel=\"noreferrer noopener\">Curr\u00edculo <em>Lattes<\/em><\/a><\/p>\n\n\n\n<p><strong>Antonia Barros Gibson Sim\u00f5es<\/strong>&nbsp;&nbsp;&nbsp;&nbsp;&nbsp; (Doutorado) <a href=\"http:\/\/lattes.cnpq.br\/5732892727333298\" target=\"_blank\" rel=\"noreferrer noopener\">Curr\u00edculo <em>Lattes<\/em><\/a><\/p>\n\n\n\n<p><strong>Giorvan \u00c2nderson dos Santos Alves<\/strong> &nbsp;&nbsp;&nbsp;&nbsp;&nbsp;(Doutorado) <a href=\"http:\/\/lattes.cnpq.br\/7537631933352720\" target=\"_blank\" rel=\"noreferrer noopener\">Curr\u00edculo <em>Lattes<\/em><\/a><\/p>\n\n\n\n<p><strong>Gitanna Brito Bezerra<\/strong> &nbsp;&nbsp;&nbsp;&nbsp;&nbsp;(Doutorado) <a href=\"http:\/\/lattes.cnpq.br\/6100300236628209\" target=\"_blank\" rel=\"noreferrer noopener\">Curr\u00edculo <em>Lattes<\/em><\/a><\/p>\n\n\n\n<p><strong>J\u00e9ssica Tayrine Gomes de Melo Bezerra<\/strong>&nbsp;&nbsp;&nbsp;&nbsp;&nbsp; (Doutorado) <a href=\"http:\/\/lattes.cnpq.br\/9880788414949504\" target=\"_blank\" rel=\"noreferrer noopener\">Curr\u00edculo <em>Lattes<\/em><\/a><\/p>\n\n\n\n<p><strong>Joelton Duarte de Santana<\/strong> &nbsp;&nbsp;&nbsp;&nbsp;&nbsp;(Doutorado) <a href=\"http:\/\/lattes.cnpq.br\/3802713462675877\" target=\"_blank\" rel=\"noreferrer noopener\">Curr\u00edculo <em>Lattes<\/em><\/a><\/p>\n\n\n\n<p><strong>Luciane Spinelli de Figueiredo Pessoa<\/strong>&nbsp;&nbsp;&nbsp;&nbsp;&nbsp; (Doutorado) <a href=\"http:\/\/lattes.cnpq.br\/1028455108910097\" target=\"_blank\" rel=\"noreferrer noopener\">Curr\u00edculo <em>Lattes<\/em><\/a><\/p>\n\n\n\n<p><strong>Sheila Costa de Farias<\/strong> &nbsp;&nbsp;&nbsp;&nbsp;&nbsp;(Doutorado) <a href=\"http:\/\/lattes.cnpq.br\/2950552229032787\" target=\"_blank\" rel=\"noreferrer noopener\">Curr\u00edculo <em>Lattes<\/em><\/a><\/p>\n\n\n\n<p><\/p>\n\n\n\n<p><em><strong>MESTRES E MESTRAS<\/strong><\/em><\/p>\n\n\n\n<p><strong>Alyson Andrade Gon\u00e7alves&nbsp;<\/strong>(Mestrado) <a href=\"http:\/\/lattes.cnpq.br\/0871920635717343\" target=\"_blank\" rel=\"noreferrer noopener\">Curr\u00edculo <em>Lattes<\/em><\/a><\/p>\n\n\n\n<p><strong>\u00c2ngela Maria de Ara\u00fajo<\/strong>&nbsp;(Mestrado)&nbsp;<a href=\"http:\/\/lattes.cnpq.br\/1373034490738723\" target=\"_blank\" rel=\"noreferrer noopener\">Curr\u00edculo <em>Lattes<\/em><\/a><\/p>\n\n\n\n<p><strong>Danielli Cristina de Lima Silva <\/strong>(Mestrado)&nbsp;<a href=\"http:\/\/lattes.cnpq.br\/7724532730745323\" target=\"_blank\" rel=\"noreferrer noopener\">Curr\u00edculo<\/a><a href=\"http:\/\/lattes.cnpq.br\/7724532730745323\" target=\"_blank\" rel=\"noreferrer noopener\"><em>&nbsp;Lattes<\/em><\/a><\/p>\n\n\n\n<p><strong>Elioenai Macena de Ara\u00fajo <\/strong>(Mestrado)&nbsp;<a href=\"http:\/\/lattes.cnpq.br\/7342835430677445\" target=\"_blank\" rel=\"noreferrer noopener\">Curr\u00edculo&nbsp;<em>Lattes<\/em><\/a><\/p>\n\n\n\n<p><strong>Eva Vilma Aires Cabral Gondim <\/strong>(Mestrado)&nbsp;<a href=\"http:\/\/lattes.cnpq.br\/8092263534338446\" target=\"_blank\" rel=\"noreferrer noopener\">Curr\u00edculo <em>Lattes<\/em><\/a><\/p>\n\n\n\n<p><strong>Karla Lima de Queiroz&nbsp;<\/strong>(Mestrado) <a href=\"http:\/\/lattes.cnpq.br\/3154950706814436\" target=\"_blank\" rel=\"noreferrer noopener\">Curr\u00edculo <em>Lattes<\/em><\/a><\/p>\n\n\n\n<p><strong>Lorena Priscila Dantas de Luna&nbsp;<\/strong>(Mestrado)&nbsp;&nbsp;<a href=\"http:\/\/lattes.cnpq.br\/5781355279508225\" target=\"_blank\" rel=\"noreferrer noopener\">Curr\u00edculo&nbsp;<em>Lattes<\/em><\/a><\/p>\n\n\n\n<p><strong>Louren\u00e7o Marques da Silva&nbsp;<\/strong>(Mestrado) <a href=\"http:\/\/lattes.cnpq.br\/8107132847014648\" target=\"_blank\" rel=\"noreferrer noopener\">Curr\u00edculo <em>Lattes<\/em><\/a><\/p>\n\n\n\n<p><strong>Lu\u00edsa de Ara\u00fajo Pereira Gadelha <\/strong>(Mestrado)&nbsp;<a href=\"http:\/\/lattes.cnpq.br\/7892909590751434\" target=\"_blank\" rel=\"noreferrer noopener\">Curr\u00edculo <em>Lattes<\/em><\/a><\/p>\n\n\n\n<p><strong>Manuela Leit\u00e3o de Vasconcelos <\/strong>(Mestrado) <a href=\"http:\/\/lattes.cnpq.br\/4838761169136650\" target=\"_blank\" rel=\"noreferrer noopener\">Curr\u00edculo <em>Lattes<\/em><\/a><\/p>\n\n\n\n<p><strong>Marcos Andr\u00e9 Ferraz de Lima <\/strong>(Mestrado) <a href=\"http:\/\/lattes.cnpq.br\/8195193599103603\" target=\"_blank\" rel=\"noreferrer noopener\">Curr\u00edculo <em>Lattes<\/em><\/a><\/p>\n\n\n\n<p><strong>Maria Cl\u00e1udia Mesquita&nbsp;<\/strong>(Mestrado) <a href=\"http:\/\/lattes.cnpq.br\/9959330138031783\" target=\"_blank\" rel=\"noreferrer noopener\">Curr\u00edculo&nbsp;<em>Lattes<\/em><\/a><\/p>\n\n\n\n<p><strong>Nath\u00e1lya Fernandes In\u00e1cio Marinho <\/strong>(Mestrado)&nbsp;<a href=\"http:\/\/lattes.cnpq.br\/1533821409836669\" target=\"_blank\" rel=\"noreferrer noopener\">Curr\u00edculo <em>Lattes<\/em><\/a><\/p>\n\n\n\n<p><strong>Pablo Machel Nabot Silva de Almeida<\/strong>&nbsp;(Mestrado)&nbsp;<a href=\"http:\/\/lattes.cnpq.br\/4508890973487596\" target=\"_blank\" rel=\"noreferrer noopener\">Curr\u00edculo <em>Lattes<\/em><\/a><\/p>\n\n\n\n<p><strong>Rafaelly Ferreira Bezerra <\/strong>(Mestrado)&nbsp;<a href=\"http:\/\/lattes.cnpq.br\/2099051265830466\" target=\"_blank\" rel=\"noreferrer noopener\">Curr\u00edculo <em>Lattes<\/em><\/a><\/p>\n\n\n\n<p><\/p>\n\n\n\n<p><em><strong>GRADUANDOS E GRADUANDAS<\/strong><\/em><\/p>\n\n\n\n<p><strong>Danieli Maria da Silva<\/strong> &nbsp;&nbsp;&nbsp;&nbsp;&nbsp;(Inicia\u00e7\u00e3o Cient\u00edfica)<\/p>\n\n\n\n<p><strong>Flaviano Fagner <\/strong>&nbsp;&nbsp;&nbsp;&nbsp;&nbsp;(Inicia\u00e7\u00e3o Cient\u00edfica)<\/p>\n\n\n\n<p><strong>Gabriele Marolla<\/strong> &nbsp;&nbsp;&nbsp;&nbsp;&nbsp;(Inicia\u00e7\u00e3o Cient\u00edfica)<\/p>\n\n\n\n<p><strong>Gustavo Gomes de Oliveira L\u00facio de Sousa<\/strong> &nbsp;&nbsp;&nbsp;&nbsp;&nbsp;(Inicia\u00e7\u00e3o Cient\u00edfica)<\/p>\n\n\n\n<p><strong>Lucas Eurikes Melo Vasconcelos<\/strong> &nbsp;&nbsp;&nbsp;&nbsp;&nbsp;(Inicia\u00e7\u00e3o Cient\u00edfica)<\/p>\n\n\n\n<p><strong>Paula Silva Brindeiro de Amorim<\/strong> &nbsp;&nbsp;&nbsp;&nbsp;&nbsp;(Inicia\u00e7\u00e3o Cient\u00edfica)<\/p>\n\n\n\n<p><strong>Priscilla Cristina de Carvalho Peixoto<\/strong> &nbsp;&nbsp;&nbsp;&nbsp;&nbsp;(Inicia\u00e7\u00e3o Cient\u00edfica)<\/p>\n\n\n\n<p><strong>Rita Ferreira Gon\u00e7alves da Silva<\/strong> &nbsp;&nbsp;&nbsp;&nbsp;&nbsp;(Inicia\u00e7\u00e3o Cient\u00edfica)<\/p>\n\n\n\n<p><strong>Susana Tha\u00eds Pedroza Santos<\/strong> &nbsp;&nbsp;&nbsp;&nbsp;&nbsp;(Inicia\u00e7\u00e3o Cient\u00edfica)<\/p>\n\n\n\n<p><strong>Wanessa de Gois Moreira<\/strong> &nbsp;&nbsp;&nbsp;&nbsp;&nbsp;(Inicia\u00e7\u00e3o Cient\u00edfica)<\/p>\n\n\n\n<p><strong>Yanna Mayara Macena de Brito<\/strong> &nbsp;&nbsp;&nbsp;&nbsp;&nbsp;(Inicia\u00e7\u00e3o Cient\u00edfica)<\/p>\n\n\n\n<p><\/p>\n","protected":false},"excerpt":{"rendered":"<p>Doutores e Doutoras Alcimar Dantas Dias Doutor em Lingu\u00edstica pela Universidade Federal da Para\u00edba 2019. Mestre em Lingu\u00edstica UFPB (2014). \u00c9 graduado em Letras UFPB (1992). Bel. em Teologia no IBBB (1984). Autor dos livros: Liderando a si mesmo (2012); Processamento Morfol\u00f3gico de Palavras Formadas com Bases Presas no Portugu\u00eas Brasileiro (2015); e A Arte [&hellip;]<\/p>\n","protected":false},"author":2,"featured_media":0,"parent":0,"menu_order":0,"comment_status":"closed","ping_status":"closed","template":"","meta":[],"_links":{"self":[{"href":"https:\/\/www.cchla.ufpb.br\/laprol\/index.php?rest_route=\/wp\/v2\/pages\/549"}],"collection":[{"href":"https:\/\/www.cchla.ufpb.br\/laprol\/index.php?rest_route=\/wp\/v2\/pages"}],"about":[{"href":"https:\/\/www.cchla.ufpb.br\/laprol\/index.php?rest_route=\/wp\/v2\/types\/page"}],"author":[{"embeddable":true,"href":"https:\/\/www.cchla.ufpb.br\/laprol\/index.php?rest_route=\/wp\/v2\/users\/2"}],"replies":[{"embeddable":true,"href":"https:\/\/www.cchla.ufpb.br\/laprol\/index.php?rest_route=%2Fwp%2Fv2%2Fcomments&post=549"}],"version-history":[{"count":35,"href":"https:\/\/www.cchla.ufpb.br\/laprol\/index.php?rest_route=\/wp\/v2\/pages\/549\/revisions"}],"predecessor-version":[{"id":1022,"href":"https:\/\/www.cchla.ufpb.br\/laprol\/index.php?rest_route=\/wp\/v2\/pages\/549\/revisions\/1022"}],"wp:attachment":[{"href":"https:\/\/www.cchla.ufpb.br\/laprol\/index.php?rest_route=%2Fwp%2Fv2%2Fmedia&parent=549"}],"curies":[{"name":"wp","href":"https:\/\/api.w.org\/{rel}","templated":true}]}}