{"id":96,"date":"2014-11-27T13:37:01","date_gmt":"2014-11-27T13:37:01","guid":{"rendered":"http:\/\/www.cchla.ufpb.br\/laprol2\/?page_id=96"},"modified":"2025-01-10T15:34:42","modified_gmt":"2025-01-10T18:34:42","slug":"graduandos","status":"publish","type":"page","link":"https:\/\/www.cchla.ufpb.br\/laprol\/?page_id=96","title":{"rendered":"Graduandos(as) e Colaboradores(as)"},"content":{"rendered":"\n<div class=\"wp-container-1 wp-block-group\"><div class=\"wp-block-group__inner-container\">\n<p><\/p>\n<\/div><\/div>\n\n\n\n<hr class=\"wp-block-separator has-alpha-channel-opacity\"\/>\n\n\n<div class=\"wp-block-image is-style-rounded\">\n<figure class=\"aligncenter size-large is-resized\"><a href=\"https:\/\/www.cchla.ufpb.br\/laprol\/wp-content\/uploads\/2024\/02\/Ferreira-Manaiene-Manaiene-Ferreira.jpg\"><img loading=\"lazy\" src=\"https:\/\/www.cchla.ufpb.br\/laprol\/wp-content\/uploads\/2024\/02\/Ferreira-Manaiene-Manaiene-Ferreira-760x1024.jpg\" alt=\"\" class=\"wp-image-966\" width=\"218\" height=\"294\" srcset=\"https:\/\/www.cchla.ufpb.br\/laprol\/wp-content\/uploads\/2024\/02\/Ferreira-Manaiene-Manaiene-Ferreira-760x1024.jpg 760w, https:\/\/www.cchla.ufpb.br\/laprol\/wp-content\/uploads\/2024\/02\/Ferreira-Manaiene-Manaiene-Ferreira-223x300.jpg 223w, https:\/\/www.cchla.ufpb.br\/laprol\/wp-content\/uploads\/2024\/02\/Ferreira-Manaiene-Manaiene-Ferreira-768x1035.jpg 768w, https:\/\/www.cchla.ufpb.br\/laprol\/wp-content\/uploads\/2024\/02\/Ferreira-Manaiene-Manaiene-Ferreira-1139x1536.jpg 1139w, https:\/\/www.cchla.ufpb.br\/laprol\/wp-content\/uploads\/2024\/02\/Ferreira-Manaiene-Manaiene-Ferreira.jpg 1186w\" sizes=\"(max-width: 218px) 100vw, 218px\" \/><\/a><\/figure><\/div>\n\n\n<h2 class=\"has-text-align-center\"><strong>Manaiene Elielma Lima Ferreira<\/strong><\/h2>\n\n\n\n<p class=\"has-text-align-center\">Nome em cita\u00e7\u00f5es: FERREIRA, Manaiene Elielma Lima.<\/p>\n\n\n\n<p class=\"has-text-align-center\"><a href=\"http:\/\/lattes.cnpq.br\/3497718193427421\" data-type=\"URL\" data-id=\"http:\/\/lattes.cnpq.br\/3497718193427421\"><strong>Curr\u00edculo Lattes<\/strong><\/a><\/p>\n\n\n\n<p>Graduanda em Psicopedagogia (Universidade Federal da Para\u00edba). Possui curso t\u00e9cnico-profissionalizante em T\u00e9cnico em Enfermagem pelo Instituto de Sa\u00fade S\u00e3o Judas Tadeu (2019) e ensino m\u00e9dio pelo Col\u00e9gio da Pol\u00edcia Militar Francisco Pedro de Oliveira (2016). Bolsista de Inicia\u00e7\u00e3o Cient\u00edfica (PIBIC\/CNPq). Atualmente realiza estudos em projeto cujo t\u00edtulo \u00e9: \u201c<em>Constru\u00e7\u00e3o de Design Experimental para investigar o processamento de reflexivos em idosos brasileiros usando a t\u00e9cnica de Maze Task<\/em>\u201d.<\/p>\n\n\n\n<p>Orientador: Prof. Dr. M\u00e1rcio Martins Leit\u00e3o (UFPB\/Proling\/Laprol) <strong>[Atualizado em 22\/10\/2023]<\/strong><\/p>\n\n\n\n<hr class=\"wp-block-separator has-alpha-channel-opacity\"\/>\n\n\n<div class=\"wp-block-image is-style-rounded\">\n<figure class=\"aligncenter size-large is-resized\"><a href=\"https:\/\/www.cchla.ufpb.br\/laprol\/wp-content\/uploads\/2024\/02\/Victoria-Vieira.jpeg\"><img loading=\"lazy\" src=\"https:\/\/www.cchla.ufpb.br\/laprol\/wp-content\/uploads\/2024\/02\/Victoria-Vieira-769x1024.jpeg\" alt=\"\" class=\"wp-image-1002\" width=\"242\" height=\"322\" srcset=\"https:\/\/www.cchla.ufpb.br\/laprol\/wp-content\/uploads\/2024\/02\/Victoria-Vieira-769x1024.jpeg 769w, https:\/\/www.cchla.ufpb.br\/laprol\/wp-content\/uploads\/2024\/02\/Victoria-Vieira-225x300.jpeg 225w, https:\/\/www.cchla.ufpb.br\/laprol\/wp-content\/uploads\/2024\/02\/Victoria-Vieira-768x1023.jpeg 768w, https:\/\/www.cchla.ufpb.br\/laprol\/wp-content\/uploads\/2024\/02\/Victoria-Vieira-1153x1536.jpeg 1153w, https:\/\/www.cchla.ufpb.br\/laprol\/wp-content\/uploads\/2024\/02\/Victoria-Vieira-1537x2048.jpeg 1537w, https:\/\/www.cchla.ufpb.br\/laprol\/wp-content\/uploads\/2024\/02\/Victoria-Vieira.jpeg 1858w\" sizes=\"(max-width: 242px) 100vw, 242px\" \/><\/a><\/figure><\/div>\n\n\n<h2 class=\"has-text-align-center\"><strong>Maria Vict\u00f3ria Vieira Torres<\/strong><\/h2>\n\n\n\n<p class=\"has-text-align-center\">Nome em cita\u00e7\u00f5es: VIEIRA, Vict\u00f3ria.<\/p>\n\n\n\n<p class=\"has-text-align-center\"><a href=\"http:\/\/lattes.cnpq.br\/4654705246476987\" data-type=\"URL\"><strong>Curr\u00edculo Lattes<\/strong><\/a><\/p>\n\n\n\n<p class=\"has-text-align-center\"><strong><a href=\"https:\/\/orcid.org\/0009-0005-4027-2013\">ORCID<\/a><\/strong><\/p>\n\n\n\n<p>Estudante de gradua\u00e7\u00e3o do sexto semestre de Licenciatura em Letras &#8211; L\u00edngua Portuguesa na Universidade Federal da Para\u00edba (UFPB). Atualmente integra o Laborat\u00f3rio de Processamento Lingu\u00edstico da UFPB (LAPROL) e \u00e9 bolsista de inicia\u00e7\u00e3o cient\u00edfica na \u00e1rea de psicolingu\u00edstica, tendo v\u00ednculo com o projeto de pesquisa &#8220;Constru\u00e7\u00e3o de um design experimental para investigar o processamento da ambiguidade do pronome &#8220;seu\/sua&#8221; no Portugu\u00eas Brasileiro&#8221;.<\/p>\n\n\n\n<p>Possui interesse nas \u00e1reas de Psicolingu\u00edstica; Neurolingu\u00edstica; Literaturas Cl\u00e1ssica e Contempor\u00e2nea; Literatura Comparada; Literatura Russa e L\u00ednguas Estrangeiras. <\/p>\n\n\n\n<p>T\u00edtulo do Projeto de Pesquisa: <em>Investigando a Penalidade do Nome Repetido em adultos e idosos brasileiros: Usando a t\u00e9cnica de Maze Task<\/em>.<\/p>\n\n\n\n<p>Orientador: Prof. Dr. M\u00e1rcio Martins Leit\u00e3o. <strong>[Atualizado em 22\/02\/2024]<\/strong><\/p>\n\n\n\n<hr class=\"wp-block-separator has-alpha-channel-opacity\"\/>\n","protected":false},"excerpt":{"rendered":"<p>Manaiene Elielma Lima Ferreira Nome em cita\u00e7\u00f5es: FERREIRA, Manaiene Elielma Lima. Curr\u00edculo Lattes Graduanda em Psicopedagogia (Universidade Federal da Para\u00edba). Possui curso t\u00e9cnico-profissionalizante em T\u00e9cnico em Enfermagem pelo Instituto de Sa\u00fade S\u00e3o Judas Tadeu (2019) e ensino m\u00e9dio pelo Col\u00e9gio da Pol\u00edcia Militar Francisco Pedro de Oliveira (2016). Bolsista de Inicia\u00e7\u00e3o Cient\u00edfica (PIBIC\/CNPq). Atualmente realiza [&hellip;]<\/p>\n","protected":false},"author":2,"featured_media":0,"parent":0,"menu_order":0,"comment_status":"closed","ping_status":"open","template":"","meta":[],"_links":{"self":[{"href":"https:\/\/www.cchla.ufpb.br\/laprol\/index.php?rest_route=\/wp\/v2\/pages\/96"}],"collection":[{"href":"https:\/\/www.cchla.ufpb.br\/laprol\/index.php?rest_route=\/wp\/v2\/pages"}],"about":[{"href":"https:\/\/www.cchla.ufpb.br\/laprol\/index.php?rest_route=\/wp\/v2\/types\/page"}],"author":[{"embeddable":true,"href":"https:\/\/www.cchla.ufpb.br\/laprol\/index.php?rest_route=\/wp\/v2\/users\/2"}],"replies":[{"embeddable":true,"href":"https:\/\/www.cchla.ufpb.br\/laprol\/index.php?rest_route=%2Fwp%2Fv2%2Fcomments&post=96"}],"version-history":[{"count":60,"href":"https:\/\/www.cchla.ufpb.br\/laprol\/index.php?rest_route=\/wp\/v2\/pages\/96\/revisions"}],"predecessor-version":[{"id":1093,"href":"https:\/\/www.cchla.ufpb.br\/laprol\/index.php?rest_route=\/wp\/v2\/pages\/96\/revisions\/1093"}],"wp:attachment":[{"href":"https:\/\/www.cchla.ufpb.br\/laprol\/index.php?rest_route=%2Fwp%2Fv2%2Fmedia&parent=96"}],"curies":[{"name":"wp","href":"https:\/\/api.w.org\/{rel}","templated":true}]}}