{"id":10,"date":"2024-03-11T12:51:38","date_gmt":"2024-03-11T12:51:38","guid":{"rendered":"https:\/\/www.cchla.ufpb.br\/leani\/?page_id=10"},"modified":"2025-11-13T23:26:04","modified_gmt":"2025-11-14T02:26:04","slug":"quem-somos","status":"publish","type":"page","link":"https:\/\/www.cchla.ufpb.br\/leani\/quem-somos\/","title":{"rendered":"Quem somos?"},"content":{"rendered":"\n<p><strong>APRESENTA\u00c7\u00c3O<\/strong><\/p>\n\n\n\n<p>Criado em 2009, o Curso de Gradua\u00e7\u00e3o em L\u00ednguas Estrangeiras Aplicadas \u00e0s Negocia\u00e7\u00f5es Internacionais (LEA-NI), do Centro de Ci\u00eancias Humanas, Letras e Artes (CCHLA), Campus I, Universidade Federal da Para\u00edba (<a href=\"http:\/\/plone.ufpb.br\/lea\/\">UFPB<\/a>), vem atender \u00e0s necessidades emergentes das novas din\u00e2micas do mundo das organiza\u00e7\u00f5es, atrav\u00e9s da forma\u00e7\u00e3o de um novo perfil de profissional apto a atuar no campo dos di\u00e1logos e interc\u00e2mbios internacionais.<\/p>\n\n\n\n<p>O egresso deste curso tem como qualifica\u00e7\u00f5es b\u00e1sicas a compet\u00eancia cultural e comunicativa em tr\u00eas l\u00ednguas estrangeiras \u2013 ingl\u00eas, franc\u00eas e espanhol \u2013 al\u00e9m de t\u00e9cnicas de negocia\u00e7\u00f5es internacionais, capacidade de assessorar, mediar e coordenar quaisquer trocas internacionais, sejam de natureza comercial ou n\u00e3o comercial, partindo de uma abordagem multi e interdisciplinar.<\/p>\n\n\n\n<p>Com a sua qualifica\u00e7\u00e3o, o bacharel em LEA-NI estar\u00e1 apto a atuar em organiza\u00e7\u00f5es de car\u00e1ter p\u00fablico ou privado, assim como em escrit\u00f3rios de consultoria e assessoria e tamb\u00e9m em diversas \u00e1reas da atividade humana, com destaque para as \u00e1reas de cultura, turismo, lazer, meio ambiente, com\u00e9rcio, servi\u00e7os e gest\u00e3o de com\u00e9rcio internacional, desde que tenham ou pretendam ter algum tipo de inser\u00e7\u00e3o internacional.<\/p>\n\n\n\n<p>A dura\u00e7\u00e3o deste curso \u00e9 de no m\u00ednimo 8 e no m\u00e1ximo 12 per\u00edodos letivos, com aulas \u00e0 tarde. O antigo Projeto Pedag\u00f3gico do Curso (PPC) estava integralizado em 3.375 horas, equivalentes a 225 cr\u00e9ditos, enquanto o <a href=\"https:\/\/www.cchla.ufpb.br\/leani\/wp-content\/uploads\/sites\/122\/sites\/156\/2024\/10\/PPC-2017-atual_vrai-1.pdf\" data-type=\"link\" data-id=\"https:\/\/www.cchla.ufpb.br\/leani\/wp-content\/uploads\/sites\/122\/sites\/156\/2024\/10\/PPC-2017-atual_vrai-1.pdf\">atual <\/a>integraliza 3.165 horas, equivalentes a 211 cr\u00e9ditos. O ingresso no LEA acontece por meio do Sistema de Sele\u00e7\u00e3o Unificada (<a href=\"http:\/\/sisu.mec.gov.br\/\" target=\"_blank\" rel=\"noreferrer noopener\">Sisu<\/a>), com uma entrada anual.<\/p>\n\n\n\n<p><strong>INFRAESTRUTURA<\/strong><\/p>\n\n\n\n<p>O Curso LEA-NI da UFPB conta com uma infraestrutura de salas climatizadas e com projetores de m\u00eddia que possibilitam aulas interativas, proporcionando viv\u00eancias e aprendizados profundos no campo das L\u00ednguas Estrangeiras.<\/p>\n\n\n\n<p>O curso ainda conta com um laborat\u00f3rio de inform\u00e1tica pr\u00f3prio com computadores providos de softwares especializados para o aprendizado de l\u00ednguas e negocia\u00e7\u00f5es internacionais, assim como para pesquisas de cunho acad\u00eamico. Vinculado ao Departamento de Media\u00e7\u00f5es Interculturais, o curso LEA-NI conta com uma equipe de cinco professores doutores e duas professoras mestras, especialistas em diversas \u00e1reas do conhecimento lingu\u00edstico, intercultural e econ\u00f4mico.<\/p>\n\n\n\n<p>Al\u00e9m do grupo de professores do curso, professores doutores e mestres de diversas \u00e1reas do conhecimento como economia, direito, administra\u00e7\u00e3o e turismo participam da forma\u00e7\u00e3o acad\u00eamica dos discentes por meio de disciplinas espec\u00edficas, grupos de estudo e projetos de pesquisa, em decorr\u00eancia da coopera\u00e7\u00e3o entre diferentes centros da UFPB.<\/p>\n\n\n\n<p>Fruto da iniciativa estudantil, o LEA-NI da UFPB criou sua empresa j\u00fanior, a Internacionalize, onde os alunos do curso desenvolvem atividades empreendedoras com a aplica\u00e7\u00e3o dos conhecimentos obtidos na academia. Os estudantes tamb\u00e9m participam ativamente no Centro Acad\u00eamico do curso, o que leva \u00e0 promo\u00e7\u00e3o de eventos e reflete a forma\u00e7\u00e3o do profissional em LEA-NI.&nbsp;<\/p>\n","protected":false},"excerpt":{"rendered":"<p>Seja bem-vindo(a) ao portal de comunica\u00e7\u00e3o da coordena\u00e7\u00e3o do curso de L\u00ednguas Estrangeiras Aplicadas \u00e0s Negocia\u00e7\u00f5es Internacionais (LEA-NI). Nosso curso \u00e9 vinculado ao Departamento de Media\u00e7\u00f5es Interculturais (DMI) e pertence ao Centro de Ci\u00eancias Humanas, Letras e Artes (CCHLA), campus I. Aqui voc\u00ea tomar\u00e1 conhecimento sobre as atividades que v\u00eam sendo desenvolvidas e ter\u00e1 acesso a documentos e informa\u00e7\u00f5es essenciais.<\/p>\n","protected":false},"author":47,"featured_media":307,"parent":0,"menu_order":0,"comment_status":"closed","ping_status":"closed","template":"","meta":{"footnotes":""},"class_list":["post-10","page","type-page","status-publish","has-post-thumbnail","hentry"],"_links":{"self":[{"href":"https:\/\/www.cchla.ufpb.br\/leani\/wp-json\/wp\/v2\/pages\/10","targetHints":{"allow":["GET"]}}],"collection":[{"href":"https:\/\/www.cchla.ufpb.br\/leani\/wp-json\/wp\/v2\/pages"}],"about":[{"href":"https:\/\/www.cchla.ufpb.br\/leani\/wp-json\/wp\/v2\/types\/page"}],"author":[{"embeddable":true,"href":"https:\/\/www.cchla.ufpb.br\/leani\/wp-json\/wp\/v2\/users\/47"}],"replies":[{"embeddable":true,"href":"https:\/\/www.cchla.ufpb.br\/leani\/wp-json\/wp\/v2\/comments?post=10"}],"version-history":[{"count":6,"href":"https:\/\/www.cchla.ufpb.br\/leani\/wp-json\/wp\/v2\/pages\/10\/revisions"}],"predecessor-version":[{"id":551,"href":"https:\/\/www.cchla.ufpb.br\/leani\/wp-json\/wp\/v2\/pages\/10\/revisions\/551"}],"wp:featuredmedia":[{"embeddable":true,"href":"https:\/\/www.cchla.ufpb.br\/leani\/wp-json\/wp\/v2\/media\/307"}],"wp:attachment":[{"href":"https:\/\/www.cchla.ufpb.br\/leani\/wp-json\/wp\/v2\/media?parent=10"}],"curies":[{"name":"wp","href":"https:\/\/api.w.org\/{rel}","templated":true}]}}