{"id":12,"date":"2024-03-11T12:51:38","date_gmt":"2024-03-11T12:51:38","guid":{"rendered":"https:\/\/www.cchla.ufpb.br\/leani\/?page_id=12"},"modified":"2025-10-31T11:14:13","modified_gmt":"2025-10-31T14:14:13","slug":"corpo-docente","status":"publish","type":"page","link":"https:\/\/www.cchla.ufpb.br\/leani\/corpo-docente\/","title":{"rendered":"Corpo Docente"},"content":{"rendered":"\n<p>Para conhecer um pouco mais sobre o nosso corpo docente, basta visitar as p\u00e1ginas dos departamentos que oferecem as disciplinas da nossa grade obrigat\u00f3ria:<\/p>\n\n\n\n<p><strong>Departamento de Media\u00e7\u00f5es Interculturais<\/strong> (DMI):<\/p>\n\n\n\n<p><a href=\"https:\/\/sigaa.ufpb.br\/sigaa\/public\/docente\/portal.jsf?siape=2655533\" data-type=\"link\" data-id=\"https:\/\/sigaa.ufpb.br\/sigaa\/public\/docente\/portal.jsf?siape=2655533\">Ana Carolina Vieira Bastos<\/a><br><em>Produ\u00e7\u00e3o acad\u00eamica: <a href=\"http:\/\/lattes.cnpq.br\/4005257110828885\" data-type=\"link\" data-id=\"http:\/\/lattes.cnpq.br\/4005257110828885\">Curr\u00edculo Lattes<\/a><\/em><\/p>\n\n\n\n<p><a href=\"https:\/\/sigaa.ufpb.br\/sigaa\/public\/docente\/portal.jsf?siape=3575424\" data-type=\"link\" data-id=\"https:\/\/sigaa.ufpb.br\/sigaa\/public\/docente\/portal.jsf?siape=3575424\">C\u00e1udia Caminha Lopes Rodrigues<\/a><br><em>Produ\u00e7\u00e3o acad\u00eamica: <a href=\"http:\/\/lattes.cnpq.br\/4842663789144417\" data-type=\"link\" data-id=\"http:\/\/lattes.cnpq.br\/4842663789144417\">Curr\u00edculo Lattes<\/a><\/em><\/p>\n\n\n\n<p><a href=\"https:\/\/sigaa.ufpb.br\/sigaa\/public\/docente\/portal.jsf?siape=4942948\" data-type=\"link\" data-id=\"https:\/\/sigaa.ufpb.br\/sigaa\/public\/docente\/portal.jsf?siape=4942948\">Dayse Helena V.  A. Gouveia<\/a><br><em>Produ\u00e7\u00e3o acad\u00eamica: <a href=\"http:\/\/lattes.cnpq.br\/3061575193489502\" data-type=\"link\" data-id=\"http:\/\/lattes.cnpq.br\/3061575193489502\">Curr\u00edculo Lattes<\/a><\/em><\/p>\n\n\n\n<p><a href=\"https:\/\/sigaa.ufpb.br\/sigaa\/public\/docente\/portal.jsf?siape=1060613\" data-type=\"link\" data-id=\"https:\/\/sigaa.ufpb.br\/sigaa\/public\/docente\/portal.jsf?siape=1060613\">Maria Rennally Soares da Silva<\/a><br><em>Produ\u00e7\u00e3o acad\u00eamica: <a href=\"http:\/\/lattes.cnpq.br\/5740645351907279\" data-type=\"link\" data-id=\"http:\/\/lattes.cnpq.br\/5740645351907279\">Curr\u00edculo Lattes<\/a><\/em><\/p>\n\n\n\n<p><a href=\"https:\/\/sigaa.ufpb.br\/sigaa\/public\/docente\/portal.jsf?siape=2015058\" data-type=\"link\" data-id=\"https:\/\/sigaa.ufpb.br\/sigaa\/public\/docente\/portal.jsf?siape=2015058\">Roberto Vilmar Satur<\/a><br><em>Produ\u00e7\u00e3o acad\u00eamica: <a href=\"http:\/\/lattes.cnpq.br\/7252890847607933\" data-type=\"link\" data-id=\"http:\/\/lattes.cnpq.br\/7252890847607933\">Curr\u00edculo Lattes<\/a><\/em><\/p>\n\n\n\n<p><a href=\"https:\/\/sigaa.ufpb.br\/sigaa\/public\/docente\/portal.jsf?siape=3575427\" data-type=\"link\" data-id=\"https:\/\/sigaa.ufpb.br\/sigaa\/public\/docente\/portal.jsf?siape=3575427\">Silvia Renata Ribeiro<\/a><br><em>Produ\u00e7\u00e3o acad\u00eamica: <a href=\"http:\/\/lattes.cnpq.br\/4833595069314338\" data-type=\"link\" data-id=\"http:\/\/lattes.cnpq.br\/4833595069314338\">Curr\u00edculo Lattes<\/a><\/em><\/p>\n\n\n\n<p><a href=\"https:\/\/sigaa.ufpb.br\/sigaa\/public\/docente\/portal.jsf?siape=1304422\" data-type=\"link\" data-id=\"https:\/\/sigaa.ufpb.br\/sigaa\/public\/docente\/portal.jsf?siape=1304422\" target=\"_blank\" rel=\"noreferrer noopener\">Samuel Rufino de Carvalho <\/a><br><em>Produ\u00e7\u00e3o acad\u00eamica: <a href=\"http:\/\/lattes.cnpq.br\/3453444187937985\" data-type=\"link\" data-id=\"http:\/\/lattes.cnpq.br\/3453444187937985\">Curr\u00edculo Lattes<\/a><\/em><\/p>\n\n\n\n<p><strong>Finan\u00e7as e Contabilidade<\/strong>&nbsp;&#8211;&nbsp;<a href=\"http:\/\/www.ccsa.ufpb.br\/ccsa\/contents\/menu\/institucional\/departamentos\/departamento-de-financas-e-contabilidade\" target=\"_blank\" rel=\"noreferrer noopener\">http:\/\/www.ccsa.ufpb.br\/ccsa\/contents\/menu\/institucional\/departamentos\/departamento-de-financas-e-contabilidade<\/a><\/p>\n\n\n\n<p><strong>Administra\u00e7\u00e3o<\/strong>&nbsp;&#8211;&nbsp;<a href=\"http:\/\/www.ccsa.ufpb.br\/ccsa\/contents\/menu\/institucional\/departamentos\/departamento-de-administracao\" target=\"_blank\" rel=\"noreferrer noopener\">http:\/\/www.ccsa.ufpb.br\/ccsa\/contents\/menu\/institucional\/departamentos\/departamento-de-administracao<\/a><\/p>\n\n\n\n<p><strong>Direito P\u00fablico<\/strong>&nbsp;&#8211;&nbsp;<a href=\"http:\/\/www.ccj.ufpb.br\/ccj\/contents\/menu\/inicio\/departamentos-1\/departamento-de-direito-publico\" target=\"_blank\" rel=\"noreferrer noopener\">http:\/\/www.ccj.ufpb.br\/ccj\/contents\/menu\/inicio\/departamentos-1\/departamento-de-direito-publico<\/a><\/p>\n\n\n\n<p><strong>Direito Privado<\/strong>&nbsp;&#8211;&nbsp;<a href=\"http:\/\/www.ccj.ufpb.br\/ccj\/contents\/menu\/inicio\/departamentos-1\/departamento-de-direito-privado-1\" target=\"_blank\" rel=\"noreferrer noopener\">http:\/\/www.ccj.ufpb.br\/ccj\/contents\/menu\/inicio\/departamentos-1\/departamento-de-direito-privado-1<\/a><\/p>\n\n\n\n<p><strong>Economia<\/strong>&nbsp;&#8211;&nbsp;<a href=\"http:\/\/www.ccsa.ufpb.br\/ccsa\/contents\/menu\/institucional\/departamentos\/departamento-de-economia\" target=\"_blank\" rel=\"noreferrer noopener\">http:\/\/www.ccsa.ufpb.br\/ccsa\/contents\/menu\/institucional\/departamentos\/departamento-de-economia<\/a><\/p>\n\n\n\n<p><strong>Turismo e Hotelaria<\/strong>&nbsp;&#8211;&nbsp;<a href=\"https:\/\/sigaa.ufpb.br\/sigaa\/public\/departamento\/portal.jsf?id=2834\" target=\"_blank\" rel=\"noreferrer noopener\">https:\/\/sigaa.ufpb.br\/sigaa\/public\/departamento\/portal.jsf?id=2834&nbsp;<\/a><\/p>\n","protected":false},"excerpt":{"rendered":"<p>Para conhecer um pouco mais sobre o nosso corpo docente, basta visitar as p\u00e1ginas dos departamentos que oferecem as disciplinas da nossa grade obrigat\u00f3ria: Departamento de Media\u00e7\u00f5es Interculturais (DMI): Ana Carolina Vieira BastosProdu\u00e7\u00e3o acad\u00eamica: Curr\u00edculo Lattes C\u00e1udia Caminha Lopes RodriguesProdu\u00e7\u00e3o acad\u00eamica: Curr\u00edculo Lattes Dayse Helena V. A. GouveiaProdu\u00e7\u00e3o acad\u00eamica: Curr\u00edculo Lattes Maria Rennally Soares da [&hellip;]<\/p>\n","protected":false},"author":47,"featured_media":0,"parent":0,"menu_order":0,"comment_status":"closed","ping_status":"closed","template":"","meta":{"footnotes":""},"class_list":["post-12","page","type-page","status-publish","hentry"],"_links":{"self":[{"href":"https:\/\/www.cchla.ufpb.br\/leani\/wp-json\/wp\/v2\/pages\/12","targetHints":{"allow":["GET"]}}],"collection":[{"href":"https:\/\/www.cchla.ufpb.br\/leani\/wp-json\/wp\/v2\/pages"}],"about":[{"href":"https:\/\/www.cchla.ufpb.br\/leani\/wp-json\/wp\/v2\/types\/page"}],"author":[{"embeddable":true,"href":"https:\/\/www.cchla.ufpb.br\/leani\/wp-json\/wp\/v2\/users\/47"}],"replies":[{"embeddable":true,"href":"https:\/\/www.cchla.ufpb.br\/leani\/wp-json\/wp\/v2\/comments?post=12"}],"version-history":[{"count":7,"href":"https:\/\/www.cchla.ufpb.br\/leani\/wp-json\/wp\/v2\/pages\/12\/revisions"}],"predecessor-version":[{"id":543,"href":"https:\/\/www.cchla.ufpb.br\/leani\/wp-json\/wp\/v2\/pages\/12\/revisions\/543"}],"wp:attachment":[{"href":"https:\/\/www.cchla.ufpb.br\/leani\/wp-json\/wp\/v2\/media?parent=12"}],"curies":[{"name":"wp","href":"https:\/\/api.w.org\/{rel}","templated":true}]}}