{"id":13,"date":"2024-03-11T12:51:38","date_gmt":"2024-03-11T12:51:38","guid":{"rendered":"https:\/\/www.cchla.ufpb.br\/leani\/?page_id=13"},"modified":"2026-04-23T01:28:28","modified_gmt":"2026-04-23T04:28:28","slug":"contato","status":"publish","type":"page","link":"https:\/\/www.cchla.ufpb.br\/leani\/contato\/","title":{"rendered":"Contato"},"content":{"rendered":"\n<p>Entre em contato conosco, tire suas d\u00favidas ou mantenha-se atualizado sobre o que acontece dentro do curso.<\/p>\n\n\n\n<p><strong>Coordena\u00e7\u00e3o<\/strong><\/p>\n\n\n\n<p>E-mail: lea.ufpb@gmail.com<\/p>\n\n\n\n<p><strong>Redes sociais<\/strong><\/p>\n\n\n\n<p>Intagram:&nbsp;<a href=\"https:\/\/www.instagram.com\/leaufpb\/\" target=\"_blank\" rel=\"noreferrer noopener\">https:\/\/www.instagram.com\/leaufpb\/<\/a>&nbsp;<\/p>\n\n\n\n<p><\/p>\n","protected":false},"excerpt":{"rendered":"<p>Entre em contato conosco, tire suas d\u00favidas ou mantenha-se atualizado sobre o que acontece dentro do curso. Coordena\u00e7\u00e3o E-mail: lea.ufpb@gmail.com Redes sociais Intagram:&nbsp;https:\/\/www.instagram.com\/leaufpb\/&nbsp;<\/p>\n","protected":false},"author":47,"featured_media":0,"parent":0,"menu_order":0,"comment_status":"closed","ping_status":"closed","template":"","meta":{"footnotes":""},"class_list":["post-13","page","type-page","status-publish","hentry"],"_links":{"self":[{"href":"https:\/\/www.cchla.ufpb.br\/leani\/wp-json\/wp\/v2\/pages\/13","targetHints":{"allow":["GET"]}}],"collection":[{"href":"https:\/\/www.cchla.ufpb.br\/leani\/wp-json\/wp\/v2\/pages"}],"about":[{"href":"https:\/\/www.cchla.ufpb.br\/leani\/wp-json\/wp\/v2\/types\/page"}],"author":[{"embeddable":true,"href":"https:\/\/www.cchla.ufpb.br\/leani\/wp-json\/wp\/v2\/users\/47"}],"replies":[{"embeddable":true,"href":"https:\/\/www.cchla.ufpb.br\/leani\/wp-json\/wp\/v2\/comments?post=13"}],"version-history":[{"count":3,"href":"https:\/\/www.cchla.ufpb.br\/leani\/wp-json\/wp\/v2\/pages\/13\/revisions"}],"predecessor-version":[{"id":580,"href":"https:\/\/www.cchla.ufpb.br\/leani\/wp-json\/wp\/v2\/pages\/13\/revisions\/580"}],"wp:attachment":[{"href":"https:\/\/www.cchla.ufpb.br\/leani\/wp-json\/wp\/v2\/media?parent=13"}],"curies":[{"name":"wp","href":"https:\/\/api.w.org\/{rel}","templated":true}]}}